{"id":9050,"date":"2025-07-01T14:37:12","date_gmt":"2025-07-01T12:37:12","guid":{"rendered":"https:\/\/www.biokari.sk\/produkt\/natur-tanya-bio-articokovy-kapsuly-60ks\/"},"modified":"2026-04-28T19:01:56","modified_gmt":"2026-04-28T17:01:56","slug":"natur-tanya-bio-articokovy-kapsuly-60ks","status":"publish","type":"product","link":"https:\/\/www.biokari.sk\/ro\/produs\/natur-tanya-bio-articokovy-kapsuly-60ks\/","title":{"rendered":"Natur Tanya Bio Arti\u010d\u00f3kov\u00fd kapsuly 60ks"},"content":{"rendered":"<ul data-start=\"212\" data-end=\"714\">\n<li data-start=\"212\" data-end=\"274\">\n<p data-start=\"214\" data-end=\"274\"><strong data-start=\"214\" data-end=\"272\">800 mg extraktu z listov arti\u010doku (Cynara scolimus L.)<\/strong><\/p>\n<\/li>\n<li data-start=\"275\" data-end=\"349\">\n<p data-start=\"277\" data-end=\"349\">\u0161tandardizovan\u00fd na <strong data-start=\"296\" data-end=\"312\">5 % cinar\u00ednu<\/strong> (40 mg v dennej d\u00e1vke = 2 kapsuly)<\/p>\n<\/li>\n<li data-start=\"350\" data-end=\"389\">\n<p data-start=\"352\" data-end=\"389\">s <strong data-start=\"354\" data-end=\"369\">L-ornit\u00ednom<\/strong> a <strong data-start=\"372\" data-end=\"387\">B-komplexom<\/strong><\/p>\n<\/li>\n<li data-start=\"390\" data-end=\"438\">\n<p data-start=\"392\" data-end=\"438\">podporuje tr\u00e1venie a tvorbu tr\u00e1viacich \u0161tiav<\/p>\n<\/li>\n<li data-start=\"439\" data-end=\"512\">\n<p data-start=\"441\" data-end=\"512\">prispieva k \u010drevn\u00e9mu komfortu a norm\u00e1lnemu fungovaniu \u010drevn\u00e9ho traktu<\/p>\n<\/li>\n<li data-start=\"513\" data-end=\"548\">\n<p data-start=\"515\" data-end=\"548\">podporuje detoxik\u00e1ciu organizmu<\/p>\n<\/li>\n<li data-start=\"549\" data-end=\"583\">\n<p data-start=\"551\" data-end=\"583\">udr\u017eiava zdrav\u00fa \u010dinnos\u0165 pe\u010dene<\/p>\n<\/li>\n<li data-start=\"584\" data-end=\"645\">\n<p data-start=\"586\" data-end=\"645\">prispieva k norm\u00e1lnej hladine cholesterolu a tukov v krvi<\/p>\n<\/li>\n<li data-start=\"646\" data-end=\"690\">\n<p data-start=\"648\" data-end=\"690\">veg\u00e1nska formula v rastlinn\u00fdch kapsul\u00e1ch<\/p>\n<\/li>\n<li data-start=\"691\" data-end=\"714\">\n<p data-start=\"693\" data-end=\"714\">bez lepku a lakt\u00f3zy<\/p>\n<\/li>\n<\/ul>\n<p data-start=\"742\" data-end=\"966\">Cinar\u00edn je jedna z hlavn\u00fdch biologicky akt\u00edvnych zlo\u017eiek arti\u010doku, ktor\u00e1 podporuje tr\u00e1venie a prispieva k zdravej funkcii pe\u010dene. \u0160tandardizovan\u00fd obsah zabezpe\u010duje stabiln\u00fd \u00fa\u010dinok a spo\u013eahliv\u00fa podporu v ka\u017edodennom \u017eivote.<\/p>\n<h3 data-start=\"968\" data-end=\"1015\">L-ornit\u00edn \u2013 aminokyselina pre detoxik\u00e1ciu<\/h3>\n<p data-start=\"1016\" data-end=\"1127\">Podporuje rozklad amoniaku a regener\u00e1ciu pe\u010dene, \u010d\u00edm prispieva k optim\u00e1lnemu fungovaniu organizmu a vitalite.<\/p>\n<h3 data-start=\"1129\" data-end=\"1171\">B-komplex \u2013 energia a nervov\u00fd syst\u00e9m<\/h3>\n<p data-start=\"1172\" data-end=\"1230\">Obsahuje vitam\u00edny skupiny B (B1, B2, B3, B5, B6), ktor\u00e9:<\/p>\n<ul data-start=\"1231\" data-end=\"1416\">\n<li data-start=\"1231\" data-end=\"1285\">\n<p data-start=\"1233\" data-end=\"1285\">prispievaj\u00fa k norm\u00e1lnemu energetick\u00e9mu metabolizmu<\/p>\n<\/li>\n<li data-start=\"1286\" data-end=\"1325\">\n<p data-start=\"1288\" data-end=\"1325\">podporuj\u00fa \u010dinnos\u0165 nervov\u00e9ho syst\u00e9mu<\/p>\n<\/li>\n<li data-start=\"1326\" data-end=\"1366\">\n<p data-start=\"1328\" data-end=\"1366\">pom\u00e1haj\u00fa zni\u017eova\u0165 \u00fanavu a vy\u010derpanie<\/p>\n<\/li>\n<li data-start=\"1367\" data-end=\"1416\">\n<p data-start=\"1369\" data-end=\"1416\">B6 prispieva k regul\u00e1cii hormon\u00e1lnej aktivity<\/p>\n<\/li>\n<\/ul>\n<h3 data-start=\"1423\" data-end=\"1451\">Doza recomandat\u0103:<\/h3>\n<ul data-start=\"1452\" data-end=\"1605\">\n<li data-start=\"1452\" data-end=\"1542\">\n<p data-start=\"1454\" data-end=\"1542\"><strong data-start=\"1454\" data-end=\"1475\">1\u20132 kapsuly denne<\/strong>, ide\u00e1lne 30 min\u00fat pred jedlom, zapi\u0165 dostato\u010dn\u00fdm mno\u017estvom vody.<\/p>\n<\/li>\n<li data-start=\"1543\" data-end=\"1605\">\n<p data-start=\"1545\" data-end=\"1605\">Odpor\u00fa\u010dan\u00e1 d\u013a\u017eka u\u017e\u00edvania: <strong data-start=\"1572\" data-end=\"1602\">min. 60 dn\u00ed \u2013 max. 120 dn\u00ed<\/strong>.<\/p>\n<\/li>\n<\/ul>\n<h3 data-start=\"1607\" data-end=\"1646\">Obsah \u00fa\u010dinn\u00fdch l\u00e1tok v 1 kapsule:<\/h3>\n<ul data-start=\"1647\" data-end=\"2003\">\n<li data-start=\"1647\" data-end=\"1720\">\n<p data-start=\"1649\" data-end=\"1688\">Extrakt z listov arti\u010doku: <strong data-start=\"1676\" data-end=\"1686\">400 mg<\/strong><\/p>\n<ul data-start=\"1691\" data-end=\"1720\">\n<li data-start=\"1691\" data-end=\"1720\">\n<p data-start=\"1693\" data-end=\"1720\">z toho cinar\u00edn: <strong data-start=\"1709\" data-end=\"1718\">20 mg<\/strong><\/p>\n<\/li>\n<\/ul>\n<\/li>\n<li data-start=\"1721\" data-end=\"1750\">\n<p data-start=\"1723\" data-end=\"1750\">L-ornit\u00edn HCl: <strong data-start=\"1738\" data-end=\"1748\">100 mg<\/strong><\/p>\n<\/li>\n<li data-start=\"1751\" data-end=\"1798\">\n<p data-start=\"1753\" data-end=\"1798\">Vitam\u00edn B1 (tiam\u00edn): <strong data-start=\"1774\" data-end=\"1796\">0,55 mg (50 % NRV)<\/strong><\/p>\n<\/li>\n<li data-start=\"1799\" data-end=\"1849\">\n<p data-start=\"1801\" data-end=\"1849\">Vitam\u00edn B2 (riboflav\u00edn): <strong data-start=\"1826\" data-end=\"1847\">0,7 mg (50 % NRV)<\/strong><\/p>\n<\/li>\n<li data-start=\"1850\" data-end=\"1894\">\n<p data-start=\"1852\" data-end=\"1894\">Vitam\u00edn B3 (niac\u00edn): <strong data-start=\"1873\" data-end=\"1892\">8 mg (50 % NRV)<\/strong><\/p>\n<\/li>\n<li data-start=\"1895\" data-end=\"1953\">\n<p data-start=\"1897\" data-end=\"1953\">Vitam\u00edn B5 (kyselina pantot\u00e9nov\u00e1): <strong data-start=\"1932\" data-end=\"1951\">3 mg (50 % NRV)<\/strong><\/p>\n<\/li>\n<li data-start=\"1954\" data-end=\"2003\">\n<p data-start=\"1956\" data-end=\"2003\">Vitam\u00edn B6 (pyridox\u00edn): <strong data-start=\"1980\" data-end=\"2001\">0,7 mg (50 % NRV)<\/strong><\/p>\n<\/li>\n<\/ul>\n<p data-start=\"2005\" data-end=\"2054\"><em data-start=\"2005\" data-end=\"2052\">NRV = referen\u010dn\u00e1 hodnota pr\u00edjmu pre dospel\u00fdch<\/em><\/p>\n<h3 data-start=\"2061\" data-end=\"2076\">Compozi\u021bie:<\/h3>\n<p data-start=\"2077\" data-end=\"2344\">Extrakt z listov arti\u010doku (Cynara scolimus L.), plnidlo (mikrokry\u0161talick\u00e1 celul\u00f3za), L-ornit\u00edn HCl, nikot\u00ednamid, protihrudkuj\u00face l\u00e1tky (magneziov\u00e9 soli mastn\u00fdch kysel\u00edn, oxid kremi\u010dit\u00fd), kalcium-D-pantoten\u00e1t, pyridox\u00edn hydrochlorid, tiam\u00edn hydrochlorid, riboflav\u00edn.<\/p>\n<p>Odpor\u00fa\u010da sa:<\/p>\n<ul data-start=\"2370\" data-end=\"2651\">\n<li data-start=\"2370\" data-end=\"2433\">\n<p data-start=\"2372\" data-end=\"2433\">pre v\u0161etk\u00fdch, ktor\u00ed chc\u00fa podpori\u0165 zdravie pe\u010dene a tr\u00e1venia<\/p>\n<\/li>\n<li data-start=\"2434\" data-end=\"2472\">\n<p data-start=\"2436\" data-end=\"2472\">od 12 rokov, bez rozdielu pohlavia<\/p>\n<\/li>\n<li data-start=\"2473\" data-end=\"2512\">\n<p data-start=\"2475\" data-end=\"2512\">pri pravidelnej konzum\u00e1cii alkoholu<\/p>\n<\/li>\n<li data-start=\"2513\" data-end=\"2552\">\n<p data-start=\"2515\" data-end=\"2552\">pri nezdravej, nerovnov\u00e1\u017enej strave<\/p>\n<\/li>\n<li data-start=\"2553\" data-end=\"2601\">\n<p data-start=\"2555\" data-end=\"2601\">pri stresuj\u00facom a upon\u00e1h\u013eanom \u017eivotnom \u0161t\u00fdle<\/p>\n<\/li>\n<li data-start=\"2602\" data-end=\"2651\">\n<p data-start=\"2604\" data-end=\"2651\">pri \u010dastej konzum\u00e1cii mastn\u00fdch, \u0165a\u017ek\u00fdch jed\u00e1l<\/p>\n<\/li>\n<\/ul>\n<h3 data-start=\"2658\" data-end=\"2676\">Avertismente:<\/h3>\n<ul data-start=\"2677\" data-end=\"3019\">\n<li data-start=\"2677\" data-end=\"2712\">\n<p data-start=\"2679\" data-end=\"2712\">U\u017e\u00edvanie je vhodn\u00e9 od 12 rokov.<\/p>\n<\/li>\n<li data-start=\"2713\" data-end=\"2769\">\n<p data-start=\"2715\" data-end=\"2769\">Nevhodn\u00e9 pre osoby u\u017e\u00edvaj\u00face lieky na riedenie krvi.<\/p>\n<\/li>\n<li data-start=\"2770\" data-end=\"2812\">\n<p data-start=\"2772\" data-end=\"2812\">Nevhodn\u00e9 po\u010das tehotenstva a doj\u010denia.<\/p>\n<\/li>\n<li data-start=\"2813\" data-end=\"2906\">\n<p data-start=\"2815\" data-end=\"2906\">Nevhodn\u00e9 pri alergii na rastliny z \u010de\u013eade astrovit\u00fdch (napr. harman\u010dek, necht\u00edk, arnika).<\/p>\n<\/li>\n<li data-start=\"2907\" data-end=\"2992\">\n<p data-start=\"2909\" data-end=\"2992\">Osoby so \u017el\u010dov\u00fdmi kame\u0148mi alebo so sklonom k ich tvorbe by nemali produkt u\u017e\u00edva\u0165.<\/p>\n<\/li>\n<li data-start=\"2993\" data-end=\"3019\">\n<p data-start=\"2995\" data-end=\"3019\">Vhodn\u00e9 pre diabetikov.<\/p>\n<\/li>\n<\/ul>\n\n\n<p><strong>Greutate:<\/strong> 60pcs<\/p>\n\n\n\n<p><\/p>","protected":false},"excerpt":{"rendered":"<p>800 mg extraktu z listov arti\u010doku (Cynara scolimus L.) \u0161tandardizovan\u00fd na 5 % cinar\u00ednu (40 mg v dennej d\u00e1vke = 2 kapsuly) s L-ornit\u00ednom a B-komplexom podporuje tr\u00e1venie a tvorbu tr\u00e1viacich \u0161tiav prispieva k \u010drevn\u00e9mu komfortu a norm\u00e1lnemu fungovaniu \u010drevn\u00e9ho traktu podporuje detoxik\u00e1ciu organizmu udr\u017eiava zdrav\u00fa \u010dinnos\u0165 pe\u010dene prispieva k norm\u00e1lnej hladine cholesterolu a tukov [&hellip;]<\/p>","protected":false},"featured_media":10007,"comment_status":"open","ping_status":"closed","template":"","meta":{"inline_featured_image":false},"product_brand":[],"product_cat":[69],"product_tag":[],"class_list":{"0":"post-9050","1":"product","2":"type-product","3":"status-publish","4":"has-post-thumbnail","6":"product_cat-vyzivove-doplnky","8":"first","9":"instock","10":"taxable","11":"shipping-taxable","12":"purchasable","13":"product-type-simple"},"aioseo_notices":[],"_links":{"self":[{"href":"https:\/\/www.biokari.sk\/ro\/wp-json\/wp\/v2\/product\/9050","targetHints":{"allow":["GET"]}}],"collection":[{"href":"https:\/\/www.biokari.sk\/ro\/wp-json\/wp\/v2\/product"}],"about":[{"href":"https:\/\/www.biokari.sk\/ro\/wp-json\/wp\/v2\/types\/product"}],"replies":[{"embeddable":true,"href":"https:\/\/www.biokari.sk\/ro\/wp-json\/wp\/v2\/comments?post=9050"}],"wp:featuredmedia":[{"embeddable":true,"href":"https:\/\/www.biokari.sk\/ro\/wp-json\/wp\/v2\/media\/10007"}],"wp:attachment":[{"href":"https:\/\/www.biokari.sk\/ro\/wp-json\/wp\/v2\/media?parent=9050"}],"wp:term":[{"taxonomy":"product_brand","embeddable":true,"href":"https:\/\/www.biokari.sk\/ro\/wp-json\/wp\/v2\/product_brand?post=9050"},{"taxonomy":"product_cat","embeddable":true,"href":"https:\/\/www.biokari.sk\/ro\/wp-json\/wp\/v2\/product_cat?post=9050"},{"taxonomy":"product_tag","embeddable":true,"href":"https:\/\/www.biokari.sk\/ro\/wp-json\/wp\/v2\/product_tag?post=9050"}],"curies":[{"name":"wp","href":"https:\/\/api.w.org\/{rel}","templated":true}]}}