{"id":9072,"date":"2025-07-01T14:37:17","date_gmt":"2025-07-01T12:37:17","guid":{"rendered":"https:\/\/www.biokari.sk\/produkt\/gal-vitamin-k-komplex-d3-kvapky-20ml\/"},"modified":"2026-04-20T19:01:59","modified_gmt":"2026-04-20T17:01:59","slug":"gal-vitamin-k-komplex-d3-kvapky-20ml","status":"publish","type":"product","link":"https:\/\/www.biokari.sk\/ro\/produs\/gal-vitamin-k-komplex-d3-kvapky-20ml\/","title":{"rendered":"Gal Vitam\u00edn K komplex + D3 kvapky 20ml"},"content":{"rendered":"<p data-start=\"155\" data-end=\"429\">Produkt obsahuje vitam\u00edn D3, K1 a bioakt\u00edvny K2 vitam\u00edn vo forme MK-7. \u00da\u010dinn\u00e9 l\u00e1tky s\u00fa rozpusten\u00e9 v MCT oleji (z certifikovan\u00e9ho RSPO palmov\u00e9ho a kokosov\u00e9ho oleja \u2013 udr\u017eate\u013en\u00e9 hospod\u00e1rstvo, \u201epriate\u013esk\u00e9 k orangutanom\u201c), \u010do zaru\u010duje ich optim\u00e1lnu vstrebate\u013enos\u0165 a stabilitu.<\/p>\n<p data-start=\"431\" data-end=\"616\">Na rozdiel od niektor\u00fdch v\u00fdrobkov, ktor\u00e9 obsahuj\u00fa menej \u00fa\u010dinn\u00fa \u201ecis-\u201c formu K2 MK-7, tento pr\u00edpravok obsahuje iba \u00fa\u010dinn\u00fa, prirodzen\u00fa \u201etrans-\u201c formu. Navy\u0161e neobsahuje s\u00f3jov\u00e9 alerg\u00e9ny.<\/p>\n<h4 data-start=\"623\" data-end=\"651\"><strong>Doza recomandat\u0103:<\/strong>\u00a012 kvapiek denne, nakvapka\u0165 na ly\u017ei\u010dku alebo prida\u0165 k jedlu.<br data-start=\"712\" data-end=\"715\" \/>Najlep\u0161ie u\u017e\u00edva\u0165 pri prvom jedle d\u0148a.<br data-start=\"752\" data-end=\"755\" \/><strong data-start=\"755\" data-end=\"792\">Neodpor\u00fa\u010da sa mie\u0161a\u0165 s tekutinou!<\/strong><\/h4>\n<h4 data-start=\"801\" data-end=\"819\"><strong>Avertisment:<\/strong> Neprekra\u010dujte odpor\u00fa\u010dan\u00fa denn\u00fa d\u00e1vku. V\u00fd\u017eivov\u00fd doplnok sa nesmie pou\u017e\u00edva\u0165 ako n\u00e1hrada pestrej a vyv\u00e1\u017eenej stravy a zdrav\u00e9ho \u017eivotn\u00e9ho \u0161t\u00fdlu. Uchov\u00e1vajte mimo dosahu mal\u00fdch det\u00ed.<\/h4>\n\n\n<p><strong>Volum:<\/strong> 20ml<\/p>","protected":false},"excerpt":{"rendered":"<p>Produkt obsahuje vitam\u00edn D3, K1 a bioakt\u00edvny K2 vitam\u00edn vo forme MK-7. \u00da\u010dinn\u00e9 l\u00e1tky s\u00fa rozpusten\u00e9 v MCT oleji (z certifikovan\u00e9ho RSPO palmov\u00e9ho a kokosov\u00e9ho oleja \u2013 udr\u017eate\u013en\u00e9 hospod\u00e1rstvo, \u201epriate\u013esk\u00e9 k orangutanom\u201c), \u010do zaru\u010duje ich optim\u00e1lnu vstrebate\u013enos\u0165 a stabilitu. Na rozdiel od niektor\u00fdch v\u00fdrobkov, ktor\u00e9 obsahuj\u00fa menej \u00fa\u010dinn\u00fa \u201ecis-\u201c formu K2 MK-7, tento pr\u00edpravok obsahuje [&hellip;]<\/p>","protected":false},"featured_media":9983,"comment_status":"open","ping_status":"closed","template":"","meta":{"inline_featured_image":false},"product_brand":[113],"product_cat":[69],"product_tag":[],"class_list":{"0":"post-9072","1":"product","2":"type-product","3":"status-publish","4":"has-post-thumbnail","6":"product_brand-gal","7":"product_cat-vyzivove-doplnky","9":"first","10":"instock","11":"taxable","12":"shipping-taxable","13":"purchasable","14":"product-type-simple"},"aioseo_notices":[],"_links":{"self":[{"href":"https:\/\/www.biokari.sk\/ro\/wp-json\/wp\/v2\/product\/9072","targetHints":{"allow":["GET"]}}],"collection":[{"href":"https:\/\/www.biokari.sk\/ro\/wp-json\/wp\/v2\/product"}],"about":[{"href":"https:\/\/www.biokari.sk\/ro\/wp-json\/wp\/v2\/types\/product"}],"replies":[{"embeddable":true,"href":"https:\/\/www.biokari.sk\/ro\/wp-json\/wp\/v2\/comments?post=9072"}],"wp:featuredmedia":[{"embeddable":true,"href":"https:\/\/www.biokari.sk\/ro\/wp-json\/wp\/v2\/media\/9983"}],"wp:attachment":[{"href":"https:\/\/www.biokari.sk\/ro\/wp-json\/wp\/v2\/media?parent=9072"}],"wp:term":[{"taxonomy":"product_brand","embeddable":true,"href":"https:\/\/www.biokari.sk\/ro\/wp-json\/wp\/v2\/product_brand?post=9072"},{"taxonomy":"product_cat","embeddable":true,"href":"https:\/\/www.biokari.sk\/ro\/wp-json\/wp\/v2\/product_cat?post=9072"},{"taxonomy":"product_tag","embeddable":true,"href":"https:\/\/www.biokari.sk\/ro\/wp-json\/wp\/v2\/product_tag?post=9072"}],"curies":[{"name":"wp","href":"https:\/\/api.w.org\/{rel}","templated":true}]}}