{"id":9084,"date":"2025-07-01T14:37:19","date_gmt":"2025-07-01T12:37:19","guid":{"rendered":"https:\/\/www.biokari.sk\/produkt\/natur-tanya-koenzim-q10-tabletky-60ks\/"},"modified":"2026-01-27T08:41:52","modified_gmt":"2026-01-27T07:41:52","slug":"natur-tanya-koenzim-q10-tabletky-60ks","status":"publish","type":"product","link":"https:\/\/www.biokari.sk\/ro\/produs\/natur-tanya-koenzim-q10-tabletky-60ks\/","title":{"rendered":"Natur Tanya Koenz\u00edm Q10 tabletky 60ks"},"content":{"rendered":"<p data-start=\"127\" data-end=\"248\"><strong data-start=\"127\" data-end=\"246\">Fermentovan\u00fd, prirodzen\u00fd ubichin\u00f3n \u2013 veg\u00e1nska formula, bez s\u00f3jov\u00e9ho oleja, bez umel\u00fdch farb\u00edv, konzervantov a ar\u00f3m.<\/strong><\/p>\n<p data-start=\"250\" data-end=\"443\">\u2705 Fermentovan\u00fd, vysoko kvalitn\u00fd Q10 (ubichin\u00f3n)<br data-start=\"297\" data-end=\"300\" \/>\u2705 60 mg \u00fa\u010dinnej l\u00e1tky v dennej d\u00e1vke<br data-start=\"336\" data-end=\"339\" \/>\u2705 2 mesiace u\u017e\u00edvania (60 tabliet)<br data-start=\"372\" data-end=\"375\" \/>\u2705 Vhodn\u00e9 pre veg\u00e1nov<br data-start=\"395\" data-end=\"398\" \/>\u2705 GMP a ISO 22000:2018 certifikovan\u00e1 v\u00fdroba<\/p>\n<h4 data-start=\"450\" data-end=\"487\">Pre\u010do je Koenz\u00fdm Q10 d\u00f4le\u017eit\u00fd?<\/h4>\n<p data-start=\"488\" data-end=\"710\">Koenz\u00fdm Q10 je l\u00e1tka podobn\u00e1 vitam\u00ednom, prirodzene pr\u00edtomn\u00e1 v ka\u017edej bunke n\u00e1\u0161ho tela, najm\u00e4 v srdci a \u010fal\u0161\u00edch org\u00e1noch s vysokou energetickou n\u00e1ro\u010dnos\u0165ou. Podie\u013ea sa na tvorbe energie (ATP) a m\u00e1 antioxida\u010dn\u00e9 vlastnosti.<\/p>\n<ul data-start=\"712\" data-end=\"998\">\n<li data-start=\"712\" data-end=\"808\">\n<p data-start=\"714\" data-end=\"808\">Produkcia Q10 dosahuje vrchol v mladosti (19\u201321 rokov), no po 40. roku \u017eivota za\u010d\u00edna klesa\u0165.<\/p>\n<\/li>\n<li data-start=\"809\" data-end=\"880\">\n<p data-start=\"811\" data-end=\"880\">V 80. roku \u017eivota m\u00f4\u017ee by\u0165 jeho hladina v srdci a\u017e o 42,9 % ni\u017e\u0161ia.<\/p>\n<\/li>\n<li data-start=\"881\" data-end=\"998\">\n<p data-start=\"883\" data-end=\"998\">Suplement\u00e1cia Q10 je preto k\u013e\u00fa\u010dov\u00e1 pre zachovanie vitality, norm\u00e1lnej funkcie srdca, svalov a imunitn\u00e9ho syst\u00e9mu.<\/p>\n<\/li>\n<\/ul>\n<h4 data-start=\"1005\" data-end=\"1034\">Odpor\u00fa\u010dan\u00e9 d\u00e1vkovanie:\u00a01 tableta denne, zapi\u0165 dostato\u010dn\u00fdm mno\u017estvom tekutiny.<br data-start=\"1089\" data-end=\"1092\" \/><strong data-start=\"1092\" data-end=\"1133\">Odpor\u00fa\u010dan\u00e9 pre osoby nad 30\u201335 rokov.<\/strong><\/h4>\n<p data-start=\"1137\" data-end=\"1196\">Adagol\u00e1si id\u0151tartam: minim\u00e1lne 60 dn\u00ed, maxim\u00e1lne 120 dn\u00ed.<\/p>\n<h4 data-start=\"1203\" data-end=\"1250\">\u00da\u010dinn\u00e1 l\u00e1tka v dennej d\u00e1vke (1 tableta): Fermentovan\u00fd koenz\u00fdm Q10 (ubichin\u00f3n): <strong data-start=\"1291\" data-end=\"1300\">60 mg<\/strong><\/h4>\n<h4 data-start=\"1309\" data-end=\"1325\">Zlo\u017eenie:\u00a0plnidlo (mikrokry\u0161talick\u00e1 celul\u00f3za), protihrudkuj\u00face l\u00e1tky (oxid kremi\u010dit\u00fd, mastenc, soli mastn\u00fdch kysel\u00edn hore\u010dnat\u00fdch), fermentovan\u00fd koenz\u00fdm Q10 (ubichin\u00f3n), maltodextr\u00edn.<\/h4>\n<h4 data-start=\"1507\" data-end=\"1526\">Upozornenie:\u00a0Neprekra\u010dujte odpor\u00fa\u010dan\u00fa denn\u00fa d\u00e1vku.\u00a0V\u00fd\u017eivov\u00fd doplnok sa nesmie pou\u017e\u00edva\u0165 ako n\u00e1hrada pestrej a vyv\u00e1\u017eenej stravy a zdrav\u00e9ho \u017eivotn\u00e9ho \u0161t\u00fdlu.\u00a0Vhodn\u00e9 od 12 rokov. Pri u\u017e\u00edvan\u00ed liekov na riedenie krvi sa pora\u010fte s lek\u00e1rom. M\u00f4\u017ee sa pou\u017e\u00edva\u0165 po\u010das tehotenstva a doj\u010denia, ako aj pri cukrovke.<\/h4>\n<p data-start=\"1840\" data-end=\"1918\"><strong data-start=\"1840\" data-end=\"1852\">Balenie:<\/strong> 60 tabliet (60 d\u00e1vok)<\/p>","protected":false},"excerpt":{"rendered":"<p>Fermentovan\u00fd, prirodzen\u00fd ubichin\u00f3n \u2013 veg\u00e1nska formula, bez s\u00f3jov\u00e9ho oleja, bez umel\u00fdch farb\u00edv, konzervantov a ar\u00f3m. \u2705 Fermentovan\u00fd, vysoko kvalitn\u00fd Q10 (ubichin\u00f3n)\u2705 60 mg \u00fa\u010dinnej l\u00e1tky v dennej d\u00e1vke\u2705 2 mesiace u\u017e\u00edvania (60 tabliet)\u2705 Vhodn\u00e9 pre veg\u00e1nov\u2705 GMP a ISO 22000:2018 certifikovan\u00e1 v\u00fdroba Pre\u010do je Koenz\u00fdm Q10 d\u00f4le\u017eit\u00fd? Koenz\u00fdm Q10 je l\u00e1tka podobn\u00e1 vitam\u00ednom, prirodzene pr\u00edtomn\u00e1 [&hellip;]<\/p>","protected":false},"featured_media":9973,"comment_status":"open","ping_status":"closed","template":"","meta":{"inline_featured_image":false},"product_brand":[],"product_cat":[69],"product_tag":[],"class_list":{"0":"post-9084","1":"product","2":"type-product","3":"status-publish","4":"has-post-thumbnail","6":"product_cat-vyzivove-doplnky","8":"first","9":"onbackorder","10":"taxable","11":"shipping-taxable","12":"purchasable","13":"product-type-simple"},"aioseo_notices":[],"_links":{"self":[{"href":"https:\/\/www.biokari.sk\/ro\/wp-json\/wp\/v2\/product\/9084","targetHints":{"allow":["GET"]}}],"collection":[{"href":"https:\/\/www.biokari.sk\/ro\/wp-json\/wp\/v2\/product"}],"about":[{"href":"https:\/\/www.biokari.sk\/ro\/wp-json\/wp\/v2\/types\/product"}],"replies":[{"embeddable":true,"href":"https:\/\/www.biokari.sk\/ro\/wp-json\/wp\/v2\/comments?post=9084"}],"wp:featuredmedia":[{"embeddable":true,"href":"https:\/\/www.biokari.sk\/ro\/wp-json\/wp\/v2\/media\/9973"}],"wp:attachment":[{"href":"https:\/\/www.biokari.sk\/ro\/wp-json\/wp\/v2\/media?parent=9084"}],"wp:term":[{"taxonomy":"product_brand","embeddable":true,"href":"https:\/\/www.biokari.sk\/ro\/wp-json\/wp\/v2\/product_brand?post=9084"},{"taxonomy":"product_cat","embeddable":true,"href":"https:\/\/www.biokari.sk\/ro\/wp-json\/wp\/v2\/product_cat?post=9084"},{"taxonomy":"product_tag","embeddable":true,"href":"https:\/\/www.biokari.sk\/ro\/wp-json\/wp\/v2\/product_tag?post=9084"}],"curies":[{"name":"wp","href":"https:\/\/api.w.org\/{rel}","templated":true}]}}