{"id":9097,"date":"2025-07-01T14:37:21","date_gmt":"2025-07-01T12:37:21","guid":{"rendered":"https:\/\/www.biokari.sk\/produkt\/natur-tanya-lutein-pro-kapsuly-54ks\/"},"modified":"2026-01-27T08:41:52","modified_gmt":"2026-01-27T07:41:52","slug":"natur-tanya-lutein-pro-kapsuly-54ks","status":"publish","type":"product","link":"https:\/\/www.biokari.sk\/ro\/produs\/natur-tanya-lutein-pro-kapsuly-54ks\/","title":{"rendered":"Natur Tanya Lutein Pro kapsuly 54ks"},"content":{"rendered":"<p data-start=\"170\" data-end=\"581\">Inovat\u00edvny o\u010dn\u00fd vitam\u00ednov\u00fd komplex, ktor\u00fd obsahuje nie lute\u00edn-estery, ale <strong data-start=\"244\" data-end=\"290\">pr\u00edrodn\u00fd vo\u013en\u00fd lute\u00edn vo forme mikrokaps\u00fal<\/strong>. T\u00fato vysoko vstrebate\u013en\u00fa formu lute\u00ednu dop\u013a\u0148a \u010fal\u0161\u00edch 7 vitam\u00ednov a miner\u00e1lov, ktor\u00e9 p\u00f4sobia <strong data-start=\"385\" data-end=\"430\">synergicky v oblasti makuly (\u017elt\u00e1 \u0161kvrna)<\/strong> \u2013 centra ostr\u00e9ho videnia. Pr\u00edpravok chr\u00e1ni o\u010di pred pred\u010dasn\u00fdm starnut\u00edm, ktor\u00e9 vedie k zhor\u0161eniu zraku, makul\u00e1rnej degener\u00e1cii alebo \u0161ed\u00e9mu z\u00e1kalu.<\/p>\n<h3 data-start=\"583\" data-end=\"622\">Kedy sa odpor\u00fa\u010da u\u017e\u00edva\u0165 Lutein Pro?<\/h3>\n<ul data-start=\"623\" data-end=\"944\">\n<li data-start=\"623\" data-end=\"716\">\n<p data-start=\"625\" data-end=\"716\">vystavenie modr\u00e9mu svetlu (slne\u010dn\u00e9 \u017eiarenie, LED svetl\u00e1, dlhodob\u00e9 pou\u017e\u00edvanie obrazoviek),<\/p>\n<\/li>\n<li data-start=\"717\" data-end=\"764\">\n<p data-start=\"719\" data-end=\"764\">n\u00edzky pr\u00edjem zeleniny, jednostrann\u00e1 strava,<\/p>\n<\/li>\n<li data-start=\"765\" data-end=\"803\">\n<p data-start=\"767\" data-end=\"803\">presbyopia (vekov\u00e1 \u010falekozrakos\u0165),<\/p>\n<\/li>\n<li data-start=\"804\" data-end=\"835\">\n<p data-start=\"806\" data-end=\"835\">kr\u00e1tkozrakos\u0165 v dospelosti,<\/p>\n<\/li>\n<li data-start=\"836\" data-end=\"862\">\n<p data-start=\"838\" data-end=\"862\">makul\u00e1rna degener\u00e1cia,<\/p>\n<\/li>\n<li data-start=\"863\" data-end=\"897\">\n<p data-start=\"865\" data-end=\"897\">\u0161ed\u00fd z\u00e1kal, rozmazan\u00e9 videnie,<\/p>\n<\/li>\n<li data-start=\"898\" data-end=\"944\">\n<p data-start=\"900\" data-end=\"944\">cukrovka zvy\u0161uj\u00faca riziko o\u010dn\u00fdch ochoren\u00ed.<\/p>\n<\/li>\n<\/ul>\n<h3 data-start=\"946\" data-end=\"985\">\u010co je lute\u00edn a pre\u010do je d\u00f4le\u017eit\u00fd?<\/h3>\n<p data-start=\"986\" data-end=\"1352\">Lute\u00edn je karotenoidov\u00fd pigment nach\u00e1dzaj\u00faci sa vo vysokej koncentr\u00e1cii v \u017eltej \u0161kvrne oka. P\u00f4sob\u00ed ako siln\u00fd antioxidant, ktor\u00fd chr\u00e1ni o\u010di pred oxida\u010dn\u00fdm stresom a \u0161kodliv\u00fdm modr\u00fdm svetlom. Vo\u013en\u00fd lute\u00edn je <strong data-start=\"1192\" data-end=\"1219\">najprirodzenej\u0161ia forma<\/strong>, ak\u00e1 sa nach\u00e1dza aj v potravin\u00e1ch \u2013 na rozdiel od lute\u00edn-esteru ho telo nemus\u00ed premie\u0148a\u0165, preto sa <strong data-start=\"1319\" data-end=\"1349\">lep\u0161ie vstreb\u00e1va a vyu\u017e\u00edva<\/strong>.<\/p>\n<h3 data-start=\"1354\" data-end=\"1393\">V\u00fdhody mikrokapsulovan\u00e9ho lute\u00ednu<\/h3>\n<p data-start=\"1394\" data-end=\"1595\">Lute\u00edn je nestabiln\u00e1 l\u00e1tka, preto bol v tomto pr\u00edpravku stabilizovan\u00fd mikrokapsul\u00e1ciou. Vidite\u013en\u00e9 oran\u017eov\u00e9 mikropelletky v tablete chr\u00e1nia lute\u00edn pred rozkladom a zlep\u0161uj\u00fa jeho biologick\u00fa dostupnos\u0165.<\/p>\n<h3 data-start=\"1597\" data-end=\"1628\">\u00da\u010dinn\u00e9 l\u00e1tky v 1 tablete:<\/h3>\n<ul data-start=\"1629\" data-end=\"1979\">\n<li data-start=\"1629\" data-end=\"1705\">\n<p data-start=\"1631\" data-end=\"1705\">Mikrokapsulovan\u00fd vo\u013en\u00fd lute\u00edn: <strong data-start=\"1662\" data-end=\"1671\">12 mg<\/strong> (zodpoved\u00e1 24 mg lute\u00edn-esteru)<\/p>\n<\/li>\n<li data-start=\"1706\" data-end=\"1739\">\n<p data-start=\"1708\" data-end=\"1739\">Vitam\u00edn A: 800 \u00b5g (100 % NRV)<\/p>\n<\/li>\n<li data-start=\"1740\" data-end=\"1771\">\n<p data-start=\"1742\" data-end=\"1771\">Vitam\u00edn E: 10 mg (83 % NRV)<\/p>\n<\/li>\n<li data-start=\"1772\" data-end=\"1805\">\n<p data-start=\"1774\" data-end=\"1805\">Vitam\u00edn C: 100 mg (125 % NRV)<\/p>\n<\/li>\n<li data-start=\"1806\" data-end=\"1851\">\n<p data-start=\"1808\" data-end=\"1851\">Vitam\u00edn B2 (riboflav\u00edn): 3 mg (214 % NRV)<\/p>\n<\/li>\n<li data-start=\"1852\" data-end=\"1891\">\n<p data-start=\"1854\" data-end=\"1891\">Zinok (glukon\u00e1t): 10 mg (100 % NRV)<\/p>\n<\/li>\n<li data-start=\"1892\" data-end=\"1930\">\n<p data-start=\"1894\" data-end=\"1930\">Me\u010f (glukon\u00e1t): 1,2 mg (120 % NRV)<\/p>\n<\/li>\n<li data-start=\"1931\" data-end=\"1979\">\n<p data-start=\"1933\" data-end=\"1979\">Sel\u00e9n (L-selenometion\u00edn): 100 \u00b5g (182 % NRV)<\/p>\n<\/li>\n<\/ul>\n<p data-start=\"1981\" data-end=\"2032\">*NRV = referen\u010dn\u00e1 v\u00fd\u017eivov\u00e1 hodnota pre dospel\u00fdch<\/p>\n<h4 data-start=\"2034\" data-end=\"2062\"><strong>Doza recomandat\u0103:\u00a0<\/strong>1 filmom obalen\u00e1 tableta denne, najlep\u0161ie po\u010das jedla, zapi\u0165 dostato\u010dn\u00fdm mno\u017estvom vody.<br data-start=\"2151\" data-end=\"2154\" \/>Odpor\u00fa\u010dan\u00e1 d\u013a\u017eka k\u00fary: min. 54 dn\u00ed, max. 108 dn\u00ed, potom 4-t\u00fd\u017ed\u0148ov\u00e1 prest\u00e1vka.<\/h4>\n<h4 data-start=\"2235\" data-end=\"2261\"><strong>Vlastnosti produktu:\u00a0<\/strong>veg\u00e1nsky, bez lakt\u00f3zy a lepku,\u00a0bez umel\u00fdch farb\u00edv, konzervantov a ar\u00f3m, synergick\u00e1 kombin\u00e1cia \u00fa\u010dinn\u00fdch l\u00e1tok, 12 mg mikrokapsulovan\u00e9ho vo\u013en\u00e9ho lute\u00ednu (ekvivalent 24 mg lute\u00edn-esteru), testovan\u00e9 v <strong data-start=\"2477\" data-end=\"2527\">nez\u00e1vislom akreditovanom laborat\u00f3riu v Nemecku<\/strong>.<\/h4>\n<p data-start=\"2532\" data-end=\"2594\"><strong data-start=\"2532\" data-end=\"2544\">Balenie:<\/strong> 54 tabliet (38,88 g)<\/p>\n<p data-start=\"2596\" data-end=\"2660\"><strong data-start=\"2596\" data-end=\"2612\">Depozitare:<\/strong> \u00eentr-un loc uscat, r\u0103coros, ferit de accesul copiilor.<\/p>\n<p data-start=\"2662\" data-end=\"2880\"><strong data-start=\"2662\" data-end=\"2678\">Avertisment:<\/strong> V\u00fd\u017eivov\u00fd doplnok sa nesmie pou\u017e\u00edva\u0165 ako n\u00e1hrada pestrej a vyv\u00e1\u017eenej stravy a zdrav\u00e9ho \u017eivotn\u00e9ho \u0161t\u00fdlu. Neprekra\u010dujte odpor\u00fa\u010dan\u00fa denn\u00fa d\u00e1vku. V pr\u00edpade zdravotn\u00fdch probl\u00e9mov sa v\u017edy pora\u010fte s lek\u00e1rom.<\/p>","protected":false},"excerpt":{"rendered":"<p>Inovat\u00edvny o\u010dn\u00fd vitam\u00ednov\u00fd komplex, ktor\u00fd obsahuje nie lute\u00edn-estery, ale pr\u00edrodn\u00fd vo\u013en\u00fd lute\u00edn vo forme mikrokaps\u00fal. T\u00fato vysoko vstrebate\u013en\u00fa formu lute\u00ednu dop\u013a\u0148a \u010fal\u0161\u00edch 7 vitam\u00ednov a miner\u00e1lov, ktor\u00e9 p\u00f4sobia synergicky v oblasti makuly (\u017elt\u00e1 \u0161kvrna) \u2013 centra ostr\u00e9ho videnia. Pr\u00edpravok chr\u00e1ni o\u010di pred pred\u010dasn\u00fdm starnut\u00edm, ktor\u00e9 vedie k zhor\u0161eniu zraku, makul\u00e1rnej degener\u00e1cii alebo \u0161ed\u00e9mu z\u00e1kalu. Kedy [&hellip;]<\/p>","protected":false},"featured_media":9961,"comment_status":"open","ping_status":"closed","template":"","meta":{"inline_featured_image":false},"product_brand":[],"product_cat":[69],"product_tag":[],"class_list":{"0":"post-9097","1":"product","2":"type-product","3":"status-publish","4":"has-post-thumbnail","6":"product_cat-vyzivove-doplnky","8":"first","9":"instock","10":"taxable","11":"shipping-taxable","12":"purchasable","13":"product-type-simple"},"aioseo_notices":[],"_links":{"self":[{"href":"https:\/\/www.biokari.sk\/ro\/wp-json\/wp\/v2\/product\/9097","targetHints":{"allow":["GET"]}}],"collection":[{"href":"https:\/\/www.biokari.sk\/ro\/wp-json\/wp\/v2\/product"}],"about":[{"href":"https:\/\/www.biokari.sk\/ro\/wp-json\/wp\/v2\/types\/product"}],"replies":[{"embeddable":true,"href":"https:\/\/www.biokari.sk\/ro\/wp-json\/wp\/v2\/comments?post=9097"}],"wp:featuredmedia":[{"embeddable":true,"href":"https:\/\/www.biokari.sk\/ro\/wp-json\/wp\/v2\/media\/9961"}],"wp:attachment":[{"href":"https:\/\/www.biokari.sk\/ro\/wp-json\/wp\/v2\/media?parent=9097"}],"wp:term":[{"taxonomy":"product_brand","embeddable":true,"href":"https:\/\/www.biokari.sk\/ro\/wp-json\/wp\/v2\/product_brand?post=9097"},{"taxonomy":"product_cat","embeddable":true,"href":"https:\/\/www.biokari.sk\/ro\/wp-json\/wp\/v2\/product_cat?post=9097"},{"taxonomy":"product_tag","embeddable":true,"href":"https:\/\/www.biokari.sk\/ro\/wp-json\/wp\/v2\/product_tag?post=9097"}],"curies":[{"name":"wp","href":"https:\/\/api.w.org\/{rel}","templated":true}]}}