{"id":9103,"date":"2025-07-01T14:37:22","date_gmt":"2025-07-01T12:37:22","guid":{"rendered":"https:\/\/www.biokari.sk\/produkt\/natur-tanya-vitamin-zelezo-bysglicinaty-30ks\/"},"modified":"2026-04-27T19:02:08","modified_gmt":"2026-04-27T17:02:08","slug":"natur-tanya-vitamin-zelezo-bysglicinaty-30ks","status":"publish","type":"product","link":"https:\/\/www.biokari.sk\/ro\/produs\/natur-tanya-vitamin-zelezo-bysglicinaty-30ks\/","title":{"rendered":"Natur Tanya Vitam\u00edn \u017eelezo bysglicin\u00e1ty 30ks"},"content":{"rendered":"<p data-start=\"129\" data-end=\"610\">\u017delezo je \u017eivotne d\u00f4le\u017eit\u00fd stopov\u00fd prvok, nevyhnutn\u00fd pre mno\u017estvo fyziologick\u00fdch procesov. Zohr\u00e1va k\u013e\u00fa\u010dov\u00fa \u00falohu pri transporte kysl\u00edka, tvorbe \u010derven\u00fdch krviniek a hemoglob\u00ednu, pri spr\u00e1vnom fungovan\u00ed imunitn\u00e9ho syst\u00e9mu a pri udr\u017eiavan\u00ed norm\u00e1lnej du\u0161evnej v\u00fdkonnosti. Nedostatok \u017eeleza m\u00f4\u017ee sp\u00f4sobova\u0165 nepr\u00edjemn\u00e9 pr\u00edznaky, ako s\u00fa pretrv\u00e1vaj\u00faca \u00fanava, vy\u010derpanos\u0165, zhor\u0161en\u00e1 koncentr\u00e1cia, \u010dast\u00e9 bolesti hlavy, bled\u00e1 a such\u00e1 poko\u017eka, praskliny v k\u00fatikoch \u00fast, afty \u010di l\u00e1mav\u00e9 nechty.<\/p>\n<h3 data-start=\"612\" data-end=\"655\">V\u00fdhody Natur Tanya \u017delezo-bisglycin\u00e1tu:<\/h3>\n<ul data-start=\"656\" data-end=\"1019\">\n<li data-start=\"656\" data-end=\"785\">\n<p data-start=\"658\" data-end=\"785\">obsahuje <strong data-start=\"667\" data-end=\"716\">organick\u00e9 \u017eelezo vo forme \u017eelezo-bisglycin\u00e1tu<\/strong>, ktor\u00e9 m\u00e1 preuk\u00e1zate\u013ene lep\u0161iu vyu\u017eite\u013enos\u0165 ne\u017e anorganick\u00e9 formy,<\/p>\n<\/li>\n<li data-start=\"786\" data-end=\"875\">\n<p data-start=\"788\" data-end=\"875\">obohaten\u00fd o <strong data-start=\"800\" data-end=\"843\">BioPerine\u00ae \u2013 extrakt z \u010dierneho korenia<\/strong>, ktor\u00fd zlep\u0161uje vstreb\u00e1vanie,<\/p>\n<\/li>\n<li data-start=\"876\" data-end=\"942\">\n<p data-start=\"878\" data-end=\"942\">dobre tolerovan\u00fd, nesp\u00f4sobuje \u017eal\u00fado\u010dn\u00e9 alebo \u010drevn\u00e9 \u0165a\u017ekosti,<\/p>\n<\/li>\n<li data-start=\"943\" data-end=\"992\">\n<p data-start=\"945\" data-end=\"992\">bezlepkov\u00fd, bezlakt\u00f3zov\u00fd, vhodn\u00fd pre veg\u00e1nov,<\/p>\n<\/li>\n<li data-start=\"993\" data-end=\"1019\">\n<p data-start=\"995\" data-end=\"1019\">vhodn\u00fd <strong data-start=\"1002\" data-end=\"1016\">od 3 rokov<\/strong>.<\/p>\n<\/li>\n<\/ul>\n<h3 data-start=\"1021\" data-end=\"1059\">Kedy je odpor\u00fa\u010dan\u00e9 dop\u013a\u0148a\u0165 \u017eelezo?<\/h3>\n<ul data-start=\"1060\" data-end=\"1282\">\n<li data-start=\"1060\" data-end=\"1099\">\n<p data-start=\"1062\" data-end=\"1099\">pri an\u00e9mii alebo nedostatku \u017eeleza,<\/p>\n<\/li>\n<li data-start=\"1100\" data-end=\"1122\">\n<p data-start=\"1102\" data-end=\"1122\">po\u010das tehotenstva,<\/p>\n<\/li>\n<li data-start=\"1123\" data-end=\"1155\">\n<p data-start=\"1125\" data-end=\"1155\">u \u017eien v obdob\u00ed men\u0161tru\u00e1cie,<\/p>\n<\/li>\n<li data-start=\"1156\" data-end=\"1180\">\n<p data-start=\"1158\" data-end=\"1180\">pri akt\u00edvnom \u0161porte,<\/p>\n<\/li>\n<li data-start=\"1181\" data-end=\"1209\">\n<p data-start=\"1183\" data-end=\"1209\">pravideln\u00fdm darcom krvi,<\/p>\n<\/li>\n<li data-start=\"1210\" data-end=\"1234\">\n<p data-start=\"1212\" data-end=\"1234\">u star\u0161ej popul\u00e1cie,<\/p>\n<\/li>\n<li data-start=\"1235\" data-end=\"1262\">\n<p data-start=\"1237\" data-end=\"1262\">pri reduk\u010dn\u00fdch di\u00e9tach,<\/p>\n<\/li>\n<li data-start=\"1263\" data-end=\"1282\">\n<p data-start=\"1265\" data-end=\"1282\">u vegetari\u00e1nov.<\/p>\n<\/li>\n<\/ul>\n<h3 data-start=\"1284\" data-end=\"1313\">Ingrediente active \u00een 1 capsul\u0103:<\/h3>\n<ul data-start=\"1314\" data-end=\"1520\">\n<li data-start=\"1314\" data-end=\"1398\">\n<p data-start=\"1316\" data-end=\"1398\">Organick\u00e9 \u017eelezo [Albion\u2122 Ferrochel\u2122 bisglycin\u00e1t \u017eeleznat\u00fd] \u2013 28 mg (200 % NRV*)<\/p>\n<\/li>\n<li data-start=\"1399\" data-end=\"1520\">\n<p data-start=\"1401\" data-end=\"1520\">BioPerine\u00ae extrakt z plodov \u010dierneho korenia (Piper nigrum L.) 2,5 mg<br data-start=\"1470\" data-end=\"1473\" \/>\u2013 z toho \u0161tandardizovan\u00fd piper\u00edn: 2,375 mg<\/p>\n<\/li>\n<\/ul>\n<p data-start=\"1522\" data-end=\"1602\">*NRV: referen\u010dn\u00e1 v\u00fd\u017eivov\u00e1 hodnota pre dospel\u00fdch<br data-start=\"1570\" data-end=\"1573\" \/>Obsah lakt\u00f3zy: &lt;0,1 g\/100 g<\/p>\n<p data-start=\"1604\" data-end=\"1915\"><strong data-start=\"1604\" data-end=\"1617\">Compozi\u021bie:<\/strong> plnidlo (mikrokry\u0161talick\u00e1 celul\u00f3za), Albion\u2122 Ferrochel\u2122 organick\u00fd bisglycin\u00e1t \u017eeleznat\u00fd, protihrudkuj\u00face l\u00e1tky (fosfore\u010dnany v\u00e1penat\u00e9, magn\u00e9ziov\u00e9 soli mastn\u00fdch kysel\u00edn, oxid kremi\u010dit\u00fd), rastlinn\u00e1 kapsulov\u00e1 ob\u00e1lka (hydroxypropylmetylcelul\u00f3za), BioPerine\u00ae \u2013 extrakt z plodov \u010dierneho korenia 50:1.<\/p>\n<p data-start=\"1917\" data-end=\"2187\"><strong data-start=\"1917\" data-end=\"1943\">Doza recomandat\u0103:<\/strong> 1 kapsula denne, najlep\u0161ie po\u010das jedla a zapi\u0165 dostato\u010dn\u00fdm mno\u017estvom vody. Bezpe\u010dn\u00e9 aj pri dlhodobom u\u017e\u00edvan\u00ed. \u00da\u010dinnos\u0165 mo\u017eno kontrolova\u0165 spolu s lek\u00e1rom sledovan\u00edm hladiny \u017eeleza.<br data-start=\"2123\" data-end=\"2126\" \/>Odpor\u00fa\u010dan\u00e1 d\u013a\u017eka k\u00fary: minim\u00e1lne 60 dn\u00ed, maxim\u00e1lne 120 dn\u00ed.<\/p>\n<p data-start=\"2189\" data-end=\"2493\"><strong data-start=\"2189\" data-end=\"2205\">Avertisment:<\/strong> Neprekra\u010dujte odpor\u00fa\u010dan\u00fa denn\u00fa d\u00e1vku. V\u00fd\u017eivov\u00fd doplnok sa nesmie pou\u017e\u00edva\u0165 ako n\u00e1hrada pestrej stravy a zdrav\u00e9ho \u017eivotn\u00e9ho \u0161t\u00fdlu. Po\u010das tehotenstva, doj\u010denia a pri u\u017e\u00edvan\u00ed liekov sa pora\u010fte so svoj\u00edm lek\u00e1rom. Uchov\u00e1vajte mimo dosahu det\u00ed. Skladujte na suchom mieste pri izbovej teplote.<\/p>\n<p data-start=\"2495\" data-end=\"2519\"><strong data-start=\"2495\" data-end=\"2507\">Balenie:<\/strong> 30pcs<\/p>\n<hr data-start=\"2521\" data-end=\"2526\" \/>\n\n\n<p><\/p>","protected":false},"excerpt":{"rendered":"<p>\u017delezo je \u017eivotne d\u00f4le\u017eit\u00fd stopov\u00fd prvok, nevyhnutn\u00fd pre mno\u017estvo fyziologick\u00fdch procesov. Zohr\u00e1va k\u013e\u00fa\u010dov\u00fa \u00falohu pri transporte kysl\u00edka, tvorbe \u010derven\u00fdch krviniek a hemoglob\u00ednu, pri spr\u00e1vnom fungovan\u00ed imunitn\u00e9ho syst\u00e9mu a pri udr\u017eiavan\u00ed norm\u00e1lnej du\u0161evnej v\u00fdkonnosti. Nedostatok \u017eeleza m\u00f4\u017ee sp\u00f4sobova\u0165 nepr\u00edjemn\u00e9 pr\u00edznaky, ako s\u00fa pretrv\u00e1vaj\u00faca \u00fanava, vy\u010derpanos\u0165, zhor\u0161en\u00e1 koncentr\u00e1cia, \u010dast\u00e9 bolesti hlavy, bled\u00e1 a such\u00e1 poko\u017eka, praskliny v [&hellip;]<\/p>","protected":false},"featured_media":9955,"comment_status":"open","ping_status":"closed","template":"","meta":{"inline_featured_image":false},"product_brand":[],"product_cat":[69],"product_tag":[],"class_list":{"0":"post-9103","1":"product","2":"type-product","3":"status-publish","4":"has-post-thumbnail","6":"product_cat-vyzivove-doplnky","8":"first","9":"instock","10":"taxable","11":"shipping-taxable","12":"purchasable","13":"product-type-simple"},"aioseo_notices":[],"_links":{"self":[{"href":"https:\/\/www.biokari.sk\/ro\/wp-json\/wp\/v2\/product\/9103","targetHints":{"allow":["GET"]}}],"collection":[{"href":"https:\/\/www.biokari.sk\/ro\/wp-json\/wp\/v2\/product"}],"about":[{"href":"https:\/\/www.biokari.sk\/ro\/wp-json\/wp\/v2\/types\/product"}],"replies":[{"embeddable":true,"href":"https:\/\/www.biokari.sk\/ro\/wp-json\/wp\/v2\/comments?post=9103"}],"wp:featuredmedia":[{"embeddable":true,"href":"https:\/\/www.biokari.sk\/ro\/wp-json\/wp\/v2\/media\/9955"}],"wp:attachment":[{"href":"https:\/\/www.biokari.sk\/ro\/wp-json\/wp\/v2\/media?parent=9103"}],"wp:term":[{"taxonomy":"product_brand","embeddable":true,"href":"https:\/\/www.biokari.sk\/ro\/wp-json\/wp\/v2\/product_brand?post=9103"},{"taxonomy":"product_cat","embeddable":true,"href":"https:\/\/www.biokari.sk\/ro\/wp-json\/wp\/v2\/product_cat?post=9103"},{"taxonomy":"product_tag","embeddable":true,"href":"https:\/\/www.biokari.sk\/ro\/wp-json\/wp\/v2\/product_tag?post=9103"}],"curies":[{"name":"wp","href":"https:\/\/api.w.org\/{rel}","templated":true}]}}