{"id":9113,"date":"2025-07-01T14:37:24","date_gmt":"2025-07-01T12:37:24","guid":{"rendered":"https:\/\/www.biokari.sk\/produkt\/nordvital-malat-horecnaty-prasok-90g\/"},"modified":"2026-04-12T19:01:51","modified_gmt":"2026-04-12T17:01:51","slug":"nordvital-malat-horecnaty-prasok-90g","status":"publish","type":"product","link":"https:\/\/www.biokari.sk\/ro\/produs\/nordvital-malat-horecnaty-prasok-90g\/","title":{"rendered":"Nordvital Mal\u00e1t hore\u010dnat\u00fd pr\u00e1\u0161ok 90g"},"content":{"rendered":"<p data-start=\"107\" data-end=\"409\">Magn\u00e9zium-mal\u00e1t je zl\u00fa\u010deninou hor\u010d\u00edka a kyseliny jabl\u010dnej. Kyselina jabl\u010dn\u00e1 sa prirodzene nach\u00e1dza v mnoh\u00fdch druhoch ovocia a zeleniny. Hor\u010d\u00edk je d\u00f4le\u017eit\u00fd mikronutrient, ktor\u00fd zohr\u00e1va \u00falohu v r\u00f4znych fyziologick\u00fdch procesoch. Magn\u00e9zium-mal\u00e1t je \u010dasto vyh\u013ead\u00e1van\u00fd ako s\u00fa\u010das\u0165 vedom\u00e9ho dop\u013a\u0148ania v\u00fd\u017eivy.<\/p>\n<p data-start=\"411\" data-end=\"437\"><strong data-start=\"411\" data-end=\"435\">Obsah \u00fa\u010dinnej l\u00e1tky: <\/strong>Hor\u010d\u00edk (element\u00e1rny): 172,5 mg<\/p>\n<ul data-start=\"438\" data-end=\"498\">\n<li data-start=\"473\" data-end=\"498\">\n<p data-start=\"475\" data-end=\"498\">100 % magn\u00e9zium-mal\u00e1t<\/p>\n<\/li>\n<\/ul>\n<p data-start=\"500\" data-end=\"594\"><strong data-start=\"500\" data-end=\"526\">Doza recomandat\u0103: <\/strong>0,5 g pr\u00e1\u0161ku denne rozmie\u0161a\u0165 v tekutine, najlep\u0161ie po\u010das jedla.<\/p>\n<p data-start=\"596\" data-end=\"731\"><strong data-start=\"596\" data-end=\"612\">Depozitare: <\/strong>Uchov\u00e1vajte na suchom mieste, chr\u00e1nenom pred slne\u010dn\u00fdm \u017eiaren\u00edm, pri izbovej teplote. Uchov\u00e1vajte mimo dosahu det\u00ed.<\/p>\n<p data-start=\"733\" data-end=\"751\"><strong data-start=\"733\" data-end=\"749\">Avertisment: <\/strong>Neprekra\u010dujte odpor\u00fa\u010dan\u00fa denn\u00fa d\u00e1vku. V\u00fd\u017eivov\u00fd doplnok sa nesmie pou\u017e\u00edva\u0165 ako n\u00e1hrada pestrej a vyv\u00e1\u017eenej stravy a zdrav\u00e9ho \u017eivotn\u00e9ho \u0161t\u00fdlu. Nevhodn\u00e9 pre deti.<\/p>\n<p data-start=\"925\" data-end=\"1014\"><strong data-start=\"925\" data-end=\"951\">Alerg\u00e9nov\u00e9 inform\u00e1cie: <\/strong>Vyroben\u00e9 v z\u00e1vode, ktor\u00fd sprac\u00fava ara\u0161idy, orechy a sezam.<\/p>\n<p data-start=\"1016\" data-end=\"1036\"><strong data-start=\"1016\" data-end=\"1029\">Greutate:<\/strong> 90 g<\/p>","protected":false},"excerpt":{"rendered":"<p>Magn\u00e9zium-mal\u00e1t je zl\u00fa\u010deninou hor\u010d\u00edka a kyseliny jabl\u010dnej. Kyselina jabl\u010dn\u00e1 sa prirodzene nach\u00e1dza v mnoh\u00fdch druhoch ovocia a zeleniny. Hor\u010d\u00edk je d\u00f4le\u017eit\u00fd mikronutrient, ktor\u00fd zohr\u00e1va \u00falohu v r\u00f4znych fyziologick\u00fdch procesoch. Magn\u00e9zium-mal\u00e1t je \u010dasto vyh\u013ead\u00e1van\u00fd ako s\u00fa\u010das\u0165 vedom\u00e9ho dop\u013a\u0148ania v\u00fd\u017eivy. Obsah \u00fa\u010dinnej l\u00e1tky: Hor\u010d\u00edk (element\u00e1rny): 172,5 mg 100 % magn\u00e9zium-mal\u00e1t Odpor\u00fa\u010dan\u00e9 d\u00e1vkovanie: 0,5 g pr\u00e1\u0161ku denne rozmie\u0161a\u0165 [&hellip;]<\/p>","protected":false},"featured_media":9947,"comment_status":"open","ping_status":"closed","template":"","meta":{"inline_featured_image":false},"product_brand":[112],"product_cat":[69],"product_tag":[],"class_list":{"0":"post-9113","1":"product","2":"type-product","3":"status-publish","4":"has-post-thumbnail","6":"product_brand-nordvital","7":"product_cat-vyzivove-doplnky","9":"first","10":"instock","11":"taxable","12":"shipping-taxable","13":"purchasable","14":"product-type-simple"},"aioseo_notices":[],"_links":{"self":[{"href":"https:\/\/www.biokari.sk\/ro\/wp-json\/wp\/v2\/product\/9113","targetHints":{"allow":["GET"]}}],"collection":[{"href":"https:\/\/www.biokari.sk\/ro\/wp-json\/wp\/v2\/product"}],"about":[{"href":"https:\/\/www.biokari.sk\/ro\/wp-json\/wp\/v2\/types\/product"}],"replies":[{"embeddable":true,"href":"https:\/\/www.biokari.sk\/ro\/wp-json\/wp\/v2\/comments?post=9113"}],"wp:featuredmedia":[{"embeddable":true,"href":"https:\/\/www.biokari.sk\/ro\/wp-json\/wp\/v2\/media\/9947"}],"wp:attachment":[{"href":"https:\/\/www.biokari.sk\/ro\/wp-json\/wp\/v2\/media?parent=9113"}],"wp:term":[{"taxonomy":"product_brand","embeddable":true,"href":"https:\/\/www.biokari.sk\/ro\/wp-json\/wp\/v2\/product_brand?post=9113"},{"taxonomy":"product_cat","embeddable":true,"href":"https:\/\/www.biokari.sk\/ro\/wp-json\/wp\/v2\/product_cat?post=9113"},{"taxonomy":"product_tag","embeddable":true,"href":"https:\/\/www.biokari.sk\/ro\/wp-json\/wp\/v2\/product_tag?post=9113"}],"curies":[{"name":"wp","href":"https:\/\/api.w.org\/{rel}","templated":true}]}}