{"id":9125,"date":"2025-07-01T14:37:26","date_gmt":"2025-07-01T12:37:26","guid":{"rendered":"https:\/\/www.biokari.sk\/produkt\/gal-vitamin-b-komplex-60ks\/"},"modified":"2026-04-07T19:02:34","modified_gmt":"2026-04-07T17:02:34","slug":"gal-vitamin-b-komplex-60ks","status":"publish","type":"product","link":"https:\/\/www.biokari.sk\/ro\/produs\/gal-vitamin-b-komplex-60ks\/","title":{"rendered":"Gal Vitam\u00edn B-komplex 60ks"},"content":{"rendered":"<p data-start=\"113\" data-end=\"743\">Akt\u00edvne formy vitam\u00ednov skupiny B s\u00fa tie, ktor\u00e9 p\u00f4sobia priamo v bunk\u00e1ch. Vitam\u00edny B1, B2, B5 a B6 sa v\u0161ak nedok\u00e1\u017eu vstreb\u00e1va\u0165 v akt\u00edvnej forme \u2013 a\u017e po rozlo\u017een\u00ed enz\u00fdmami na jednoduch\u0161ie formy. Iba tie dok\u00e1\u017eu prenikn\u00fa\u0165 cez \u010drevn\u00fa stenu do krvn\u00e9ho obehu a n\u00e1sledne do buniek, kde sa premenia na svoju akt\u00edvnu podobu. Preto je u\u017e\u00edvanie akt\u00edvnych foriem \u2013 napriek niektor\u00fdm m\u00fdtom \u2013 nev\u00fdhodn\u00e9: s\u00fa drah\u0161ie, neza\u0165a\u017euj\u00fa menej, ale naopak vy\u017eaduj\u00fa od organizmu \u010fal\u0161ie kroky a ich vyu\u017eite\u013enos\u0165 je slab\u0161ia. V na\u0161om produkte preto v\u017edy pou\u017e\u00edvame vhodn\u00e9 formy a zbyto\u010dne nezara\u010fujeme \u201em\u00f3dne\u201c akt\u00edvne formy, ktor\u00e9 m\u00f4\u017eu by\u0165 dokonca nev\u00fdhodn\u00e9.<\/p>\n<p data-start=\"745\" data-end=\"1199\">Produkt <strong data-start=\"753\" data-end=\"778\">neobsahuje vitam\u00edn B3<\/strong>, preto\u017ee jeho pravideln\u00e9 u\u017e\u00edvanie pova\u017eujeme za kontraprodukt\u00edvne. Nedostatok hroz\u00ed len pri extr\u00e9mne jednostrannej strave zalo\u017eenej v\u00fdhradne na rafinovan\u00fdch potravin\u00e1ch, ke\u010f\u017ee v\u00e4\u010d\u0161ina prirodzen\u00fdch potrav\u00edn obsahuje dostatok B3. Naopak, pri chronickom nadbytku sa m\u00f4\u017eu objavi\u0165 probl\u00e9my. Doplni\u0165 ho m\u00f4\u017ee ma\u0165 zmysel v niektor\u00fdch pr\u00edpadoch, ale odpor\u00fa\u010dame to sk\u00f4r pr\u00edle\u017eitostne, nie denne \u2013 napr. len nieko\u013ekokr\u00e1t mesa\u010dne.<\/p>\n<p data-start=\"1201\" data-end=\"1470\">N\u00e1\u0161 produkt obsahuje v 1 kapsule tak\u00e9 formy a mno\u017estv\u00e1 vitam\u00ednov skupiny B, ak\u00e9 sa nach\u00e1dzaj\u00fa v dennej d\u00e1vke <strong data-start=\"1310\" data-end=\"1331\">GAL Multivitam\u00ednu<\/strong>. Je ur\u010den\u00fd t\u00fdm, ktor\u00ed h\u013eadaj\u00fa starostlivo zostaven\u00fd B-vitam\u00edn komplex ako doplnok k svojim ostatn\u00fdm vitam\u00ednov\u00fdm a miner\u00e1lnym pr\u00edpravkom.<\/p>\n<p data-start=\"1472\" data-end=\"1530\"><strong data-start=\"1472\" data-end=\"1498\">Doza recomandat\u0103:<\/strong> 1 kapsula denne, po\u010das jedla.<\/p>\n<p data-start=\"1532\" data-end=\"1721\"><strong data-start=\"1532\" data-end=\"1548\">Avertisment:<\/strong> Neprekra\u010dujte odpor\u00fa\u010dan\u00fa denn\u00fa d\u00e1vku. V\u00fd\u017eivov\u00fd doplnok sa nesmie pou\u017e\u00edva\u0165 ako n\u00e1hrada vyv\u00e1\u017eenej a pestrej stravy a zdrav\u00e9ho \u017eivotn\u00e9ho \u0161t\u00fdlu. Uchov\u00e1vajte mimo dosahu det\u00ed.<\/p>\n<p data-start=\"1532\" data-end=\"1721\"><strong>Balenie:<\/strong> 60pcs<\/p>","protected":false},"excerpt":{"rendered":"<p>Akt\u00edvne formy vitam\u00ednov skupiny B s\u00fa tie, ktor\u00e9 p\u00f4sobia priamo v bunk\u00e1ch. Vitam\u00edny B1, B2, B5 a B6 sa v\u0161ak nedok\u00e1\u017eu vstreb\u00e1va\u0165 v akt\u00edvnej forme \u2013 a\u017e po rozlo\u017een\u00ed enz\u00fdmami na jednoduch\u0161ie formy. Iba tie dok\u00e1\u017eu prenikn\u00fa\u0165 cez \u010drevn\u00fa stenu do krvn\u00e9ho obehu a n\u00e1sledne do buniek, kde sa premenia na svoju akt\u00edvnu podobu. Preto [&hellip;]<\/p>","protected":false},"featured_media":9937,"comment_status":"open","ping_status":"closed","template":"","meta":{"inline_featured_image":false},"product_brand":[113],"product_cat":[69],"product_tag":[],"class_list":{"0":"post-9125","1":"product","2":"type-product","3":"status-publish","4":"has-post-thumbnail","6":"product_brand-gal","7":"product_cat-vyzivove-doplnky","9":"first","10":"onbackorder","11":"taxable","12":"shipping-taxable","13":"purchasable","14":"product-type-simple"},"aioseo_notices":[],"_links":{"self":[{"href":"https:\/\/www.biokari.sk\/ro\/wp-json\/wp\/v2\/product\/9125","targetHints":{"allow":["GET"]}}],"collection":[{"href":"https:\/\/www.biokari.sk\/ro\/wp-json\/wp\/v2\/product"}],"about":[{"href":"https:\/\/www.biokari.sk\/ro\/wp-json\/wp\/v2\/types\/product"}],"replies":[{"embeddable":true,"href":"https:\/\/www.biokari.sk\/ro\/wp-json\/wp\/v2\/comments?post=9125"}],"wp:featuredmedia":[{"embeddable":true,"href":"https:\/\/www.biokari.sk\/ro\/wp-json\/wp\/v2\/media\/9937"}],"wp:attachment":[{"href":"https:\/\/www.biokari.sk\/ro\/wp-json\/wp\/v2\/media?parent=9125"}],"wp:term":[{"taxonomy":"product_brand","embeddable":true,"href":"https:\/\/www.biokari.sk\/ro\/wp-json\/wp\/v2\/product_brand?post=9125"},{"taxonomy":"product_cat","embeddable":true,"href":"https:\/\/www.biokari.sk\/ro\/wp-json\/wp\/v2\/product_cat?post=9125"},{"taxonomy":"product_tag","embeddable":true,"href":"https:\/\/www.biokari.sk\/ro\/wp-json\/wp\/v2\/product_tag?post=9125"}],"curies":[{"name":"wp","href":"https:\/\/api.w.org\/{rel}","templated":true}]}}