{"id":9133,"date":"2025-07-01T14:37:28","date_gmt":"2025-07-01T12:37:28","guid":{"rendered":"https:\/\/www.biokari.sk\/produkt\/nordvital-prasok-z-horcik-askorbat-200g\/"},"modified":"2026-01-27T08:41:53","modified_gmt":"2026-01-27T07:41:53","slug":"nordvital-prasok-z-horcik-askorbat-200g","status":"publish","type":"product","link":"https:\/\/www.biokari.sk\/ro\/produs\/nordvital-prasok-z-horcik-askorbat-200g\/","title":{"rendered":"Nordvital Pr\u00e1\u0161ok z hor\u010d\u00edk askorb\u00e1t 200g"},"content":{"rendered":"<p>Hor\u010d\u00edk-askorb\u00e1t je kombin\u00e1ciou vitam\u00ednu C a hor\u010d\u00edka v nesavej forme. Je \u0161etrnou alternat\u00edvou pre t\u00fdch, ktor\u00ed h\u013eadaj\u00fa jemnej\u0161ie rie\u0161enie namiesto kyslej\u0161\u00edch pr\u00edpravkov. T\u00e1to formula obsahuje hor\u010d\u00edk a vitam\u00edn C, vhodn\u00e9 na ka\u017edodenn\u00e9 doplnenie stravy.<\/p>\n\n\n\n<p><strong>Compozi\u021bie:<\/strong> 100 % hor\u010d\u00edk-askorb\u00e1t<\/p>\n\n\n\n<p><strong>Cerere:<\/strong> 2 g pr\u00e1\u0161ku rozmie\u0161ajte v poh\u00e1ri vody alebo vo va\u0161om ob\u013e\u00fabenom n\u00e1poji.<\/p>\n\n\n\n<p><strong>Depozitare:<\/strong> Uchov\u00e1vajte na suchom mieste, chr\u00e1nenom pred slne\u010dn\u00fdm \u017eiaren\u00edm, pri izbovej teplote. Uchov\u00e1vajte mimo dosahu det\u00ed.<\/p>\n\n\n\n<p><strong>Avertisment:<\/strong> V\u00fd\u017eivov\u00fd doplnok sa nesmie pou\u017e\u00edva\u0165 ako n\u00e1hrada vyv\u00e1\u017eenej a pestrej stravy a zdrav\u00e9ho \u017eivotn\u00e9ho \u0161t\u00fdlu. Neprekra\u010dujte odpor\u00fa\u010dan\u00fa denn\u00fa d\u00e1vku! Neu\u017e\u00edvajte pr\u00edpravok, ak ste citliv\u00ed alebo alergick\u00ed na niektor\u00fa zo zlo\u017eiek.<\/p>\n\n\n\n<p><strong>Greutate:<\/strong> 200 g<\/p>\n\n\n\n<p><\/p>","protected":false},"excerpt":{"rendered":"<p>Hor\u010d\u00edk-askorb\u00e1t je kombin\u00e1ciou vitam\u00ednu C a hor\u010d\u00edka v nesavej forme. Je \u0161etrnou alternat\u00edvou pre t\u00fdch, ktor\u00ed h\u013eadaj\u00fa jemnej\u0161ie rie\u0161enie namiesto kyslej\u0161\u00edch pr\u00edpravkov. T\u00e1to formula obsahuje hor\u010d\u00edk a vitam\u00edn C, vhodn\u00e9 na ka\u017edodenn\u00e9 doplnenie stravy. Zlo\u017eenie: 100 % hor\u010d\u00edk-askorb\u00e1t Pou\u017eitie: 2 g pr\u00e1\u0161ku rozmie\u0161ajte v poh\u00e1ri vody alebo vo va\u0161om ob\u013e\u00fabenom n\u00e1poji. Skladovanie: Uchov\u00e1vajte na suchom [&hellip;]<\/p>","protected":false},"featured_media":9931,"comment_status":"open","ping_status":"closed","template":"","meta":{"inline_featured_image":false},"product_brand":[112],"product_cat":[69],"product_tag":[],"class_list":{"0":"post-9133","1":"product","2":"type-product","3":"status-publish","4":"has-post-thumbnail","6":"product_brand-nordvital","7":"product_cat-vyzivove-doplnky","9":"first","10":"instock","11":"taxable","12":"shipping-taxable","13":"purchasable","14":"product-type-simple"},"aioseo_notices":[],"_links":{"self":[{"href":"https:\/\/www.biokari.sk\/ro\/wp-json\/wp\/v2\/product\/9133","targetHints":{"allow":["GET"]}}],"collection":[{"href":"https:\/\/www.biokari.sk\/ro\/wp-json\/wp\/v2\/product"}],"about":[{"href":"https:\/\/www.biokari.sk\/ro\/wp-json\/wp\/v2\/types\/product"}],"replies":[{"embeddable":true,"href":"https:\/\/www.biokari.sk\/ro\/wp-json\/wp\/v2\/comments?post=9133"}],"wp:featuredmedia":[{"embeddable":true,"href":"https:\/\/www.biokari.sk\/ro\/wp-json\/wp\/v2\/media\/9931"}],"wp:attachment":[{"href":"https:\/\/www.biokari.sk\/ro\/wp-json\/wp\/v2\/media?parent=9133"}],"wp:term":[{"taxonomy":"product_brand","embeddable":true,"href":"https:\/\/www.biokari.sk\/ro\/wp-json\/wp\/v2\/product_brand?post=9133"},{"taxonomy":"product_cat","embeddable":true,"href":"https:\/\/www.biokari.sk\/ro\/wp-json\/wp\/v2\/product_cat?post=9133"},{"taxonomy":"product_tag","embeddable":true,"href":"https:\/\/www.biokari.sk\/ro\/wp-json\/wp\/v2\/product_tag?post=9133"}],"curies":[{"name":"wp","href":"https:\/\/api.w.org\/{rel}","templated":true}]}}