{"id":9137,"date":"2025-07-01T14:37:29","date_gmt":"2025-07-01T12:37:29","guid":{"rendered":"https:\/\/www.biokari.sk\/produkt\/natur-tanya-ganoderma-tabletky-60ks\/"},"modified":"2026-01-27T08:41:53","modified_gmt":"2026-01-27T07:41:53","slug":"natur-tanya-ganoderma-tabletky-60ks","status":"publish","type":"product","link":"https:\/\/www.biokari.sk\/ro\/produs\/natur-tanya-ganoderma-tabletky-60ks\/","title":{"rendered":"Natur Tanya Ganoderma tabletky 60ks"},"content":{"rendered":"<p data-start=\"295\" data-end=\"579\"><strong data-start=\"295\" data-end=\"335\">Pecsetviaszgomba \/ Reishi \/ Ling Zhi<\/strong> patr\u00ed medzi najzn\u00e1mej\u0161ie huby tradi\u010dnej \u00e1zijskej medic\u00edny. Tento pr\u00edpravok obsahuje <strong data-start=\"420\" data-end=\"493\">\u0161tandardizovan\u00fd extrakt s vysokou koncentr\u00e1ciou polysacharidov (30 %)<\/strong>, nie oby\u010dajn\u00fd pr\u00e1\u0161ok z huby. T\u00fdm je zabezpe\u010den\u00e1 vy\u0161\u0161ia kvalita a \u00fa\u010dinnos\u0165 produktu.<\/p>\n<h4 data-start=\"581\" data-end=\"600\"><strong data-start=\"585\" data-end=\"598\">Compozi\u021bie:\u00a0<\/strong>extrakt z huby\u00a0<strong data-start=\"618\" data-end=\"648\">Ganoderma lucidum (Reishi), <\/strong>plnidlo: mikrokry\u0161talick\u00e1 celul\u00f3za, protihrudkuj\u00face l\u00e1tky: mastenec, oxid kremi\u010dit\u00fd<\/h4>\n<h4 data-start=\"743\" data-end=\"801\"><strong data-start=\"747\" data-end=\"799\">Obsah \u00fa\u010dinn\u00fdch l\u00e1tok v dennej d\u00e1vke (2 tablety): <\/strong><strong data-start=\"804\" data-end=\"824\">Extrakt z Reishi<\/strong> \u2013 400 mg z toho <strong data-start=\"845\" data-end=\"878\">\u0161tandardizovan\u00e9 polysacharidy<\/strong> \u2013 120 mg<\/h4>\n<h4 data-start=\"891\" data-end=\"923\"><strong data-start=\"895\" data-end=\"921\">Doza recomandat\u0103: <\/strong><strong data-start=\"926\" data-end=\"945\">2 tablety denne<\/strong>, zapi\u0165 dostato\u010dn\u00fdm mno\u017estvom tekutiny.<\/h4>\n<h4 data-start=\"988\" data-end=\"1023\"><strong data-start=\"992\" data-end=\"1021\">Odpor\u00fa\u010dan\u00e1 doba u\u017e\u00edvania: <\/strong>min. <strong data-start=\"1031\" data-end=\"1041\">60 dn\u00ed<\/strong>, max. <strong data-start=\"1048\" data-end=\"1059\">120 dn\u00ed<\/strong><\/h4>\n<h4 data-start=\"1063\" data-end=\"1094\"><strong data-start=\"1067\" data-end=\"1092\">Po\u010det d\u00e1vok v balen\u00ed: <\/strong>cca <strong data-start=\"1101\" data-end=\"1113\">30 d\u00e1vok<\/strong><\/h4>\n<h4 data-start=\"1122\" data-end=\"1144\"><strong data-start=\"1126\" data-end=\"1142\">Avertisment: <\/strong>Neprekra\u010dujte odpor\u00fa\u010dan\u00fa denn\u00fa d\u00e1vku. Nevhodn\u00e9 pri precitlivenosti na zlo\u017eky produktu. V\u00fd\u017eivov\u00fd doplnok nenahr\u00e1dza pestr\u00fa a vyv\u00e1\u017een\u00fa stravu ani zdrav\u00fd \u017eivotn\u00fd \u0161t\u00fdl. <strong data-start=\"1324\" data-end=\"1339\">Od 12 rokov<\/strong>. Nevhodn\u00e9 pri u\u017e\u00edvan\u00ed <strong data-start=\"1366\" data-end=\"1393\">lie\u010div na riedenie krvi<\/strong>. Vhodn\u00e9 aj pri <strong data-start=\"1413\" data-end=\"1425\">cukrovke<\/strong>. V obdob\u00ed <strong data-start=\"1440\" data-end=\"1466\">sarcina \u0219i al\u0103ptarea<\/strong> je potrebn\u00e1 konzult\u00e1cia s lek\u00e1rom.<\/h4>\n<h4 data-start=\"1505\" data-end=\"1527\"><strong data-start=\"1509\" data-end=\"1525\">Depozitare:\u00a0<\/strong>Na suchom, chladnom mieste, mimo dosahu det\u00ed.<br data-start=\"1573\" data-end=\"1576\" \/>Ke\u010f\u017ee extrakt z Reishi je <strong data-start=\"1602\" data-end=\"1638\">hygroskopick\u00fd (pohlcuje vlhkos\u0165)<\/strong>, je potrebn\u00e9 chr\u00e1ni\u0165 ho pred vlhkos\u0165ou vzduchu.<\/h4>\n<p data-start=\"1690\" data-end=\"1715\"><strong data-start=\"1690\" data-end=\"1713\">Balenie: 60ks<\/strong><\/p>","protected":false},"excerpt":{"rendered":"<p>Pecsetviaszgomba \/ Reishi \/ Ling Zhi patr\u00ed medzi najzn\u00e1mej\u0161ie huby tradi\u010dnej \u00e1zijskej medic\u00edny. Tento pr\u00edpravok obsahuje \u0161tandardizovan\u00fd extrakt s vysokou koncentr\u00e1ciou polysacharidov (30 %), nie oby\u010dajn\u00fd pr\u00e1\u0161ok z huby. T\u00fdm je zabezpe\u010den\u00e1 vy\u0161\u0161ia kvalita a \u00fa\u010dinnos\u0165 produktu. Zlo\u017eenie:\u00a0extrakt z huby\u00a0Ganoderma lucidum (Reishi), plnidlo: mikrokry\u0161talick\u00e1 celul\u00f3za, protihrudkuj\u00face l\u00e1tky: mastenec, oxid kremi\u010dit\u00fd Obsah \u00fa\u010dinn\u00fdch l\u00e1tok v dennej [&hellip;]<\/p>","protected":false},"featured_media":9921,"comment_status":"open","ping_status":"closed","template":"","meta":{"inline_featured_image":false},"product_brand":[],"product_cat":[69],"product_tag":[],"class_list":{"0":"post-9137","1":"product","2":"type-product","3":"status-publish","4":"has-post-thumbnail","6":"product_cat-vyzivove-doplnky","8":"first","9":"onbackorder","10":"taxable","11":"shipping-taxable","12":"purchasable","13":"product-type-simple"},"aioseo_notices":[],"_links":{"self":[{"href":"https:\/\/www.biokari.sk\/ro\/wp-json\/wp\/v2\/product\/9137","targetHints":{"allow":["GET"]}}],"collection":[{"href":"https:\/\/www.biokari.sk\/ro\/wp-json\/wp\/v2\/product"}],"about":[{"href":"https:\/\/www.biokari.sk\/ro\/wp-json\/wp\/v2\/types\/product"}],"replies":[{"embeddable":true,"href":"https:\/\/www.biokari.sk\/ro\/wp-json\/wp\/v2\/comments?post=9137"}],"wp:featuredmedia":[{"embeddable":true,"href":"https:\/\/www.biokari.sk\/ro\/wp-json\/wp\/v2\/media\/9921"}],"wp:attachment":[{"href":"https:\/\/www.biokari.sk\/ro\/wp-json\/wp\/v2\/media?parent=9137"}],"wp:term":[{"taxonomy":"product_brand","embeddable":true,"href":"https:\/\/www.biokari.sk\/ro\/wp-json\/wp\/v2\/product_brand?post=9137"},{"taxonomy":"product_cat","embeddable":true,"href":"https:\/\/www.biokari.sk\/ro\/wp-json\/wp\/v2\/product_cat?post=9137"},{"taxonomy":"product_tag","embeddable":true,"href":"https:\/\/www.biokari.sk\/ro\/wp-json\/wp\/v2\/product_tag?post=9137"}],"curies":[{"name":"wp","href":"https:\/\/api.w.org\/{rel}","templated":true}]}}