{"id":9147,"date":"2025-07-01T14:37:31","date_gmt":"2025-07-01T12:37:31","guid":{"rendered":"https:\/\/www.biokari.sk\/produkt\/nordvital-l-lizin-vitamin-c-kapsuly-60ks\/"},"modified":"2026-04-26T19:01:53","modified_gmt":"2026-04-26T17:01:53","slug":"nordvital-l-lizin-vitamin-c-kapsuly-60ks","status":"publish","type":"product","link":"https:\/\/www.biokari.sk\/ro\/produs\/nordvital-l-lizin-vitamin-c-kapsuly-60ks\/","title":{"rendered":"Nordvital L-liz\u00edn + vitam\u00edn C kapsuly 60ks"},"content":{"rendered":"<p data-start=\"198\" data-end=\"398\"><strong data-start=\"198\" data-end=\"217\">Lyz\u00edn-C kapsula<\/strong> je v\u00fd\u017eivov\u00fd doplnok s obsahom <strong data-start=\"248\" data-end=\"274\">aminokyseliny L-lyz\u00ednu<\/strong> a <strong data-start=\"277\" data-end=\"291\">vitam\u00ednu C<\/strong>, doplnen\u00fd o <strong data-start=\"304\" data-end=\"321\">zinok a sel\u00e9n<\/strong>. V\u010faka svojej <strong data-start=\"336\" data-end=\"360\">veg\u00e1nskej formul\u00e1cii<\/strong> je vhodn\u00fd aj pri rastlinnej strave.<\/p>\n<ul data-start=\"400\" data-end=\"711\">\n<li data-start=\"400\" data-end=\"500\">\n<p data-start=\"402\" data-end=\"500\"><strong data-start=\"402\" data-end=\"415\">Vitam\u00edn C<\/strong> je d\u00f4le\u017eit\u00fd mikronutrient, ktor\u00fd zohr\u00e1va \u00falohu v mnoh\u00fdch fyziologick\u00fdch procesoch.<\/p>\n<\/li>\n<li data-start=\"501\" data-end=\"638\">\n<p data-start=\"503\" data-end=\"638\">Kombin\u00e1cia lyz\u00ednu, vitam\u00ednu C, zinku a sel\u00e9nu m\u00f4\u017ee podpori\u0165 <strong data-start=\"563\" data-end=\"635\">imunitn\u00fd syst\u00e9m, zdravie poko\u017eky, vlasov, nechtov a celkov\u00fa vitalitu<\/strong>.<\/p>\n<\/li>\n<li data-start=\"639\" data-end=\"711\">\n<p data-start=\"641\" data-end=\"711\">Pravideln\u00e1 konzum\u00e1cia sa \u013eahko za\u010dlen\u00ed do vedom\u00e9ho dop\u013a\u0148ania stravy.<\/p>\n<\/li>\n<\/ul>\n<h4 data-start=\"713\" data-end=\"771\"><strong data-start=\"717\" data-end=\"769\">Obsah \u00fa\u010dinn\u00fdch l\u00e1tok v dennej d\u00e1vke (2 kapsuly): <\/strong><strong data-start=\"774\" data-end=\"785\">L-lyz\u00edn<\/strong> \u2013 800 mg, <strong data-start=\"799\" data-end=\"835\">Vitamina C (L-ascorbat de magneziu)<\/strong> \u2013 200 mg, <strong data-start=\"849\" data-end=\"882\">Zinok (bisglycin\u00e1t zino\u010dnat\u00fd)<\/strong> \u2013 20 mg, <strong data-start=\"895\" data-end=\"934\">Sel\u00e9n (selenov\u00e9 kvasnice, 0,2 % Se)<\/strong> \u2013 100 \u03bcg<\/h4>\n<h4 data-start=\"947\" data-end=\"966\"><strong data-start=\"951\" data-end=\"964\">Compozi\u021bie:\u00a0<\/strong>Lyz\u00edn-hydrochlorid, hydroxypropylmetylcelul\u00f3za (obal kapsuly \u2013 veg\u00e1nsky), vitam\u00edn C (magn\u00e9zium-L-askorb\u00e1t), bisglycin\u00e1t zino\u010dnat\u00fd, selenov\u00e9 kvasnice, leuc\u00edn.<\/h4>\n<h4 data-start=\"1128\" data-end=\"1160\"><strong data-start=\"1132\" data-end=\"1158\">Doza recomandat\u0103:\u00a0<\/strong><strong data-start=\"1161\" data-end=\"1180\">2 kapsuly denne<\/strong>, spolu s jedlom.<\/h4>\n<h4 data-start=\"1201\" data-end=\"1223\"><strong data-start=\"1205\" data-end=\"1221\">Depozitare:\u00a0<\/strong>Na suchom, tienistom mieste, pri izbovej teplote. Uchov\u00e1va\u0165 mimo dosahu det\u00ed.<\/h4>\n<h4 data-start=\"1305\" data-end=\"1327\"><strong data-start=\"1309\" data-end=\"1325\">Avertisment: <\/strong>Neprekra\u010dujte odpor\u00fa\u010dan\u00fa denn\u00fa d\u00e1vku. V\u00fd\u017eivov\u00fd doplnok nenahr\u00e1dza pestr\u00fa a vyv\u00e1\u017een\u00fa stravu ani zdrav\u00fd \u017eivotn\u00fd \u0161t\u00fdl. Neu\u017e\u00edvajte, ak ste alergick\u00ed alebo precitliven\u00ed na niektor\u00fa zo zlo\u017eiek.<\/h4>\n<p data-start=\"1529\" data-end=\"1553\"><strong data-start=\"1529\" data-end=\"1551\">Balenie: 60ks<\/strong><\/p>","protected":false},"excerpt":{"rendered":"<p>Lyz\u00edn-C kapsula je v\u00fd\u017eivov\u00fd doplnok s obsahom aminokyseliny L-lyz\u00ednu a vitam\u00ednu C, doplnen\u00fd o zinok a sel\u00e9n. V\u010faka svojej veg\u00e1nskej formul\u00e1cii je vhodn\u00fd aj pri rastlinnej strave. Vitam\u00edn C je d\u00f4le\u017eit\u00fd mikronutrient, ktor\u00fd zohr\u00e1va \u00falohu v mnoh\u00fdch fyziologick\u00fdch procesoch. Kombin\u00e1cia lyz\u00ednu, vitam\u00ednu C, zinku a sel\u00e9nu m\u00f4\u017ee podpori\u0165 imunitn\u00fd syst\u00e9m, zdravie poko\u017eky, vlasov, nechtov a [&hellip;]<\/p>","protected":false},"featured_media":9915,"comment_status":"open","ping_status":"closed","template":"","meta":{"inline_featured_image":false},"product_brand":[112],"product_cat":[69],"product_tag":[],"class_list":{"0":"post-9147","1":"product","2":"type-product","3":"status-publish","4":"has-post-thumbnail","6":"product_brand-nordvital","7":"product_cat-vyzivove-doplnky","9":"first","10":"instock","11":"taxable","12":"shipping-taxable","13":"purchasable","14":"product-type-simple"},"aioseo_notices":[],"_links":{"self":[{"href":"https:\/\/www.biokari.sk\/ro\/wp-json\/wp\/v2\/product\/9147","targetHints":{"allow":["GET"]}}],"collection":[{"href":"https:\/\/www.biokari.sk\/ro\/wp-json\/wp\/v2\/product"}],"about":[{"href":"https:\/\/www.biokari.sk\/ro\/wp-json\/wp\/v2\/types\/product"}],"replies":[{"embeddable":true,"href":"https:\/\/www.biokari.sk\/ro\/wp-json\/wp\/v2\/comments?post=9147"}],"wp:featuredmedia":[{"embeddable":true,"href":"https:\/\/www.biokari.sk\/ro\/wp-json\/wp\/v2\/media\/9915"}],"wp:attachment":[{"href":"https:\/\/www.biokari.sk\/ro\/wp-json\/wp\/v2\/media?parent=9147"}],"wp:term":[{"taxonomy":"product_brand","embeddable":true,"href":"https:\/\/www.biokari.sk\/ro\/wp-json\/wp\/v2\/product_brand?post=9147"},{"taxonomy":"product_cat","embeddable":true,"href":"https:\/\/www.biokari.sk\/ro\/wp-json\/wp\/v2\/product_cat?post=9147"},{"taxonomy":"product_tag","embeddable":true,"href":"https:\/\/www.biokari.sk\/ro\/wp-json\/wp\/v2\/product_tag?post=9147"}],"curies":[{"name":"wp","href":"https:\/\/api.w.org\/{rel}","templated":true}]}}