{"id":9153,"date":"2025-07-01T14:37:33","date_gmt":"2025-07-01T12:37:33","guid":{"rendered":"https:\/\/www.biokari.sk\/produkt\/nordvital-kvercetin-kapsuly-500mg-60ks\/"},"modified":"2026-04-30T19:01:25","modified_gmt":"2026-04-30T17:01:25","slug":"nordvital-kvercetin-kapsuly-500mg-60ks","status":"publish","type":"product","link":"https:\/\/www.biokari.sk\/ro\/produs\/nordvital-kvercetin-kapsuly-500mg-60ks\/","title":{"rendered":"Nordvital Kvercetin kapsuly 500mg 60ks"},"content":{"rendered":"<p data-start=\"160\" data-end=\"203\"><strong data-start=\"160\" data-end=\"201\">Balenie: 60 kaps\u00fal \u2013 v\u00fd\u017eivov\u00fd doplnok<\/strong><\/p>\n<p data-start=\"205\" data-end=\"546\"><strong data-start=\"205\" data-end=\"218\">Kvercet\u00edn<\/strong> je rastlinn\u00fd flavonoid, ktor\u00fd sa \u010dasto vyu\u017e\u00edva pri vedomom dop\u013a\u0148an\u00ed stravy. Tento pr\u00edpravok obsahuje <strong data-start=\"320\" data-end=\"341\">500 mg kvercet\u00ednu<\/strong> z\u00edskan\u00e9ho z p\u00fa\u010dikov <strong data-start=\"362\" data-end=\"382\">Sophora japonica<\/strong>, vo forme praktick\u00fdch veg\u00e1nskych kaps\u00fal.<br data-start=\"423\" data-end=\"426\" \/>Je vhodn\u00fd najm\u00e4 pre \u013eud\u00ed, ktor\u00ed dbaj\u00fa na stravu bohat\u00fa na <strong data-start=\"484\" data-end=\"500\">Antioxidan\u021bi<\/strong> a uprednost\u0148uj\u00fa <strong data-start=\"517\" data-end=\"543\">rastlinn\u00fd \u017eivotn\u00fd \u0161t\u00fdl<\/strong>.<\/p>\n<h4 data-start=\"548\" data-end=\"579\"><strong data-start=\"552\" data-end=\"577\">Zlo\u017eenie (1 kapsula): <\/strong><strong data-start=\"582\" data-end=\"632\">Kvercet\u00edn (extrakt z p\u00fa\u010dikov Sophora japonica)<\/strong> \u2013 500 mg, hydroxypropylmetylcelul\u00f3za (obal kapsuly \u2013 veg\u00e1nsky), ry\u017eov\u00e1 m\u00faka, leuc\u00edn<\/h4>\n<h4 data-start=\"729\" data-end=\"761\"><strong data-start=\"733\" data-end=\"759\">Doza recomandat\u0103:\u00a0<\/strong><strong data-start=\"762\" data-end=\"783\">1\u20132 kapsuly denne<\/strong>, medzi jedlami.<\/h4>\n<h4 data-start=\"803\" data-end=\"825\"><strong data-start=\"807\" data-end=\"823\">Depozitare:\u00a0<\/strong>Na suchom mieste, chr\u00e1nenom pred slne\u010dn\u00fdm \u017eiaren\u00edm, pri izbovej teplote. Uchov\u00e1vajte mimo dosahu det\u00ed.<\/h4>\n<h4 data-start=\"932\" data-end=\"954\"><strong data-start=\"936\" data-end=\"952\">Avertisment: <\/strong>Neprekra\u010dujte odpor\u00fa\u010dan\u00fa denn\u00fa d\u00e1vku. V\u00fd\u017eivov\u00fd doplnok nenahr\u00e1dza pestr\u00fa a vyv\u00e1\u017een\u00fa stravu ani zdrav\u00fd \u017eivotn\u00fd \u0161t\u00fdl. Neu\u017e\u00edvajte, ak ste alergick\u00ed alebo precitliven\u00ed na niektor\u00fa zo zlo\u017eiek.<\/h4>","protected":false},"excerpt":{"rendered":"<p>Balenie: 60 kaps\u00fal \u2013 v\u00fd\u017eivov\u00fd doplnok Kvercet\u00edn je rastlinn\u00fd flavonoid, ktor\u00fd sa \u010dasto vyu\u017e\u00edva pri vedomom dop\u013a\u0148an\u00ed stravy. Tento pr\u00edpravok obsahuje 500 mg kvercet\u00ednu z\u00edskan\u00e9ho z p\u00fa\u010dikov Sophora japonica, vo forme praktick\u00fdch veg\u00e1nskych kaps\u00fal.Je vhodn\u00fd najm\u00e4 pre \u013eud\u00ed, ktor\u00ed dbaj\u00fa na stravu bohat\u00fa na antioxidanty a uprednost\u0148uj\u00fa rastlinn\u00fd \u017eivotn\u00fd \u0161t\u00fdl. Zlo\u017eenie (1 kapsula): Kvercet\u00edn (extrakt [&hellip;]<\/p>","protected":false},"featured_media":9911,"comment_status":"open","ping_status":"closed","template":"","meta":{"inline_featured_image":false},"product_brand":[112],"product_cat":[69],"product_tag":[],"class_list":{"0":"post-9153","1":"product","2":"type-product","3":"status-publish","4":"has-post-thumbnail","6":"product_brand-nordvital","7":"product_cat-vyzivove-doplnky","9":"first","10":"instock","11":"taxable","12":"shipping-taxable","13":"purchasable","14":"product-type-simple"},"aioseo_notices":[],"_links":{"self":[{"href":"https:\/\/www.biokari.sk\/ro\/wp-json\/wp\/v2\/product\/9153","targetHints":{"allow":["GET"]}}],"collection":[{"href":"https:\/\/www.biokari.sk\/ro\/wp-json\/wp\/v2\/product"}],"about":[{"href":"https:\/\/www.biokari.sk\/ro\/wp-json\/wp\/v2\/types\/product"}],"replies":[{"embeddable":true,"href":"https:\/\/www.biokari.sk\/ro\/wp-json\/wp\/v2\/comments?post=9153"}],"wp:featuredmedia":[{"embeddable":true,"href":"https:\/\/www.biokari.sk\/ro\/wp-json\/wp\/v2\/media\/9911"}],"wp:attachment":[{"href":"https:\/\/www.biokari.sk\/ro\/wp-json\/wp\/v2\/media?parent=9153"}],"wp:term":[{"taxonomy":"product_brand","embeddable":true,"href":"https:\/\/www.biokari.sk\/ro\/wp-json\/wp\/v2\/product_brand?post=9153"},{"taxonomy":"product_cat","embeddable":true,"href":"https:\/\/www.biokari.sk\/ro\/wp-json\/wp\/v2\/product_cat?post=9153"},{"taxonomy":"product_tag","embeddable":true,"href":"https:\/\/www.biokari.sk\/ro\/wp-json\/wp\/v2\/product_tag?post=9153"}],"curies":[{"name":"wp","href":"https:\/\/api.w.org\/{rel}","templated":true}]}}