{"id":9155,"date":"2025-07-01T14:37:33","date_gmt":"2025-07-01T12:37:33","guid":{"rendered":"https:\/\/www.biokari.sk\/produkt\/gyorgytea-elixir-doplnok-stravy-500ml\/"},"modified":"2026-04-30T19:01:25","modified_gmt":"2026-04-30T17:01:25","slug":"gyorgytea-elixir-doplnok-stravy-500ml","status":"publish","type":"product","link":"https:\/\/www.biokari.sk\/ro\/produs\/gyorgytea-elixir-doplnok-stravy-500ml\/","title":{"rendered":"Gy\u00f6rgytea Elix\u00edr &#8211; doplnok stravy 500ml"},"content":{"rendered":"<p data-start=\"204\" data-end=\"249\"><strong data-start=\"204\" data-end=\"247\">500 ml \u2013 alkoholov\u00fd extrakt zo 14 byl\u00edn<\/strong><\/p>\n<p data-start=\"251\" data-end=\"457\"><strong data-start=\"251\" data-end=\"271\">Gy\u00f6rgytea Elix\u00edr<\/strong> je tradi\u010dn\u00fd bylinn\u00fd pr\u00edpravok \u2013 alkoholov\u00fd v\u00fdluh zo 14 lie\u010div\u00fdch rastl\u00edn. Jeho zlo\u017eky m\u00f4\u017eu prispie\u0165 k zdrav\u00e9mu fungovaniu \u017eal\u00fadka a \u010driev, podpori\u0165 tr\u00e1venie a povzbudi\u0165 chu\u0165 do jedla.<\/p>\n<h4 data-start=\"459\" data-end=\"478\"><strong data-start=\"463\" data-end=\"476\">Compozi\u021bie:\u00a0<\/strong>manna jase\u0148a (Fraxinus ornus), sladk\u00e9 drievko \u2013 kore\u0148 (Liquiritiae radix), ibi\u0161 lek\u00e1rsky \u2013 kore\u0148 (Althaeae radix), m\u00e4ta pieporn\u00e1 \u2013 list (Menthae piperitae folium), benedikt lek\u00e1rsky \u2013 v\u0148a\u0165 (Cardui benedicti herba), kurkuma dlh\u00e1 \u2013 kore\u0148 (Curcumae longae rhizoma), an\u00edz \u2013 plod (Anisi fructus), fenikel hork\u00fd \u2013 plod (Foeniculi amari fructus), rasca \u2013 plod (Carvi fructus), kurkuma biela \u2013 kore\u0148 (Curcumae zedoariae radix), \u0161korica \u2013 k\u00f4ra (Cinnamomi cortex), klin\u010dek \u2013 kvet (Caryophylli flos), bedrovn\u00edk \u2013 kore\u0148 (Pimpinellae radix), horec \u2013 kore\u0148 (Gentianae radix), etylalkohol, pitn\u00e1 voda.<\/h4>\n<h3 data-start=\"1069\" data-end=\"1154\"><strong data-start=\"1073\" data-end=\"1152\">Obsah \u00fa\u010dinn\u00fdch l\u00e1tok v odpor\u00fa\u010danej dennej d\u00e1vke (3 \u010dajov\u00e9 ly\u017ei\u010dky \u2248 15 ml):<\/strong><\/h3>\n<ul data-start=\"1155\" data-end=\"1494\">\n<li data-start=\"1155\" data-end=\"1180\">\n<p data-start=\"1157\" data-end=\"1180\">manna jase\u0148a: 2,10 ml<\/p>\n<\/li>\n<li data-start=\"1181\" data-end=\"1208\">\n<p data-start=\"1183\" data-end=\"1208\">sladk\u00e9 drievko: 1,79 ml<\/p>\n<\/li>\n<li data-start=\"1209\" data-end=\"1235\">\n<p data-start=\"1211\" data-end=\"1235\">ibi\u0161 lek\u00e1rsky: 1,64 ml<\/p>\n<\/li>\n<li data-start=\"1236\" data-end=\"1262\">\n<p data-start=\"1238\" data-end=\"1262\">m\u00e4ta pieporn\u00e1: 1,33 ml<\/p>\n<\/li>\n<li data-start=\"1263\" data-end=\"1293\">\n<p data-start=\"1265\" data-end=\"1293\">benedikt lek\u00e1rsky: 1,18 ml<\/p>\n<\/li>\n<li data-start=\"1294\" data-end=\"1319\">\n<p data-start=\"1296\" data-end=\"1319\">kurkuma dlh\u00e1: 1,02 ml<\/p>\n<\/li>\n<li data-start=\"1320\" data-end=\"1337\">\n<p data-start=\"1322\" data-end=\"1337\">an\u00edz: 0,87 ml<\/p>\n<\/li>\n<li data-start=\"1338\" data-end=\"1364\">\n<p data-start=\"1340\" data-end=\"1364\">fenikel hork\u00fd: 0,87 ml<\/p>\n<\/li>\n<li data-start=\"1365\" data-end=\"1383\">\n<p data-start=\"1367\" data-end=\"1383\">rasca: 0,87 ml<\/p>\n<\/li>\n<li data-start=\"1384\" data-end=\"1410\">\n<p data-start=\"1386\" data-end=\"1410\">kurkuma biela: 0,87 ml<\/p>\n<\/li>\n<li data-start=\"1411\" data-end=\"1431\">\n<p data-start=\"1413\" data-end=\"1431\">\u0161korica: 0,71 ml<\/p>\n<\/li>\n<li data-start=\"1432\" data-end=\"1452\">\n<p data-start=\"1434\" data-end=\"1452\">klin\u010dek: 0,64 ml<\/p>\n<\/li>\n<li data-start=\"1453\" data-end=\"1475\">\n<p data-start=\"1455\" data-end=\"1475\">bedrovn\u00edk: 0,56 ml<\/p>\n<\/li>\n<li data-start=\"1476\" data-end=\"1494\">\n<p data-start=\"1478\" data-end=\"1494\">horec: 0,56 ml<\/p>\n<\/li>\n<\/ul>\n<p data-start=\"1529\" data-end=\"1553\"><strong data-start=\"1529\" data-end=\"1551\">Utilizare intern\u0103:\u00a0<\/strong><\/p>\n<ul data-start=\"1554\" data-end=\"1941\">\n<li data-start=\"1554\" data-end=\"1633\">\n<p data-start=\"1556\" data-end=\"1633\"><strong data-start=\"1556\" data-end=\"1594\">3\u00d7 denne 1 \u010dajov\u00fa ly\u017ei\u010dku (\u2248 5 ml)<\/strong> zrieden\u00fa vodou alebo ovocnou \u0161\u0165avou.<\/p>\n<\/li>\n<li data-start=\"1634\" data-end=\"1744\">\n<p data-start=\"1636\" data-end=\"1744\">Pre r\u00fdchlej\u0161\u00ed \u00fa\u010dinok sa odpor\u00fa\u010da u\u017e\u00edva\u0165 nerieden\u00e9, napr\u00edklad po \u0165a\u017e\u0161om jedle alebo po\u010das rekonvalescencie.<\/p>\n<\/li>\n<li data-start=\"1745\" data-end=\"1800\">\n<p data-start=\"1747\" data-end=\"1800\"><strong data-start=\"1747\" data-end=\"1771\">30 min\u00fat pred jedlom<\/strong> \u2013 podporuje chu\u0165 do jedla.<\/p>\n<\/li>\n<li data-start=\"1801\" data-end=\"1873\">\n<p data-start=\"1803\" data-end=\"1873\"><strong data-start=\"1803\" data-end=\"1824\">15 min\u00fat po jedle<\/strong> \u2013 p\u00f4sob\u00ed ako choleretikum a zlep\u0161uje tr\u00e1venie.<\/p>\n<\/li>\n<li data-start=\"1874\" data-end=\"1941\">\n<p data-start=\"1876\" data-end=\"1941\">Na podporu zdravia je mo\u017en\u00e9 u\u017e\u00edva\u0165 <strong data-start=\"1911\" data-end=\"1938\">dlhodobo, bez prest\u00e1vky<\/strong>.<\/p>\n<\/li>\n<\/ul>\n<p data-start=\"1943\" data-end=\"2074\"><strong data-start=\"1943\" data-end=\"1966\">Utilizare \u00een exterior: <\/strong>Pri reumatick\u00fdch a svalov\u00fdch bolestiach \u2013 <strong data-start=\"2011\" data-end=\"2038\">potiera\u0165 alebo obklada\u0165<\/strong> postihnut\u00e9 miesto <strong data-start=\"2057\" data-end=\"2071\">2\u20133\u00d7 denne<\/strong>.<\/p>\n<p><strong data-start=\"2085\" data-end=\"2101\">Avertisment:\u00a0 <\/strong>Pr\u00edpravok obsahuje <strong data-start=\"2125\" data-end=\"2140\">etylalkohol<\/strong>, zoh\u013eadnite to pri veden\u00ed vozidla alebo pr\u00e1ci. Nevhodn\u00e9 pre <strong data-start=\"2205\" data-end=\"2232\">tehotn\u00e9 a doj\u010diace \u017eeny<\/strong> a pre osoby <strong data-start=\"2245\" data-end=\"2269\">mlad\u0161ie ako 18 rokov<\/strong>.\u00a0<\/p>\n<h4 data-start=\"2274\" data-end=\"2296\"><strong data-start=\"2278\" data-end=\"2294\">Depozitare:\u00a0<\/strong>Uchov\u00e1vajte na suchom a chladnom mieste, mimo dosahu det\u00ed.<\/h4>\n<p data-start=\"2359\" data-end=\"2378\"><strong data-start=\"2359\" data-end=\"2376\">Objem: 500 ml<\/strong><\/p>\n\n\n<p><\/p>","protected":false},"excerpt":{"rendered":"<p>Gy\u00f6rgytea Elix\u00edr je tradi\u010dn\u00fd bylinn\u00fd pr\u00edpravok \u2013 alkoholov\u00fd v\u00fdluh zo 14 lie\u010div\u00fdch rastl\u00edn. Jeho zlo\u017eky m\u00f4\u017eu prispie\u0165 k zdrav\u00e9mu fungovaniu \u017eal\u00fadka a \u010driev<\/p>","protected":false},"featured_media":9909,"comment_status":"open","ping_status":"closed","template":"","meta":{"inline_featured_image":false},"product_brand":[274],"product_cat":[69],"product_tag":[],"class_list":{"0":"post-9155","1":"product","2":"type-product","3":"status-publish","4":"has-post-thumbnail","6":"product_brand-gyorgytea","7":"product_cat-vyzivove-doplnky","9":"first","10":"instock","11":"taxable","12":"shipping-taxable","13":"purchasable","14":"product-type-simple"},"aioseo_notices":[],"_links":{"self":[{"href":"https:\/\/www.biokari.sk\/ro\/wp-json\/wp\/v2\/product\/9155","targetHints":{"allow":["GET"]}}],"collection":[{"href":"https:\/\/www.biokari.sk\/ro\/wp-json\/wp\/v2\/product"}],"about":[{"href":"https:\/\/www.biokari.sk\/ro\/wp-json\/wp\/v2\/types\/product"}],"replies":[{"embeddable":true,"href":"https:\/\/www.biokari.sk\/ro\/wp-json\/wp\/v2\/comments?post=9155"}],"wp:featuredmedia":[{"embeddable":true,"href":"https:\/\/www.biokari.sk\/ro\/wp-json\/wp\/v2\/media\/9909"}],"wp:attachment":[{"href":"https:\/\/www.biokari.sk\/ro\/wp-json\/wp\/v2\/media?parent=9155"}],"wp:term":[{"taxonomy":"product_brand","embeddable":true,"href":"https:\/\/www.biokari.sk\/ro\/wp-json\/wp\/v2\/product_brand?post=9155"},{"taxonomy":"product_cat","embeddable":true,"href":"https:\/\/www.biokari.sk\/ro\/wp-json\/wp\/v2\/product_cat?post=9155"},{"taxonomy":"product_tag","embeddable":true,"href":"https:\/\/www.biokari.sk\/ro\/wp-json\/wp\/v2\/product_tag?post=9155"}],"curies":[{"name":"wp","href":"https:\/\/api.w.org\/{rel}","templated":true}]}}