{"id":9167,"date":"2025-07-01T14:37:35","date_gmt":"2025-07-01T12:37:35","guid":{"rendered":"https:\/\/www.biokari.sk\/produkt\/nordvital-vitamin-k2d3-kvapky-30ml\/"},"modified":"2026-02-16T18:00:52","modified_gmt":"2026-02-16T17:00:52","slug":"nordvital-vitamin-k2d3-kvapky-30ml","status":"publish","type":"product","link":"https:\/\/www.biokari.sk\/ro\/produs\/nordvital-vitamin-k2d3-kvapky-30ml\/","title":{"rendered":"Nordvital Vitam\u00edn K2+D3 kvapky 30ml"},"content":{"rendered":"<p data-start=\"180\" data-end=\"529\">\u00da\u010dinn\u00fd v\u00fd\u017eivov\u00fd doplnok, ktor\u00fd pon\u00faka kombin\u00e1ciu <strong data-start=\"229\" data-end=\"253\">vitam\u00ednu D3, K1 a K2<\/strong>. \u013dahko d\u00e1vkovate\u013en\u00e1 kvapkov\u00e1 forma v 30 ml balen\u00ed poskytuje esenci\u00e1lny D3 vitam\u00edn na podporu <strong data-start=\"347\" data-end=\"386\">imunitn\u00e9ho syst\u00e9mu a zdrav\u00fdch kost\u00ed<\/strong>, zatia\u013e \u010do K2 vitam\u00edn pom\u00e1ha spr\u00e1vne usmer\u0148ova\u0165 v\u00e1pnik v tele. K1 vitam\u00edn dop\u013a\u0148a formulu pre optim\u00e1lnu podporu <strong data-start=\"498\" data-end=\"526\">kost\u00ed a cievneho syst\u00e9mu<\/strong>.<\/p>\n<h3 data-start=\"531\" data-end=\"592\"><strong data-start=\"535\" data-end=\"590\">Obsah \u00fa\u010dinn\u00fdch l\u00e1tok (v dennej d\u00e1vke \u2013 15 kvapiek):<\/strong><\/h3>\n<ul data-start=\"593\" data-end=\"826\">\n<li data-start=\"593\" data-end=\"662\">\n<p data-start=\"595\" data-end=\"662\"><strong data-start=\"595\" data-end=\"627\">Vitam\u00edn D3 (cholekalciferol)<\/strong> \u2013 100 \u03bcg = 4000 IU (2000 % RVH*)<\/p>\n<\/li>\n<li data-start=\"663\" data-end=\"717\">\n<p data-start=\"665\" data-end=\"717\"><strong data-start=\"665\" data-end=\"693\">Vitam\u00edn K1 (fyllochin\u00f3n)<\/strong> \u2013 455 \u03bcg (607 % RVH*)<\/p>\n<\/li>\n<li data-start=\"718\" data-end=\"826\">\n<p data-start=\"720\" data-end=\"826\"><strong data-start=\"720\" data-end=\"766\">Vitam\u00edn K2 (menachin\u00f3n-7, all-trans forma)<\/strong> \u2013 45 \u03bcg (60 % RVH*)<br data-start=\"786\" data-end=\"789\" \/>*RVH = Referen\u010dn\u00e1 v\u00fd\u017eivov\u00e1 hodnota<\/p>\n<\/li>\n<\/ul>\n<h4 data-start=\"828\" data-end=\"847\"><strong data-start=\"832\" data-end=\"845\">Compozi\u021bie:\u00a0<\/strong>MCT olej (RSPO certifikovan\u00fd kokosov\u00fd a palmov\u00fd olej), menachin\u00f3n-7 (K2 vitam\u00edn), fyllochin\u00f3n (K1 vitam\u00edn), cholekalciferol, antioxidant (pr\u00edrodn\u00e9 zmie\u0161an\u00e9 tokoferoly).<\/h4>\n<h4 data-start=\"1020\" data-end=\"1052\"><strong data-start=\"1024\" data-end=\"1050\">Doza recomandat\u0103:\u00a0<\/strong>Dospel\u00ed: <strong data-start=\"1062\" data-end=\"1082\">15 kvapiek denne<\/strong> \u2013 nakvapka\u0165 priamo do \u00fast alebo primie\u0161a\u0165 do jedla. <strong data-start=\"1137\" data-end=\"1163\">Neprid\u00e1va\u0165 do tekut\u00edn! <\/strong>Najlep\u0161ie u\u017ei\u0165 r\u00e1no pri prvom jedle. Pri nakvapkan\u00ed do \u00fast dbajte, aby pipeta nepri\u0161la do kontaktu s jazykom, ke\u010f\u017ee produkt neobsahuje konzervanty.<\/h4>\n<h4 data-start=\"1317\" data-end=\"1339\"><strong data-start=\"1321\" data-end=\"1337\">Depozitare:\u00a0<\/strong>Na suchom, tienistom mieste pri izbovej teplote. Uchov\u00e1va\u0165 mimo dosahu det\u00ed.<\/h4>\n<h4 data-start=\"1420\" data-end=\"1442\"><strong data-start=\"1424\" data-end=\"1440\">Avertisment: <\/strong>Neprekra\u010dujte odpor\u00fa\u010dan\u00fa denn\u00fa d\u00e1vku. V\u00fd\u017eivov\u00fd doplnok nenahr\u00e1dza pestr\u00fa a vyv\u00e1\u017een\u00fa stravu ani zdrav\u00fd \u017eivotn\u00fd \u0161t\u00fdl. Neu\u017e\u00edvajte, ak ste alergick\u00ed alebo precitliven\u00ed na niektor\u00fa zo zlo\u017eiek.<\/h4>\n<p data-start=\"1644\" data-end=\"1662\"><strong data-start=\"1644\" data-end=\"1660\">Objem: 30 ml<\/strong><\/p>","protected":false},"excerpt":{"rendered":"<p>\u00da\u010dinn\u00fd v\u00fd\u017eivov\u00fd doplnok, ktor\u00fd pon\u00faka kombin\u00e1ciu vitam\u00ednu D3, K1 a K2. \u013dahko d\u00e1vkovate\u013en\u00e1 kvapkov\u00e1 forma v 30 ml balen\u00ed poskytuje esenci\u00e1lny D3 vitam\u00edn na podporu imunitn\u00e9ho syst\u00e9mu a zdrav\u00fdch kost\u00ed, zatia\u013e \u010do K2 vitam\u00edn pom\u00e1ha spr\u00e1vne usmer\u0148ova\u0165 v\u00e1pnik v tele. K1 vitam\u00edn dop\u013a\u0148a formulu pre optim\u00e1lnu podporu kost\u00ed a cievneho syst\u00e9mu. Obsah \u00fa\u010dinn\u00fdch l\u00e1tok (v [&hellip;]<\/p>","protected":false},"featured_media":9897,"comment_status":"open","ping_status":"closed","template":"","meta":{"inline_featured_image":false},"product_brand":[112],"product_cat":[69],"product_tag":[],"class_list":{"0":"post-9167","1":"product","2":"type-product","3":"status-publish","4":"has-post-thumbnail","6":"product_brand-nordvital","7":"product_cat-vyzivove-doplnky","9":"first","10":"instock","11":"taxable","12":"shipping-taxable","13":"purchasable","14":"product-type-simple"},"aioseo_notices":[],"_links":{"self":[{"href":"https:\/\/www.biokari.sk\/ro\/wp-json\/wp\/v2\/product\/9167","targetHints":{"allow":["GET"]}}],"collection":[{"href":"https:\/\/www.biokari.sk\/ro\/wp-json\/wp\/v2\/product"}],"about":[{"href":"https:\/\/www.biokari.sk\/ro\/wp-json\/wp\/v2\/types\/product"}],"replies":[{"embeddable":true,"href":"https:\/\/www.biokari.sk\/ro\/wp-json\/wp\/v2\/comments?post=9167"}],"wp:featuredmedia":[{"embeddable":true,"href":"https:\/\/www.biokari.sk\/ro\/wp-json\/wp\/v2\/media\/9897"}],"wp:attachment":[{"href":"https:\/\/www.biokari.sk\/ro\/wp-json\/wp\/v2\/media?parent=9167"}],"wp:term":[{"taxonomy":"product_brand","embeddable":true,"href":"https:\/\/www.biokari.sk\/ro\/wp-json\/wp\/v2\/product_brand?post=9167"},{"taxonomy":"product_cat","embeddable":true,"href":"https:\/\/www.biokari.sk\/ro\/wp-json\/wp\/v2\/product_cat?post=9167"},{"taxonomy":"product_tag","embeddable":true,"href":"https:\/\/www.biokari.sk\/ro\/wp-json\/wp\/v2\/product_tag?post=9167"}],"curies":[{"name":"wp","href":"https:\/\/api.w.org\/{rel}","templated":true}]}}