{"id":9169,"date":"2025-07-01T14:37:35","date_gmt":"2025-07-01T12:37:35","guid":{"rendered":"https:\/\/www.biokari.sk\/produkt\/nordvital-omega-3-kapsuly-1000mg-60ks\/"},"modified":"2026-04-28T19:01:56","modified_gmt":"2026-04-28T17:01:56","slug":"nordvital-omega-3-kapsuly-1000mg-60ks","status":"publish","type":"product","link":"https:\/\/www.biokari.sk\/ro\/produs\/nordvital-omega-3-kapsuly-1000mg-60ks\/","title":{"rendered":"Nordvital Omega-3 kapsuly 1000mg 60ks"},"content":{"rendered":"<p data-start=\"160\" data-end=\"424\"><strong data-start=\"160\" data-end=\"179\">Omega-3 kapsuly<\/strong> poch\u00e1dzaj\u00fa z oblasti Peru, z vo\u013ene \u017eij\u00facich hlbokomorsk\u00fdch r\u00fdb. Obsahuj\u00fa hodnotn\u00e9 omega-3 mastn\u00e9 kyseliny <strong data-start=\"286\" data-end=\"299\">EPA a DHA<\/strong>, ktor\u00e9 podporuj\u00fa zdravie srdca, mozgu a zraku. Praktick\u00e1 forma kaps\u00fal umo\u017e\u0148uje jednoduch\u00e9 zaradenie do ka\u017edodennej stravy.<\/p>\n<h3 data-start=\"426\" data-end=\"469\"><strong data-start=\"430\" data-end=\"467\">Compozi\u021bie<\/strong> (<strong>1<\/strong><strong data-start=\"430\" data-end=\"467\">\u00a0kapsula \/ 2 kapsuly):<\/strong><\/h3>\n<ul data-start=\"470\" data-end=\"641\">\n<li data-start=\"470\" data-end=\"590\">\n<p data-start=\"472\" data-end=\"590\"><strong data-start=\"472\" data-end=\"496\">Ryb\u00ed olej (TG forma)<\/strong> \u2013 1000 mg \/ 2000 mg<br data-start=\"516\" data-end=\"519\" \/>\u2003\u2003z toho <strong data-start=\"528\" data-end=\"535\">EPA<\/strong>: 360 mg \/ 720 mg<br data-start=\"552\" data-end=\"555\" \/>\u2003\u2003z toho <strong data-start=\"564\" data-end=\"571\">DHA<\/strong>: 240 mg \/ 480 mg<\/p>\n<\/li>\n<li data-start=\"591\" data-end=\"641\">\n<p data-start=\"593\" data-end=\"641\">Obal kapsuly: \u017eelat\u00edna, glycerol, \u010disten\u00e1 voda<\/p>\n<\/li>\n<\/ul>\n<h4 data-start=\"643\" data-end=\"674\"><strong data-start=\"647\" data-end=\"672\">Doza recomandat\u0103:\u00a0<\/strong>1\u20132 kapsuly denne<\/h4>\n<h4 data-start=\"700\" data-end=\"721\"><strong data-start=\"704\" data-end=\"719\">Depozitare:\u00a0<\/strong>Na suchom, tienistom mieste pri izbovej teplote. Uchov\u00e1vajte mimo dosahu det\u00ed.<\/h4>\n<h4 data-start=\"804\" data-end=\"825\"><strong data-start=\"808\" data-end=\"823\">Avertisment:\u00a0<\/strong>Neprekra\u010dujte odpor\u00fa\u010dan\u00fa denn\u00fa d\u00e1vku. V\u00fd\u017eivov\u00fd doplnok nenahr\u00e1dza pestr\u00fa a vyv\u00e1\u017een\u00fa stravu ani zdrav\u00fd \u017eivotn\u00fd \u0161t\u00fdl.<\/h4>\n<p><strong>Mno\u017estvo<\/strong>: 60ks<\/p>","protected":false},"excerpt":{"rendered":"<p>Omega-3 kapsuly poch\u00e1dzaj\u00fa z oblasti Peru, z vo\u013ene \u017eij\u00facich hlbokomorsk\u00fdch r\u00fdb. Obsahuj\u00fa hodnotn\u00e9 omega-3 mastn\u00e9 kyseliny EPA a DHA, ktor\u00e9 podporuj\u00fa zdravie srdca, mozgu a zraku. Praktick\u00e1 forma kaps\u00fal umo\u017e\u0148uje jednoduch\u00e9 zaradenie do ka\u017edodennej stravy. Zlo\u017eenie (1\u00a0kapsula \/ 2 kapsuly): Ryb\u00ed olej (TG forma) \u2013 1000 mg \/ 2000 mg\u2003\u2003z toho EPA: 360 mg \/ [&hellip;]<\/p>","protected":false},"featured_media":9893,"comment_status":"open","ping_status":"closed","template":"","meta":{"inline_featured_image":false},"product_brand":[112],"product_cat":[69],"product_tag":[],"class_list":{"0":"post-9169","1":"product","2":"type-product","3":"status-publish","4":"has-post-thumbnail","6":"product_brand-nordvital","7":"product_cat-vyzivove-doplnky","9":"first","10":"instock","11":"taxable","12":"shipping-taxable","13":"purchasable","14":"product-type-simple"},"aioseo_notices":[],"_links":{"self":[{"href":"https:\/\/www.biokari.sk\/ro\/wp-json\/wp\/v2\/product\/9169","targetHints":{"allow":["GET"]}}],"collection":[{"href":"https:\/\/www.biokari.sk\/ro\/wp-json\/wp\/v2\/product"}],"about":[{"href":"https:\/\/www.biokari.sk\/ro\/wp-json\/wp\/v2\/types\/product"}],"replies":[{"embeddable":true,"href":"https:\/\/www.biokari.sk\/ro\/wp-json\/wp\/v2\/comments?post=9169"}],"wp:featuredmedia":[{"embeddable":true,"href":"https:\/\/www.biokari.sk\/ro\/wp-json\/wp\/v2\/media\/9893"}],"wp:attachment":[{"href":"https:\/\/www.biokari.sk\/ro\/wp-json\/wp\/v2\/media?parent=9169"}],"wp:term":[{"taxonomy":"product_brand","embeddable":true,"href":"https:\/\/www.biokari.sk\/ro\/wp-json\/wp\/v2\/product_brand?post=9169"},{"taxonomy":"product_cat","embeddable":true,"href":"https:\/\/www.biokari.sk\/ro\/wp-json\/wp\/v2\/product_cat?post=9169"},{"taxonomy":"product_tag","embeddable":true,"href":"https:\/\/www.biokari.sk\/ro\/wp-json\/wp\/v2\/product_tag?post=9169"}],"curies":[{"name":"wp","href":"https:\/\/api.w.org\/{rel}","templated":true}]}}