{"id":9175,"date":"2025-07-01T14:37:36","date_gmt":"2025-07-01T12:37:36","guid":{"rendered":"https:\/\/www.biokari.sk\/produkt\/nordvital-biotin-60ks\/"},"modified":"2026-03-29T19:01:00","modified_gmt":"2026-03-29T17:01:00","slug":"nordvital-biotin-60ks","status":"publish","type":"product","link":"https:\/\/www.biokari.sk\/ro\/produs\/nordvital-biotin-60ks\/","title":{"rendered":"Nordvital Biot\u00edn 60ks"},"content":{"rendered":"<p data-start=\"32\" data-end=\"285\"><strong data-start=\"32\" data-end=\"73\">Nordvital Biot\u00edn (vitam\u00edn B7) kapsuly<\/strong> s\u00fa v\u00fd\u017eivov\u00fd doplnok s vysok\u00fdm obsahom biot\u00ednu, ktor\u00fd je v\u010faka praktickej forme kapsuly \u013eahko zaradite\u013en\u00fd do dennej rutiny. Biot\u00edn je vo vode rozpustn\u00fd vitam\u00edn, \u010dasto vyu\u017e\u00edvan\u00fd ako s\u00fa\u010das\u0165 vedomej suplement\u00e1cie.<\/p>\n<p data-start=\"287\" data-end=\"417\"><strong data-start=\"287\" data-end=\"300\">Compozi\u021bie:<\/strong> ry\u017eov\u00e1 m\u00faka, hydroxypropylmetylcelul\u00f3za (veg\u00e1nska kapsula), protihrudkuj\u00faca l\u00e1tka: aminokyselina leuc\u00edn, D-biot\u00edn.<\/p>\n<p data-start=\"419\" data-end=\"464\"><strong data-start=\"419\" data-end=\"445\">Doza recomandat\u0103:<\/strong> 1 capsul\u0103 pe zi.<\/p>\n<p data-start=\"466\" data-end=\"823\"><strong data-start=\"466\" data-end=\"482\">Avertisment:<\/strong> Uchov\u00e1vajte na suchom mieste, chr\u00e1nenom pred slne\u010dn\u00fdm \u017eiaren\u00edm, pri izbovej teplote. Uchov\u00e1vajte mimo dosahu det\u00ed.<br data-start=\"597\" data-end=\"600\" \/>V\u00fd\u017eivov\u00fd doplnok sa nesmie pou\u017e\u00edva\u0165 ako n\u00e1hrada pestrej a vyv\u00e1\u017eenej stravy a zdrav\u00e9ho \u017eivotn\u00e9ho \u0161t\u00fdlu. Neprekra\u010dujte odpor\u00fa\u010dan\u00fa denn\u00fa d\u00e1vku! Neu\u017e\u00edvajte, ak ste precitliven\u00ed alebo alergick\u00ed na ktor\u00fako\u013evek zlo\u017eku pr\u00edpravku.<\/p>\n<p data-start=\"466\" data-end=\"823\"><strong>Balenie:<\/strong> 60pcs<\/p>","protected":false},"excerpt":{"rendered":"<p>Nordvital Biot\u00edn (vitam\u00edn B7) kapsuly s\u00fa v\u00fd\u017eivov\u00fd doplnok s vysok\u00fdm obsahom biot\u00ednu, ktor\u00fd je v\u010faka praktickej forme kapsuly \u013eahko zaradite\u013en\u00fd do dennej rutiny. Biot\u00edn je vo vode rozpustn\u00fd vitam\u00edn, \u010dasto vyu\u017e\u00edvan\u00fd ako s\u00fa\u010das\u0165 vedomej suplement\u00e1cie. Zlo\u017eenie: ry\u017eov\u00e1 m\u00faka, hydroxypropylmetylcelul\u00f3za (veg\u00e1nska kapsula), protihrudkuj\u00faca l\u00e1tka: aminokyselina leuc\u00edn, D-biot\u00edn. Odpor\u00fa\u010dan\u00e9 d\u00e1vkovanie: 1 kapsula denne. Upozornenie: Uchov\u00e1vajte na suchom [&hellip;]<\/p>","protected":false},"featured_media":9856,"comment_status":"open","ping_status":"closed","template":"","meta":{"inline_featured_image":false},"product_brand":[112],"product_cat":[69,145],"product_tag":[],"class_list":{"0":"post-9175","1":"product","2":"type-product","3":"status-publish","4":"has-post-thumbnail","6":"product_brand-nordvital","7":"product_cat-vyzivove-doplnky","8":"product_cat-krasa","10":"first","11":"instock","12":"taxable","13":"shipping-taxable","14":"purchasable","15":"product-type-simple"},"aioseo_notices":[],"_links":{"self":[{"href":"https:\/\/www.biokari.sk\/ro\/wp-json\/wp\/v2\/product\/9175","targetHints":{"allow":["GET"]}}],"collection":[{"href":"https:\/\/www.biokari.sk\/ro\/wp-json\/wp\/v2\/product"}],"about":[{"href":"https:\/\/www.biokari.sk\/ro\/wp-json\/wp\/v2\/types\/product"}],"replies":[{"embeddable":true,"href":"https:\/\/www.biokari.sk\/ro\/wp-json\/wp\/v2\/comments?post=9175"}],"wp:featuredmedia":[{"embeddable":true,"href":"https:\/\/www.biokari.sk\/ro\/wp-json\/wp\/v2\/media\/9856"}],"wp:attachment":[{"href":"https:\/\/www.biokari.sk\/ro\/wp-json\/wp\/v2\/media?parent=9175"}],"wp:term":[{"taxonomy":"product_brand","embeddable":true,"href":"https:\/\/www.biokari.sk\/ro\/wp-json\/wp\/v2\/product_brand?post=9175"},{"taxonomy":"product_cat","embeddable":true,"href":"https:\/\/www.biokari.sk\/ro\/wp-json\/wp\/v2\/product_cat?post=9175"},{"taxonomy":"product_tag","embeddable":true,"href":"https:\/\/www.biokari.sk\/ro\/wp-json\/wp\/v2\/product_tag?post=9175"}],"curies":[{"name":"wp","href":"https:\/\/api.w.org\/{rel}","templated":true}]}}