{"id":9179,"date":"2025-07-01T14:37:37","date_gmt":"2025-07-01T12:37:37","guid":{"rendered":"https:\/\/www.biokari.sk\/produkt\/natur-vanilkova-pasta-50g\/"},"modified":"2026-01-27T08:41:54","modified_gmt":"2026-01-27T07:41:54","slug":"natur-vanilkova-pasta-50g","status":"publish","type":"product","link":"https:\/\/www.biokari.sk\/ro\/produs\/natur-vanilkova-pasta-50g\/","title":{"rendered":"Natur Vanilkov\u00e1 pasta 50g"},"content":{"rendered":"<p data-start=\"32\" data-end=\"175\"><strong data-start=\"32\" data-end=\"45\">Compozi\u021bie:<\/strong> ag\u00e1vov\u00fd sirup, voda, pr\u00edrodn\u00e1 ar\u00f3ma vanilky \/ vanilkov\u00fd extrakt, vanilkov\u00fd maslov\u00fd kr\u00e9m, inul\u00edn, zahus\u0165ovadlo: tragantov\u00e1 guma.<\/p>\n<p data-start=\"177\" data-end=\"215\"><strong data-start=\"177\" data-end=\"213\">V\u00fd\u017eivov\u00e9 \u00fadaje na 100 g v\u00fdrobku:<br \/>\n<\/strong>Energia: 1158 kJ \/ 277 kcal,<br \/>\nTuky: 0,3 g z toho nas\u00fdten\u00e9 mastn\u00e9 kyseliny: 0,00 g<br \/>\nSacharidy: 67,50 g\u00a0\u00a0 \u00a0z toho cukry: 66,60 g,<br \/>\nBielkoviny: 0,10 g, So\u013e: 0,09 g,<\/p>\n<p data-start=\"429\" data-end=\"452\"><strong data-start=\"429\" data-end=\"445\">Typ balenia:<\/strong> tuba<\/p>\n<p data-start=\"454\" data-end=\"513\"><strong data-start=\"454\" data-end=\"470\">Depozitare:<\/strong> Uchov\u00e1vajte na suchom a chladnom mieste!<\/p>\n<p data-start=\"515\" data-end=\"535\"><strong data-start=\"515\" data-end=\"528\">Greutate:<\/strong> 50 g<\/p>","protected":false},"excerpt":{"rendered":"<p>Zlo\u017eenie: ag\u00e1vov\u00fd sirup, voda, pr\u00edrodn\u00e1 ar\u00f3ma vanilky \/ vanilkov\u00fd extrakt, vanilkov\u00fd maslov\u00fd kr\u00e9m, inul\u00edn, zahus\u0165ovadlo: tragantov\u00e1 guma. V\u00fd\u017eivov\u00e9 \u00fadaje na 100 g v\u00fdrobku: Energia: 1158 kJ \/ 277 kcal, Tuky: 0,3 g z toho nas\u00fdten\u00e9 mastn\u00e9 kyseliny: 0,00 g Sacharidy: 67,50 g\u00a0\u00a0 \u00a0z toho cukry: 66,60 g, Bielkoviny: 0,10 g, So\u013e: 0,09 g, Typ balenia: [&hellip;]<\/p>","protected":false},"featured_media":9851,"comment_status":"open","ping_status":"closed","template":"","meta":{"inline_featured_image":false},"product_brand":[],"product_cat":[71],"product_tag":[],"class_list":{"0":"post-9179","1":"product","2":"type-product","3":"status-publish","4":"has-post-thumbnail","6":"product_cat-potraviny","8":"first","9":"onbackorder","10":"taxable","11":"shipping-taxable","12":"purchasable","13":"product-type-simple"},"aioseo_notices":[],"_links":{"self":[{"href":"https:\/\/www.biokari.sk\/ro\/wp-json\/wp\/v2\/product\/9179","targetHints":{"allow":["GET"]}}],"collection":[{"href":"https:\/\/www.biokari.sk\/ro\/wp-json\/wp\/v2\/product"}],"about":[{"href":"https:\/\/www.biokari.sk\/ro\/wp-json\/wp\/v2\/types\/product"}],"replies":[{"embeddable":true,"href":"https:\/\/www.biokari.sk\/ro\/wp-json\/wp\/v2\/comments?post=9179"}],"wp:featuredmedia":[{"embeddable":true,"href":"https:\/\/www.biokari.sk\/ro\/wp-json\/wp\/v2\/media\/9851"}],"wp:attachment":[{"href":"https:\/\/www.biokari.sk\/ro\/wp-json\/wp\/v2\/media?parent=9179"}],"wp:term":[{"taxonomy":"product_brand","embeddable":true,"href":"https:\/\/www.biokari.sk\/ro\/wp-json\/wp\/v2\/product_brand?post=9179"},{"taxonomy":"product_cat","embeddable":true,"href":"https:\/\/www.biokari.sk\/ro\/wp-json\/wp\/v2\/product_cat?post=9179"},{"taxonomy":"product_tag","embeddable":true,"href":"https:\/\/www.biokari.sk\/ro\/wp-json\/wp\/v2\/product_tag?post=9179"}],"curies":[{"name":"wp","href":"https:\/\/api.w.org\/{rel}","templated":true}]}}