{"id":9203,"date":"2025-07-01T14:37:42","date_gmt":"2025-07-01T12:37:42","guid":{"rendered":"https:\/\/www.biokari.sk\/produkt\/nordvital-boswella-kurkuma-komplex-kapsuly-60ks\/"},"modified":"2026-04-29T19:03:15","modified_gmt":"2026-04-29T17:03:15","slug":"nordvital-boswella-kurkuma-komplex-kapsuly-60ks","status":"publish","type":"product","link":"https:\/\/www.biokari.sk\/ro\/produs\/nordvital-boswella-turmeric-complex-capsule-60pcs\/","title":{"rendered":"Nordvital Boswella-corn complex capsule 60pcs"},"content":{"rendered":"<p data-start=\"44\" data-end=\"341\">Formula noastr\u0103 special formulat\u0103 con\u021bine plante precum Boswellin\u00ae, piper negru \u0219i ghimbir. \u00cen utilizarea tradi\u021bional\u0103, aceste extracte de plante au fost adesea asociate cu perioade de exerci\u021bii fizice crescute \u0219i cu un stil de via\u021b\u0103 echilibrat. Ingredientele atent selectate se integreaz\u0103 bine \u00een suplimentarea nutri\u021bional\u0103 zilnic\u0103.<\/p>\n<p data-start=\"343\" data-end=\"374\"><strong data-start=\"343\" data-end=\"372\">Ingrediente active \u00een 1 capsul\u0103:<br \/>\n<\/strong>Extract de t\u0103m\u00e2ie (Boswellia serrata) (extract 20:1, echivalent cu 4000 mg de t\u0103m\u00e2ie) - 200 mg<br \/>\nPudr\u0103 de ghimbir - 100 mg<br \/>\nExtract de turmeric (Curcuma longa) (extract 25:1, echivalent cu 1750 mg de turmeric) - 70 mg<br \/>\nExtract de ciuperc\u0103 Shiitake (Lentinula edodes) (extract 15:1, echivalent cu 750 mg de ciuperc\u0103) - 50 mg<br \/>\nExtract din ciuperca Reishi (Ganoderma lucidum) (extract 15:1, echivalent cu 750 mg de ciuperc\u0103) - 50 mg<br \/>\nBioPerine\u00ae (extract de piper negru [Piper nigrum], 95 % piperin\u0103) - 2 mg<\/p>\n<p data-start=\"864\" data-end=\"1133\"><strong data-start=\"864\" data-end=\"877\">Compozi\u021bie:<\/strong> Extract de t\u0103m\u00e2ie, pulbere de r\u0103d\u0103cin\u0103 de ghimbir, hidroxipropilmetilceluloz\u0103 (capsule vegane), extract de r\u0103d\u0103cin\u0103 de turmeric, extract de ciuperc\u0103 Shiitake, extract de ciuperc\u0103 Reishi, antiaglomerant: leucin\u0103, BioPerine\u00ae (extract de boabe de piper negru).<\/p>\n<p data-start=\"1135\" data-end=\"1185\"><strong data-start=\"1135\" data-end=\"1150\">Dozaj:<\/strong> 1 capsul\u0103 pe zi, la mese.<\/p>\n<p data-start=\"1187\" data-end=\"1308\"><strong data-start=\"1187\" data-end=\"1203\">Depozitare:<\/strong> A se p\u0103stra \u00eentr-un loc uscat, ferit de lumina soarelui, la temperatura camerei, la \u00eendem\u00e2na copiilor.<\/p>\n<p data-start=\"1310\" data-end=\"1471\"><strong data-start=\"1310\" data-end=\"1326\">Avertisment:<\/strong> A nu se l\u0103sa la \u00eendem\u00e2na copiilor! Nu dep\u0103\u0219i\u021bi doza zilnic\u0103 recomandat\u0103! Un supliment alimentar nu \u00eenlocuie\u0219te o diet\u0103 echilibrat\u0103, variat\u0103 \u0219i un stil de via\u021b\u0103 s\u0103n\u0103tos.<\/p>\n<p data-start=\"1310\" data-end=\"1471\"><strong>Cantitate:<\/strong> 60pcs<br \/>\nP\u0103stra\u021bi \u00eentr-un loc r\u0103coros.<\/p>","protected":false},"excerpt":{"rendered":"<p>Na\u0161a \u0161peci\u00e1lne zostaven\u00e1 formula obsahuje rastliny ako Boswellin\u00ae, \u010dierne korenie a z\u00e1zvor. Tieto rastlinn\u00e9 extrakty sa v tradi\u010dnom pou\u017e\u00edvan\u00ed \u010dasto sp\u00e1jali s obdob\u00edm zv\u00fd\u0161en\u00e9ho pohybu a vyv\u00e1\u017een\u00fdm \u017eivotn\u00fdm \u0161t\u00fdlom. Starostlivo vybran\u00e9 zlo\u017eky sa dobre za\u010dle\u0148uj\u00fa do ka\u017edodenn\u00e9ho dop\u013a\u0148ania v\u00fd\u017eivy. \u00da\u010dinn\u00e9 l\u00e1tky v 1 kapsule: Extrakt z kadidlovn\u00edka (Boswellia serrata) (20:1 extrakt, zodpoved\u00e1 4000 mg kadidlovn\u00edka) [&hellip;]<\/p>","protected":false},"featured_media":9641,"comment_status":"open","ping_status":"closed","template":"","meta":{"inline_featured_image":false},"product_brand":[112],"product_cat":[69,146],"product_tag":[],"class_list":{"0":"post-9203","1":"product","2":"type-product","3":"status-publish","4":"has-post-thumbnail","6":"product_brand-nordvital","7":"product_cat-vyzivove-doplnky","8":"product_cat-klby-a-reuma","10":"first","11":"instock","12":"taxable","13":"shipping-taxable","14":"purchasable","15":"product-type-simple"},"aioseo_notices":[],"_links":{"self":[{"href":"https:\/\/www.biokari.sk\/ro\/wp-json\/wp\/v2\/product\/9203","targetHints":{"allow":["GET"]}}],"collection":[{"href":"https:\/\/www.biokari.sk\/ro\/wp-json\/wp\/v2\/product"}],"about":[{"href":"https:\/\/www.biokari.sk\/ro\/wp-json\/wp\/v2\/types\/product"}],"replies":[{"embeddable":true,"href":"https:\/\/www.biokari.sk\/ro\/wp-json\/wp\/v2\/comments?post=9203"}],"wp:featuredmedia":[{"embeddable":true,"href":"https:\/\/www.biokari.sk\/ro\/wp-json\/wp\/v2\/media\/9641"}],"wp:attachment":[{"href":"https:\/\/www.biokari.sk\/ro\/wp-json\/wp\/v2\/media?parent=9203"}],"wp:term":[{"taxonomy":"product_brand","embeddable":true,"href":"https:\/\/www.biokari.sk\/ro\/wp-json\/wp\/v2\/product_brand?post=9203"},{"taxonomy":"product_cat","embeddable":true,"href":"https:\/\/www.biokari.sk\/ro\/wp-json\/wp\/v2\/product_cat?post=9203"},{"taxonomy":"product_tag","embeddable":true,"href":"https:\/\/www.biokari.sk\/ro\/wp-json\/wp\/v2\/product_tag?post=9203"}],"curies":[{"name":"wp","href":"https:\/\/api.w.org\/{rel}","templated":true}]}}