{"id":9224,"date":"2025-07-01T14:37:45","date_gmt":"2025-07-01T12:37:45","guid":{"rendered":"https:\/\/www.biokari.sk\/produkt\/nordvital-b-komplex-kapsuly-60ks\/"},"modified":"2026-04-26T19:01:53","modified_gmt":"2026-04-26T17:01:53","slug":"nordvital-b-komplex-kapsuly-60ks","status":"publish","type":"product","link":"https:\/\/www.biokari.sk\/ro\/produs\/nordvital-b-komplex-kapsuly-60ks\/","title":{"rendered":"Nordvital B-complex capsule 60pcs"},"content":{"rendered":"<p data-start=\"195\" data-end=\"538\"><strong data-start=\"195\" data-end=\"224\">Nordvital B-komplex Veg\u00e1n<\/strong> obsahuje v\u0161etky d\u00f4le\u017eit\u00e9 vitam\u00edny skupiny B \u2013 vr\u00e1tane vitam\u00ednov B1, B2, B3, B5, B6, B7, B9 a B12.<br data-start=\"322\" data-end=\"325\" \/>Je vytvoren\u00fd \u0161peci\u00e1lne pre osoby s rastlinnou stravou, v \u013eahko d\u00e1vkovate\u013enej forme.<br data-start=\"408\" data-end=\"411\" \/>Vitam\u00edny skupiny B s\u00fa \u010dastou s\u00fa\u010das\u0165ou vedom\u00e9ho dop\u013a\u0148ania v\u00fd\u017eivy a tento pr\u00edpravok sa jednoducho zarad\u00ed do ka\u017edodennej rutiny.<\/p>\n<p data-start=\"540\" data-end=\"572\"><strong data-start=\"540\" data-end=\"570\">Akt\u00edvne l\u00e1tky v 1 kapsule:<\/strong><\/p>\n<ul data-start=\"573\" data-end=\"1165\">\n<li data-start=\"573\" data-end=\"631\">\n<p data-start=\"575\" data-end=\"631\">Vitam\u00edn B1 (tiam\u00edn-hydrochlorid) \u2013 20 mg (1818 % RVH*)<\/p>\n<\/li>\n<li data-start=\"632\" data-end=\"696\">\n<p data-start=\"634\" data-end=\"696\">Vitam\u00edn B2 (riboflav\u00edn-5-n\u00e1triumfosf\u00e1t) \u2013 20 mg (1429 % RVH)<\/p>\n<\/li>\n<li data-start=\"697\" data-end=\"744\">\n<p data-start=\"699\" data-end=\"744\">Vitam\u00edn B3 (nikot\u00ednamid) \u2013 15 mg (94 % RVH)<\/p>\n<\/li>\n<li data-start=\"745\" data-end=\"803\">\n<p data-start=\"747\" data-end=\"803\">Vitam\u00edn B5 (D-v\u00e1pnik-pantoten\u00e1t) \u2013 100 mg (1667 % RVH)<\/p>\n<\/li>\n<li data-start=\"804\" data-end=\"860\">\n<p data-start=\"806\" data-end=\"860\">Vitam\u00edn B6 (pyridoxal-5-fosf\u00e1t) \u2013 25 mg (1786 % RVH)<\/p>\n<\/li>\n<li data-start=\"861\" data-end=\"908\">\n<p data-start=\"863\" data-end=\"908\">Vitam\u00edn B7 (D-biot\u00edn) \u2013 500 \u03bcg (1000 % RVH)<\/p>\n<\/li>\n<li data-start=\"909\" data-end=\"968\">\n<p data-start=\"911\" data-end=\"968\">Vitam\u00edn B9 (kalcium-L-metyl-fol\u00e1t) \u2013 400 \u03bcg (200 % RVH)<\/p>\n<\/li>\n<li data-start=\"969\" data-end=\"1022\">\n<p data-start=\"971\" data-end=\"1022\">Vitam\u00edn B12 (metylkobalam\u00edn) \u2013 50 \u03bcg (2000 % RVH)<\/p>\n<\/li>\n<li data-start=\"1023\" data-end=\"1079\">\n<p data-start=\"1025\" data-end=\"1079\">Vitam\u00edn B12 (adenozylkobalam\u00edn) \u2013 50 \u03bcg (2000 % RVH)<\/p>\n<\/li>\n<li data-start=\"1080\" data-end=\"1165\">\n<p data-start=\"1082\" data-end=\"1165\">Chol\u00edn (z chol\u00edn-bitartar\u00e1tu, organick\u00e1 forma) \u2013 30 mg (<strong data-start=\"1138\" data-end=\"1162\">RVH nie je stanoven\u00e9<\/strong>)<\/p>\n<\/li>\n<\/ul>\n<p data-start=\"1167\" data-end=\"1218\">*RVH = referen\u010dn\u00e1 v\u00fd\u017eivov\u00e1 hodnota pre dospel\u00fdch<\/p>\n<p data-start=\"1220\" data-end=\"1572\"><strong data-start=\"1220\" data-end=\"1233\">Compozi\u021bie: <\/strong>ry\u017eov\u00e1 m\u00faka, D-v\u00e1pnik-pantoten\u00e1t, kapsulov\u00e1 \u0161krupina (hydroxypropylmetylcelul\u00f3za), plnidlo (mikrokry\u0161talick\u00e1 celul\u00f3za), chol\u00edn-bitartar\u00e1t, pyridoxal-5-fosf\u00e1t, riboflav\u00edn-5-n\u00e1triumfosf\u00e1t, tiam\u00edn-hydrochlorid, protihrudkuj\u00faca l\u00e1tka (aminokyselina leuc\u00edn), nikot\u00ednamid, kalcium-L-metyl-fol\u00e1t, D-biot\u00edn, metylkobalam\u00edn, adenozylkobalam\u00edn.<\/p>\n<p data-start=\"1574\" data-end=\"1631\"><strong data-start=\"1574\" data-end=\"1600\">Doza recomandat\u0103: <\/strong>1 kapsula denne, po jedle.<\/p>\n<p data-start=\"1633\" data-end=\"1773\"><strong data-start=\"1633\" data-end=\"1649\">Depozitare: <\/strong>Skladujte na suchom mieste, chr\u00e1nen\u00e9 pred priamym slne\u010dn\u00fdm \u017eiaren\u00edm, pri izbovej teplote. Uchov\u00e1vajte mimo dosahu det\u00ed.<\/p>\n<p data-start=\"1775\" data-end=\"1793\"><strong data-start=\"1775\" data-end=\"1791\">Avertisment:\u00a0<\/strong>Uchov\u00e1vajte mimo dosahu det\u00ed! Odpor\u00fa\u010dan\u00e1 denn\u00e1 d\u00e1vka sa nesmie prekro\u010di\u0165. V\u00fd\u017eivov\u00fd doplnok sa nesmie pou\u017e\u00edva\u0165 ako n\u00e1hrada pestrej a vyv\u00e1\u017eenej stravy a zdrav\u00e9ho \u017eivotn\u00e9ho \u0161t\u00fdlu. Nepou\u017e\u00edvajte, ak ste citliv\u00ed alebo alergick\u00ed na ktor\u00fako\u013evek zo zlo\u017eiek pr\u00edpravku.<\/p>\n<p data-start=\"2070\" data-end=\"2094\"><strong data-start=\"2070\" data-end=\"2082\">Balenie:<\/strong> 60 ks<\/p>","protected":false},"excerpt":{"rendered":"<p>Nordvital B-komplex Veg\u00e1n obsahuje v\u0161etky d\u00f4le\u017eit\u00e9 vitam\u00edny skupiny B \u2013 vr\u00e1tane vitam\u00ednov B1, B2, B3, B5, B6, B7, B9 a B12.Je vytvoren\u00fd \u0161peci\u00e1lne pre osoby s rastlinnou stravou, v \u013eahko d\u00e1vkovate\u013enej forme.Vitam\u00edny skupiny B s\u00fa \u010dastou s\u00fa\u010das\u0165ou vedom\u00e9ho dop\u013a\u0148ania v\u00fd\u017eivy a tento pr\u00edpravok sa jednoducho zarad\u00ed do ka\u017edodennej rutiny. Akt\u00edvne l\u00e1tky v 1 kapsule: Vitam\u00edn [&hellip;]<\/p>","protected":false},"featured_media":9814,"comment_status":"open","ping_status":"closed","template":"","meta":{"inline_featured_image":false},"product_brand":[112],"product_cat":[69,140,142],"product_tag":[],"class_list":{"0":"post-9224","1":"product","2":"type-product","3":"status-publish","4":"has-post-thumbnail","6":"product_brand-nordvital","7":"product_cat-vyzivove-doplnky","8":"product_cat-posilnenie-imunity","9":"product_cat-srdcovo-cievny-system","11":"first","12":"instock","13":"taxable","14":"shipping-taxable","15":"purchasable","16":"product-type-simple"},"aioseo_notices":[],"_links":{"self":[{"href":"https:\/\/www.biokari.sk\/ro\/wp-json\/wp\/v2\/product\/9224","targetHints":{"allow":["GET"]}}],"collection":[{"href":"https:\/\/www.biokari.sk\/ro\/wp-json\/wp\/v2\/product"}],"about":[{"href":"https:\/\/www.biokari.sk\/ro\/wp-json\/wp\/v2\/types\/product"}],"replies":[{"embeddable":true,"href":"https:\/\/www.biokari.sk\/ro\/wp-json\/wp\/v2\/comments?post=9224"}],"wp:featuredmedia":[{"embeddable":true,"href":"https:\/\/www.biokari.sk\/ro\/wp-json\/wp\/v2\/media\/9814"}],"wp:attachment":[{"href":"https:\/\/www.biokari.sk\/ro\/wp-json\/wp\/v2\/media?parent=9224"}],"wp:term":[{"taxonomy":"product_brand","embeddable":true,"href":"https:\/\/www.biokari.sk\/ro\/wp-json\/wp\/v2\/product_brand?post=9224"},{"taxonomy":"product_cat","embeddable":true,"href":"https:\/\/www.biokari.sk\/ro\/wp-json\/wp\/v2\/product_cat?post=9224"},{"taxonomy":"product_tag","embeddable":true,"href":"https:\/\/www.biokari.sk\/ro\/wp-json\/wp\/v2\/product_tag?post=9224"}],"curies":[{"name":"wp","href":"https:\/\/api.w.org\/{rel}","templated":true}]}}