{"id":9228,"date":"2025-07-01T14:37:46","date_gmt":"2025-07-01T12:37:46","guid":{"rendered":"https:\/\/www.biokari.sk\/produkt\/nordvital-d3-vitamin-kvapky-4000ne-240davok\/"},"modified":"2026-04-23T19:01:20","modified_gmt":"2026-04-23T17:01:20","slug":"nordvital-d3-vitamin-kvapky-4000ne-240davok","status":"publish","type":"product","link":"https:\/\/www.biokari.sk\/ro\/produs\/nordvital-d3-vitamin-kvapky-4000ne-240davok\/","title":{"rendered":"Nordvital Vitamina D3 pic\u0103turi 4000NE 240doze"},"content":{"rendered":"<p data-start=\"213\" data-end=\"591\"><strong data-start=\"213\" data-end=\"250\">Nordvital D3-vitam\u00edn tekut\u00e1 forma<\/strong> v balen\u00ed 30 ml obsahuje vitam\u00edn D3, ktor\u00fd praktickou formou pom\u00e1ha doplni\u0165 denn\u00fd pr\u00edjem vitam\u00ednov.<br data-start=\"349\" data-end=\"352\" \/>Kvapkadlov\u00e9 d\u00e1vkovanie je pohodln\u00fdm rie\u0161en\u00edm pre t\u00fdch, ktor\u00ed maj\u00fa \u0165a\u017ekosti s u\u017e\u00edvan\u00edm tabliet alebo kaps\u00fal.<br data-start=\"459\" data-end=\"462\" \/>Vitam\u00edn D je pre organizmus d\u00f4le\u017eit\u00fd mikronutrient, na ktor\u00fd je vhodn\u00e9 dba\u0165 najm\u00e4 v obdobiach s nedostatkom slne\u010dn\u00e9ho \u017eiarenia.<\/p>\n<p data-start=\"593\" data-end=\"614\"><strong data-start=\"593\" data-end=\"612\">Akt\u00edvne zlo\u017eky: <\/strong>D3-vitam\u00edn (cholekalciferol) \u2013 100 \u03bcg = 4000 IU (2000 % RVH*)<br \/>\n*RVH = referen\u010dn\u00e1 v\u00fd\u017eivov\u00e1 hodnota<\/p>\n<p data-start=\"721\" data-end=\"861\"><strong data-start=\"721\" data-end=\"734\">Compozi\u021bie: <\/strong>MCT olej (RSPO certifikovan\u00fd z palmov\u00e9ho a kokosov\u00e9ho oleja), cholekalciferol, antioxidant (pr\u00edrodn\u00e9 zmie\u0161an\u00e9 tokoferoly).<\/p>\n<p data-start=\"863\" data-end=\"891\"><strong data-start=\"863\" data-end=\"889\">Doza recomandat\u0103:<\/strong><\/p>\n<ul data-start=\"892\" data-end=\"1229\">\n<li data-start=\"892\" data-end=\"1022\">\n<p data-start=\"894\" data-end=\"1022\">Dospel\u00ed: 4 kvapky denne priamo do \u00fast alebo pridan\u00e9 k jedlu.<br data-start=\"954\" data-end=\"957\" \/>(Neriedi\u0165 do tekutiny!) Najlep\u0161ie u\u017ei\u0165 r\u00e1no, pri prvom jedle.<\/p>\n<\/li>\n<li data-start=\"1023\" data-end=\"1058\">\n<p data-start=\"1025\" data-end=\"1058\">1 kvapka = 1000 IU vitam\u00ednu D3.<\/p>\n<\/li>\n<li data-start=\"1059\" data-end=\"1229\">\n<p data-start=\"1061\" data-end=\"1229\">Deti: odpor\u00fa\u010da sa 1 kvapka na ka\u017ed\u00fdch 20 kg telesnej hmotnosti.<br data-start=\"1124\" data-end=\"1127\" \/>Pri kvapkan\u00ed do \u00fast sa pipeta nesmie dot\u00fdka\u0165 jazyka, ke\u010f\u017ee produkt <strong data-start=\"1194\" data-end=\"1226\">neobsahuje konzerva\u010dn\u00e9 l\u00e1tky<\/strong>.<\/p>\n<\/li>\n<\/ul>\n<p data-start=\"1231\" data-end=\"1371\"><strong data-start=\"1231\" data-end=\"1247\">Depozitare: <\/strong>Skladujte na suchom mieste, chr\u00e1nen\u00e9 pred priamym slne\u010dn\u00fdm \u017eiaren\u00edm, pri izbovej teplote. Uchov\u00e1vajte mimo dosahu det\u00ed.<\/p>\n<p data-start=\"1373\" data-end=\"1391\"><strong data-start=\"1373\" data-end=\"1389\">Avertisment:\u00a0<\/strong>Uchov\u00e1vajte mimo dosahu det\u00ed! Odpor\u00fa\u010dan\u00e1 denn\u00e1 d\u00e1vka sa nesmie prekro\u010di\u0165. V\u00fd\u017eivov\u00fd doplnok sa nesmie pou\u017e\u00edva\u0165 ako n\u00e1hrada pestrej a vyv\u00e1\u017eenej stravy a zdrav\u00e9ho \u017eivotn\u00e9ho \u0161t\u00fdlu. Nepou\u017e\u00edvajte, ak ste citliv\u00ed alebo alergick\u00ed na ktor\u00fako\u013evek zo zlo\u017eiek pr\u00edpravku.<\/p>\n<p data-start=\"1668\" data-end=\"1686\"><strong data-start=\"1668\" data-end=\"1678\">Volum:<\/strong> 30 ml<\/p>","protected":false},"excerpt":{"rendered":"<p>Nordvital D3-vitam\u00edn tekut\u00e1 forma v balen\u00ed 30 ml obsahuje vitam\u00edn D3, ktor\u00fd praktickou formou pom\u00e1ha doplni\u0165 denn\u00fd pr\u00edjem vitam\u00ednov.Kvapkadlov\u00e9 d\u00e1vkovanie je pohodln\u00fdm rie\u0161en\u00edm pre t\u00fdch, ktor\u00ed maj\u00fa \u0165a\u017ekosti s u\u017e\u00edvan\u00edm tabliet alebo kaps\u00fal.Vitam\u00edn D je pre organizmus d\u00f4le\u017eit\u00fd mikronutrient, na ktor\u00fd je vhodn\u00e9 dba\u0165 najm\u00e4 v obdobiach s nedostatkom slne\u010dn\u00e9ho \u017eiarenia. Akt\u00edvne zlo\u017eky: D3-vitam\u00edn (cholekalciferol) [&hellip;]<\/p>","protected":false},"featured_media":9809,"comment_status":"open","ping_status":"closed","template":"","meta":{"inline_featured_image":false},"product_brand":[112],"product_cat":[69,145,140,142],"product_tag":[],"class_list":{"0":"post-9228","1":"product","2":"type-product","3":"status-publish","4":"has-post-thumbnail","6":"product_brand-nordvital","7":"product_cat-vyzivove-doplnky","8":"product_cat-krasa","9":"product_cat-posilnenie-imunity","10":"product_cat-srdcovo-cievny-system","12":"first","13":"instock","14":"taxable","15":"shipping-taxable","16":"purchasable","17":"product-type-simple"},"aioseo_notices":[],"_links":{"self":[{"href":"https:\/\/www.biokari.sk\/ro\/wp-json\/wp\/v2\/product\/9228","targetHints":{"allow":["GET"]}}],"collection":[{"href":"https:\/\/www.biokari.sk\/ro\/wp-json\/wp\/v2\/product"}],"about":[{"href":"https:\/\/www.biokari.sk\/ro\/wp-json\/wp\/v2\/types\/product"}],"replies":[{"embeddable":true,"href":"https:\/\/www.biokari.sk\/ro\/wp-json\/wp\/v2\/comments?post=9228"}],"wp:featuredmedia":[{"embeddable":true,"href":"https:\/\/www.biokari.sk\/ro\/wp-json\/wp\/v2\/media\/9809"}],"wp:attachment":[{"href":"https:\/\/www.biokari.sk\/ro\/wp-json\/wp\/v2\/media?parent=9228"}],"wp:term":[{"taxonomy":"product_brand","embeddable":true,"href":"https:\/\/www.biokari.sk\/ro\/wp-json\/wp\/v2\/product_brand?post=9228"},{"taxonomy":"product_cat","embeddable":true,"href":"https:\/\/www.biokari.sk\/ro\/wp-json\/wp\/v2\/product_cat?post=9228"},{"taxonomy":"product_tag","embeddable":true,"href":"https:\/\/www.biokari.sk\/ro\/wp-json\/wp\/v2\/product_tag?post=9228"}],"curies":[{"name":"wp","href":"https:\/\/api.w.org\/{rel}","templated":true}]}}