{"id":9243,"date":"2025-07-01T14:37:48","date_gmt":"2025-07-01T12:37:48","guid":{"rendered":"https:\/\/www.biokari.sk\/produkt\/nordvital-organicky-selen-kapsuly-60ks\/"},"modified":"2026-04-09T19:02:22","modified_gmt":"2026-04-09T17:02:22","slug":"nordvital-organicky-selen-kapsuly-60ks","status":"publish","type":"product","link":"https:\/\/www.biokari.sk\/ro\/produs\/nordvital-organicky-selen-kapsuly-60ks\/","title":{"rendered":"Nordvital Organic Seleniu capsule 60pcs"},"content":{"rendered":"<p data-start=\"90\" data-end=\"360\"><strong data-start=\"90\" data-end=\"128\">Nordvital Organick\u00fd Veg\u00e1nsky Sel\u00e9n<\/strong> je v\u00fd\u017eivov\u00fd doplnok prisp\u00f4soben\u00fd potreb\u00e1m t\u00fdch, ktor\u00ed dodr\u017eiavaj\u00fa rastlinn\u00fa stravu. Produkt obsahuje sel\u00e9n v organicky viazanej forme a je vhodn\u00fd na ka\u017edodenn\u00e9 doplnenie stravy, najm\u00e4 pre \u013eud\u00ed so zameran\u00edm na vedom\u00fd pr\u00edjem \u017eiv\u00edn.<\/p>\n<p data-start=\"362\" data-end=\"391\"><strong data-start=\"362\" data-end=\"389\">Nutri\u010dn\u00e9 hodnoty (v 1 kapsule): <\/strong>Sel\u00e9n (z L-seleno-metion\u00ednu) \u2013 100 \u03bcg (182 % RVH), Sel\u00e9n (zo seleni\u010dit\u00fdch kvasn\u00edc, 0,2 % Se) \u2013 100 \u03bcg (182 % RVH),<\/p>\n<p data-start=\"362\" data-end=\"391\"><strong data-start=\"514\" data-end=\"532\">Compozi\u021bie:<\/strong> ry\u017eov\u00e1 m\u00faka, hydroxypropylmetylcelul\u00f3za (veg\u00e1nska kapsula), seleni\u010dit\u00e9 kvasnice, L-seleno-metion\u00edn, protihrudkuj\u00faca l\u00e1tka: aminokyselina leuc\u00edn.<\/p>\n<p data-start=\"681\" data-end=\"737\"><strong data-start=\"681\" data-end=\"707\">Doza recomandat\u0103: <\/strong>1 kapsula denne po jedle.<\/p>\n<p data-start=\"739\" data-end=\"757\"><strong data-start=\"739\" data-end=\"755\">Avertisment: <\/strong>Uchov\u00e1vajte na suchom mieste, chr\u00e1nen\u00e9 pred slne\u010dn\u00fdm \u017eiaren\u00edm, pri izbovej teplote a mimo dosahu det\u00ed. Neprekra\u010dujte odpor\u00fa\u010dan\u00fa denn\u00fa d\u00e1vku! V\u00fd\u017eivov\u00fd doplnok nie je n\u00e1hradou pestrej, vyv\u00e1\u017eenej stravy a zdrav\u00e9ho \u017eivotn\u00e9ho \u0161t\u00fdlu. Neu\u017e\u00edvajte pr\u00edpravok, ak ste alergick\u00fd alebo precitliven\u00fd na ktor\u00fako\u013evek zlo\u017eku.<\/p>\n<p><strong>Mno\u017estvo<\/strong>: 60ks<br \/>\nA se p\u0103stra \u00eentr-un loc uscat.<br \/>\n<strong>Perioada minim\u0103 de valabilitate p\u00e2n\u0103 la:<\/strong> vezi ambalajul.<\/p>\n<p data-start=\"739\" data-end=\"757\">","protected":false},"excerpt":{"rendered":"<p>Nordvital Organick\u00fd Veg\u00e1nsky Sel\u00e9n je v\u00fd\u017eivov\u00fd doplnok prisp\u00f4soben\u00fd potreb\u00e1m t\u00fdch, ktor\u00ed dodr\u017eiavaj\u00fa rastlinn\u00fa stravu. Produkt obsahuje sel\u00e9n v organicky viazanej forme a je vhodn\u00fd na ka\u017edodenn\u00e9 doplnenie stravy, najm\u00e4 pre \u013eud\u00ed so zameran\u00edm na vedom\u00fd pr\u00edjem \u017eiv\u00edn. Nutri\u010dn\u00e9 hodnoty (v 1 kapsule): Sel\u00e9n (z L-seleno-metion\u00ednu) \u2013 100 \u03bcg (182 % RVH), Sel\u00e9n (zo seleni\u010dit\u00fdch kvasn\u00edc, [&hellip;]<\/p>","protected":false},"featured_media":9794,"comment_status":"open","ping_status":"closed","template":"","meta":{"inline_featured_image":false},"product_brand":[112],"product_cat":[69,145,140],"product_tag":[],"class_list":{"0":"post-9243","1":"product","2":"type-product","3":"status-publish","4":"has-post-thumbnail","6":"product_brand-nordvital","7":"product_cat-vyzivove-doplnky","8":"product_cat-krasa","9":"product_cat-posilnenie-imunity","11":"first","12":"instock","13":"taxable","14":"shipping-taxable","15":"purchasable","16":"product-type-simple"},"aioseo_notices":[],"_links":{"self":[{"href":"https:\/\/www.biokari.sk\/ro\/wp-json\/wp\/v2\/product\/9243","targetHints":{"allow":["GET"]}}],"collection":[{"href":"https:\/\/www.biokari.sk\/ro\/wp-json\/wp\/v2\/product"}],"about":[{"href":"https:\/\/www.biokari.sk\/ro\/wp-json\/wp\/v2\/types\/product"}],"replies":[{"embeddable":true,"href":"https:\/\/www.biokari.sk\/ro\/wp-json\/wp\/v2\/comments?post=9243"}],"wp:featuredmedia":[{"embeddable":true,"href":"https:\/\/www.biokari.sk\/ro\/wp-json\/wp\/v2\/media\/9794"}],"wp:attachment":[{"href":"https:\/\/www.biokari.sk\/ro\/wp-json\/wp\/v2\/media?parent=9243"}],"wp:term":[{"taxonomy":"product_brand","embeddable":true,"href":"https:\/\/www.biokari.sk\/ro\/wp-json\/wp\/v2\/product_brand?post=9243"},{"taxonomy":"product_cat","embeddable":true,"href":"https:\/\/www.biokari.sk\/ro\/wp-json\/wp\/v2\/product_cat?post=9243"},{"taxonomy":"product_tag","embeddable":true,"href":"https:\/\/www.biokari.sk\/ro\/wp-json\/wp\/v2\/product_tag?post=9243"}],"curies":[{"name":"wp","href":"https:\/\/api.w.org\/{rel}","templated":true}]}}