{"id":9247,"date":"2025-07-01T14:37:49","date_gmt":"2025-07-01T12:37:49","guid":{"rendered":"https:\/\/www.biokari.sk\/produkt\/nordvital-k2d3-forte-kvapky-30ml\/"},"modified":"2026-04-13T19:01:56","modified_gmt":"2026-04-13T17:01:56","slug":"nordvital-k2d3-forte-kvapky-30ml","status":"publish","type":"product","link":"https:\/\/www.biokari.sk\/ro\/produs\/nordvital-k2d3-forte-kvapky-30ml\/","title":{"rendered":"Nordvital K2+D3 FORTE pic\u0103turi 30ml"},"content":{"rendered":"<p data-start=\"88\" data-end=\"133\">Na\u0161e vitam\u00edny D3 a K2 s\u00fa rozpusten\u00e9 v MCT oleji poch\u00e1dzaj\u00facom z certifikovan\u00e9ho udr\u017eate\u013en\u00e9ho hospod\u00e1rstva (RSPO, \u201epriate\u013esk\u00e9 k orangutanom\u201c), z kokosu a palmy. Vitam\u00edn K2 je v\u00fdhradne vo forme MK-7 trans-izom\u00e9ru, z\u00edskan\u00fd ferment\u00e1ciou z natto. T\u00e1to formula je ur\u010den\u00e1 pre vedom\u00fdch spotrebite\u013eov ako doplnok ka\u017edodennej stravy.<\/p>\n<p data-start=\"88\" data-end=\"133\"><strong data-start=\"88\" data-end=\"131\">Zlo\u017eenie (v dennej d\u00e1vke \u2013 15 kvapiek):<\/strong><\/p>\n<ul data-start=\"134\" data-end=\"399\">\n<li data-start=\"134\" data-end=\"185\">\n<p data-start=\"136\" data-end=\"185\">Vitam\u00edn D3 (cholekalciferol) \u2013 100 \u03bcg = 4000 IU<\/p>\n<\/li>\n<li data-start=\"186\" data-end=\"230\">\n<p data-start=\"188\" data-end=\"230\">Vitam\u00edn K2 (menachin\u00f3n-7, MK-7) \u2013 100 \u03bcg<\/p>\n<\/li>\n<li data-start=\"231\" data-end=\"399\">\n<p data-start=\"233\" data-end=\"399\">MCT olej (z certifikovan\u00e9ho RSPO palmov\u00e9ho a kokosov\u00e9ho oleja), menachin\u00f3n-7 (vitam\u00edn K2), cholekalciferol (vitam\u00edn D3), antioxidant (pr\u00edrodn\u00e9 zmie\u0161an\u00e9 tokoferoly).<\/p>\n<\/li>\n<\/ul>\n<p data-start=\"401\" data-end=\"690\"><strong data-start=\"401\" data-end=\"427\">Doza recomandat\u0103: <\/strong>Dospel\u00fdm sa odpor\u00fa\u010da u\u017e\u00edva\u0165 <strong data-start=\"458\" data-end=\"478\">15 kvapiek denne<\/strong>, priamo nakvapka\u0165 do \u00fast alebo prida\u0165 k jedlu. Nekvapka\u0165 do tekut\u00edn! Najlep\u0161ie u\u017e\u00edva\u0165 r\u00e1no, pri prvom jedle. Pri nakvapkan\u00ed do \u00fast sa pipeta nesmie dot\u00fdka\u0165 jazyka, preto\u017ee v\u00fdrobok neobsahuje konzerva\u010dn\u00e9 l\u00e1tky.<\/p>\n<p data-start=\"692\" data-end=\"710\"><strong data-start=\"692\" data-end=\"708\">Avertisment: <\/strong>Uchov\u00e1vajte na suchom mieste, chr\u00e1nen\u00e9 pred slne\u010dn\u00fdm \u017eiaren\u00edm, pri izbovej teplote a mimo dosahu det\u00ed. Neprekra\u010dujte odpor\u00fa\u010dan\u00fa denn\u00fa d\u00e1vku! V\u00fd\u017eivov\u00fd doplnok nie je n\u00e1hradou pestrej a vyv\u00e1\u017eenej stravy a zdrav\u00e9ho \u017eivotn\u00e9ho \u0161t\u00fdlu. Neu\u017e\u00edvajte pr\u00edpravok, ak ste alergick\u00fd alebo precitliven\u00fd na ktor\u00fako\u013evek zlo\u017eku.<\/p>\n<p data-start=\"1038\" data-end=\"1390\">","protected":false},"excerpt":{"rendered":"<p>Na\u0161e vitam\u00edny D3 a K2 s\u00fa rozpusten\u00e9 v MCT oleji poch\u00e1dzaj\u00facom z certifikovan\u00e9ho udr\u017eate\u013en\u00e9ho hospod\u00e1rstva (RSPO, \u201epriate\u013esk\u00e9 k orangutanom\u201c), z kokosu a palmy. Vitam\u00edn K2 je v\u00fdhradne vo forme MK-7 trans-izom\u00e9ru, z\u00edskan\u00fd ferment\u00e1ciou z natto. T\u00e1to formula je ur\u010den\u00e1 pre vedom\u00fdch spotrebite\u013eov ako doplnok ka\u017edodennej stravy. Zlo\u017eenie (v dennej d\u00e1vke \u2013 15 kvapiek): Vitam\u00edn D3 [&hellip;]<\/p>","protected":false},"featured_media":9790,"comment_status":"open","ping_status":"closed","template":"","meta":{"inline_featured_image":false},"product_brand":[112],"product_cat":[69,146,140,142],"product_tag":[],"class_list":{"0":"post-9247","1":"product","2":"type-product","3":"status-publish","4":"has-post-thumbnail","6":"product_brand-nordvital","7":"product_cat-vyzivove-doplnky","8":"product_cat-klby-a-reuma","9":"product_cat-posilnenie-imunity","10":"product_cat-srdcovo-cievny-system","12":"first","13":"instock","14":"taxable","15":"shipping-taxable","16":"purchasable","17":"product-type-simple"},"aioseo_notices":[],"_links":{"self":[{"href":"https:\/\/www.biokari.sk\/ro\/wp-json\/wp\/v2\/product\/9247","targetHints":{"allow":["GET"]}}],"collection":[{"href":"https:\/\/www.biokari.sk\/ro\/wp-json\/wp\/v2\/product"}],"about":[{"href":"https:\/\/www.biokari.sk\/ro\/wp-json\/wp\/v2\/types\/product"}],"replies":[{"embeddable":true,"href":"https:\/\/www.biokari.sk\/ro\/wp-json\/wp\/v2\/comments?post=9247"}],"wp:featuredmedia":[{"embeddable":true,"href":"https:\/\/www.biokari.sk\/ro\/wp-json\/wp\/v2\/media\/9790"}],"wp:attachment":[{"href":"https:\/\/www.biokari.sk\/ro\/wp-json\/wp\/v2\/media?parent=9247"}],"wp:term":[{"taxonomy":"product_brand","embeddable":true,"href":"https:\/\/www.biokari.sk\/ro\/wp-json\/wp\/v2\/product_brand?post=9247"},{"taxonomy":"product_cat","embeddable":true,"href":"https:\/\/www.biokari.sk\/ro\/wp-json\/wp\/v2\/product_cat?post=9247"},{"taxonomy":"product_tag","embeddable":true,"href":"https:\/\/www.biokari.sk\/ro\/wp-json\/wp\/v2\/product_tag?post=9247"}],"curies":[{"name":"wp","href":"https:\/\/api.w.org\/{rel}","templated":true}]}}