{"id":9249,"date":"2025-07-01T14:37:49","date_gmt":"2025-07-01T12:37:49","guid":{"rendered":"https:\/\/www.biokari.sk\/produkt\/nordvital-shaker-1ks\/"},"modified":"2026-03-05T18:01:18","modified_gmt":"2026-03-05T17:01:18","slug":"nordvital-shaker-1ks","status":"publish","type":"product","link":"https:\/\/www.biokari.sk\/ro\/produs\/nordvital-shaker-1ks\/","title":{"rendered":"Agitator Nordvital 1pc"},"content":{"rendered":"<p data-start=\"40\" data-end=\"299\"><strong data-start=\"40\" data-end=\"66\">Nordvital Shaker White<\/strong> je vysoko kvalitn\u00fd a praktick\u00fd pomocn\u00edk na podporu ka\u017edodenn\u00e9ho zdrav\u00e9ho \u017eivotn\u00e9ho \u0161t\u00fdlu. Tento 500 ml shaker je ide\u00e1lnou vo\u013ebou pre ka\u017ed\u00e9ho, kto sa akt\u00edvne venuje \u0161portu, tr\u00e9ningu alebo si jednoducho r\u00e1d pripravuje zdrav\u00e9 n\u00e1poje.<\/p>\n<p data-start=\"301\" data-end=\"550\">Je \u013eahk\u00fd a pohodln\u00fd na pou\u017e\u00edvanie, pri\u010dom v\u010faka kvalitn\u00fdm materi\u00e1lom m\u00e1 dlh\u00fa \u017eivotnos\u0165. Shaker je v\u00fdborn\u00fd na pr\u00edpravu prote\u00ednov, smoothie \u010di in\u00fdch v\u00fd\u017eivn\u00fdch n\u00e1pojov a v\u010faka dobre tesniacemu vie\u010dku je ide\u00e1lny aj na cestovanie alebo do fitnescentra.<\/p>\n<p data-start=\"552\" data-end=\"699\">\u010ci u\u017e ide o prote\u00edny, vitam\u00edny alebo osvie\u017euj\u00face hydrata\u010dn\u00e9 n\u00e1poje \u2013 <strong data-start=\"621\" data-end=\"647\">Nordvital Shaker White<\/strong> je spo\u013eahliv\u00fd spolo\u010dn\u00edk pre akt\u00edvny \u017eivotn\u00fd \u0161t\u00fdl.<\/p>","protected":false},"excerpt":{"rendered":"<p>Nordvital Shaker White je vysoko kvalitn\u00fd a praktick\u00fd pomocn\u00edk na podporu ka\u017edodenn\u00e9ho zdrav\u00e9ho \u017eivotn\u00e9ho \u0161t\u00fdlu. Tento 500 ml shaker je ide\u00e1lnou vo\u013ebou pre ka\u017ed\u00e9ho, kto sa akt\u00edvne venuje \u0161portu, tr\u00e9ningu alebo si jednoducho r\u00e1d pripravuje zdrav\u00e9 n\u00e1poje. Je \u013eahk\u00fd a pohodln\u00fd na pou\u017e\u00edvanie, pri\u010dom v\u010faka kvalitn\u00fdm materi\u00e1lom m\u00e1 dlh\u00fa \u017eivotnos\u0165. Shaker je v\u00fdborn\u00fd na pr\u00edpravu [&hellip;]<\/p>","protected":false},"featured_media":9788,"comment_status":"open","ping_status":"closed","template":"","meta":{"inline_featured_image":false},"product_brand":[112],"product_cat":[19],"product_tag":[],"class_list":{"0":"post-9249","1":"product","2":"type-product","3":"status-publish","4":"has-post-thumbnail","6":"product_brand-nordvital","7":"product_cat-ostatne","9":"first","10":"instock","11":"taxable","12":"shipping-taxable","13":"purchasable","14":"product-type-simple"},"aioseo_notices":[],"_links":{"self":[{"href":"https:\/\/www.biokari.sk\/ro\/wp-json\/wp\/v2\/product\/9249","targetHints":{"allow":["GET"]}}],"collection":[{"href":"https:\/\/www.biokari.sk\/ro\/wp-json\/wp\/v2\/product"}],"about":[{"href":"https:\/\/www.biokari.sk\/ro\/wp-json\/wp\/v2\/types\/product"}],"replies":[{"embeddable":true,"href":"https:\/\/www.biokari.sk\/ro\/wp-json\/wp\/v2\/comments?post=9249"}],"wp:featuredmedia":[{"embeddable":true,"href":"https:\/\/www.biokari.sk\/ro\/wp-json\/wp\/v2\/media\/9788"}],"wp:attachment":[{"href":"https:\/\/www.biokari.sk\/ro\/wp-json\/wp\/v2\/media?parent=9249"}],"wp:term":[{"taxonomy":"product_brand","embeddable":true,"href":"https:\/\/www.biokari.sk\/ro\/wp-json\/wp\/v2\/product_brand?post=9249"},{"taxonomy":"product_cat","embeddable":true,"href":"https:\/\/www.biokari.sk\/ro\/wp-json\/wp\/v2\/product_cat?post=9249"},{"taxonomy":"product_tag","embeddable":true,"href":"https:\/\/www.biokari.sk\/ro\/wp-json\/wp\/v2\/product_tag?post=9249"}],"curies":[{"name":"wp","href":"https:\/\/api.w.org\/{rel}","templated":true}]}}