{"id":9251,"date":"2025-07-01T14:37:50","date_gmt":"2025-07-01T12:37:50","guid":{"rendered":"https:\/\/www.biokari.sk\/produkt\/nordvital-kapsuly-na-chudnutie-60ks\/"},"modified":"2026-04-27T19:02:10","modified_gmt":"2026-04-27T17:02:10","slug":"nordvital-kapsuly-na-chudnutie-60ks","status":"publish","type":"product","link":"https:\/\/www.biokari.sk\/ro\/produs\/nordvital-capsule-de-slabire-60pcs\/","title":{"rendered":"Nordvital Slimming Capsule 60pcs"},"content":{"rendered":"<p data-start=\"40\" data-end=\"431\">Acest preparat con\u021bine crom, precum \u0219i ghimbir, piper negru, p\u0103p\u0103die, harpophyta indian\u0103, garcinia cambogia \u0219i piper cayenne. Aceste ingrediente sunt adesea utilizate \u00een suplimentele nutritive pentru a sus\u021bine o diet\u0103 \u0219i un stil de via\u021b\u0103 echilibrate. Cromul este un oligoelement esen\u021bial care poate juca un rol \u00een procesele metabolice ale organismului. Extractele de plante sunt cunoscute din utilizarea tradi\u021bional\u0103.<\/p>\n<p data-start=\"433\" data-end=\"462\"><strong data-start=\"433\" data-end=\"460\">Ingrediente (\u00een 1 capsul\u0103):<\/strong><\/p>\n<ul data-start=\"463\" data-end=\"1047\">\n<li data-start=\"463\" data-end=\"522\">\n<p data-start=\"465\" data-end=\"522\">Crom (din picolinat de crom legat organic) - 200 \u00b5g<\/p>\n<\/li>\n<li data-start=\"523\" data-end=\"623\">\n<p data-start=\"525\" data-end=\"623\">Extract de urzic\u0103 indian\u0103 (Coleus forskohlii) (4:1, echivalent cu 800 mg de urzic\u0103 indian\u0103) - 200 mg<\/p>\n<\/li>\n<li data-start=\"624\" data-end=\"706\">\n<p data-start=\"626\" data-end=\"706\">Extract de Garcinia cambogia (4:1, echivalent cu 800 mg Garcinia cambogia) - 200 mg<\/p>\n<\/li>\n<li data-start=\"707\" data-end=\"812\">\n<p data-start=\"709\" data-end=\"812\">Extract de piper Cayenne (Capsicum annuum L.) (4:1, echivalent cu 600 mg de piper Cayenne) - 150 mg<\/p>\n<\/li>\n<li data-start=\"813\" data-end=\"882\">\n<p data-start=\"815\" data-end=\"882\">P\u0103p\u0103die - pulbere de frunze (Taraxacum officinale) - 150 mg<\/p>\n<\/li>\n<li data-start=\"883\" data-end=\"967\">\n<p data-start=\"885\" data-end=\"967\">Extract de ghimbir (Zingiber officinale) (4:1, echivalent cu 200 mg de ghimbir) - 50 mg<\/p>\n<\/li>\n<li data-start=\"968\" data-end=\"1047\">\n<p data-start=\"970\" data-end=\"1047\">BioPerine\u00ae (extract de Piper nigrum, 95 % piperin\u0103) - 1 mg<\/p>\n<\/li>\n<\/ul>\n<p data-start=\"1049\" data-end=\"1373\"><strong data-start=\"1049\" data-end=\"1070\">Compozi\u021bia capsulei:<\/strong> Extract din r\u0103d\u0103cin\u0103 de urzic\u0103 indian\u0103, extract din fructe de Garcinia cambogia, extract din fructe de piper cayenne, pulbere din frunze de p\u0103p\u0103die, hidroxipropilmetilceluloz\u0103 (capsul\u0103 vegan\u0103), extract din r\u0103d\u0103cin\u0103 de ghimbir, antiaglomerant: leucin\u0103, picolinat de crom, BioPerine\u00ae (extract din fructe de piper negru).<\/p>\n<p data-start=\"1375\" data-end=\"1420\"><strong data-start=\"1375\" data-end=\"1401\">Doza recomandat\u0103:<\/strong> 1 capsul\u0103 pe zi.<\/p>\n<p data-start=\"1422\" data-end=\"1703\"><strong data-start=\"1422\" data-end=\"1438\">Avertisment: <\/strong>A se p\u0103stra \u00eentr-un loc uscat, ferit de lumina soarelui, la temperatura camerei \u0219i la \u00eendem\u00e2na copiilor.<br data-start=\"1543\" data-end=\"1546\" \/>A nu se l\u0103sa la \u00eendem\u00e2na copiilor! Nu dep\u0103\u0219i\u021bi doza zilnic\u0103 recomandat\u0103! Un supliment alimentar nu \u00eenlocuie\u0219te o diet\u0103 variat\u0103 \u0219i echilibrat\u0103 \u0219i un stil de via\u021b\u0103 s\u0103n\u0103tos.<\/p>\n\n\n<p><strong>Cantitate:<\/strong> 60pcs<\/p>\n\n\n\n<p><\/p>","protected":false},"excerpt":{"rendered":"<p>Tento pr\u00edpravok obsahuje chr\u00f3m, ako aj z\u00e1zvor, \u010dierne korenie, p\u00fapavu lek\u00e1rsku, indick\u00fa harpof\u00fdtu, garc\u00edniu kambod\u017esk\u00fa a kajensk\u00e9 korenie. Tieto zlo\u017eky sa \u010dasto pou\u017e\u00edvaj\u00fa v doplnkoch v\u00fd\u017eivy, ktor\u00e9 podporuj\u00fa vyv\u00e1\u017een\u00fa stravu a \u017eivotn\u00fd \u0161t\u00fdl. Chr\u00f3m je esenci\u00e1lny stopov\u00fd prvok, ktor\u00fd m\u00f4\u017ee zohr\u00e1va\u0165 \u00falohu v metabolick\u00fdch procesoch organizmu. Rastlinn\u00e9 extrakty s\u00fa zn\u00e1me z tradi\u010dn\u00e9ho pou\u017e\u00edvania. Zlo\u017eenie (v [&hellip;]<\/p>","protected":false},"featured_media":9785,"comment_status":"open","ping_status":"closed","template":"","meta":{"inline_featured_image":false},"product_brand":[112],"product_cat":[69,141,143],"product_tag":[],"class_list":{"0":"post-9251","1":"product","2":"type-product","3":"status-publish","4":"has-post-thumbnail","6":"product_brand-nordvital","7":"product_cat-vyzivove-doplnky","8":"product_cat-chudnutie","9":"product_cat-zaludok-a-crevna-cinnost","11":"first","12":"onbackorder","13":"taxable","14":"shipping-taxable","15":"purchasable","16":"product-type-simple"},"aioseo_notices":[],"_links":{"self":[{"href":"https:\/\/www.biokari.sk\/ro\/wp-json\/wp\/v2\/product\/9251","targetHints":{"allow":["GET"]}}],"collection":[{"href":"https:\/\/www.biokari.sk\/ro\/wp-json\/wp\/v2\/product"}],"about":[{"href":"https:\/\/www.biokari.sk\/ro\/wp-json\/wp\/v2\/types\/product"}],"replies":[{"embeddable":true,"href":"https:\/\/www.biokari.sk\/ro\/wp-json\/wp\/v2\/comments?post=9251"}],"wp:featuredmedia":[{"embeddable":true,"href":"https:\/\/www.biokari.sk\/ro\/wp-json\/wp\/v2\/media\/9785"}],"wp:attachment":[{"href":"https:\/\/www.biokari.sk\/ro\/wp-json\/wp\/v2\/media?parent=9251"}],"wp:term":[{"taxonomy":"product_brand","embeddable":true,"href":"https:\/\/www.biokari.sk\/ro\/wp-json\/wp\/v2\/product_brand?post=9251"},{"taxonomy":"product_cat","embeddable":true,"href":"https:\/\/www.biokari.sk\/ro\/wp-json\/wp\/v2\/product_cat?post=9251"},{"taxonomy":"product_tag","embeddable":true,"href":"https:\/\/www.biokari.sk\/ro\/wp-json\/wp\/v2\/product_tag?post=9251"}],"curies":[{"name":"wp","href":"https:\/\/api.w.org\/{rel}","templated":true}]}}