{"id":9268,"date":"2025-07-01T14:37:53","date_gmt":"2025-07-01T12:37:53","guid":{"rendered":"https:\/\/www.biokari.sk\/produkt\/nordvital-cajova-zmes-na-diabetes-80g\/"},"modified":"2026-01-27T08:41:55","modified_gmt":"2026-01-27T07:41:55","slug":"nordvital-cajova-zmes-na-diabetes-80g","status":"publish","type":"product","link":"https:\/\/www.biokari.sk\/ro\/produs\/nordvital-cajova-zmes-na-diabetes-80g\/","title":{"rendered":"Nordvital Amestec de ceai pentru diabet 80g"},"content":{"rendered":"<p data-start=\"171\" data-end=\"374\">T\u00e1to \u010dajov\u00e1 zmes obsahuje rastliny ako \u017eih\u013eava, \u0161korica a p\u00edskavica gr\u00e9cka, ktor\u00e9 sa v tradi\u010dnom pou\u017e\u00edvan\u00ed \u010dasto aplikovali ako s\u00fa\u010das\u0165 vedom\u00e9ho stravovania na podporu kontroly hladiny cukru v krvi.<br data-start=\"1437\" data-end=\"1440\" \/>V\u010faka pr\u00edjemnej chuti sa dobre hod\u00ed do ka\u017edodennej rutiny, najm\u00e4 pre t\u00fdch, ktor\u00ed chc\u00fa svoj jed\u00e1lni\u010dek doplni\u0165 o pr\u00edrodn\u00e9 zlo\u017eky.<\/p>\n<p data-start=\"171\" data-end=\"374\"><strong data-start=\"171\" data-end=\"184\">Compozi\u021bie: <\/strong>P\u00fapava lek\u00e1rska \u2013 kore\u0148 (Taraxaci herba cum radice), Fazu\u013eov\u00e9 struky (Phaseoli legumen), \u010cakanka oby\u010dajn\u00e1 \u2013 kore\u0148 (Cichorii radix), M\u00e4ta pieporn\u00e1 \u2013 list (Menthae piperitae folium)<\/p>\n<p data-start=\"376\" data-end=\"589\"><strong data-start=\"376\" data-end=\"389\">Cerere: <\/strong>2 \u010dajov\u00e9 ly\u017ei\u010dky zmesi zalejeme 2,5 dl studenej vody, privedieme do varu, e\u0161te 2 min\u00faty povar\u00edme a n\u00e1sledne nech\u00e1me 10 min\u00fat l\u00fahova\u0165. Potom sced\u00edme.<br data-start=\"540\" data-end=\"543\" \/>Odpor\u00fa\u010dan\u00e1 denn\u00e1 d\u00e1vka: 2\u20133 \u0161\u00e1lky, v k\u00farach.<\/p>\n<p data-start=\"591\" data-end=\"817\"><strong data-start=\"591\" data-end=\"611\">Contraindica\u021bii: <\/strong>kr\u00ed\u017eov\u00e1 alergia na rastliny z \u010de\u013eade astrovit\u00fdch, srdcov\u00e1 a obli\u010dkov\u00e1 nedostato\u010dnos\u0165, tehotenstvo, doj\u010denie, upchatie \u017el\u010dov\u00fdch ciest, z\u00e1pal \u017el\u010dn\u00edka, \u017el\u010dov\u00e9 kamene, nepriechodnos\u0165 \u010driev, peptick\u00e9 vredy.<\/p>\n<p data-start=\"819\" data-end=\"1209\"><strong data-start=\"819\" data-end=\"835\">Avertisment: <\/strong>NORDVITAL \u010dajov\u00e1 zmes na diabetes \/ regul\u00e1ciu hladiny cukru v krvi je potravinov\u00fd v\u00fdrobok, ktor\u00e9ho pou\u017eitie nenahr\u00e1dza potrebn\u00fa lek\u00e1rsku lie\u010dbu!<br data-start=\"982\" data-end=\"985\" \/>V pr\u00edpade precitlivenosti na ktor\u00fako\u013evek zlo\u017eku \u010dajovej zmesi sa jeho konzum\u00e1cia neodpor\u00fa\u010da.<br data-start=\"1077\" data-end=\"1080\" \/>Ak pravidelne u\u017e\u00edvate lieky alebo podstupujete dlhodob\u00fa lie\u010dbu, pora\u010fte sa pred konzum\u00e1ciou so svoj\u00edm lek\u00e1rom alebo lek\u00e1rnikom.<\/p>\n<p data-start=\"1211\" data-end=\"1570\"><strong>Greutate:<\/strong> 80g<br \/>\nA se p\u0103stra \u00eentr-un loc uscat.<br \/>\n<strong>Perioada minim\u0103 de valabilitate p\u00e2n\u0103 la:<\/strong> vezi ambalajul.<br data-start=\"1237\" data-end=\"1240\" \/><\/p>","protected":false},"excerpt":{"rendered":"<p>T\u00e1to \u010dajov\u00e1 zmes obsahuje rastliny ako \u017eih\u013eava, \u0161korica a p\u00edskavica gr\u00e9cka, ktor\u00e9 sa v tradi\u010dnom pou\u017e\u00edvan\u00ed \u010dasto aplikovali ako s\u00fa\u010das\u0165 vedom\u00e9ho stravovania na podporu kontroly hladiny cukru v krvi.V\u010faka pr\u00edjemnej chuti sa dobre hod\u00ed do ka\u017edodennej rutiny, najm\u00e4 pre t\u00fdch, ktor\u00ed chc\u00fa svoj jed\u00e1lni\u010dek doplni\u0165 o pr\u00edrodn\u00e9 zlo\u017eky. Zlo\u017eenie: P\u00fapava lek\u00e1rska \u2013 kore\u0148 (Taraxaci herba [&hellip;]<\/p>","protected":false},"featured_media":9766,"comment_status":"open","ping_status":"closed","template":"","meta":{"inline_featured_image":false},"product_brand":[112],"product_cat":[148,156],"product_tag":[],"class_list":{"0":"post-9268","1":"product","2":"type-product","3":"status-publish","4":"has-post-thumbnail","6":"product_brand-nordvital","7":"product_cat-liecive-rastliny","8":"product_cat-pre-diabetikov-liecive-rastliny","10":"first","11":"instock","12":"taxable","13":"shipping-taxable","14":"purchasable","15":"product-type-simple"},"aioseo_notices":[],"_links":{"self":[{"href":"https:\/\/www.biokari.sk\/ro\/wp-json\/wp\/v2\/product\/9268","targetHints":{"allow":["GET"]}}],"collection":[{"href":"https:\/\/www.biokari.sk\/ro\/wp-json\/wp\/v2\/product"}],"about":[{"href":"https:\/\/www.biokari.sk\/ro\/wp-json\/wp\/v2\/types\/product"}],"replies":[{"embeddable":true,"href":"https:\/\/www.biokari.sk\/ro\/wp-json\/wp\/v2\/comments?post=9268"}],"wp:featuredmedia":[{"embeddable":true,"href":"https:\/\/www.biokari.sk\/ro\/wp-json\/wp\/v2\/media\/9766"}],"wp:attachment":[{"href":"https:\/\/www.biokari.sk\/ro\/wp-json\/wp\/v2\/media?parent=9268"}],"wp:term":[{"taxonomy":"product_brand","embeddable":true,"href":"https:\/\/www.biokari.sk\/ro\/wp-json\/wp\/v2\/product_brand?post=9268"},{"taxonomy":"product_cat","embeddable":true,"href":"https:\/\/www.biokari.sk\/ro\/wp-json\/wp\/v2\/product_cat?post=9268"},{"taxonomy":"product_tag","embeddable":true,"href":"https:\/\/www.biokari.sk\/ro\/wp-json\/wp\/v2\/product_tag?post=9268"}],"curies":[{"name":"wp","href":"https:\/\/api.w.org\/{rel}","templated":true}]}}