{"id":9274,"date":"2025-07-01T14:37:54","date_gmt":"2025-07-01T12:37:54","guid":{"rendered":"https:\/\/www.biokari.sk\/produkt\/nordvital-kyselina-askorobova-500g\/"},"modified":"2026-05-04T19:03:11","modified_gmt":"2026-05-04T17:03:11","slug":"nordvital-kyselina-askorobova-500g","status":"publish","type":"product","link":"https:\/\/www.biokari.sk\/ro\/produs\/nordvital-acid-ascorbic-500g\/","title":{"rendered":"Nordvital Acid ascorbic 500g"},"content":{"rendered":"<p data-start=\"146\" data-end=\"183\">1000 mg de vitamina C \u00eentr-o doz\u0103 zilnic\u0103. Vitamina C este o vitamin\u0103 solubil\u0103 \u00een ap\u0103 care este adesea utilizat\u0103 pentru a completa dieta zilnic\u0103. Este un ingredient bine cunoscut \u0219i distribuit pe scar\u0103 larg\u0103, care se g\u0103se\u0219te \u00een mod obi\u0219nuit \u00eentr-o varietate de suplimente alimentare \u0219i formule multivitaminice.<\/p>\n<p data-start=\"422\" data-end=\"486\"><strong data-start=\"422\" data-end=\"439\">Ingredient activ: <\/strong>Vitamina C (acid L-ascorbic) - 1000 mg<\/p>\n<p data-start=\"488\" data-end=\"530\"><strong data-start=\"488\" data-end=\"501\">Compozi\u021bie: <\/strong>100 % Acid L-ascorbic<\/p>\n<p data-start=\"537\" data-end=\"680\"><strong data-start=\"537\" data-end=\"563\">Doza recomandat\u0103: <\/strong>1 g de pulbere zilnic care se amestec\u0103 \u00een ap\u0103 sau alt\u0103 b\u0103utur\u0103. Poate fi administrat \u00een orice moment al zilei, independent de alimente.<\/p>\n<p data-start=\"687\" data-end=\"785\"><strong data-start=\"687\" data-end=\"703\">Depozitare: <\/strong>Se p\u0103streaz\u0103 \u00eentr-un loc uscat, \u00eentunecos, la temperatura camerei, <strong data-start=\"764\" data-end=\"784\">la \u00eendem\u00e2na copiilor<\/strong>.<\/p>\n<p data-start=\"792\" data-end=\"1020\"><strong data-start=\"792\" data-end=\"808\">Avertisment: <\/strong>Supliment nutri\u021bional <strong data-start=\"828\" data-end=\"847\">nu este un substitut<\/strong> o diet\u0103 variat\u0103 \u0219i echilibrat\u0103 sau un stil de via\u021b\u0103 s\u0103n\u0103tos. Nu dep\u0103\u0219i\u021bi doza zilnic\u0103 recomandat\u0103! Nu lua\u021bi dac\u0103 sunte\u021bi alergic sau hipersensibil la oricare dintre ingrediente.<\/p>","protected":false},"excerpt":{"rendered":"<p>1000 mg vitam\u00ednu C v dennej d\u00e1vke.\u00a0Vitam\u00edn C je vo vode rozpustn\u00fd vitam\u00edn, ktor\u00fd sa \u010dasto pou\u017e\u00edva na dop\u013a\u0148anie ka\u017edodennej stravy. Je to dobre zn\u00e1ma a \u0161iroko roz\u0161\u00edren\u00e1 zlo\u017eka, ktor\u00e1 sa be\u017ene nach\u00e1dza v r\u00f4znych v\u00fd\u017eivov\u00fdch doplnkoch a multivitam\u00ednov\u00fdch formul\u00e1ch. \u00da\u010dinn\u00e1 l\u00e1tka: Vitam\u00edn C (kyselina L-askorbov\u00e1) \u2013 1000 mg Zlo\u017eenie: 100 % L-askorbov\u00e1 kyselina Odpor\u00fa\u010dan\u00e9 [&hellip;]<\/p>","protected":false},"featured_media":9601,"comment_status":"open","ping_status":"closed","template":"","meta":{"inline_featured_image":false},"product_brand":[112],"product_cat":[69,140],"product_tag":[],"class_list":{"0":"post-9274","1":"product","2":"type-product","3":"status-publish","4":"has-post-thumbnail","6":"product_brand-nordvital","7":"product_cat-vyzivove-doplnky","8":"product_cat-posilnenie-imunity","10":"first","11":"instock","12":"taxable","13":"shipping-taxable","14":"purchasable","15":"product-type-simple"},"aioseo_notices":[],"_links":{"self":[{"href":"https:\/\/www.biokari.sk\/ro\/wp-json\/wp\/v2\/product\/9274","targetHints":{"allow":["GET"]}}],"collection":[{"href":"https:\/\/www.biokari.sk\/ro\/wp-json\/wp\/v2\/product"}],"about":[{"href":"https:\/\/www.biokari.sk\/ro\/wp-json\/wp\/v2\/types\/product"}],"replies":[{"embeddable":true,"href":"https:\/\/www.biokari.sk\/ro\/wp-json\/wp\/v2\/comments?post=9274"}],"wp:featuredmedia":[{"embeddable":true,"href":"https:\/\/www.biokari.sk\/ro\/wp-json\/wp\/v2\/media\/9601"}],"wp:attachment":[{"href":"https:\/\/www.biokari.sk\/ro\/wp-json\/wp\/v2\/media?parent=9274"}],"wp:term":[{"taxonomy":"product_brand","embeddable":true,"href":"https:\/\/www.biokari.sk\/ro\/wp-json\/wp\/v2\/product_brand?post=9274"},{"taxonomy":"product_cat","embeddable":true,"href":"https:\/\/www.biokari.sk\/ro\/wp-json\/wp\/v2\/product_cat?post=9274"},{"taxonomy":"product_tag","embeddable":true,"href":"https:\/\/www.biokari.sk\/ro\/wp-json\/wp\/v2\/product_tag?post=9274"}],"curies":[{"name":"wp","href":"https:\/\/api.w.org\/{rel}","templated":true}]}}