{"id":9276,"date":"2025-07-01T14:37:54","date_gmt":"2025-07-01T12:37:54","guid":{"rendered":"https:\/\/www.biokari.sk\/produkt\/nordvital-vitamin-pre-zeny-pocas-tehotenstva-a-dojcania-30-davok\/"},"modified":"2026-02-12T18:02:09","modified_gmt":"2026-02-12T17:02:09","slug":"nordvital-vitamin-pre-zeny-pocas-tehotenstva-a-dojcania-30-davok","status":"publish","type":"product","link":"https:\/\/www.biokari.sk\/ro\/produs\/vitamina-nordvital-pentru-femei-in-timpul-sarcinii-si-alaptarii-30-de-doze\/","title":{"rendered":"Nordvital Vitamina pentru femei \u00een timpul sarcinii \u0219i al\u0103pt\u0103rii 30 de doze"},"content":{"rendered":"<p data-start=\"168\" data-end=\"231\">Pentru perioada dinaintea sarcinii, \u00een timpul sarcinii \u0219i dup\u0103 na\u0219tere. Un supliment nutritiv atent formulat \u0219i adaptat nevoilor femeilor pe \u00eentreaga perioad\u0103 a maternit\u0103\u021bii - \u00eenainte, \u00een timpul \u0219i dup\u0103 sarcin\u0103. Con\u021bine vitamine, minerale, colin\u0103, extract de ghimbir, enzima papain\u0103 \u0219i acizi gra\u0219i omega-3 pentru a sus\u021bine organismul \u00een fiecare etap\u0103 a acestei perioade extraordinare.<\/p>\n<p><strong data-start=\"563\" data-end=\"597\">Ingrediente active (\u00een doz\u0103 zilnic\u0103):<br \/>\nVitamina B7 (D-biotin\u0103):<\/strong> 200 \u00b5g<br \/>\n<strong data-start=\"638\" data-end=\"675\">Vitamina B9 (calciu-L-metilfolat):<\/strong> 1000 \u00b5g<br \/>\n<strong data-start=\"688\" data-end=\"724\">Magneziu (din bisglicinat de magneziu):<\/strong> 65 mg<br \/>\n<strong data-start=\"735\" data-end=\"777\">Seleniu (din drojdie \u00eembog\u0103\u021bit\u0103 cu seleniu):<\/strong> 50 \u00b5g<br \/>\n<strong data-start=\"788\" data-end=\"823\">Fier (din bisglicinat de fier):<\/strong> 18 mg<br \/>\n<strong data-start=\"834\" data-end=\"868\">Colin\u0103 (din bitartrat de colin\u0103):<\/strong> 20 mg<br \/>\n<strong data-start=\"879\" data-end=\"932\">Extract de ghimbir (4:1, echivalent cu 100 mg de r\u0103d\u0103cin\u0103):<\/strong> 25 mg<br \/>\n<strong data-start=\"943\" data-end=\"954\">Papain\u0103:<\/strong> 12 500 U<br \/>\n<strong data-start=\"968\" data-end=\"1001\">Vitamina D3 (colecalciferol):<\/strong> 50 \u00b5g = 2000 UI<br \/>\n<strong data-start=\"1022\" data-end=\"1073\">Vitamina E (tocoferoli \u0219i tocotrienoli naturali):<\/strong> 7 mg<br \/>\n<strong data-start=\"1083\" data-end=\"1105\">Vitamina K2 (MK-7):<\/strong> 90 \u00b5g<br \/>\n<strong data-start=\"1116\" data-end=\"1138\">Ulei de pe\u0219te Omega-3:<\/strong> 350 mg din care <strong data-start=\"1159\" data-end=\"1167\">EPA:<\/strong> 126 mg din care <strong data-start=\"1188\" data-end=\"1196\">DHA:<\/strong> 84 mg<\/p>\n<h4 data-start=\"1211\" data-end=\"1229\"><strong data-start=\"1216\" data-end=\"1229\">Compozi\u021bie:<br \/>\n<\/strong><strong data-start=\"1231\" data-end=\"1258\">Capsul\u0103 vegan\u0103 tare: <\/strong>Magneziu bisglicinat, hidroxipropilmetilceluloz\u0103 (capsul\u0103), fier bisglicinat, bitartrat de colin\u0103, drojdie cu seleniu, extract din r\u0103d\u0103cin\u0103 de ghimbir, papain\u0103, antiaglomerant: leucin\u0103, calciu-L-metilfolat, D-biotin\u0103.<br \/>\n<strong data-start=\"1476\" data-end=\"1505\">Capsul\u0103 de gelatin\u0103 moale: <\/strong>Ulei de pe\u0219te (form\u0103 TG, pe\u0219te de mare ad\u00e2ncime din Peru)*, \u00eenveli\u0219 de gelatin\u0103 (gelatin\u0103, glicerin\u0103, ap\u0103 purificat\u0103), menaquinon\u0103-7 (vitamina K2), tocoferoli \u0219i tocotrienoli naturali, colecalciferol (vitamina D3).<br data-start=\"1701\" data-end=\"1704\" \/>*<strong>Origine:<\/strong> Peru<\/h4>\n<h4 data-start=\"1723\" data-end=\"1745\"><strong data-start=\"1728\" data-end=\"1743\">Dozaj:\u00a0<\/strong>1 capsul\u0103 tare \u0219i 1 capsul\u0103 moale pe zi, dup\u0103 mese.<\/h4>\n<p><strong data-start=\"1799\" data-end=\"1815\">Depozitare:\u00a0<\/strong>A se p\u0103stra \u00eentr-un loc uscat, \u00eentunecos, la temperatura camerei. A nu se l\u0103sa la \u00eendem\u00e2na copiilor.<\/p>\n<h4 data-start=\"1914\" data-end=\"1937\"><strong data-start=\"1919\" data-end=\"1935\">Avertisment:\u00a0<\/strong>Un supliment alimentar nu \u00eenlocuie\u0219te o diet\u0103 variat\u0103 \u0219i echilibrat\u0103 \u0219i un stil de via\u021b\u0103 s\u0103n\u0103tos. Nu dep\u0103\u0219i\u021bi doza zilnic\u0103 recomandat\u0103! Nu lua\u021bi dac\u0103 sunte\u021bi alergic sau hipersensibil la oricare dintre ingredientele produsului!<\/h4>\n<p><strong>Cantitate:<\/strong> 30+30 capsule<\/p>","protected":false},"excerpt":{"rendered":"<p>Na obdobie pred tehotenstvom, po\u010das tehotenstva a po p\u00f4rode.\u00a0Starostlivo zostaven\u00fd doplnok v\u00fd\u017eivy prisp\u00f4soben\u00fd potreb\u00e1m \u017eien po\u010das cel\u00e9ho obdobia materstva \u2013 pred otehotnen\u00edm, po\u010das tehotenstva aj po p\u00f4rode. Obsahuje vitam\u00edny, miner\u00e1ly, chol\u00edn, z\u00e1zvorov\u00fd extrakt, enz\u00fdm papain a omega-3 mastn\u00e9 kyseliny, ktor\u00e9 podporuj\u00fa organizmus v ka\u017edej f\u00e1ze tohto v\u00fdnimo\u010dn\u00e9ho obdobia. \u00da\u010dinn\u00e9 l\u00e1tky (v dennej d\u00e1vke): Vitam\u00edn B7 [&hellip;]<\/p>","protected":false},"featured_media":9600,"comment_status":"open","ping_status":"closed","template":"","meta":{"inline_featured_image":false},"product_brand":[112],"product_cat":[69],"product_tag":[],"class_list":{"0":"post-9276","1":"product","2":"type-product","3":"status-publish","4":"has-post-thumbnail","6":"product_brand-nordvital","7":"product_cat-vyzivove-doplnky","9":"first","10":"onbackorder","11":"taxable","12":"shipping-taxable","13":"purchasable","14":"product-type-simple"},"aioseo_notices":[],"_links":{"self":[{"href":"https:\/\/www.biokari.sk\/ro\/wp-json\/wp\/v2\/product\/9276","targetHints":{"allow":["GET"]}}],"collection":[{"href":"https:\/\/www.biokari.sk\/ro\/wp-json\/wp\/v2\/product"}],"about":[{"href":"https:\/\/www.biokari.sk\/ro\/wp-json\/wp\/v2\/types\/product"}],"replies":[{"embeddable":true,"href":"https:\/\/www.biokari.sk\/ro\/wp-json\/wp\/v2\/comments?post=9276"}],"wp:featuredmedia":[{"embeddable":true,"href":"https:\/\/www.biokari.sk\/ro\/wp-json\/wp\/v2\/media\/9600"}],"wp:attachment":[{"href":"https:\/\/www.biokari.sk\/ro\/wp-json\/wp\/v2\/media?parent=9276"}],"wp:term":[{"taxonomy":"product_brand","embeddable":true,"href":"https:\/\/www.biokari.sk\/ro\/wp-json\/wp\/v2\/product_brand?post=9276"},{"taxonomy":"product_cat","embeddable":true,"href":"https:\/\/www.biokari.sk\/ro\/wp-json\/wp\/v2\/product_cat?post=9276"},{"taxonomy":"product_tag","embeddable":true,"href":"https:\/\/www.biokari.sk\/ro\/wp-json\/wp\/v2\/product_tag?post=9276"}],"curies":[{"name":"wp","href":"https:\/\/api.w.org\/{rel}","templated":true}]}}