{"id":9278,"date":"2025-07-01T14:37:54","date_gmt":"2025-07-01T12:37:54","guid":{"rendered":"https:\/\/www.biokari.sk\/produkt\/nordvital-rybi-kolagen-150g\/"},"modified":"2026-02-12T18:02:09","modified_gmt":"2026-02-12T17:02:09","slug":"nordvital-rybi-kolagen-150g","status":"publish","type":"product","link":"https:\/\/www.biokari.sk\/ro\/produs\/colagen-de-peste-nordvital-150g\/","title":{"rendered":"Nordvital Colagen de pe\u0219te 150g"},"content":{"rendered":"<p data-start=\"137\" data-end=\"413\">Naticol\u00ae con\u021bine \u00een principal colagen de tip I sub form\u0103 de di- \u0219i tripeptide. Acest colagen este produs \u00een Europa din piele de pe\u0219te de \u00eenalt\u0103 calitate, folosind un proces special de hidroliz\u0103 enzimatic\u0103. Forma de pulbere asigur\u0103 o solubilitate bun\u0103 \u0219i o \u00eencorporare u\u0219oar\u0103 \u00een dieta zilnic\u0103. Naticol\u00ae este o marc\u0103 \u00eenregistrat\u0103 a Weishardt.<\/p>\n<p data-start=\"489\" data-end=\"543\"><strong data-start=\"489\" data-end=\"506\">Ingredient activ: <\/strong>Colagen hidrolizat de pe\u0219te - 5 g<\/p>\n<p data-start=\"545\" data-end=\"602\"><strong data-start=\"545\" data-end=\"558\">Compozi\u021bie: <\/strong>100 % Naticol\u00ae colagen hidrolizat de pe\u0219te<\/p>\n<p data-start=\"609\" data-end=\"761\"><strong data-start=\"609\" data-end=\"635\">Doza recomandat\u0103: <\/strong>Doz\u0103 zilnic\u0103 de 5 g de colagen dizolvat \u00een ap\u0103 sau alt\u0103 b\u0103utur\u0103. Poate fi luat \u00een orice moment al zilei, independent de m\u00e2ncare.<\/p>\n<p data-start=\"763\" data-end=\"853\"><strong data-start=\"763\" data-end=\"779\">Depozitare: <\/strong>A se p\u0103stra \u00eentr-un loc uscat, r\u0103coros \u0219i umbros, ferit de accesul copiilor.<\/p>\n<p data-start=\"855\" data-end=\"1010\"><strong data-start=\"855\" data-end=\"871\">Avertisment: <\/strong>Un supliment nutritiv nu \u00eenlocuie\u0219te o diet\u0103 variat\u0103 \u0219i echilibrat\u0103 \u0219i un stil de via\u021b\u0103 s\u0103n\u0103tos. Doza zilnic\u0103 recomandat\u0103 nu trebuie s\u0103 fie dep\u0103\u0219it\u0103.<\/p>\n<p data-start=\"855\" data-end=\"1010\"><strong>Greutate:<\/strong> 150g<\/p>","protected":false},"excerpt":{"rendered":"<p>Naticol\u00ae obsahuje najm\u00e4 kolag\u00e9n typu I vo forme di- a tripeptidov. Tento kolag\u00e9n sa vyr\u00e1ba v Eur\u00f3pe zo vysokokvalitnej rybej ko\u017ee pomocou \u0161peci\u00e1lnej enzymatickej hydrol\u00fdzy. Pr\u00e1\u0161kov\u00e1 forma zabezpe\u010duje dobr\u00fa rozpustnos\u0165 a jednoduch\u00e9 za\u010dlenenie do ka\u017edodennej stravy.\u00a0Naticol\u00ae je registrovan\u00e1 ochrann\u00e1 zn\u00e1mka spolo\u010dnosti Weishardt. \u00da\u010dinn\u00e1 l\u00e1tka: Hydrolyzovan\u00fd ryb\u00ed kolag\u00e9n \u2013 5 g Zlo\u017eenie: 100 % Naticol\u00ae hydrolyzovan\u00fd [&hellip;]<\/p>","protected":false},"featured_media":9598,"comment_status":"open","ping_status":"closed","template":"","meta":{"inline_featured_image":false},"product_brand":[112],"product_cat":[69,146,145],"product_tag":[],"class_list":{"0":"post-9278","1":"product","2":"type-product","3":"status-publish","4":"has-post-thumbnail","6":"product_brand-nordvital","7":"product_cat-vyzivove-doplnky","8":"product_cat-klby-a-reuma","9":"product_cat-krasa","11":"first","12":"instock","13":"taxable","14":"shipping-taxable","15":"purchasable","16":"product-type-simple"},"aioseo_notices":[],"_links":{"self":[{"href":"https:\/\/www.biokari.sk\/ro\/wp-json\/wp\/v2\/product\/9278","targetHints":{"allow":["GET"]}}],"collection":[{"href":"https:\/\/www.biokari.sk\/ro\/wp-json\/wp\/v2\/product"}],"about":[{"href":"https:\/\/www.biokari.sk\/ro\/wp-json\/wp\/v2\/types\/product"}],"replies":[{"embeddable":true,"href":"https:\/\/www.biokari.sk\/ro\/wp-json\/wp\/v2\/comments?post=9278"}],"wp:featuredmedia":[{"embeddable":true,"href":"https:\/\/www.biokari.sk\/ro\/wp-json\/wp\/v2\/media\/9598"}],"wp:attachment":[{"href":"https:\/\/www.biokari.sk\/ro\/wp-json\/wp\/v2\/media?parent=9278"}],"wp:term":[{"taxonomy":"product_brand","embeddable":true,"href":"https:\/\/www.biokari.sk\/ro\/wp-json\/wp\/v2\/product_brand?post=9278"},{"taxonomy":"product_cat","embeddable":true,"href":"https:\/\/www.biokari.sk\/ro\/wp-json\/wp\/v2\/product_cat?post=9278"},{"taxonomy":"product_tag","embeddable":true,"href":"https:\/\/www.biokari.sk\/ro\/wp-json\/wp\/v2\/product_tag?post=9278"}],"curies":[{"name":"wp","href":"https:\/\/api.w.org\/{rel}","templated":true}]}}