{"id":9280,"date":"2025-07-01T14:37:55","date_gmt":"2025-07-01T12:37:55","guid":{"rendered":"https:\/\/www.biokari.sk\/produkt\/nordvital-l-gultamin-prasok-250g\/"},"modified":"2026-04-16T19:03:46","modified_gmt":"2026-04-16T17:03:46","slug":"nordvital-l-gultamin-prasok-250g","status":"publish","type":"product","link":"https:\/\/www.biokari.sk\/ro\/produs\/nordvital-l-gultamin-prasok-250g\/","title":{"rendered":"Nordvital L-Gultamine pulbere 250g"},"content":{"rendered":"<hr data-start=\"66\" data-end=\"69\" \/>\n<p data-start=\"247\" data-end=\"527\">L-glutamina este aminoacidul care se g\u0103se\u0219te \u00een cele mai mari cantit\u0103\u021bi \u00een corpul uman \u0219i joac\u0103 un rol cheie \u00een multe procese biologice. Este unul dintre blocurile de baz\u0103 \u00een sinteza proteinelor, ajut\u0103 la recuperarea muscular\u0103 \u0219i la repararea \u021besuturilor dup\u0103 stresul fizic. De asemenea, sus\u021bine sistemul imunitar \u0219i contribuie la men\u021binerea echilibrului \u00een tractul digestiv, \u00een special ca nutri\u021bie pentru celulele mucoasei intestinale. Nordvital L-Glutamin\u0103 este ideal pentru sportivi \u0219i pentru oricine dore\u0219te s\u0103 \u00ee\u0219i men\u021bin\u0103 vitalitatea, echilibrul \u0219i energia \u00een timpul zilelor aglomerate.<\/p>\n<p><strong data-start=\"820\" data-end=\"833\">Compozi\u021bie: <\/strong>100 % L-Glutamin\u0103<\/p>\n<p data-start=\"820\" data-end=\"953\"><strong data-start=\"855\" data-end=\"868\">Alergeni:<\/strong> Fabricat \u00eentr-o fabric\u0103 care proceseaz\u0103 arahide, nuci \u0219i semin\u021be de susan.<\/p>\n<p data-start=\"960\" data-end=\"1117\"><strong data-start=\"960\" data-end=\"986\">Doza recomandat\u0103: <\/strong>Amesteca\u021bi 10 g de pulbere \u00eentr-un pahar cu ap\u0103 sau cu b\u0103utura dvs. preferat\u0103.<\/p>\n<p data-start=\"1119\" data-end=\"1313\"><strong data-start=\"1119\" data-end=\"1135\">Avertisment: <\/strong>Un supliment nutritiv nu \u00eenlocuie\u0219te o diet\u0103 variat\u0103 \u0219i echilibrat\u0103 sau un stil de via\u021b\u0103 s\u0103n\u0103tos. Nu lua\u021bi produsul dac\u0103 sunte\u021bi alergic sau hipersensibil la oricare dintre ingredientele sale. Nu dep\u0103\u0219i\u021bi doza zilnic\u0103 recomandat\u0103!<\/p>\n<p data-start=\"1320\" data-end=\"1368\"><strong data-start=\"1320\" data-end=\"1368\">Valori nutri\u021bionale medii per 100 g de produs: <br \/><\/strong>Energie: 1700 kJ \/ 400 kcal<br \/>Gr\u0103simi: 0 g din care saturate: 0 g<br \/>Carbohidra\u021bi: 0 g din care zaharuri: 0 g<br \/>Proteine (L-glutamin\u0103): 100g<\/p>\n\n\n<p><strong>Greutate: <\/strong>250g<\/p>\n\n\n\n<p><\/p>","protected":false},"excerpt":{"rendered":"<p>L-glutam\u00edn je aminokyselina, ktor\u00e1 sa nach\u00e1dza v najv\u00e4\u010d\u0161om mno\u017estve v \u013eudskom tele a zohr\u00e1va k\u013e\u00fa\u010dov\u00fa \u00falohu v mnoh\u00fdch biologick\u00fdch procesoch. Je jedn\u00fdm zo z\u00e1kladn\u00fdch stavebn\u00fdch kame\u0148ov pri synt\u00e9ze bielkov\u00edn, pom\u00e1ha pri regener\u00e1cii svalov a obnove tkan\u00edv po fyzickej z\u00e1\u0165a\u017ei.\u00a0Z\u00e1rove\u0148 podporuje imunitn\u00fd syst\u00e9m a prispieva k udr\u017eaniu rovnov\u00e1hy v tr\u00e1viacom trakte, najm\u00e4 ako v\u00fd\u017eiva pre bunky [&hellip;]<\/p>","protected":false},"featured_media":9596,"comment_status":"open","ping_status":"closed","template":"","meta":{"inline_featured_image":false},"product_brand":[112],"product_cat":[69,141,140],"product_tag":[],"class_list":{"0":"post-9280","1":"product","2":"type-product","3":"status-publish","4":"has-post-thumbnail","6":"product_brand-nordvital","7":"product_cat-vyzivove-doplnky","8":"product_cat-chudnutie","9":"product_cat-posilnenie-imunity","11":"first","12":"instock","13":"taxable","14":"shipping-taxable","15":"purchasable","16":"product-type-simple"},"aioseo_notices":[],"_links":{"self":[{"href":"https:\/\/www.biokari.sk\/ro\/wp-json\/wp\/v2\/product\/9280","targetHints":{"allow":["GET"]}}],"collection":[{"href":"https:\/\/www.biokari.sk\/ro\/wp-json\/wp\/v2\/product"}],"about":[{"href":"https:\/\/www.biokari.sk\/ro\/wp-json\/wp\/v2\/types\/product"}],"replies":[{"embeddable":true,"href":"https:\/\/www.biokari.sk\/ro\/wp-json\/wp\/v2\/comments?post=9280"}],"wp:featuredmedia":[{"embeddable":true,"href":"https:\/\/www.biokari.sk\/ro\/wp-json\/wp\/v2\/media\/9596"}],"wp:attachment":[{"href":"https:\/\/www.biokari.sk\/ro\/wp-json\/wp\/v2\/media?parent=9280"}],"wp:term":[{"taxonomy":"product_brand","embeddable":true,"href":"https:\/\/www.biokari.sk\/ro\/wp-json\/wp\/v2\/product_brand?post=9280"},{"taxonomy":"product_cat","embeddable":true,"href":"https:\/\/www.biokari.sk\/ro\/wp-json\/wp\/v2\/product_cat?post=9280"},{"taxonomy":"product_tag","embeddable":true,"href":"https:\/\/www.biokari.sk\/ro\/wp-json\/wp\/v2\/product_tag?post=9280"}],"curies":[{"name":"wp","href":"https:\/\/api.w.org\/{rel}","templated":true}]}}