{"id":9282,"date":"2025-07-01T14:37:55","date_gmt":"2025-07-01T12:37:55","guid":{"rendered":"https:\/\/www.biokari.sk\/produkt\/nordvital-hovezy-kolagen-300g\/"},"modified":"2026-01-27T08:41:55","modified_gmt":"2026-01-27T07:41:55","slug":"nordvital-hovezy-kolagen-300g","status":"publish","type":"product","link":"https:\/\/www.biokari.sk\/ro\/produs\/nordvital-hovezy-kolagen-300g\/","title":{"rendered":"Nordvital Colagen bovin 300g"},"content":{"rendered":"<p data-start=\"1177\" data-end=\"1468\">Nordvital Hov\u00e4dz\u00ed kolag\u00e9n obsahuje kolag\u00e9nov\u00e9 peptidy zna\u010dky Rousselot\u00ae typu I a III s vysok\u00fdm obsahom bielkov\u00edn (~90\u202f%). V\u010faka svojmu aminokyselinov\u00e9mu profilu a v\u00fdbornej rozpustnosti sa dobre mie\u0161a s tepl\u00fdmi aj studen\u00fdmi n\u00e1pojmi a \u013eahko sa za\u010dlen\u00ed do ka\u017edodenn\u00e9ho jed\u00e1lni\u010dka.<\/p>\n<p data-start=\"1470\" data-end=\"1511\"><strong data-start=\"1470\" data-end=\"1509\">\u00da\u010dinn\u00e1 l\u00e1tka v dennej d\u00e1vke (10 g):<br \/>\n<\/strong>Hydrolyzovan\u00fd hov\u00e4dz\u00ed kolag\u00e9n (Rousselot\u00ae) \u2013 10 000 mg<\/p>\n<p data-start=\"1570\" data-end=\"1636\"><strong data-start=\"1570\" data-end=\"1584\">Rousselot\u00ae<\/strong> je registrovan\u00e1 ochrann\u00e1 zn\u00e1mka skupiny Vion Group.<\/p>\n<p data-start=\"1638\" data-end=\"1767\"><strong data-start=\"1638\" data-end=\"1654\">Depozitare: <\/strong>Na suchom mieste, chr\u00e1nenom pred priamym slne\u010dn\u00fdm \u017eiaren\u00edm, pri izbovej teplote. Uchov\u00e1vajte mimo dosahu det\u00ed.<\/p>\n<p data-start=\"1769\" data-end=\"1787\"><strong data-start=\"1769\" data-end=\"1785\">Avertisment: <\/strong>Neprekra\u010dujte odpor\u00fa\u010dan\u00fa denn\u00fa d\u00e1vku. V\u00fd\u017eivov\u00fd doplnok nenahr\u00e1dza pestr\u00fa a vyv\u00e1\u017een\u00fa stravu ani zdrav\u00fd \u017eivotn\u00fd \u0161t\u00fdl. Uchov\u00e1vajte mimo dosahu det\u00ed!<\/p>\n<p data-start=\"1945\" data-end=\"2035\"><strong data-start=\"1945\" data-end=\"1972\">Alerg\u00e9nov\u00e9 upozornenie: <\/strong>Fabricat \u00eentr-o fabric\u0103 care proceseaz\u0103 arahide, nuci \u0219i semin\u021be de susan.<\/p>\n<p data-start=\"1945\" data-end=\"2035\"><strong>Greutate:<\/strong> 300g<\/p>","protected":false},"excerpt":{"rendered":"<p>Nordvital Hov\u00e4dz\u00ed kolag\u00e9n obsahuje kolag\u00e9nov\u00e9 peptidy zna\u010dky Rousselot\u00ae typu I a III s vysok\u00fdm obsahom bielkov\u00edn (~90\u202f%). V\u010faka svojmu aminokyselinov\u00e9mu profilu a v\u00fdbornej rozpustnosti sa dobre mie\u0161a s tepl\u00fdmi aj studen\u00fdmi n\u00e1pojmi a \u013eahko sa za\u010dlen\u00ed do ka\u017edodenn\u00e9ho jed\u00e1lni\u010dka. \u00da\u010dinn\u00e1 l\u00e1tka v dennej d\u00e1vke (10 g): Hydrolyzovan\u00fd hov\u00e4dz\u00ed kolag\u00e9n (Rousselot\u00ae) \u2013 10 000 mg Rousselot\u00ae [&hellip;]<\/p>","protected":false},"featured_media":9589,"comment_status":"open","ping_status":"closed","template":"","meta":{"inline_featured_image":false},"product_brand":[112],"product_cat":[71],"product_tag":[],"class_list":{"0":"post-9282","1":"product","2":"type-product","3":"status-publish","4":"has-post-thumbnail","6":"product_brand-nordvital","7":"product_cat-potraviny","9":"first","10":"onbackorder","11":"taxable","12":"shipping-taxable","13":"purchasable","14":"product-type-simple"},"aioseo_notices":[],"_links":{"self":[{"href":"https:\/\/www.biokari.sk\/ro\/wp-json\/wp\/v2\/product\/9282","targetHints":{"allow":["GET"]}}],"collection":[{"href":"https:\/\/www.biokari.sk\/ro\/wp-json\/wp\/v2\/product"}],"about":[{"href":"https:\/\/www.biokari.sk\/ro\/wp-json\/wp\/v2\/types\/product"}],"replies":[{"embeddable":true,"href":"https:\/\/www.biokari.sk\/ro\/wp-json\/wp\/v2\/comments?post=9282"}],"wp:featuredmedia":[{"embeddable":true,"href":"https:\/\/www.biokari.sk\/ro\/wp-json\/wp\/v2\/media\/9589"}],"wp:attachment":[{"href":"https:\/\/www.biokari.sk\/ro\/wp-json\/wp\/v2\/media?parent=9282"}],"wp:term":[{"taxonomy":"product_brand","embeddable":true,"href":"https:\/\/www.biokari.sk\/ro\/wp-json\/wp\/v2\/product_brand?post=9282"},{"taxonomy":"product_cat","embeddable":true,"href":"https:\/\/www.biokari.sk\/ro\/wp-json\/wp\/v2\/product_cat?post=9282"},{"taxonomy":"product_tag","embeddable":true,"href":"https:\/\/www.biokari.sk\/ro\/wp-json\/wp\/v2\/product_tag?post=9282"}],"curies":[{"name":"wp","href":"https:\/\/api.w.org\/{rel}","templated":true}]}}