{"id":9284,"date":"2025-07-01T14:37:55","date_gmt":"2025-07-01T12:37:55","guid":{"rendered":"https:\/\/www.biokari.sk\/produkt\/nordvital-taurin-prasok-250g\/"},"modified":"2026-04-10T19:02:49","modified_gmt":"2026-04-10T17:02:49","slug":"nordvital-taurin-prasok-250g","status":"publish","type":"product","link":"https:\/\/www.biokari.sk\/ro\/produs\/nordvital-taurin-prasok-250g\/","title":{"rendered":"Nordvital Taurin\u0103 pulbere 250g"},"content":{"rendered":"<p data-start=\"704\" data-end=\"961\">Taur\u00edn je s\u00edru obsahuj\u00faca neprote\u00ednov\u00e1 aminokyselina, ktor\u00e1 sa m\u00f4\u017ee podie\u013ea\u0165 na r\u00f4znych metabolick\u00fdch procesoch v \u013eudskom tele. Prirodzene sa vyskytuje v organizme a nach\u00e1dza sa aj v potravin\u00e1ch, ako s\u00fa m\u00e4so, ryby, mlie\u010dne v\u00fdrobky a matersk\u00e9 mlieko.\u00a0Taur\u00edn je ob\u013e\u00fabenou zlo\u017ekou medzi t\u00fdmi, ktor\u00ed sa zameriavaj\u00fa na vedom\u00e9 dop\u013a\u0148anie v\u00fd\u017eivy, najm\u00e4 pri akt\u00edvnom \u017eivotnom \u0161t\u00fdle alebo \u0161pecifick\u00fdch v\u00fd\u017eivov\u00fdch cie\u013eoch.<\/p>\n<p data-start=\"850\" data-end=\"909\"><strong data-start=\"850\" data-end=\"867\">Ingredient activ:<\/strong> 100\u202f% taur\u00edn<br data-start=\"880\" data-end=\"883\" \/><strong data-start=\"883\" data-end=\"896\">Compozi\u021bie:<\/strong> 100\u202f% taur\u00edn<\/p>\n<p data-start=\"911\" data-end=\"1000\"><strong data-start=\"911\" data-end=\"926\">Dozaj: <\/strong>Rozmie\u0161ajte 1 g pr\u00e1\u0161ku v poh\u00e1ri vody alebo ob\u013e\u00faben\u00e9ho n\u00e1poja, 1\u00d7 denne.<\/p>\n<p data-start=\"1002\" data-end=\"1141\"><strong data-start=\"1002\" data-end=\"1018\">Depozitare: <\/strong>Skladujte na suchom mieste, chr\u00e1nenom pred priamym slne\u010dn\u00fdm \u017eiaren\u00edm, pri izbovej teplote. Uchov\u00e1vajte mimo dosahu det\u00ed.<\/p>\n<p data-start=\"1143\" data-end=\"1161\"><strong data-start=\"1143\" data-end=\"1159\">Avertisment: <\/strong>Neprekra\u010dujte odpor\u00fa\u010dan\u00fa denn\u00fa d\u00e1vku! V\u00fd\u017eivov\u00fd doplnok nie je n\u00e1hradou pestrej a vyv\u00e1\u017eenej stravy ani zdrav\u00e9ho \u017eivotn\u00e9ho \u0161t\u00fdlu. Uchov\u00e1vajte mimo dosahu det\u00ed!\u00a0<\/p>\n<p data-start=\"1331\" data-end=\"1421\"><strong data-start=\"1331\" data-end=\"1358\">Alerg\u00e9nov\u00e9 upozornenie: <\/strong>Fabricat \u00eentr-o fabric\u0103 care proceseaz\u0103 arahide, nuci \u0219i semin\u021be de susan.<\/p>\n\n\n<p><strong>Greutate:<\/strong> 250g<\/p>\n\n\n\n<p>A se p\u0103stra \u00eentr-un loc uscat. <br><strong>Perioada minim\u0103 de valabilitate p\u00e2n\u0103 la:<\/strong> V\u00ed\u010f na obale. <\/p>\n\n\n\n<p><\/p>","protected":false},"excerpt":{"rendered":"<p>Taur\u00edn je s\u00edru obsahuj\u00faca neprote\u00ednov\u00e1 aminokyselina, ktor\u00e1 sa m\u00f4\u017ee podie\u013ea\u0165 na r\u00f4znych metabolick\u00fdch procesoch v \u013eudskom tele. Prirodzene sa vyskytuje v organizme a nach\u00e1dza sa aj v potravin\u00e1ch, ako s\u00fa m\u00e4so, ryby, mlie\u010dne v\u00fdrobky a matersk\u00e9 mlieko.\u00a0Taur\u00edn je ob\u013e\u00fabenou zlo\u017ekou medzi t\u00fdmi, ktor\u00ed sa zameriavaj\u00fa na vedom\u00e9 dop\u013a\u0148anie v\u00fd\u017eivy, najm\u00e4 pri akt\u00edvnom \u017eivotnom \u0161t\u00fdle alebo [&hellip;]<\/p>","protected":false},"featured_media":9563,"comment_status":"open","ping_status":"closed","template":"","meta":{"inline_featured_image":false},"product_brand":[112],"product_cat":[69],"product_tag":[],"class_list":{"0":"post-9284","1":"product","2":"type-product","3":"status-publish","4":"has-post-thumbnail","6":"product_brand-nordvital","7":"product_cat-vyzivove-doplnky","9":"first","10":"instock","11":"taxable","12":"shipping-taxable","13":"purchasable","14":"product-type-simple"},"aioseo_notices":[],"_links":{"self":[{"href":"https:\/\/www.biokari.sk\/ro\/wp-json\/wp\/v2\/product\/9284","targetHints":{"allow":["GET"]}}],"collection":[{"href":"https:\/\/www.biokari.sk\/ro\/wp-json\/wp\/v2\/product"}],"about":[{"href":"https:\/\/www.biokari.sk\/ro\/wp-json\/wp\/v2\/types\/product"}],"replies":[{"embeddable":true,"href":"https:\/\/www.biokari.sk\/ro\/wp-json\/wp\/v2\/comments?post=9284"}],"wp:featuredmedia":[{"embeddable":true,"href":"https:\/\/www.biokari.sk\/ro\/wp-json\/wp\/v2\/media\/9563"}],"wp:attachment":[{"href":"https:\/\/www.biokari.sk\/ro\/wp-json\/wp\/v2\/media?parent=9284"}],"wp:term":[{"taxonomy":"product_brand","embeddable":true,"href":"https:\/\/www.biokari.sk\/ro\/wp-json\/wp\/v2\/product_brand?post=9284"},{"taxonomy":"product_cat","embeddable":true,"href":"https:\/\/www.biokari.sk\/ro\/wp-json\/wp\/v2\/product_cat?post=9284"},{"taxonomy":"product_tag","embeddable":true,"href":"https:\/\/www.biokari.sk\/ro\/wp-json\/wp\/v2\/product_tag?post=9284"}],"curies":[{"name":"wp","href":"https:\/\/api.w.org\/{rel}","templated":true}]}}