{"id":9286,"date":"2025-07-01T14:37:56","date_gmt":"2025-07-01T12:37:56","guid":{"rendered":"https:\/\/www.biokari.sk\/produkt\/nordvital-cajova-zmes-na-chudnutie-90g\/"},"modified":"2026-01-27T08:41:55","modified_gmt":"2026-01-27T07:41:55","slug":"nordvital-cajova-zmes-na-chudnutie-90g","status":"publish","type":"product","link":"https:\/\/www.biokari.sk\/ro\/produs\/amestec-de-ceai-nordvital-pentru-pierderea-in-greutate-90g\/","title":{"rendered":"Nordvital Slimming Tea Blend 90g"},"content":{"rendered":"<p data-start=\"1458\" data-end=\"1766\">R\u0103core\u0219te-te \u0219i bucur\u0103-te de armonia perfect\u0103 a aromelor!<br data-start=\"1511\" data-end=\"1514\" \/>Acest amestec de ceai parfumat compus din 100 de plante naturale % combin\u0103 gustul caracteristic al frunzelor de mate, utilizarea tradi\u021bional\u0103 a urzicii \u0219i a mesteac\u0103nului, prospe\u021bimea mentei, caracterul \u00eenc\u0103lzitor al ghimbirului \u0219i aroma subtil dulce a scor\u021bi\u0219oarei de Ceylon.<\/p>\n<p data-start=\"1768\" data-end=\"1783\"><strong data-start=\"1768\" data-end=\"1781\">Compozi\u021bie: <\/strong>Mate frunze (<em data-start=\"1798\" data-end=\"1811\">Folie Mate<\/em>), frunze de urzic\u0103 (<em data-start=\"1832\" data-end=\"1848\">Urticae folium<\/em>), frunze de mesteac\u0103n (<em data-start=\"1867\" data-end=\"1883\">Betulae folium<\/em>), ment\u0103 (<em data-start=\"1904\" data-end=\"1930\">Menthae piperitae folium<\/em>), r\u0103d\u0103cin\u0103 de ghimbir (<em data-start=\"1951\" data-end=\"1971\">Zingiber rhizoma<\/em>), scoar\u021b\u0103 de scor\u021bi\u0219oar\u0103 - Ceylon (<em data-start=\"2005\" data-end=\"2023\">Cinnamomi cortex<\/em>)<\/p>\n<p data-start=\"2026\" data-end=\"2181\"><strong data-start=\"2026\" data-end=\"2052\">Preparare \u0219i dozare: <\/strong>Se toarn\u0103 2 linguri\u021be de amestec peste 2,5 dl de ap\u0103 clocotit\u0103, se acoper\u0103 \u0219i se las\u0103 la infuzat timp de 15 minute. <br \/><strong data-start=\"2143\" data-end=\"2170\">Doza zilnic\u0103 recomandat\u0103:<\/strong> 2-3 c\u0103ni.<\/p>\n<p data-start=\"2183\" data-end=\"2485\"><strong>Avertisment:<\/strong> Nordvital Metabolism Support Tea Blend este un aliment, nu un substitut pentru tratamentul medical.<br data-start=\"2292\" data-end=\"2295\" \/>Nu utiliza\u021bi dac\u0103 sunte\u021bi alergic sau hipersensibil la oricare dintre ingrediente.<br data-start=\"2368\" data-end=\"2371\" \/>Dac\u0103 lua\u021bi medicamente \u00een mod regulat sau sunte\u021bi sub supraveghere medical\u0103, consulta\u021bi medicul sau farmacistul \u00eenainte de a-l lua.<\/p>\n\n\n<p><strong>Greutate:<\/strong> 90g<\/p>\n\n\n\n<p>A se p\u0103stra \u00eentr-un loc uscat. <\/p>","protected":false},"excerpt":{"rendered":"<p>Osvie\u017e sa a vychutnaj si dokonal\u00fa harm\u00f3niu chut\u00ed!T\u00e1to vo\u0148av\u00e1 \u010dajov\u00e1 zmes zlo\u017een\u00e1 zo 100\u202f% pr\u00edrodn\u00fdch byl\u00edn sp\u00e1ja charakteristick\u00fa chu\u0165 mat\u00e9 listov, tradi\u010dn\u00e9 pou\u017eitie \u017eih\u013eavy a brezy, svie\u017eos\u0165 m\u00e4ty piepornej, hrejiv\u00fd charakter z\u00e1zvoru a jemne sladkast\u00fa ar\u00f3mu cejl\u00f3nskej \u0161korice. Zlo\u017eenie: Listy mat\u00e9 (Mat\u00e9 folium), Listy \u017eih\u013eavy (Urticae folium), Listy brezy (Betulae folium), M\u00e4ta pieporn\u00e1 (Menthae piperitae [&hellip;]<\/p>","protected":false},"featured_media":9583,"comment_status":"open","ping_status":"closed","template":"","meta":{"inline_featured_image":false},"product_brand":[112],"product_cat":[69],"product_tag":[],"class_list":{"0":"post-9286","1":"product","2":"type-product","3":"status-publish","4":"has-post-thumbnail","6":"product_brand-nordvital","7":"product_cat-vyzivove-doplnky","9":"first","10":"instock","11":"taxable","12":"shipping-taxable","13":"purchasable","14":"product-type-simple"},"aioseo_notices":[],"_links":{"self":[{"href":"https:\/\/www.biokari.sk\/ro\/wp-json\/wp\/v2\/product\/9286","targetHints":{"allow":["GET"]}}],"collection":[{"href":"https:\/\/www.biokari.sk\/ro\/wp-json\/wp\/v2\/product"}],"about":[{"href":"https:\/\/www.biokari.sk\/ro\/wp-json\/wp\/v2\/types\/product"}],"replies":[{"embeddable":true,"href":"https:\/\/www.biokari.sk\/ro\/wp-json\/wp\/v2\/comments?post=9286"}],"wp:featuredmedia":[{"embeddable":true,"href":"https:\/\/www.biokari.sk\/ro\/wp-json\/wp\/v2\/media\/9583"}],"wp:attachment":[{"href":"https:\/\/www.biokari.sk\/ro\/wp-json\/wp\/v2\/media?parent=9286"}],"wp:term":[{"taxonomy":"product_brand","embeddable":true,"href":"https:\/\/www.biokari.sk\/ro\/wp-json\/wp\/v2\/product_brand?post=9286"},{"taxonomy":"product_cat","embeddable":true,"href":"https:\/\/www.biokari.sk\/ro\/wp-json\/wp\/v2\/product_cat?post=9286"},{"taxonomy":"product_tag","embeddable":true,"href":"https:\/\/www.biokari.sk\/ro\/wp-json\/wp\/v2\/product_tag?post=9286"}],"curies":[{"name":"wp","href":"https:\/\/api.w.org\/{rel}","templated":true}]}}