{"id":9292,"date":"2025-07-01T14:37:57","date_gmt":"2025-07-01T12:37:57","guid":{"rendered":"https:\/\/www.biokari.sk\/produkt\/gal-taurin-prasok-500g\/"},"modified":"2026-01-27T08:41:55","modified_gmt":"2026-01-27T07:41:55","slug":"gal-taurin-prasok-500g","status":"publish","type":"product","link":"https:\/\/www.biokari.sk\/ro\/produs\/gal-taurin-prasok-500g\/","title":{"rendered":"Gal Taurin\u0103 pulbere 500g"},"content":{"rendered":"<p data-start=\"155\" data-end=\"439\"><strong data-start=\"155\" data-end=\"174\">GAL 100% Taur\u00edn<\/strong> je vysoko kvalitn\u00fd, \u010dist\u00fd pr\u00e1\u0161ok bez pr\u00eddavn\u00fdch l\u00e1tok, ktor\u00fd podporuje prirodzen\u00fa hladinu taur\u00ednu v organizme. Taur\u00edn je s\u00edru obsahuj\u00faca aminokyselina, ktor\u00e1 zohr\u00e1va k\u013e\u00fa\u010dov\u00fa \u00falohu v \u010dinnosti nervov\u00e9ho syst\u00e9mu, srdcovo-cievneho syst\u00e9mu, l\u00e1tkovej premeny a pe\u010dene.<\/p>\n<h4 data-start=\"441\" data-end=\"464\"><strong data-start=\"445\" data-end=\"462\">Hlavn\u00e9 v\u00fdhody<\/strong><\/h4>\n<ul data-start=\"465\" data-end=\"1114\">\n<li data-start=\"465\" data-end=\"575\">\n<p data-start=\"467\" data-end=\"575\"><strong data-start=\"467\" data-end=\"490\">Srdce a krvn\u00fd obeh:<\/strong> prispieva k udr\u017eaniu norm\u00e1lneho krvn\u00e9ho tlaku, podporuje zdravie cievneho syst\u00e9mu.<\/p>\n<\/li>\n<li data-start=\"576\" data-end=\"715\">\n<p data-start=\"578\" data-end=\"715\"><strong data-start=\"578\" data-end=\"606\">Metabolizmus a hmotnos\u0165:<\/strong> podporuje metabolizmus tukov, zni\u017euje hladinu triglyceridov, m\u00f4\u017ee pom\u00e1ha\u0165 pri redukcii telesnej hmotnosti.<\/p>\n<\/li>\n<li data-start=\"716\" data-end=\"816\">\n<p data-start=\"718\" data-end=\"816\"><strong data-start=\"718\" data-end=\"744\">Krvn\u00fd cukor a inzul\u00edn:<\/strong> zlep\u0161uje citlivos\u0165 na inzul\u00edn, pom\u00e1ha regulova\u0165 hladinu cukru v krvi.<\/p>\n<\/li>\n<li data-start=\"817\" data-end=\"919\">\n<p data-start=\"819\" data-end=\"919\"><strong data-start=\"819\" data-end=\"843\">Pe\u010de\u0148 a detoxik\u00e1cia:<\/strong> podporuje funkciu pe\u010dene, zni\u017euje po\u0161kodenia sp\u00f4soben\u00e9 oxida\u010dn\u00fdm stresom.<\/p>\n<\/li>\n<li data-start=\"920\" data-end=\"1017\">\n<p data-start=\"922\" data-end=\"1017\"><strong data-start=\"922\" data-end=\"941\">\u0160portov\u00fd v\u00fdkon:<\/strong> zvy\u0161uje svalov\u00fa hmotu, zlep\u0161uje vytrvalos\u0165, spoma\u013euje odb\u00faravanie svalov.<\/p>\n<\/li>\n<li data-start=\"1018\" data-end=\"1114\">\n<p data-start=\"1020\" data-end=\"1114\"><strong data-start=\"1020\" data-end=\"1039\">Nervov\u00fd syst\u00e9m:<\/strong> m\u00e1 upokojuj\u00faci \u00fa\u010dinok, prispieva k vyv\u00e1\u017eenej \u010dinnosti nervov\u00e9ho syst\u00e9mu.<\/p>\n<\/li>\n<\/ul>\n<h4 data-start=\"1116\" data-end=\"1136\"><strong data-start=\"1120\" data-end=\"1134\">Dozaj:\u00a0<\/strong>Denn\u00e1 d\u00e1vka: 1 \u010dajov\u00e1 ly\u017ei\u010dka (cca 3 g) rozpusten\u00e1 vo vode alebo v inom n\u00e1poji. Odpor\u00fa\u010dame rozdeli\u0165 na dve \u010dasti (\u00bd ly\u017ei\u010dky r\u00e1no a \u00bd ly\u017ei\u010dky ve\u010der).<\/h4>\n<h4 data-start=\"1289\" data-end=\"1336\"><strong data-start=\"1293\" data-end=\"1334\">Obsah \u00fa\u010dinn\u00fdch l\u00e1tok (1 d\u00e1vka \/ 3 g): <\/strong>Taur\u00edn: <strong data-start=\"1347\" data-end=\"1358\">3000 mg<\/strong><\/h4>\n<h4 data-start=\"1362\" data-end=\"1391\"><strong data-start=\"1366\" data-end=\"1389\">Vlastnosti produktu<\/strong><\/h4>\n<ul data-start=\"1392\" data-end=\"1484\">\n<li data-start=\"1392\" data-end=\"1413\">\n<p data-start=\"1394\" data-end=\"1413\">100% \u010dist\u00fd taur\u00edn<\/p>\n<\/li>\n<li data-start=\"1414\" data-end=\"1457\">\n<p data-start=\"1416\" data-end=\"1457\">Bez glut\u00e9nu, lakt\u00f3zy a pr\u00eddavn\u00fdch l\u00e1tok<\/p>\n<\/li>\n<li data-start=\"1458\" data-end=\"1484\">\n<p data-start=\"1460\" data-end=\"1484\">\u013dahko rozpustn\u00fd pr\u00e1\u0161ok<\/p>\n<\/li>\n<\/ul>\n\n\n<p><strong>Greutate:<\/strong> 500g<br>A se p\u0103stra \u00eentr-un loc uscat.<br><strong>Perioada minim\u0103 de valabilitate p\u00e2n\u0103 la:<\/strong> vezi ambalajul<\/p>","protected":false},"excerpt":{"rendered":"<p>GAL 100% Taur\u00edn je vysoko kvalitn\u00fd, \u010dist\u00fd pr\u00e1\u0161ok bez pr\u00eddavn\u00fdch l\u00e1tok, ktor\u00fd podporuje prirodzen\u00fa hladinu taur\u00ednu v organizme. Taur\u00edn je s\u00edru obsahuj\u00faca aminokyselina, ktor\u00e1 zohr\u00e1va k\u013e\u00fa\u010dov\u00fa \u00falohu v \u010dinnosti nervov\u00e9ho syst\u00e9mu, srdcovo-cievneho syst\u00e9mu, l\u00e1tkovej premeny a pe\u010dene. Hlavn\u00e9 v\u00fdhody Srdce a krvn\u00fd obeh: prispieva k udr\u017eaniu norm\u00e1lneho krvn\u00e9ho tlaku, podporuje zdravie cievneho syst\u00e9mu. Metabolizmus a [&hellip;]<\/p>","protected":false},"featured_media":9293,"comment_status":"open","ping_status":"closed","template":"","meta":{"inline_featured_image":false},"product_brand":[113],"product_cat":[69],"product_tag":[],"class_list":{"0":"post-9292","1":"product","2":"type-product","3":"status-publish","4":"has-post-thumbnail","6":"product_brand-gal","7":"product_cat-vyzivove-doplnky","9":"first","10":"onbackorder","11":"taxable","12":"shipping-taxable","13":"purchasable","14":"product-type-simple"},"aioseo_notices":[],"_links":{"self":[{"href":"https:\/\/www.biokari.sk\/ro\/wp-json\/wp\/v2\/product\/9292","targetHints":{"allow":["GET"]}}],"collection":[{"href":"https:\/\/www.biokari.sk\/ro\/wp-json\/wp\/v2\/product"}],"about":[{"href":"https:\/\/www.biokari.sk\/ro\/wp-json\/wp\/v2\/types\/product"}],"replies":[{"embeddable":true,"href":"https:\/\/www.biokari.sk\/ro\/wp-json\/wp\/v2\/comments?post=9292"}],"wp:featuredmedia":[{"embeddable":true,"href":"https:\/\/www.biokari.sk\/ro\/wp-json\/wp\/v2\/media\/9293"}],"wp:attachment":[{"href":"https:\/\/www.biokari.sk\/ro\/wp-json\/wp\/v2\/media?parent=9292"}],"wp:term":[{"taxonomy":"product_brand","embeddable":true,"href":"https:\/\/www.biokari.sk\/ro\/wp-json\/wp\/v2\/product_brand?post=9292"},{"taxonomy":"product_cat","embeddable":true,"href":"https:\/\/www.biokari.sk\/ro\/wp-json\/wp\/v2\/product_cat?post=9292"},{"taxonomy":"product_tag","embeddable":true,"href":"https:\/\/www.biokari.sk\/ro\/wp-json\/wp\/v2\/product_tag?post=9292"}],"curies":[{"name":"wp","href":"https:\/\/api.w.org\/{rel}","templated":true}]}}