{"id":9294,"date":"2025-07-01T14:37:57","date_gmt":"2025-07-01T12:37:57","guid":{"rendered":"https:\/\/www.biokari.sk\/produkt\/gal-kolagenove-prasok-z-osipanych-300g\/"},"modified":"2026-04-02T19:03:29","modified_gmt":"2026-04-02T17:03:29","slug":"gal-kolagenove-prasok-z-osipanych-300g","status":"publish","type":"product","link":"https:\/\/www.biokari.sk\/ro\/produs\/gal-presa-de-colagen-din-sparanghel-300g\/","title":{"rendered":"Gal Pulbere de colagen porcin 300g"},"content":{"rendered":"<p data-start=\"227\" data-end=\"719\">Acesta con\u021bine colagen sub form\u0103 de peptide de colagen hidrolizate, ceea ce \u00eel face u\u0219or digerabil \u0219i rapid absorbit. Consumul regulat favorizeaz\u0103 hidratarea pielii, reduce ridurile \u0219i contribuie la s\u0103n\u0103tatea p\u0103rului. Promoveaz\u0103 elasticitatea articula\u021biilor \u0219i a cartilajelor, astfel c\u0103 este recomandat \u00een special sportivilor \u0219i genera\u021biei \u00een v\u00e2rst\u0103. \u00cent\u0103re\u0219te unghiile, poate ajuta la reducerea fragilit\u0103\u021bii \u0219i sub\u021bierii patului unghial. O pulbere f\u0103r\u0103 gust \u0219i f\u0103r\u0103 miros, foarte solubil\u0103, u\u0219or de \u00eencorporat \u00een dieta zilnic\u0103.<\/p>\n<h4 data-start=\"726\" data-end=\"746\"><strong data-start=\"729\" data-end=\"744\">Cum s\u0103 lua\u021bi?<\/strong><\/h4>\n<p data-start=\"747\" data-end=\"1026\">Doza zilnic\u0103 recomandat\u0103 este de 10 g de pulbere de colagen (echivalent\u0103 cu o lingur\u0103 plin\u0103). Acesta poate fi amestecat \u00een b\u0103uturi calde \u0219i reci, ad\u0103ugat la smoothie-uri, supe sau iaurt. Consumul zilnic regulat favorizeaz\u0103 s\u0103n\u0103tatea pe termen lung a pielii, p\u0103rului \u0219i articula\u021biilor.<\/p>\n<p data-start=\"1028\" data-end=\"1255\"><strong data-start=\"1028\" data-end=\"1043\">Dozaj:<\/strong> 10 g pe zi (1 lingur\u0103 plin\u0103) de 1-2 ori pe zi. Nu are gust, dar are un miros u\u0219or, a\u0219a c\u0103 se recomand\u0103 amestecarea sa \u00een suc de portocale, cacao sau b\u0103uturi cu lapte \u0219i vanilie, care o acoper\u0103 perfect.<\/p>\n<h4 data-start=\"1262\" data-end=\"1299\"><strong data-start=\"1265\" data-end=\"1297\">Cine este recomandat s\u0103 consume?<\/strong><\/h4>\n<ul data-start=\"1300\" data-end=\"1571\">\n<li data-start=\"1300\" data-end=\"1365\">\n<p data-start=\"1302\" data-end=\"1365\">To\u021bi cei care doresc s\u0103 sprijine s\u0103n\u0103tatea pielii, a p\u0103rului \u0219i a articula\u021biilor.<\/p>\n<\/li>\n<li data-start=\"1366\" data-end=\"1432\">\n<p data-start=\"1368\" data-end=\"1432\">Sportivii \u0219i persoanele active, deoarece ajut\u0103 la regenerarea articula\u021biilor.<\/p>\n<\/li>\n<li data-start=\"1433\" data-end=\"1571\">\n<p data-start=\"1435\" data-end=\"1571\">Genera\u021bia mai \u00een v\u00e2rst\u0103, deoarece produc\u021bia de colagen \u00een organism scade odat\u0103 cu v\u00e2rsta, iar suplimentele pot ajuta la men\u021binerea sistemului musculo-scheletic.<\/p>\n<\/li>\n<\/ul>\n<h4 data-start=\"1578\" data-end=\"1613\"><strong data-start=\"1581\" data-end=\"1611\">\u00centreb\u0103ri frecvente (FAQ)<\/strong><\/h4>\n<ul data-start=\"1614\" data-end=\"1925\">\n<li data-start=\"1614\" data-end=\"1666\">\n<p data-start=\"1616\" data-end=\"1666\">Produsul con\u021bine 100 % colagen bovin natural.<\/p>\n<\/li>\n<li data-start=\"1667\" data-end=\"1721\">\n<p data-start=\"1669\" data-end=\"1721\">Nu con\u021bine aditivi artificiali, coloran\u021bi sau conservan\u021bi.<\/p>\n<\/li>\n<li data-start=\"1722\" data-end=\"1802\">\n<p data-start=\"1724\" data-end=\"1802\">F\u0103r\u0103 gluten, f\u0103r\u0103 lactoz\u0103 \u0219i f\u0103r\u0103 zah\u0103r, u\u0219or de inclus \u00een dietele speciale.<\/p>\n<\/li>\n<li data-start=\"1803\" data-end=\"1872\">\n<p data-start=\"1805\" data-end=\"1872\">Consumat zilnic, acesta favorizeaz\u0103 regenerarea pielii \u0219i a articula\u021biilor.<\/p>\n<\/li>\n<li data-start=\"1873\" data-end=\"1925\">\n<p data-start=\"1875\" data-end=\"1925\">Efectele sunt mai vizibile \u00een cazul utiliz\u0103rii pe termen lung.\u00d3<\/p>\n<\/li>\n<\/ul>\n<h4 data-start=\"2541\" data-end=\"2562\"><strong data-start=\"2544\" data-end=\"2560\">Avertismente:<\/strong><\/h4>\n<ul data-start=\"2563\" data-end=\"2719\">\n<li data-start=\"2563\" data-end=\"2604\">\n<p data-start=\"2565\" data-end=\"2604\">Nu dep\u0103\u0219i\u021bi doza zilnic\u0103 recomandat\u0103!<\/p>\n<\/li>\n<li data-start=\"2605\" data-end=\"2685\">\n<p data-start=\"2607\" data-end=\"2685\">Un supliment nutritiv nu \u00eenlocuie\u0219te o diet\u0103 echilibrat\u0103 \u0219i variat\u0103 sau un stil de via\u021b\u0103 s\u0103n\u0103tos.<\/p>\n<\/li>\n<li data-start=\"2686\" data-end=\"2719\">\n<p data-start=\"2688\" data-end=\"2719\">A nu se l\u0103sa la \u00eendem\u00e2na copiilor!<\/p>\n<\/li>\n<\/ul>\n<p><strong>Greutate:<\/strong> 300g<br \/>\nA se p\u0103stra \u00eentr-un loc uscat.<br \/>\n<strong>Perioada minim\u0103 de valabilitate p\u00e2n\u0103 la:<\/strong> vezi ambalajul<\/p>","protected":false},"excerpt":{"rendered":"<p>Obsahuje kolag\u00e9n vo forme hydrolyzovan\u00fdch kolag\u00e9nov\u00fdch peptidov, v\u010faka \u010domu je \u013eahko str\u00e1vite\u013en\u00fd a r\u00fdchlo sa vstreb\u00e1va. Pravideln\u00e1 konzum\u00e1cia podporuje hydrat\u00e1ciu poko\u017eky, zni\u017euje vr\u00e1sky a prispieva k zdraviu vlasov. Podporuje pru\u017enos\u0165 k\u013abov a chrupaviek, preto je obzvl\u00e1\u0161\u0165 odpor\u00fa\u010dan\u00fd pre \u0161portovcov a star\u0161iu gener\u00e1ciu. Spev\u0148uje nechty, m\u00f4\u017ee pom\u00f4c\u0165 zn\u00ed\u017ei\u0165 l\u00e1mavos\u0165 a sten\u010denie nechtov\u00e9ho l\u00f4\u017eka. Bez chuti a [&hellip;]<\/p>","protected":false},"featured_media":9760,"comment_status":"open","ping_status":"closed","template":"","meta":{"inline_featured_image":false},"product_brand":[113],"product_cat":[69,146,145],"product_tag":[],"class_list":{"0":"post-9294","1":"product","2":"type-product","3":"status-publish","4":"has-post-thumbnail","6":"product_brand-gal","7":"product_cat-vyzivove-doplnky","8":"product_cat-klby-a-reuma","9":"product_cat-krasa","11":"first","12":"instock","13":"taxable","14":"shipping-taxable","15":"purchasable","16":"product-type-simple"},"aioseo_notices":[],"_links":{"self":[{"href":"https:\/\/www.biokari.sk\/ro\/wp-json\/wp\/v2\/product\/9294","targetHints":{"allow":["GET"]}}],"collection":[{"href":"https:\/\/www.biokari.sk\/ro\/wp-json\/wp\/v2\/product"}],"about":[{"href":"https:\/\/www.biokari.sk\/ro\/wp-json\/wp\/v2\/types\/product"}],"replies":[{"embeddable":true,"href":"https:\/\/www.biokari.sk\/ro\/wp-json\/wp\/v2\/comments?post=9294"}],"wp:featuredmedia":[{"embeddable":true,"href":"https:\/\/www.biokari.sk\/ro\/wp-json\/wp\/v2\/media\/9760"}],"wp:attachment":[{"href":"https:\/\/www.biokari.sk\/ro\/wp-json\/wp\/v2\/media?parent=9294"}],"wp:term":[{"taxonomy":"product_brand","embeddable":true,"href":"https:\/\/www.biokari.sk\/ro\/wp-json\/wp\/v2\/product_brand?post=9294"},{"taxonomy":"product_cat","embeddable":true,"href":"https:\/\/www.biokari.sk\/ro\/wp-json\/wp\/v2\/product_cat?post=9294"},{"taxonomy":"product_tag","embeddable":true,"href":"https:\/\/www.biokari.sk\/ro\/wp-json\/wp\/v2\/product_tag?post=9294"}],"curies":[{"name":"wp","href":"https:\/\/api.w.org\/{rel}","templated":true}]}}