{"id":9300,"date":"2025-07-01T14:37:58","date_gmt":"2025-07-01T12:37:58","guid":{"rendered":"https:\/\/www.biokari.sk\/produkt\/nordvital-kreatin-prasok-500g\/"},"modified":"2026-05-01T19:01:09","modified_gmt":"2026-05-01T17:01:09","slug":"nordvital-kreatin-prasok-500g","status":"publish","type":"product","link":"https:\/\/www.biokari.sk\/ro\/produs\/nordvital-creatina-prasok-500g\/","title":{"rendered":"Nordvital Creatin\u0103 pulbere 500g"},"content":{"rendered":"<p data-start=\"1462\" data-end=\"1779\">Nordvital Creatin\u0103 Monohidrat Micronizat\u0103 este un supliment alimentar de \u00eenalt\u0103 puritate, f\u0103r\u0103 aditivi, conceput pentru sportivi \u0219i persoane cu un stil de via\u021b\u0103 activ. Forma micronizat\u0103 \u00eenseamn\u0103 particule mai fine, asigur\u00e2nd o solubilitate mai bun\u0103 \u00een ap\u0103 sau alte b\u0103uturi. Ideal pentru a fi luat \u00eenainte sau dup\u0103 un antrenament.<\/p>\n<p data-start=\"1781\" data-end=\"1850\"><strong data-start=\"1781\" data-end=\"1809\">Ingredient\/ingrediente active: <\/strong>100 % creatin\u0103 monohidrat micronizat\u0103<\/p>\n<p data-start=\"1852\" data-end=\"2028\"><strong data-start=\"1852\" data-end=\"1867\">Dozaj: <\/strong>Se amestec\u0103 1 doz\u0103 (5 g) de pulbere cu aproximativ 200 ml de ap\u0103.<br data-start=\"1919\" data-end=\"1922\" \/><strong>Utilizare:<\/strong><br data-start=\"1931\" data-end=\"1934\" \/>- <strong data-start=\"1936\" data-end=\"1956\">\u00een zilele de formare<\/strong>: 15 minute \u00eenainte de antrenament<br data-start=\"1981\" data-end=\"1984\" \/>- <strong data-start=\"1986\" data-end=\"2005\">\u00een zilele de odihn\u0103<\/strong>: diminea\u021ba, cu prima mas\u0103<\/p>\n<p data-start=\"2030\" data-end=\"2137\">Banda de m\u0103surare din pachet este doar pentru m\u0103sur\u0103tori de referin\u021b\u0103. Utiliza\u021bi \u00eentotdeauna un c\u00e2ntar digital pentru un dozaj precis.<\/p>\n<p data-start=\"2139\" data-end=\"2233\"><strong data-start=\"2139\" data-end=\"2155\">Depozitare: <\/strong>\u00centr-un loc uscat, r\u0103coros, departe de copii \u0219i de lumina direct\u0103 a soarelui.<\/p>\n<p data-start=\"2235\" data-end=\"2524\"><strong data-start=\"2235\" data-end=\"2251\">Avertisment: <\/strong>Un supliment nutritiv nu \u00eenlocuie\u0219te o diet\u0103 variat\u0103 \u0219i echilibrat\u0103 sau un stil de via\u021b\u0103 s\u0103n\u0103tos.<br data-start=\"2343\" data-end=\"2346\" \/>Nu dep\u0103\u0219i\u021bi doza zilnic\u0103 recomandat\u0103!<br data-start=\"2383\" data-end=\"2386\" \/>Nu lua\u021bi dac\u0103 sunte\u021bi alergic la oricare dintre ingrediente.<br data-start=\"2441\" data-end=\"2444\" \/>Este recomandat s\u0103 consulta\u021bi un antrenor sau un profesionist medical \u00eenainte de utilizare.<\/p>\n<p data-start=\"1647\" data-end=\"1743\"><strong>Greutate: <\/strong>500g<\/p>\n<p data-start=\"1647\" data-end=\"1743\">A se p\u0103stra \u00eentr-un loc uscat.<br \/>\n<strong>Perioada minim\u0103 de valabilitate p\u00e2n\u0103 la:<\/strong> vezi ambalajul.<\/p>","protected":false},"excerpt":{"rendered":"<p>Nordvital Mikronizovan\u00fd Kreat\u00edn-monohydr\u00e1t je vysoko \u010dist\u00fd doplnok v\u00fd\u017eivy bez pr\u00eddavn\u00fdch l\u00e1tok, ur\u010den\u00fd pre \u0161portovcov a \u013eud\u00ed s akt\u00edvnym \u017eivotn\u00fdm \u0161t\u00fdlom. Mikronizovan\u00e1 forma znamen\u00e1 jemnej\u0161ie \u010dastice, \u010do zais\u0165uje lep\u0161iu rozpustnos\u0165 vo vode alebo inom n\u00e1poji. Ide\u00e1lny na u\u017e\u00edvanie pred alebo po tr\u00e9ningu. \u00da\u010dinn\u00e1 l\u00e1tka \/ Zlo\u017eenie: 100\u202f% mikronizovan\u00fd kreat\u00edn-monohydr\u00e1t D\u00e1vkovanie: Zmie\u0161ajte 1 d\u00e1vku (5 g) pr\u00e1\u0161ku [&hellip;]<\/p>","protected":false},"featured_media":9564,"comment_status":"open","ping_status":"closed","template":"","meta":{"inline_featured_image":false},"product_brand":[112],"product_cat":[69],"product_tag":[],"class_list":{"0":"post-9300","1":"product","2":"type-product","3":"status-publish","4":"has-post-thumbnail","6":"product_brand-nordvital","7":"product_cat-vyzivove-doplnky","9":"first","10":"instock","11":"taxable","12":"shipping-taxable","13":"purchasable","14":"product-type-simple"},"aioseo_notices":[],"_links":{"self":[{"href":"https:\/\/www.biokari.sk\/ro\/wp-json\/wp\/v2\/product\/9300","targetHints":{"allow":["GET"]}}],"collection":[{"href":"https:\/\/www.biokari.sk\/ro\/wp-json\/wp\/v2\/product"}],"about":[{"href":"https:\/\/www.biokari.sk\/ro\/wp-json\/wp\/v2\/types\/product"}],"replies":[{"embeddable":true,"href":"https:\/\/www.biokari.sk\/ro\/wp-json\/wp\/v2\/comments?post=9300"}],"wp:featuredmedia":[{"embeddable":true,"href":"https:\/\/www.biokari.sk\/ro\/wp-json\/wp\/v2\/media\/9564"}],"wp:attachment":[{"href":"https:\/\/www.biokari.sk\/ro\/wp-json\/wp\/v2\/media?parent=9300"}],"wp:term":[{"taxonomy":"product_brand","embeddable":true,"href":"https:\/\/www.biokari.sk\/ro\/wp-json\/wp\/v2\/product_brand?post=9300"},{"taxonomy":"product_cat","embeddable":true,"href":"https:\/\/www.biokari.sk\/ro\/wp-json\/wp\/v2\/product_cat?post=9300"},{"taxonomy":"product_tag","embeddable":true,"href":"https:\/\/www.biokari.sk\/ro\/wp-json\/wp\/v2\/product_tag?post=9300"}],"curies":[{"name":"wp","href":"https:\/\/api.w.org\/{rel}","templated":true}]}}