{"id":9304,"date":"2025-07-01T14:37:59","date_gmt":"2025-07-01T12:37:59","guid":{"rendered":"https:\/\/www.biokari.sk\/produkt\/nordvital-cajova-zmes-na-srdce-90g-2\/"},"modified":"2026-01-27T08:41:55","modified_gmt":"2026-01-27T07:41:55","slug":"nordvital-cajova-zmes-na-srdce-90g-2","status":"publish","type":"product","link":"https:\/\/www.biokari.sk\/ro\/produs\/nordvital-cajova-zmes-na-srdce-90g-2\/","title":{"rendered":"Nordvital Amestec de ceai pentru inim\u0103 90g"},"content":{"rendered":"<p data-start=\"1619\" data-end=\"1952\">\u010cajov\u00e1 zmes Nordvital na podporu srdca obsahuje kvetn\u00e9 konce hlohu, pamajor\u00e1n srdcovit\u00fd, listy medovky, plody \u0161\u00edpky a kvety ibi\u0161teka. Tieto byliny sa v tradi\u010dnom \u013eudovom lie\u010dite\u013estve sp\u00e1jali s podporou komfortu srdcovo-cievneho syst\u00e9mu.<br data-start=\"1865\" data-end=\"1868\" \/>Vyv\u00e1\u017een\u00e1 recept\u00fara pon\u00faka pr\u00edjemn\u00fa chu\u0165 a je vhodn\u00e1 na ka\u017edodenn\u00e9 vedom\u00e9 pitie \u010daju.<\/p>\n<p data-start=\"1954\" data-end=\"1969\"><strong data-start=\"1954\" data-end=\"1967\">Compozi\u021bie:\u00a0<\/strong>Kvetn\u00e9 konce hlohu (Crataegi folium cum flore), Pamajor\u00e1n srdcovit\u00fd (Leonuri cardiacae herba), Listy medovky lek\u00e1rskej (Melissae folium), Plody \u0161\u00edpky (Rosae pseudofructus), Kvety ibi\u0161teka sud\u00e1nskeho (Hibisci sabdariffae flos)<\/p>\n<p data-start=\"2211\" data-end=\"2396\"><strong>N\u00e1vod na pou\u017eitie:<\/strong>1 \u010dajov\u00fa ly\u017ei\u010dku zmesi zalia\u0165 1,5 dl vriacej vody, prikry\u0165 a necha\u0165 l\u00fahova\u0165 10 min\u00fat.<\/p>\n<p data-start=\"2211\" data-end=\"2396\"><strong data-start=\"2324\" data-end=\"2351\">Doza zilnic\u0103 recomandat\u0103:<\/strong> 3\u20134 \u0161\u00e1lky denne, v k\u00fare aspo\u0148 6 t\u00fd\u017ed\u0148ov.<\/p>\n<p data-start=\"2398\" data-end=\"2416\"><strong data-start=\"2398\" data-end=\"2414\">Avertisment: <\/strong>Nevhodn\u00e9 pre tehotn\u00e9 a doj\u010diace \u017eeny. Produkt je potravina, nenahr\u00e1dza lek\u00e1rsku lie\u010dbu. Nevhodn\u00e9 pre osoby s alergiou alebo precitlivenos\u0165ou na niektor\u00fa zo zlo\u017eiek. V pr\u00edpade, \u017ee u\u017e\u00edvate lieky alebo ste v trvalej lek\u00e1rskej starostlivosti, pred pou\u017eit\u00edm sa pora\u010fte s lek\u00e1rom alebo lek\u00e1rnikom.\u00a0<\/p>\n\n\n<p>Hmotnos\u0165: 90g<\/p>\n\n\n\n<p>A se p\u0103stra \u00eentr-un loc uscat. <br><strong>Perioada minim\u0103 de valabilitate p\u00e2n\u0103 la:<\/strong> vezi ambalajul.<\/p>\n\n\n\n<p><\/p>","protected":false},"excerpt":{"rendered":"<p>\u010cajov\u00e1 zmes Nordvital na podporu srdca obsahuje kvetn\u00e9 konce hlohu, pamajor\u00e1n srdcovit\u00fd, listy medovky, plody \u0161\u00edpky a kvety ibi\u0161teka. Tieto byliny sa v tradi\u010dnom \u013eudovom lie\u010dite\u013estve sp\u00e1jali s podporou komfortu srdcovo-cievneho syst\u00e9mu.Vyv\u00e1\u017een\u00e1 recept\u00fara pon\u00faka pr\u00edjemn\u00fa chu\u0165 a je vhodn\u00e1 na ka\u017edodenn\u00e9 vedom\u00e9 pitie \u010daju. Zlo\u017eenie:\u00a0Kvetn\u00e9 konce hlohu (Crataegi folium cum flore), Pamajor\u00e1n srdcovit\u00fd (Leonuri cardiacae [&hellip;]<\/p>","protected":false},"featured_media":9559,"comment_status":"open","ping_status":"closed","template":"","meta":{"inline_featured_image":false},"product_brand":[112],"product_cat":[148,151],"product_tag":[],"class_list":{"0":"post-9304","1":"product","2":"type-product","3":"status-publish","4":"has-post-thumbnail","6":"product_brand-nordvital","7":"product_cat-liecive-rastliny","8":"product_cat-srdcovo-cievny-system-liecive-rastliny","10":"first","11":"onbackorder","12":"taxable","13":"shipping-taxable","14":"purchasable","15":"product-type-simple"},"aioseo_notices":[],"_links":{"self":[{"href":"https:\/\/www.biokari.sk\/ro\/wp-json\/wp\/v2\/product\/9304","targetHints":{"allow":["GET"]}}],"collection":[{"href":"https:\/\/www.biokari.sk\/ro\/wp-json\/wp\/v2\/product"}],"about":[{"href":"https:\/\/www.biokari.sk\/ro\/wp-json\/wp\/v2\/types\/product"}],"replies":[{"embeddable":true,"href":"https:\/\/www.biokari.sk\/ro\/wp-json\/wp\/v2\/comments?post=9304"}],"wp:featuredmedia":[{"embeddable":true,"href":"https:\/\/www.biokari.sk\/ro\/wp-json\/wp\/v2\/media\/9559"}],"wp:attachment":[{"href":"https:\/\/www.biokari.sk\/ro\/wp-json\/wp\/v2\/media?parent=9304"}],"wp:term":[{"taxonomy":"product_brand","embeddable":true,"href":"https:\/\/www.biokari.sk\/ro\/wp-json\/wp\/v2\/product_brand?post=9304"},{"taxonomy":"product_cat","embeddable":true,"href":"https:\/\/www.biokari.sk\/ro\/wp-json\/wp\/v2\/product_cat?post=9304"},{"taxonomy":"product_tag","embeddable":true,"href":"https:\/\/www.biokari.sk\/ro\/wp-json\/wp\/v2\/product_tag?post=9304"}],"curies":[{"name":"wp","href":"https:\/\/api.w.org\/{rel}","templated":true}]}}