{"id":9306,"date":"2025-07-01T14:38:00","date_gmt":"2025-07-01T12:38:00","guid":{"rendered":"https:\/\/www.biokari.sk\/produkt\/nordvital-stress-control-kapsuly-60ks\/"},"modified":"2026-04-30T19:01:26","modified_gmt":"2026-04-30T17:01:26","slug":"nordvital-stress-control-kapsuly-60ks","status":"publish","type":"product","link":"https:\/\/www.biokari.sk\/ro\/produs\/nordvital-capsule-de-control-al-stresului-60pcs\/","title":{"rendered":"Nordvital Capsule de control al stresului 60pcs"},"content":{"rendered":"<p data-start=\"2025\" data-end=\"2359\">Capsula Stress Control este un supliment alimentar cu extracte de plante selectate \u0219i vitamine \u0219i minerale importante.<br data-start=\"2141\" data-end=\"2144\" \/>Con\u021bine ashwagandha KSM-66\u00ae, miere de albine, m\u0103ce\u0219e, L-teanin\u0103, GABA, precum \u0219i vitamine B \u0219i magneziu - substan\u021be utilizate \u00een mod tradi\u021bional \u00een perioadele de stres. Potrivit ca parte a unui supliment nutri\u021bional zilnic.<\/p>\n<p data-start=\"2361\" data-end=\"2394\"><strong data-start=\"2361\" data-end=\"2394\">Ingrediente active (\u00een 2 capsule):<br \/>\n<\/strong> Tiamin\u0103 (vitamina B1): 25 mg (*)<br \/>\nRiboflavin\u0103 (vitamina B2): 25 mg (*)<br \/>\nVitamina B6: 12 mg (*)<br \/>\nMagneziu: 57 mg (*)<br \/>\nL-teanin\u0103: 200 mg (**)<br \/>\nKSM-66\u00ae extract de r\u0103d\u0103cin\u0103 de ashwagandha: 249 mg (**)<br \/>\nGABA (acid gamma-aminobutiric): 200 mg (**)<br \/>\nExtract de balsam de l\u0103m\u00e2ie 4:1: 100 mg (**)<br \/>\nExtract de m\u0103ce\u0219e 4:1: 100 mg (**)<\/p>\n<p data-start=\"2731\" data-end=\"2817\">(*) Valoarea de referin\u021b\u0103 a venitului adul\u021bilor<br data-start=\"2774\" data-end=\"2777\" \/>(**) Obiectivul de referin\u021b\u0103 nu a fost stabilit<\/p>\n<p data-start=\"2819\" data-end=\"3074\"><strong data-start=\"2819\" data-end=\"2832\">Compozi\u021bie:<\/strong> bisglicinat de magneziu, extract de ceai verde, hidroxipropil metilceluloz\u0103 (capsul\u0103 vegan\u0103), KSM-66\u00ae ashwagandha, GABA, extract de m\u0103ce\u0219e, extract de melissa, leucin\u0103, mononitrat de tiamin\u0103, riboflavin\u0103, piridoxal-5-fosfat, f\u0103in\u0103 de orez.<\/p>\n<p data-start=\"3076\" data-end=\"3244\"><strong data-start=\"3076\" data-end=\"3091\">Dozaj:<\/strong> 2 capsule pe zi, cu mese.<br data-start=\"3123\" data-end=\"3126\" \/><strong data-start=\"3126\" data-end=\"3142\">Depozitare:<\/strong> A se p\u0103stra \u00eentr-un loc uscat, ferit de lumina direct\u0103 a soarelui, la temperatura camerei, la \u00eendem\u00e2na copiilor.<\/p>\n<p data-start=\"3246\" data-end=\"3464\"><strong data-start=\"3246\" data-end=\"3262\">Avertisment: <\/strong>Un supliment nutritiv nu \u00eenlocuie\u0219te o diet\u0103 variat\u0103 \u0219i echilibrat\u0103 sau un stil de via\u021b\u0103 s\u0103n\u0103tos. Nu dep\u0103\u0219i\u021bi doza zilnic\u0103 recomandat\u0103. Nu lua\u021bi dac\u0103 sunte\u021bi alergic sau hipersensibil la oricare dintre ingrediente.<\/p>","protected":false},"excerpt":{"rendered":"<p>Stress Control kapsula je v\u00fd\u017eivov\u00fd doplnok s vybran\u00fdmi rastlinn\u00fdmi extraktmi a d\u00f4le\u017eit\u00fdmi vitam\u00ednmi a miner\u00e1lmi.Obsahuje ashwagandhu KSM-66\u00ae, medovku, rozchodnicu ru\u017eov\u00fa, L-tean\u00edn, GABA, ako aj vitam\u00edny skupiny B a hor\u010d\u00edk \u2013 l\u00e1tky, ktor\u00e9 sa tradi\u010dne pou\u017e\u00edvaj\u00fa po\u010das stresov\u00fdch obdob\u00ed. Vhodn\u00e9 ako s\u00fa\u010das\u0165 denn\u00e9ho doplnenia v\u00fd\u017eivy. \u00da\u010dinn\u00e9 l\u00e1tky (v 2 kapsul\u00e1ch): Tiam\u00edn (vitam\u00edn B1): 25 mg (*) [&hellip;]<\/p>","protected":false},"featured_media":9558,"comment_status":"open","ping_status":"closed","template":"","meta":{"inline_featured_image":false},"product_brand":[112],"product_cat":[69],"product_tag":[],"class_list":{"0":"post-9306","1":"product","2":"type-product","3":"status-publish","4":"has-post-thumbnail","6":"product_brand-nordvital","7":"product_cat-vyzivove-doplnky","9":"first","10":"instock","11":"taxable","12":"shipping-taxable","13":"purchasable","14":"product-type-simple"},"aioseo_notices":[],"_links":{"self":[{"href":"https:\/\/www.biokari.sk\/ro\/wp-json\/wp\/v2\/product\/9306","targetHints":{"allow":["GET"]}}],"collection":[{"href":"https:\/\/www.biokari.sk\/ro\/wp-json\/wp\/v2\/product"}],"about":[{"href":"https:\/\/www.biokari.sk\/ro\/wp-json\/wp\/v2\/types\/product"}],"replies":[{"embeddable":true,"href":"https:\/\/www.biokari.sk\/ro\/wp-json\/wp\/v2\/comments?post=9306"}],"wp:featuredmedia":[{"embeddable":true,"href":"https:\/\/www.biokari.sk\/ro\/wp-json\/wp\/v2\/media\/9558"}],"wp:attachment":[{"href":"https:\/\/www.biokari.sk\/ro\/wp-json\/wp\/v2\/media?parent=9306"}],"wp:term":[{"taxonomy":"product_brand","embeddable":true,"href":"https:\/\/www.biokari.sk\/ro\/wp-json\/wp\/v2\/product_brand?post=9306"},{"taxonomy":"product_cat","embeddable":true,"href":"https:\/\/www.biokari.sk\/ro\/wp-json\/wp\/v2\/product_cat?post=9306"},{"taxonomy":"product_tag","embeddable":true,"href":"https:\/\/www.biokari.sk\/ro\/wp-json\/wp\/v2\/product_tag?post=9306"}],"curies":[{"name":"wp","href":"https:\/\/api.w.org\/{rel}","templated":true}]}}