{"id":9319,"date":"2025-07-01T15:33:44","date_gmt":"2025-07-01T13:33:44","guid":{"rendered":"https:\/\/www.biokari.sk\/produkt\/nordvital-enzim-komplex-kapsuly-60ks\/"},"modified":"2026-05-02T19:01:07","modified_gmt":"2026-05-02T17:01:07","slug":"nordvital-enzim-komplex-kapsuly-60ks","status":"publish","type":"product","link":"https:\/\/www.biokari.sk\/ro\/produs\/nordvital-enzim-komplex-kapsuly-60ks\/","title":{"rendered":"Nordvital Enzyme Complex Capsule 60pcs"},"content":{"rendered":"<p data-start=\"1039\" data-end=\"1166\">Nordvital Enzym Komplex je v\u00fd\u017eivov\u00fd doplnok obsahuj\u00faci osem starostlivo vybran\u00fdch tr\u00e1viacich enz\u00fdmov.<br data-start=\"713\" data-end=\"716\" \/>Zlo\u017eenie pr\u00edpravku je navrhnut\u00e9 tak, aby sa jednotliv\u00e9 enz\u00fdmy vz\u00e1jomne dop\u013a\u0148ali a podporovali spr\u00e1vne tr\u00e1venie \u2013 vr\u00e1tane rozkladu lakt\u00f3zy. Lakt\u00e1za, betain-hydrochlorid a \u010fal\u0161ie ob\u013e\u00faben\u00e9 enz\u00fdmy predstavuj\u00fa ide\u00e1lnu vo\u013ebu pre vedom\u00e9 doplnenie v\u00fd\u017eivy a zachovanie tr\u00e1viaceho komfortu.<\/p>\n<p data-start=\"1168\" data-end=\"1197\"><strong data-start=\"1168\" data-end=\"1197\">Ingrediente active \u00een 1 capsul\u0103: <\/strong>Prote\u00e1za (Aspergillus flavus oryzae) \u2013 14 850 U Papain \u2013 6 000 U Bromela\u00edn \u2013 33 750 U Alfa-amyl\u00e1za \u2013 5 940 U Lip\u00e1za \u2013 297 U Celul\u00e1za \u2013 120 U Lakt\u00e1za \u2013 75 ALU Alfa-galaktozid\u00e1za \u2013 50 U Beta\u00edn-hydrochlorid \u2013 50 mg<\/p>\n<p data-start=\"1447\" data-end=\"1645\"><strong data-start=\"1447\" data-end=\"1460\">Compozi\u021bie:<\/strong> ry\u017eov\u00e1 m\u00faka, prote\u00e1za, alfa-amyl\u00e1za, hydroxypropylmetylcelul\u00f3za (kapsula), bromela\u00edn, betain-HCl, leuc\u00edn (protihrudkuj\u00faca l\u00e1tka), papain, lakt\u00e1za, lip\u00e1za, celul\u00e1za, alfa-galaktozid\u00e1za.<\/p>\n<p data-start=\"1647\" data-end=\"1743\"><strong data-start=\"1647\" data-end=\"1660\">Cerere:<\/strong> Pri probl\u00e9moch s tr\u00e1ven\u00edm, nad\u00favan\u00ed, lakt\u00f3zovej intolerancii a po \u0165a\u017ek\u00fdch jedl\u00e1ch.<\/p>\n<p data-start=\"1647\" data-end=\"1743\"><strong data-start=\"965\" data-end=\"991\">Doza recomandat\u0103:<\/strong> 1 kapsula denne po\u010das jedla.<\/p>\n<p data-start=\"1647\" data-end=\"1743\"><strong>Cantitate:<\/strong> 60pcs<\/p>\n<p data-start=\"1647\" data-end=\"1743\">A se p\u0103stra \u00eentr-un loc uscat. <br \/><strong>Perioada minim\u0103 de valabilitate p\u00e2n\u0103 la:<\/strong> vezi ambalajul.<\/p>","protected":false},"excerpt":{"rendered":"<p>Nordvital Enzym Komplex je v\u00fd\u017eivov\u00fd doplnok obsahuj\u00faci osem starostlivo vybran\u00fdch tr\u00e1viacich enz\u00fdmov.Zlo\u017eenie pr\u00edpravku je navrhnut\u00e9 tak, aby sa jednotliv\u00e9 enz\u00fdmy vz\u00e1jomne dop\u013a\u0148ali a podporovali spr\u00e1vne tr\u00e1venie \u2013 vr\u00e1tane rozkladu lakt\u00f3zy. Lakt\u00e1za, betain-hydrochlorid a \u010fal\u0161ie ob\u013e\u00faben\u00e9 enz\u00fdmy predstavuj\u00fa ide\u00e1lnu vo\u013ebu pre vedom\u00e9 doplnenie v\u00fd\u017eivy a zachovanie tr\u00e1viaceho komfortu. \u00da\u010dinn\u00e9 l\u00e1tky v 1 kapsule: Prote\u00e1za (Aspergillus flavus [&hellip;]<\/p>","protected":false},"featured_media":9556,"comment_status":"open","ping_status":"closed","template":"","meta":{"inline_featured_image":false},"product_brand":[112],"product_cat":[69,143,148,152],"product_tag":[],"class_list":{"0":"post-9319","1":"product","2":"type-product","3":"status-publish","4":"has-post-thumbnail","6":"product_brand-nordvital","7":"product_cat-vyzivove-doplnky","8":"product_cat-zaludok-a-crevna-cinnost","9":"product_cat-liecive-rastliny","10":"product_cat-zaludok-a-crevna-cinnost-liecive-rastliny","12":"first","13":"instock","14":"taxable","15":"shipping-taxable","16":"purchasable","17":"product-type-simple"},"aioseo_notices":[],"_links":{"self":[{"href":"https:\/\/www.biokari.sk\/ro\/wp-json\/wp\/v2\/product\/9319","targetHints":{"allow":["GET"]}}],"collection":[{"href":"https:\/\/www.biokari.sk\/ro\/wp-json\/wp\/v2\/product"}],"about":[{"href":"https:\/\/www.biokari.sk\/ro\/wp-json\/wp\/v2\/types\/product"}],"replies":[{"embeddable":true,"href":"https:\/\/www.biokari.sk\/ro\/wp-json\/wp\/v2\/comments?post=9319"}],"wp:featuredmedia":[{"embeddable":true,"href":"https:\/\/www.biokari.sk\/ro\/wp-json\/wp\/v2\/media\/9556"}],"wp:attachment":[{"href":"https:\/\/www.biokari.sk\/ro\/wp-json\/wp\/v2\/media?parent=9319"}],"wp:term":[{"taxonomy":"product_brand","embeddable":true,"href":"https:\/\/www.biokari.sk\/ro\/wp-json\/wp\/v2\/product_brand?post=9319"},{"taxonomy":"product_cat","embeddable":true,"href":"https:\/\/www.biokari.sk\/ro\/wp-json\/wp\/v2\/product_cat?post=9319"},{"taxonomy":"product_tag","embeddable":true,"href":"https:\/\/www.biokari.sk\/ro\/wp-json\/wp\/v2\/product_tag?post=9319"}],"curies":[{"name":"wp","href":"https:\/\/api.w.org\/{rel}","templated":true}]}}