{"id":9321,"date":"2025-07-01T15:37:04","date_gmt":"2025-07-01T13:37:04","guid":{"rendered":"https:\/\/www.biokari.sk\/produkt\/gal-rybi-kolagen-150g\/"},"modified":"2026-01-27T08:41:47","modified_gmt":"2026-01-27T07:41:47","slug":"gal-rybi-kolagen-150g","status":"publish","type":"product","link":"https:\/\/www.biokari.sk\/ro\/produs\/gal-rybi-kolagen-150g\/","title":{"rendered":"Gal Colagen de pe\u0219te 150g"},"content":{"rendered":"<p data-start=\"56\" data-end=\"172\"><strong data-start=\"56\" data-end=\"170\">Neu5Gc-free, s peptidovou ve\u013ekos\u0165ou pod 2000 Daltonov, takmer 100 % vstrebate\u013en\u00fd, extra kvalitn\u00fd ryb\u00ed kolag\u00e9n.<\/strong><\/p>\n<p data-start=\"174\" data-end=\"213\"><strong data-start=\"174\" data-end=\"211\">GAL Ryb\u00ed kolag\u00e9nov\u00e9 peptidy 150 g<\/strong><\/p>\n<p data-start=\"215\" data-end=\"776\">Pre n\u00e1\u0161 produkt sme si vybrali franc\u00fazsky ryb\u00ed kolag\u00e9n <strong data-start=\"270\" data-end=\"282\">Naticol\u00ae<\/strong>, a to jeho najviac predtr\u00e1ven\u00fa formu, kde je priemern\u00e1 ve\u013ekos\u0165 peptidov u\u017e pod 2000 Daltonov, \u010do zabezpe\u010duje ich r\u00fdchle a \u00fapln\u00e9 vstreb\u00e1vanie. Podstatn\u00fd rozdiel je aj v tom, \u017ee tento kolag\u00e9n je <strong data-start=\"476\" data-end=\"490\">bez Neu5Gc<\/strong>, a preto ho odpor\u00fa\u010dame aj pre t\u00fdch, ktor\u00ed dodr\u017eiavaj\u00fa pr\u00edsnu autoimunitn\u00fa di\u00e9tu a vyh\u00fdbaj\u00fa sa potravin\u00e1m poch\u00e1dzaj\u00facim zo cicavcov kv\u00f4li obsahu Neu5Gc (kolag\u00e9ny s\u00fa v\u00e4\u010d\u0161inou vyr\u00e1ban\u00e9 zo svinnej alebo hov\u00e4dzej ko\u017ee). V porovnan\u00ed so svinn\u00fdmi a hov\u00e4dz\u00edmi kolag\u00e9nmi obsahuje viac glyc\u00ednu.<\/p>\n<p data-start=\"778\" data-end=\"1240\"><strong data-start=\"778\" data-end=\"804\">Doza recomandat\u0103: <\/strong>S franc\u00fazskym Naticol\u00ae-om a japonsk\u00fdmi \u0161t\u00fadiami bolo vykonan\u00fdch mnoho hum\u00e1nnych klinick\u00fdch sk\u00fa\u0161an\u00ed, ktor\u00e9 uk\u00e1zali, \u017ee u\u017e denn\u00e1 d\u00e1vka <strong data-start=\"940\" data-end=\"953\">2,5 \u2013 5 g<\/strong> m\u00f4\u017ee by\u0165 dosta\u010duj\u00faca, ale najlep\u0161ie je konzumova\u0165 <strong data-start=\"1004\" data-end=\"1022\">5 \u2013 10 g denne<\/strong>, \u010do odpor\u00fa\u010dame aj my. Samozrejme je mo\u017en\u00e9 u\u017e\u00edva\u0165 aj vy\u0161\u0161ie d\u00e1vky, ale to u\u017e prin\u00e1\u0161a len mal\u00e9 dodato\u010dn\u00e9 v\u00fdhody. M\u00f4\u017ee sa vmie\u0161a\u0165 do ak\u00e9hoko\u013evek n\u00e1poja, chu\u0165 je neutr\u00e1lna. V\u00fdborne sa hod\u00ed napr\u00edklad do rann\u00e9ho smoothie.<\/p>\n<p data-start=\"1242\" data-end=\"1399\">Odpor\u00fa\u010dan\u00e9 denn\u00e9 mno\u017estvo neprekra\u010dujte! V\u00fd\u017eivov\u00fd doplnok nenahr\u00e1dza vyv\u00e1\u017een\u00fa a pestr\u00fa stravu ani zdrav\u00fd \u017eivotn\u00fd \u0161t\u00fdl. Uchov\u00e1vajte mimo dosahu mal\u00fdch det\u00ed.<\/p>\n<p data-start=\"1401\" data-end=\"1558\">\u2013 Bez glut\u00e9nu<br data-start=\"1414\" data-end=\"1417\" \/>\u2013 Bez vajec<br data-start=\"1428\" data-end=\"1431\" \/>\u2013 Bez s\u00f3jov\u00fdch alerg\u00e9nov<br data-start=\"1455\" data-end=\"1458\" \/>\u2013 Bez mlie\u010dnych v\u00fdrobkov a lakt\u00f3zy<br data-start=\"1492\" data-end=\"1495\" \/>\u2013 Bez cukru<br data-start=\"1506\" data-end=\"1509\" \/>\u2013 Bez GMO<br data-start=\"1518\" data-end=\"1521\" \/>\u2013 Obal z uhl\u00edkovo neutr\u00e1lnej v\u00fdroby<\/p>\n\n\n<p><strong>Greutate:<\/strong> 150g <br>A se p\u0103stra \u00eentr-un loc uscat. <br><strong>Minim\u00e1lna trvnalivos\u0165<\/strong>: vezi pe ambalaj. <\/p>","protected":false},"excerpt":{"rendered":"<p>Neu5Gc-free, s peptidovou ve\u013ekos\u0165ou pod 2000 Daltonov, takmer 100 % vstrebate\u013en\u00fd, extra kvalitn\u00fd ryb\u00ed kolag\u00e9n. GAL Ryb\u00ed kolag\u00e9nov\u00e9 peptidy 150 g Pre n\u00e1\u0161 produkt sme si vybrali franc\u00fazsky ryb\u00ed kolag\u00e9n Naticol\u00ae, a to jeho najviac predtr\u00e1ven\u00fa formu, kde je priemern\u00e1 ve\u013ekos\u0165 peptidov u\u017e pod 2000 Daltonov, \u010do zabezpe\u010duje ich r\u00fdchle a \u00fapln\u00e9 vstreb\u00e1vanie. Podstatn\u00fd rozdiel [&hellip;]<\/p>","protected":false},"featured_media":9750,"comment_status":"open","ping_status":"closed","template":"","meta":{"inline_featured_image":false},"product_brand":[113],"product_cat":[69,145],"product_tag":[],"class_list":{"0":"post-9321","1":"product","2":"type-product","3":"status-publish","4":"has-post-thumbnail","6":"product_brand-gal","7":"product_cat-vyzivove-doplnky","8":"product_cat-krasa","10":"first","11":"instock","12":"taxable","13":"shipping-taxable","14":"purchasable","15":"product-type-simple"},"aioseo_notices":[],"_links":{"self":[{"href":"https:\/\/www.biokari.sk\/ro\/wp-json\/wp\/v2\/product\/9321","targetHints":{"allow":["GET"]}}],"collection":[{"href":"https:\/\/www.biokari.sk\/ro\/wp-json\/wp\/v2\/product"}],"about":[{"href":"https:\/\/www.biokari.sk\/ro\/wp-json\/wp\/v2\/types\/product"}],"replies":[{"embeddable":true,"href":"https:\/\/www.biokari.sk\/ro\/wp-json\/wp\/v2\/comments?post=9321"}],"wp:featuredmedia":[{"embeddable":true,"href":"https:\/\/www.biokari.sk\/ro\/wp-json\/wp\/v2\/media\/9750"}],"wp:attachment":[{"href":"https:\/\/www.biokari.sk\/ro\/wp-json\/wp\/v2\/media?parent=9321"}],"wp:term":[{"taxonomy":"product_brand","embeddable":true,"href":"https:\/\/www.biokari.sk\/ro\/wp-json\/wp\/v2\/product_brand?post=9321"},{"taxonomy":"product_cat","embeddable":true,"href":"https:\/\/www.biokari.sk\/ro\/wp-json\/wp\/v2\/product_cat?post=9321"},{"taxonomy":"product_tag","embeddable":true,"href":"https:\/\/www.biokari.sk\/ro\/wp-json\/wp\/v2\/product_tag?post=9321"}],"curies":[{"name":"wp","href":"https:\/\/api.w.org\/{rel}","templated":true}]}}