{"id":9344,"date":"2025-07-03T07:57:54","date_gmt":"2025-07-03T05:57:54","guid":{"rendered":"https:\/\/www.biokari.sk\/produkt\/rummo-bezlepkovy-gnocchi-500g\/"},"modified":"2026-03-13T18:01:01","modified_gmt":"2026-03-13T17:01:01","slug":"rummo-bezlepkovy-gnocchi-500g","status":"publish","type":"product","link":"https:\/\/www.biokari.sk\/ro\/produs\/rummo-gnocchi-fara-gluten-500g\/","title":{"rendered":"Rummo Gnochi f\u0103r\u0103 gluten 500g"},"content":{"rendered":"<p>Gnocchi este un fel de m\u00e2ncare care nu trebuie s\u0103 lipseasc\u0103 din nicio gospod\u0103rie italian\u0103. Condimentele lor variaz\u0103<br>\u00een func\u021bie de regiunea \u00een care sunt preparate. Sunt delicioase, de exemplu, cu ro\u0219ii<br>sos, sos de br\u00e2nz\u0103 sau chiar cu salvie simpl\u0103 \u00een unt. \u00cen versiunea f\u0103r\u0103 gluten.<\/p>\n\n\n\n<p><strong>Compozi\u021bie:<\/strong> cartofi proaspe\u021bi 80% (ap\u0103, cartofi 33%), semol\u0103 de gr\u00e2u dur 10%, amidon din cartofi 6,5%, f\u0103in\u0103 de orez 1,5%, <strong>regulator de aciditate:<\/strong> acid lactic, <strong>coservant:<\/strong> acid de ren, arom\u0103 natural\u0103, turmeric<\/p>\n\n\n\n<p class=\"has-x-small-font-size\"><strong>Valori nutri\u021bionale per 100g<\/strong>:  <br>Energie: 678kj\/160kcal, <br>Gr\u0103simi: 0g din care saturate: 0g,<br>Carbohidra\u021bi: 36g din care zaharuri: 0g, <br>Proteine: 3,5g, Fibre: 0,8g, Sare: 1,5g<\/p>\n\n\n\n<p><strong>Greutate:<\/strong> 500g<\/p>\n\n\n\n<p><strong>Perioada minim\u0103 de valabilitate p\u00e2n\u0103 la:<\/strong> vezi ambalajul. <br><strong>\u021aara de origine:<\/strong> Italia<br>A se p\u0103stra \u00eentr-un loc uscat.<\/p>\n\n\n\n<p><\/p>\n\n\n\n<p><\/p>\n\n\n\n<p><\/p>\n\n\n\n<p><\/p>\n\n\n\n<p><\/p>\n\n\n\n<p class=\"has-x-small-font-size\"><\/p>","protected":false},"excerpt":{"rendered":"<p>Gnocchi s\u00fa jedlo, ktor\u00e9 nesmie ch\u00fdba\u0165 v \u017eiadnej talianskej dom\u00e1cnosti. Ich dochutenie sa l\u00ed\u0161iv z\u00e1vislosti od regi\u00f3nu, v ktorom sa pripravuj\u00fa. S\u00fa vynikaj\u00face napr\u00edklad s paradajkovouom\u00e1\u010dkou, syrovou om\u00e1\u010dkou alebo aj s oby\u010dajnou \u0161alviou na masle. V bezlepkovej verzii. Zlo\u017eenie: \u010derstv\u00e9 zemiaky 80% (voda, zemiaky 33%), krupica z tvrdej p\u0161enice 10%, zemiakov\u00fd \u0161krob 6,5%, ry\u017eov\u00e1 m\u00faka [&hellip;]<\/p>","protected":false},"featured_media":9487,"comment_status":"open","ping_status":"closed","template":"","meta":{"inline_featured_image":false},"product_brand":[],"product_cat":[71,125],"product_tag":[133],"class_list":{"0":"post-9344","1":"product","2":"type-product","3":"status-publish","4":"has-post-thumbnail","6":"product_cat-potraviny","7":"product_cat-cestoviny","8":"product_tag-talianske-vyrobky","10":"first","11":"instock","12":"taxable","13":"shipping-taxable","14":"purchasable","15":"product-type-simple"},"aioseo_notices":[],"_links":{"self":[{"href":"https:\/\/www.biokari.sk\/ro\/wp-json\/wp\/v2\/product\/9344","targetHints":{"allow":["GET"]}}],"collection":[{"href":"https:\/\/www.biokari.sk\/ro\/wp-json\/wp\/v2\/product"}],"about":[{"href":"https:\/\/www.biokari.sk\/ro\/wp-json\/wp\/v2\/types\/product"}],"replies":[{"embeddable":true,"href":"https:\/\/www.biokari.sk\/ro\/wp-json\/wp\/v2\/comments?post=9344"}],"wp:featuredmedia":[{"embeddable":true,"href":"https:\/\/www.biokari.sk\/ro\/wp-json\/wp\/v2\/media\/9487"}],"wp:attachment":[{"href":"https:\/\/www.biokari.sk\/ro\/wp-json\/wp\/v2\/media?parent=9344"}],"wp:term":[{"taxonomy":"product_brand","embeddable":true,"href":"https:\/\/www.biokari.sk\/ro\/wp-json\/wp\/v2\/product_brand?post=9344"},{"taxonomy":"product_cat","embeddable":true,"href":"https:\/\/www.biokari.sk\/ro\/wp-json\/wp\/v2\/product_cat?post=9344"},{"taxonomy":"product_tag","embeddable":true,"href":"https:\/\/www.biokari.sk\/ro\/wp-json\/wp\/v2\/product_tag?post=9344"}],"curies":[{"name":"wp","href":"https:\/\/api.w.org\/{rel}","templated":true}]}}