{"id":9346,"date":"2025-07-03T08:00:59","date_gmt":"2025-07-03T06:00:59","guid":{"rendered":"https:\/\/www.biokari.sk\/produkt\/zinzino-omega3-kapsuly-60ks\/"},"modified":"2026-01-27T08:41:55","modified_gmt":"2026-01-27T07:41:55","slug":"zinzino-omega3-kapsuly-60ks","status":"publish","type":"product","link":"https:\/\/www.biokari.sk\/ro\/produs\/zinzino-omega3-kapsuly-60ks\/","title":{"rendered":"Zinzino Omega3 capsule 60pcs"},"content":{"rendered":"<p data-start=\"182\" data-end=\"274\">Ak\u00e9 druhy potrav\u00edn prij\u00edmate?<br data-start=\"211\" data-end=\"214\" \/>Obsahuj\u00fa viac omega-3 alebo sk\u00f4r omega-6 mastn\u00fdch kysel\u00edn?<\/p>\n<p data-start=\"276\" data-end=\"501\">\u017divotn\u00fd \u0161t\u00fdl a stravovacie n\u00e1vyky m\u00f4\u017eu vies\u0165 k sympt\u00f3mom ako: poruchy \u0161t\u00edtnej \u017e\u013eazy, nespavos\u0165, nap\u00e4tie, vy\u010derpanos\u0165, tr\u00e1viace probl\u00e9my, alergie, bolesti kr\u00ed\u017eov, s\u0165a\u017een\u00e9 d\u00fdchanie, stuhnutos\u0165 k\u013abov, opotrebovanie chrupaviek.<\/p>\n<p data-start=\"503\" data-end=\"612\">Za t\u00fdmito pr\u00edznakmi sa \u010dasto skr\u00fdva <strong data-start=\"539\" data-end=\"558\">chronick\u00fd z\u00e1pal<\/strong>, ktor\u00fd vedie k oxid\u00e1cii kardiovaskul\u00e1rneho syst\u00e9mu.<\/p>\n<p data-start=\"614\" data-end=\"746\">Uhas\u00edte vn\u00fatorn\u00fd ohe\u0148, alebo nech\u00e1te, aby va\u0161e telo e\u0161te viac pohltili plamene?<br data-start=\"693\" data-end=\"696\" \/>Pri\u0161la nov\u00e1 gener\u00e1cia omega v\u00fd\u017eivov\u00fdch doplnkov.<\/p>\n<p data-start=\"748\" data-end=\"1068\"><strong data-start=\"748\" data-end=\"767\">ESSENT+ Premium<\/strong> \u2013 v\u00fd\u017eivov\u00e9 doplnky s polifenolmi a omega mastn\u00fdmi kyselinami v \u00faplne pr\u00edrodnej forme \u2013 pos\u00favaj\u00fa rovnov\u00e1hu tela na vy\u0161\u0161iu \u00farove\u0148. \u013dahko str\u00e1vite\u013en\u00e9 m\u00e4kk\u00e9 kapsuly bezpe\u010dne obnovuj\u00fa rovnov\u00e1hu mastn\u00fdch kysel\u00edn v organizme, chr\u00e1nia krvn\u00e9 lipidy pred oxid\u00e1ciou a podporuj\u00fa norm\u00e1lnu \u010dinnos\u0165 srdca a mozgu.<\/p>\n<p data-start=\"1070\" data-end=\"1283\">Ka\u017ed\u00e1 kapsula obsahuje koncentrovan\u00fd ryb\u00ed olej bohat\u00fd na EPA a DHA omega-3 mastn\u00e9 kyseliny, ako aj patentovan\u00fd extra panensk\u00fd olivov\u00fd olej (R.E.V.O.O.), extrakt z ol\u00edv a bioakt\u00edvne polifenoly z kakaov\u00e9ho pr\u00e1\u0161ku.<\/p>\n<h4 data-start=\"1343\" data-end=\"1357\"><strong>Compozi\u021bie:<\/strong>\u00a0Ryb\u00ed olej*, obal kapsuly (rybia \u017eelat\u00edna, glycer\u00edn), lisovan\u00fd extra panensk\u00fd olivov\u00fd olej, zahus\u0165ovadlo (v\u010del\u00ed vosk), kakaov\u00fd pr\u00e1\u0161ok, emulg\u00e1tor (slne\u010dnicov\u00fd lecit\u00edn, extrakt z plodov olivovn\u00edka (Olea europaea)), vitam\u00edn D3 (cholekalciferol).<br data-start=\"1599\" data-end=\"1602\" \/>*Nie je p\u00f4vodu E\u00da.<\/h4>\n<ul data-start=\"1624\" data-end=\"2134\">\n<li data-start=\"1624\" data-end=\"1677\">\n<p data-start=\"1626\" data-end=\"1677\"><strong data-start=\"1626\" data-end=\"1647\">Compozi\u021bie natural\u0103<\/strong> \u2013 iba z pr\u00edrodn\u00fdch zdrojov.<\/p>\n<\/li>\n<li data-start=\"1678\" data-end=\"1776\">\n<p data-start=\"1680\" data-end=\"1776\"><strong data-start=\"1680\" data-end=\"1733\">R.E.V.O.O. \u2013 Revolutionary Extra Virgin Olive Oil<\/strong> \u2013 revolu\u010dn\u00fd extra panensk\u00fd olivov\u00fd olej.<\/p>\n<\/li>\n<li data-start=\"1777\" data-end=\"1852\">\n<p data-start=\"1779\" data-end=\"1852\">Obsahuje D3 vitam\u00edn z\u00edskan\u00fd z lanol\u00ednu a rastlinn\u00e9 zmie\u0161an\u00e9 tokoferoly.<\/p>\n<\/li>\n<li data-start=\"1853\" data-end=\"1980\">\n<p data-start=\"1855\" data-end=\"1980\"><strong data-start=\"1855\" data-end=\"1879\">Polifenolov\u00e1 ochrana<\/strong> \u2013 denne 5 mg hydroxytyrozolu z ol\u00edv prispieva k ochrane krvn\u00fdch lipidov pred oxida\u010dn\u00fdm po\u0161koden\u00edm.<\/p>\n<\/li>\n<li data-start=\"1981\" data-end=\"2063\">\n<p data-start=\"1983\" data-end=\"2063\"><strong data-start=\"1983\" data-end=\"2005\">Mimoriadna \u010distota<\/strong> \u2013 molekul\u00e1rne testovanie vylu\u010duje mo\u017enos\u0165 kontamin\u00e1cie.<\/p>\n<\/li>\n<li data-start=\"2064\" data-end=\"2134\">\n<p data-start=\"2066\" data-end=\"2134\"><strong data-start=\"2066\" data-end=\"2077\">Bez GMO<\/strong> \u2013 produkt neobsahuje geneticky modifikovan\u00e9 organizmy.<\/p>\n<\/li>\n<\/ul>\n<h3 data-start=\"2141\" data-end=\"2186\"><strong>\u00da\u010dinn\u00e9 l\u00e1tky v odpor\u00fa\u010danej dennej d\u00e1vke:<\/strong><\/h3>\n<div class=\"_tableContainer_1rjym_1\">\n<div class=\"_tableWrapper_1rjym_13 group flex w-fit flex-col-reverse\">\n<table class=\"w-fit min-w-(--thread-content-width)\" data-start=\"2188\" data-end=\"2661\">\n<thead data-start=\"2188\" data-end=\"2221\">\n<tr data-start=\"2188\" data-end=\"2221\">\n<th data-start=\"2188\" data-end=\"2196\" data-col-size=\"sm\">L\u00e1tka<\/th>\n<th data-start=\"2196\" data-end=\"2208\" data-col-size=\"sm\">2 kapsuly<\/th>\n<th data-start=\"2208\" data-end=\"2221\" data-col-size=\"sm\">3 kapsuly<\/th>\n<\/tr>\n<\/thead>\n<tbody data-start=\"2256\" data-end=\"2661\">\n<tr data-start=\"2256\" data-end=\"2289\">\n<td data-start=\"2256\" data-end=\"2268\" data-col-size=\"sm\">Ulei de pe\u0219te<\/td>\n<td data-col-size=\"sm\" data-start=\"2268\" data-end=\"2278\">1600 mg<\/td>\n<td data-col-size=\"sm\" data-start=\"2278\" data-end=\"2289\">2400 mg<\/td>\n<\/tr>\n<tr data-start=\"2290\" data-end=\"2337\">\n<td data-start=\"2290\" data-end=\"2316\" data-col-size=\"sm\">Acizi gra\u0219i Omega-3<\/td>\n<td data-col-size=\"sm\" data-start=\"2316\" data-end=\"2326\">1120 mg<\/td>\n<td data-col-size=\"sm\" data-start=\"2326\" data-end=\"2337\">1680 mg<\/td>\n<\/tr>\n<tr data-start=\"2338\" data-end=\"2373\">\n<td data-start=\"2338\" data-end=\"2353\" data-col-size=\"sm\">\u2013 z toho EPA<\/td>\n<td data-col-size=\"sm\" data-start=\"2353\" data-end=\"2362\">720 mg<\/td>\n<td data-col-size=\"sm\" data-start=\"2362\" data-end=\"2373\">1080 mg<\/td>\n<\/tr>\n<tr data-start=\"2374\" data-end=\"2408\">\n<td data-start=\"2374\" data-end=\"2389\" data-col-size=\"sm\">\u2013 z toho DHA<\/td>\n<td data-col-size=\"sm\" data-start=\"2389\" data-end=\"2398\">400 mg<\/td>\n<td data-col-size=\"sm\" data-start=\"2398\" data-end=\"2408\">600 mg<\/td>\n<\/tr>\n<tr data-start=\"2409\" data-end=\"2443\">\n<td data-start=\"2409\" data-end=\"2424\" data-col-size=\"sm\">Ulei de m\u0103sline<\/td>\n<td data-col-size=\"sm\" data-start=\"2424\" data-end=\"2433\">340 mg<\/td>\n<td data-col-size=\"sm\" data-start=\"2433\" data-end=\"2443\">510 mg<\/td>\n<\/tr>\n<tr data-start=\"2444\" data-end=\"2492\">\n<td data-start=\"2444\" data-end=\"2473\" data-col-size=\"sm\">Kyselina olejov\u00e1 (Omega-9)<\/td>\n<td data-col-size=\"sm\" data-start=\"2473\" data-end=\"2482\">255 mg<\/td>\n<td data-col-size=\"sm\" data-start=\"2482\" data-end=\"2492\">383 mg<\/td>\n<\/tr>\n<tr data-start=\"2493\" data-end=\"2527\">\n<td data-start=\"2493\" data-end=\"2506\" data-col-size=\"sm\">Polifenoly<\/td>\n<td data-col-size=\"sm\" data-start=\"2506\" data-end=\"2516\">18,3 mg<\/td>\n<td data-col-size=\"sm\" data-start=\"2516\" data-end=\"2527\">27,4 mg<\/td>\n<\/tr>\n<tr data-start=\"2528\" data-end=\"2573\">\n<td data-start=\"2528\" data-end=\"2554\" data-col-size=\"sm\">\u2013 z toho hydroxytyrozol<\/td>\n<td data-col-size=\"sm\" data-start=\"2554\" data-end=\"2563\">5,8 mg<\/td>\n<td data-col-size=\"sm\" data-start=\"2563\" data-end=\"2573\">8,7 mg<\/td>\n<\/tr>\n<tr data-start=\"2574\" data-end=\"2603\">\n<td data-start=\"2574\" data-end=\"2584\" data-col-size=\"sm\">Skval\u00e9n<\/td>\n<td data-col-size=\"sm\" data-start=\"2584\" data-end=\"2593\">1,3 mg<\/td>\n<td data-col-size=\"sm\" data-start=\"2593\" data-end=\"2603\">1,9 mg<\/td>\n<\/tr>\n<tr data-start=\"2604\" data-end=\"2661\">\n<td data-start=\"2604\" data-end=\"2638\" data-col-size=\"sm\">Vitam\u00edn D3 (NRV 250 % \/ 400 %*)<\/td>\n<td data-col-size=\"sm\" data-start=\"2638\" data-end=\"2648\">13,4 \u00b5g<\/td>\n<td data-col-size=\"sm\" data-start=\"2648\" data-end=\"2661\">20,1 \u00b5g<\/td>\n<\/tr>\n<\/tbody>\n<\/table>\n<\/div>\n<\/div>\n\n\n<p>*NRV = referen\u010dn\u00e1 v\u00fd\u017eivov\u00e1 hodnota<\/p>\n\n\n\n<h3 class=\"wp-block-heading\"><strong>Doza recomandat\u0103:<\/strong><\/h3>\n\n\n\n<p>Denn\u00e1 d\u00e1vka sa riadi telesnou hmotnos\u0165ou.<\/p>\n\n\n\n<ul class=\"wp-block-list\">\n<li>1 kapsula na pribli\u017ene 30 kg telesnej hmotnosti.<\/li>\n\n\n\n<li>Dospel\u00ed s hmotnos\u0165ou 50\u201360 kg: 2 kapsuly denne.<\/li>\n\n\n\n<li>Dospel\u00ed s hmotnos\u0165ou 80\u201390 kg: 3 kapsuly denne.<\/li>\n\n\n\n<li>Maxim\u00e1lne 5 kaps\u00fal denne.<\/li>\n<\/ul>\n\n\n\n<p>Nu dep\u0103\u0219i\u021bi doza zilnic\u0103 recomandat\u0103!<br>V\u00fd\u017eivov\u00e9 doplnky nenahr\u00e1dzaj\u00fa vyv\u00e1\u017een\u00fa a pestr\u00fa stravu.<\/p>\n\n\n\n<p><strong>Avertisment:<\/strong> Ak u\u017e\u00edvate lieky na riedenie krvi alebo m\u00e1te zdravotn\u00e9 probl\u00e9my, pora\u010fte sa s lek\u00e1rom pred pou\u017eit\u00edm Essent+ Premium.<\/p>\n\n\n\n<h4 class=\"wp-block-heading\"><strong>Depozitare:<\/strong> Uchov\u00e1vajte na suchom a tmavom mieste pri izbovej teplote alebo v chladni\u010dke. Uchov\u00e1vajte mimo dosahu det\u00ed<\/h4>\n\n\n\n<h3 class=\"wp-block-heading\">Hlavn\u00e9 v\u00fdhody ESSENT+ Premium kaps\u00fal<\/h3>\n\n\n\n<ul class=\"wp-block-list\">\n<li>Prispievaj\u00fa k ochrane krvn\u00fdch lipidov pred oxida\u010dn\u00fdm stresom (polifenoly).<\/li>\n\n\n\n<li>Podporuj\u00fa udr\u017eanie norm\u00e1lnej hladiny triglyceridov a krvn\u00e9ho tlaku (EPA + DHA).<\/li>\n\n\n\n<li>Podporuj\u00fa zdrav\u00fa \u010dinnos\u0165 srdca (EPA + DHA).<\/li>\n\n\n\n<li>Podporuj\u00fa norm\u00e1lnu \u010dinnos\u0165 mozgu (DHA).<\/li>\n\n\n\n<li>Posil\u0148uj\u00fa imunitn\u00fd syst\u00e9m (vitam\u00edn D3).<\/li>\n\n\n\n<li>Podporuj\u00fa zdravie o\u010d\u00ed (DHA).<\/li>\n\n\n\n<li>Podporuj\u00fa zdravie kost\u00ed, svalov, zubov a buniek (vitam\u00edn D3).<\/li>\n\n\n\n<li>Pom\u00e1haj\u00fa udr\u017eiava\u0165 optim\u00e1lnu hladinu omega-3 a rovnov\u00e1hu omega-6:3 &lt; 3:1.<\/li>\n<\/ul>\n\n\n\n<h3 class=\"wp-block-heading\"><strong>Vedeck\u00e9 pozadie a jedine\u010dn\u00e9 zlo\u017eky: <\/strong><\/h3>\n\n\n\n<ul class=\"wp-block-list\">\n<li><strong>Ryb\u00ed olej v triglyceridovej forme<\/strong> \u2013 prirodzene sa vyskytuje v ryb\u00e1ch a rastlin\u00e1ch, najlep\u0161ie vstrebate\u013en\u00fd pre telo. Z\u00edskan\u00fd z an\u010dovi\u010diek z \u010dist\u00fdch v\u00f4d ju\u017en\u00e9ho Pacifiku, certifikovan\u00fd Friend of the Sea.<\/li>\n\n\n\n<li><strong>D3 vitam\u00edn<\/strong> \u2013 pr\u00edrodn\u00fd cholekalciferol z lanol\u00ednu.<\/li>\n\n\n\n<li><strong>Kakaov\u00fd pr\u00e1\u0161ok<\/strong> \u2013 bohat\u00fd na flavanoly.<\/li>\n\n\n\n<li><strong>Hydroxytyrozol<\/strong> \u2013 pr\u00edrodn\u00fd extrakt z ol\u00edv, chr\u00e1ni krvn\u00e9 lipidy pred oxid\u00e1ciou.<\/li>\n\n\n\n<li><strong>R.E.V.O.O. extra panensk\u00fd olivov\u00fd olej<\/strong> \u2013 a\u017e 30\u00d7 vy\u0161\u0161\u00ed obsah polifenolov ne\u017e be\u017en\u00e9 olivov\u00e9 oleje.<\/li>\n<\/ul>\n\n\n\n<h3 class=\"wp-block-heading\"><strong>Oblasti \u00fa\u010dinku<\/strong>:<\/h3>\n\n\n\n<ul class=\"wp-block-list\">\n<li><strong>Mozog:<\/strong> EPA a DHA podporuj\u00fa norm\u00e1lnu \u010dinnos\u0165 mozgu, DHA d\u00f4le\u017eit\u00e1 aj pre v\u00fdvoj mozgu plodu a doj\u010diat.<\/li>\n\n\n\n<li><strong>Srdce:<\/strong> EPA a DHA podporuj\u00fa zdrav\u00fa \u010dinnos\u0165 srdca.<\/li>\n\n\n\n<li><strong>Imunitn\u00fd syst\u00e9m:<\/strong> Vitam\u00edn D3 prispieva k jeho norm\u00e1lnej funkcii.<\/li>\n\n\n\n<li><strong>Ochrana pred oxid\u00e1ciou:<\/strong> Hydroxytyrozol (\u22655 mg denne) chr\u00e1ni krvn\u00e9 lipidy pred oxida\u010dn\u00fdm po\u0161koden\u00edm.<\/li>\n<\/ul>\n\n\n\n<h3 class=\"wp-block-heading\"><strong>Upozornenie pod\u013ea E\u00da legislat\u00edvy<\/strong>:<\/h3>\n\n\n\n<p>V\u00fd\u017eivov\u00e9 doplnky s\u00fa pod\u013ea platnej legislat\u00edvy E\u00da potraviny, ktor\u00fdch cie\u013eom je dop\u013a\u0148a\u0165 be\u017en\u00fa stravu a ktor\u00e9 obsahuj\u00fa koncentrovan\u00e9 \u017eiviny.<br>Hoci m\u00f4\u017eu ma\u0165 priazniv\u00e9 \u00fa\u010dinky na zdravie, <strong>nesm\u00fa sa ozna\u010dova\u0165 ani propagova\u0165 ako prostriedky na lie\u010dbu alebo prevenciu chor\u00f4b<\/strong>.<\/p>\n\n\n\n<ul class=\"wp-block-list\">\n<li>Produkt nenahr\u00e1dza pestr\u00fa, vyv\u00e1\u017een\u00fa stravu a zdrav\u00fd \u017eivotn\u00fd \u0161t\u00fdl.<\/li>\n\n\n\n<li>Produkt nelie\u010di choroby a nie je n\u00e1hradou lek\u00e1rskej lie\u010dby.<\/li>\n\n\n\n<li>V pr\u00edpade ochorenia konzultujte u\u017e\u00edvanie s lek\u00e1rom.<\/li>\n\n\n\n<li>Nu dep\u0103\u0219i\u021bi doza zilnic\u0103 recomandat\u0103!<\/li>\n\n\n\n<li>Neu\u017e\u00edvajte, ak ste alergick\u00fd alebo precitliven\u00fd na niektor\u00fa zlo\u017eku.<\/li>\n\n\n\n<li>Uchov\u00e1vajte mimo dosahu mal\u00fdch det\u00ed!<\/li>\n<\/ul>","protected":false},"excerpt":{"rendered":"<p>Ak\u00e9 druhy potrav\u00edn prij\u00edmate?Obsahuj\u00fa viac omega-3 alebo sk\u00f4r omega-6 mastn\u00fdch kysel\u00edn? \u017divotn\u00fd \u0161t\u00fdl a stravovacie n\u00e1vyky m\u00f4\u017eu vies\u0165 k sympt\u00f3mom ako: poruchy \u0161t\u00edtnej \u017e\u013eazy, nespavos\u0165, nap\u00e4tie, vy\u010derpanos\u0165, tr\u00e1viace probl\u00e9my, alergie, bolesti kr\u00ed\u017eov, s\u0165a\u017een\u00e9 d\u00fdchanie, stuhnutos\u0165 k\u013abov, opotrebovanie chrupaviek. Za t\u00fdmito pr\u00edznakmi sa \u010dasto skr\u00fdva chronick\u00fd z\u00e1pal, ktor\u00fd vedie k oxid\u00e1cii kardiovaskul\u00e1rneho syst\u00e9mu. Uhas\u00edte vn\u00fatorn\u00fd ohe\u0148, [&hellip;]<\/p>","protected":false},"featured_media":9749,"comment_status":"open","ping_status":"closed","template":"","meta":{"inline_featured_image":false},"product_brand":[134],"product_cat":[71],"product_tag":[],"class_list":{"0":"post-9346","1":"product","2":"type-product","3":"status-publish","4":"has-post-thumbnail","6":"product_brand-zinzino","7":"product_cat-potraviny","9":"first","10":"instock","11":"taxable","12":"shipping-taxable","13":"purchasable","14":"product-type-simple"},"aioseo_notices":[],"_links":{"self":[{"href":"https:\/\/www.biokari.sk\/ro\/wp-json\/wp\/v2\/product\/9346","targetHints":{"allow":["GET"]}}],"collection":[{"href":"https:\/\/www.biokari.sk\/ro\/wp-json\/wp\/v2\/product"}],"about":[{"href":"https:\/\/www.biokari.sk\/ro\/wp-json\/wp\/v2\/types\/product"}],"replies":[{"embeddable":true,"href":"https:\/\/www.biokari.sk\/ro\/wp-json\/wp\/v2\/comments?post=9346"}],"wp:featuredmedia":[{"embeddable":true,"href":"https:\/\/www.biokari.sk\/ro\/wp-json\/wp\/v2\/media\/9749"}],"wp:attachment":[{"href":"https:\/\/www.biokari.sk\/ro\/wp-json\/wp\/v2\/media?parent=9346"}],"wp:term":[{"taxonomy":"product_brand","embeddable":true,"href":"https:\/\/www.biokari.sk\/ro\/wp-json\/wp\/v2\/product_brand?post=9346"},{"taxonomy":"product_cat","embeddable":true,"href":"https:\/\/www.biokari.sk\/ro\/wp-json\/wp\/v2\/product_cat?post=9346"},{"taxonomy":"product_tag","embeddable":true,"href":"https:\/\/www.biokari.sk\/ro\/wp-json\/wp\/v2\/product_tag?post=9346"}],"curies":[{"name":"wp","href":"https:\/\/api.w.org\/{rel}","templated":true}]}}