{"id":9370,"date":"2025-07-04T10:37:12","date_gmt":"2025-07-04T08:37:12","guid":{"rendered":"https:\/\/www.biokari.sk\/produkt\/cod-kapsula-120ks\/"},"modified":"2026-04-23T19:01:17","modified_gmt":"2026-04-23T17:01:17","slug":"cod-kapsula-120ks","status":"publish","type":"product","link":"https:\/\/www.biokari.sk\/ro\/produs\/capsula-de-cod-120pcs\/","title":{"rendered":"COD - capsul\u0103 120pcs"},"content":{"rendered":"<p>COD este un supliment nutritiv natural bazat pe re\u021bete tradi\u021bionale din p\u0103durea amazonian\u0103. Acesta con\u021bine extracte de plante atent selec\u021bionate care sus\u021bin sistemul imunitar, detoxifierea, digestia \u0219i vitalitatea general\u0103 a organismului.<br \/>\nCompozi\u021bie natural\u0103<br \/>\nF\u0103r\u0103 aditivi chimici<br \/>\nIdeal pentru sl\u0103birea organismului sau \u00een timpul perioadelor de stres crescut<\/p>\n<p><strong>Compozi\u021bie:<\/strong> Un amestec de extracte din plante: Uncaria tomentosa (vilcacora \/ gheara pisicii), Tabebuia impetiginosa (lapacho), ceai verde, urzic\u0103, Aloe vera \u0219i alte extracte din plante tropicale<\/p>\n<p><strong>Doza recomandat\u0103:<\/strong> Adul\u021bi: 2 capsule pe zi, ideal dup\u0103 mese, cu mult\u0103 ap\u0103.<br \/>\nDac\u0103 este necesar, doza poate fi ajustat\u0103 dup\u0103 consultarea cu un medic sau terapeut.<\/p>\n<p><strong>Monstruozitate:<\/strong> 120pcs<\/p>\n<p>A se p\u0103stra \u00eentr-un loc uscat.<br \/>\n<strong>Perioada minim\u0103 de valabilitate p\u00e2n\u0103 la:<\/strong> vezi ambalajul<\/p>","protected":false},"excerpt":{"rendered":"<p>COD este un supliment nutritiv natural bazat pe re\u021bete tradi\u021bionale din p\u0103durea amazonian\u0103. Acesta con\u021bine extracte de plante atent selec\u021bionate care sus\u021bin sistemul imunitar, detoxifierea, digestia \u0219i vitalitatea general\u0103 a organismului. Compozi\u021bie natural\u0103 F\u0103r\u0103 aditivi chimici Ideal pentru sl\u0103birea organismului sau \u00een perioade de stres accentuat Ingrediente: COD este un produs de origine vegetal\u0103.<\/p>","protected":false},"featured_media":9494,"comment_status":"open","ping_status":"closed","template":"","meta":{"inline_featured_image":false},"product_brand":[],"product_cat":[69,146,147,140,142,143],"product_tag":[],"class_list":{"0":"post-9370","1":"product","2":"type-product","3":"status-publish","4":"has-post-thumbnail","6":"product_cat-vyzivove-doplnky","7":"product_cat-klby-a-reuma","8":"product_cat-pre-diabetikov","9":"product_cat-posilnenie-imunity","10":"product_cat-srdcovo-cievny-system","11":"product_cat-zaludok-a-crevna-cinnost","13":"first","14":"instock","15":"taxable","16":"shipping-taxable","17":"purchasable","18":"product-type-simple"},"aioseo_notices":[],"_links":{"self":[{"href":"https:\/\/www.biokari.sk\/ro\/wp-json\/wp\/v2\/product\/9370","targetHints":{"allow":["GET"]}}],"collection":[{"href":"https:\/\/www.biokari.sk\/ro\/wp-json\/wp\/v2\/product"}],"about":[{"href":"https:\/\/www.biokari.sk\/ro\/wp-json\/wp\/v2\/types\/product"}],"replies":[{"embeddable":true,"href":"https:\/\/www.biokari.sk\/ro\/wp-json\/wp\/v2\/comments?post=9370"}],"wp:featuredmedia":[{"embeddable":true,"href":"https:\/\/www.biokari.sk\/ro\/wp-json\/wp\/v2\/media\/9494"}],"wp:attachment":[{"href":"https:\/\/www.biokari.sk\/ro\/wp-json\/wp\/v2\/media?parent=9370"}],"wp:term":[{"taxonomy":"product_brand","embeddable":true,"href":"https:\/\/www.biokari.sk\/ro\/wp-json\/wp\/v2\/product_brand?post=9370"},{"taxonomy":"product_cat","embeddable":true,"href":"https:\/\/www.biokari.sk\/ro\/wp-json\/wp\/v2\/product_cat?post=9370"},{"taxonomy":"product_tag","embeddable":true,"href":"https:\/\/www.biokari.sk\/ro\/wp-json\/wp\/v2\/product_tag?post=9370"}],"curies":[{"name":"wp","href":"https:\/\/api.w.org\/{rel}","templated":true}]}}