{"id":9372,"date":"2025-07-04T10:40:14","date_gmt":"2025-07-04T08:40:14","guid":{"rendered":"https:\/\/www.biokari.sk\/produkt\/orlandi-famiglia-panensky-olivovy-olej-500ml\/"},"modified":"2026-03-11T18:00:58","modified_gmt":"2026-03-11T17:00:58","slug":"orlandi-famiglia-panensky-olivovy-olej-500ml","status":"publish","type":"product","link":"https:\/\/www.biokari.sk\/ro\/produs\/orlandi-famiglia-panensky-olivovy-olej-500ml\/","title":{"rendered":"Orlandi Famiglia Ulei de m\u0103sline virgin 500ml"},"content":{"rendered":"<div id=\":34g\" class=\"a3s aiL\">\n<div><strong>Pre\u010do pr\u00e1ve olivov\u00fd olej od rodiny Orlandi?\u00a0<\/strong><\/div>\n<div>Olej\u00e1re\u0148 Frantoio famiglia Orlandi je rodinn\u00e1 farma nach\u00e1dzaj\u00faca sa v procincii Verona v Ben\u00e1tsku. Olivy poch\u00e1dzaj\u00fa z ich vlastn\u00fdch olivov\u00fdch h\u00e1jov, o ktor\u00e9 sa sami staraj\u00fa. Nepou\u017e\u00edvaj\u00fa herbic\u00eddy. Olivy zbieraj\u00fa zdrav\u00e9, v spr\u00e1vnom stupni zrelosti a spracov\u00e1vaj\u00fa ich do nieko\u013eko hod\u00edn od zberu vo vlastnom lise, kde je ka\u017ed\u00e1 f\u00e1za spracovania starostlivo nastaven\u00e1. Pr\u00edsne dbaj\u00fa aj na spr\u00e1vne skladovanie a f\u013ea\u0161kovanie oleja. Oleje Orlandi nie s\u00fa dostupn\u00e9 v obchodn\u00fdch re\u0165azcoch.\u00a0\n<div class=\"yj6qo\">\u00a0<\/div>\n<div class=\"adL\"><strong>Nutri\u010dn\u00e9 hodnoty na 100ml:<\/strong>\u00a0<\/div>\n<div>Energia: 3385kj\/823,4kcal,<\/div>\n<div>Tuky: 91,5g z toho nas\u00fdten\u00e9: 13,24g<\/div>\n<div>Sacharidy: 0g z toho cukry: 0g,\u00a0<\/div>\n<div>Bielkoviny: 0g, So\u013e: 0g<\/div>\n<div>\u00a0<\/div>\n<\/div>\n<\/div>\n<div>P\u0103stra\u021bi \u00eentr-un loc r\u0103coros.<\/div>\n<div>Minim\u00e1lna trvanlivos\u0165 do: vi\u010f na obale.\u00a0<\/div>\n<div>\u00a0<\/div>\n<div>Objem: 500ml<\/div>\n<p>Zlo\u017eenie:\u00a0100% extra panensk\u00fd olivov\u00fd olej<\/p>\n\n\n<p><\/p>","protected":false},"excerpt":{"rendered":"<p>Pre\u010do pr\u00e1ve olivov\u00fd olej od rodiny Orlandi?\u00a0 Olej\u00e1re\u0148 Frantoio famiglia Orlandi je rodinn\u00e1 farma nach\u00e1dzaj\u00faca sa v procincii Verona v Ben\u00e1tsku. Olivy poch\u00e1dzaj\u00fa z ich vlastn\u00fdch olivov\u00fdch h\u00e1jov, o ktor\u00e9 sa sami staraj\u00fa. Nepou\u017e\u00edvaj\u00fa herbic\u00eddy. Olivy zbieraj\u00fa zdrav\u00e9, v spr\u00e1vnom stupni zrelosti a spracov\u00e1vaj\u00fa ich do nieko\u013eko hod\u00edn od zberu vo vlastnom lise, kde je [&hellip;]<\/p>","protected":false},"featured_media":9485,"comment_status":"open","ping_status":"closed","template":"","meta":{"inline_featured_image":false},"product_brand":[],"product_cat":[71,165],"product_tag":[133],"class_list":{"0":"post-9372","1":"product","2":"type-product","3":"status-publish","4":"has-post-thumbnail","6":"product_cat-potraviny","7":"product_cat-oleje","8":"product_tag-talianske-vyrobky","10":"first","11":"instock","12":"taxable","13":"shipping-taxable","14":"purchasable","15":"product-type-simple"},"aioseo_notices":[],"_links":{"self":[{"href":"https:\/\/www.biokari.sk\/ro\/wp-json\/wp\/v2\/product\/9372","targetHints":{"allow":["GET"]}}],"collection":[{"href":"https:\/\/www.biokari.sk\/ro\/wp-json\/wp\/v2\/product"}],"about":[{"href":"https:\/\/www.biokari.sk\/ro\/wp-json\/wp\/v2\/types\/product"}],"replies":[{"embeddable":true,"href":"https:\/\/www.biokari.sk\/ro\/wp-json\/wp\/v2\/comments?post=9372"}],"wp:featuredmedia":[{"embeddable":true,"href":"https:\/\/www.biokari.sk\/ro\/wp-json\/wp\/v2\/media\/9485"}],"wp:attachment":[{"href":"https:\/\/www.biokari.sk\/ro\/wp-json\/wp\/v2\/media?parent=9372"}],"wp:term":[{"taxonomy":"product_brand","embeddable":true,"href":"https:\/\/www.biokari.sk\/ro\/wp-json\/wp\/v2\/product_brand?post=9372"},{"taxonomy":"product_cat","embeddable":true,"href":"https:\/\/www.biokari.sk\/ro\/wp-json\/wp\/v2\/product_cat?post=9372"},{"taxonomy":"product_tag","embeddable":true,"href":"https:\/\/www.biokari.sk\/ro\/wp-json\/wp\/v2\/product_tag?post=9372"}],"curies":[{"name":"wp","href":"https:\/\/api.w.org\/{rel}","templated":true}]}}