{"id":9376,"date":"2025-07-04T10:41:57","date_gmt":"2025-07-04T08:41:57","guid":{"rendered":"https:\/\/www.biokari.sk\/produkt\/zinzino-balanceoil-s-prichutou-pomrancou-a-matou-100ml\/"},"modified":"2026-05-01T19:01:05","modified_gmt":"2026-05-01T17:01:05","slug":"zinzino-balanceoil-s-prichutou-pomrancou-a-matou-100ml","status":"publish","type":"product","link":"https:\/\/www.biokari.sk\/ro\/produs\/zinzino-balanceoil-aromat-cu-portocale-si-mate-100ml\/","title":{"rendered":"Zinzino Balanceoil Aromatizat cu portocale \u0219i ment\u0103 100ml"},"content":{"rendered":"<p>Cel mai bine v\u00e2ndut produs al nostru \u00eentr-o varietate de arome naturale. Un amestec complet natural de ulei de pe\u0219te pur din pe\u0219ti mici \u0219i s\u0103lbatici \u0219i ulei de m\u0103sline extravirgin de calitate superioar\u0103, ob\u021binut din m\u0103sline \u00eenainte de recolta principal\u0103, men\u021bine nutrien\u021bii esen\u021biali Omega-3 proaspe\u021bi \u0219i puternici pentru a fi absorbi\u021bi complet \u00een organism.<\/p>\n<div id=\"collapseid10506\" class=\"col-12 collapse show\" aria-labelledby=\"headingOne\" data-parent=\"#faqAccordion\">\n<div class=\"pt-1 pb-4 faq-item-content\">\n<ul class=\"usp-list\">\n<li>Contribuie la func\u021bionarea normal\u0103 a creierului<sup>1<\/sup>deoarece doza zilnic\u0103 con\u021bine 700 mg de DHA<\/li>\n<li>Contribuie la un sistem imunitar normal<sup>3<\/sup>deoarece doza zilnic\u0103 con\u021bine 20 \u00b5g de vitamina D<span class=\"s1\"><sub>3<\/sub><\/span><\/li>\n<li>Ajut\u0103 la men\u021binerea unor niveluri adecvate de EPA \u0219i DHA \u00een corpul dumneavoastr\u0103<\/li>\n<li>Ajut\u0103 la men\u021binerea nivelului optim de acizi gra\u0219i omega-6:3 \u00een organism<\/li>\n<li>Ajut\u0103 la men\u021binerea nivelului de polifenoli \u00een organism pentru a proteja lipidele din s\u00e2nge de stresul oxidativ<sup>6<\/sup><\/li>\n<li>Sus\u021bine func\u021bia ocular\u0103 s\u0103n\u0103toas\u0103 \u0219i normal\u0103, deoarece con\u021bine 700 mg de DHA<sup>7<\/sup><\/li>\n<li>Contribuie la oase normale<sup>11<\/sup>, func\u021bia muscular\u0103<sup>12<\/sup>, din\u021bi normali<sup>13<\/sup> \u0219i diviziunea celular\u0103<sup>14<\/sup>deoarece doza zilnic\u0103 con\u021bine 20 \u00b5g de vitamina D<span class=\"s1\"><sub>3<\/sub><\/span><\/li>\n<li>Sus\u021bine nivelul normal al trigliceridelor \u00een s\u00e2nge<sup>8<\/sup>, tensiune arterial\u0103 normal\u0103<sup>9<\/sup> \u0219i niveluri normale de calciu \u00een s\u00e2nge<sup>10<\/sup><\/li>\n<\/ul>\n<div id=\"collapseid10966\" class=\"col-12 collapse show\" aria-labelledby=\"headingOne\" data-parent=\"#faqAccordion\">\n<div class=\"pt-1 pb-4 faq-item-content\">\n<div class=\"row NutritionalFacts\">\n<div class=\"col-md-6 borderRight\">\n<table class=\"nutrition-table\">\n<tbody>\n<tr>\n<th>Valoarea nutri\u021bional\u0103 \u0219i con\u021binutul \u00een:<\/th>\n<th>12 ml<\/th>\n<\/tr>\n<tr>\n<td>Ulei de pe\u0219te<\/td>\n<td>6627 mg<\/td>\n<\/tr>\n<tr>\n<td>Acizi gra\u0219i Omega-3<\/td>\n<td>2478 mg<\/td>\n<\/tr>\n<tr class=\"whiteTR\">\n<td>\u00a0 \u00a0din care C20:5 (EPA<\/td>\n<td>1283 mg<\/td>\n<\/tr>\n<tr>\n<td>\u00a0 \u00a0din care C22:6 (DHA)<\/td>\n<td>683 mg<\/td>\n<\/tr>\n<tr>\n<td>Ulei de m\u0103sline<\/td>\n<td>4092 mg<\/td>\n<\/tr>\n<tr>\n<td>\u00a0 \u00a0din care acid oleic (omega-9)<\/td>\n<td>3069 mg<\/td>\n<\/tr>\n<tr>\n<td>\u00a0 \u00a0din care polifenoli<\/td>\n<td>3,5 mg<\/td>\n<\/tr>\n<tr>\n<td>Vitamina D<sub>3\u00a0<\/sub>(400 % RV*)<\/td>\n<td>20 ug<\/td>\n<\/tr>\n<tr>\n<td><em>*RV = valoare de referin\u021b\u0103<\/em><\/td>\n<td><\/td>\n<\/tr>\n<\/tbody>\n<\/table>\n<\/div>\n<div class=\"col-md-6 ingredientsBox\">\n<h4><strong>Compozi\u021bie:\u00a0<\/strong>Ulei de pe\u0219te (din hamsii, macrou \u0219i sardine), ulei de m\u0103sline presat la rece, extract cu con\u021binut ridicat de tocoferol (antioxidan\u021bi), arome naturale*, vitamina D<sub>3<\/sub> (colecalciferol).<\/p>\n<p>* Arom\u0103 natural\u0103 de l\u0103m\u00e2ie<br \/>\n* Arom\u0103 natural\u0103 de portocal\u0103, l\u0103m\u00e2ie \u0219i ment\u0103<br \/>\n* Arom\u0103 natural\u0103 de grapefruit, l\u0103m\u00e2ie \u0219i lime<\/p>\n<p><strong>Avertisment:<\/strong> BalanceOil+, 100 ml, disponibil doar \u00een arome de portocale, l\u0103m\u00e2ie \u0219i ment\u0103<\/h4>\n<p><strong>BalanceOil+: pe\u0219te \u0219i ulei de m\u0103sline \u00een echilibru perfect, cu rezultate dovedite<br \/>\n<\/strong>Formula \u0219tiin\u021bific\u0103 din BalanceOil+ combin\u0103 calitatea unic\u0103 a uleiului de pe\u0219te cu cantit\u0103\u021bi benefice de acizi gra\u0219i Omega-3 \u0219i Omega-7, \u00eempreun\u0103 cu cantit\u0103\u021bi certificate \u0219tiin\u021bific de ulei de m\u0103sline, con\u021bine polifenoli, fitonutrien\u021bi \u0219i acizi gra\u0219i Omega-9 \u00een cantit\u0103\u021bi mari \u0219i contribuie astfel la cre\u0219terea stabilit\u0103\u021bii oxidative a lipidelor Omega-3.<sup>4<\/sup><\/p>\n<p>Polifenolii se leag\u0103 de acizii gra\u0219i omega-3 \u0219i ac\u021bioneaz\u0103 ca antioxidan\u021bi eficien\u021bi, prevenind oxidarea lipidelor.<sup>4<\/sup> Polifenolii din uleiul de m\u0103sline imit\u0103 polifenolii prezen\u021bi \u00een mod natural \u00een pe\u0219te \u0219i transport\u0103 acizii gra\u0219i omega-3 fragili prin organism p\u00e2n\u0103 c\u00e2nd ace\u0219tia sunt introdu\u0219i \u00een siguran\u021b\u0103 \u00een membranele celulare. Polifenolii \u0219i lipidele marine lucreaz\u0103 \u00eempreun\u0103 \u00eentr-o manier\u0103 extrem de sinergic\u0103, permi\u021b\u00e2nd organismului s\u0103 absoarb\u0103, s\u0103 modifice \u0219i s\u0103 men\u021bin\u0103 \u00een siguran\u021b\u0103 nivelurile de acizi gra\u0219i omega-3 peste nivelul dorit de 8 % necesar pentru a ob\u021bine un echilibru omega-6:3 sub 3:1.<\/p>\n<p>Raportul mediu al acizilor gra\u0219i omega-6:3 la persoanele care nu iau un supliment de omega-3 este de 12:1 pentru Europa de Nord, 15:1 pentru Europa \u0219i 25:1 pentru SUA, conform unui studiu realizat pe baza celei mai mari baze de date din lume privind acizii gra\u0219i esen\u021biali, cu peste 1 000 000+ de teste analizate de laboratorul independent Vitas Analytical Services. Dup\u0103 120 de zile de utilizare a produselor BalanceOil+, raportul mediu \u00een toate aceste zone geografice este mai mic de 3:1.<\/p>\n<p><strong>Ulei de m\u0103sline extravirgin spaniol \u00een BalanceOil+<br \/>\n<\/strong>BalanceOil+ este fabricat din ulei de m\u0103sline extravirgin din m\u0103slina spaniol\u0103 Picual, care este selectat\u0103 pentru con\u021binutul s\u0103u bogat de acizi gra\u0219i omega-9 \u0219i pentru con\u021binutul foarte ridicat de antioxidan\u021bi. Acizii gra\u0219i omega-9 (acid oleic) sunt o alt\u0103 proprietate important\u0103 care promoveaz\u0103 \u00een mod activ normalizarea nivelului de colesterol din s\u00e2nge.<sup>4<\/sup>\u00a0 M\u0103slinele sunt preselectate, iar s\u00e2mburii sunt \u00eendep\u0103rta\u021bi \u00een timpul proces\u0103rii \u0219i numai fructele sunt presate la rece, rezult\u00e2nd un ulei extravirgin bogat \u00een omega-9 (acid oleic), cu un con\u021binut foarte ridicat de antioxidan\u021bi numi\u021bi polifenoli (peste 750 mg\/kg), care au mai multe efecte benefice.<sup>15<\/sup> Polifenolii protejeaz\u0103 BalanceOil+ din sticl\u0103, dar mai important, v\u0103 protejeaz\u0103 \u0219i celulele.<\/p>\n<p><strong>Tocoferoli naturali<br \/>\n<\/strong>Tocoferolii amesteca\u021bi sunt frecvent utiliza\u021bi ca antioxidan\u021bi \u00een suplimentele alimentare. Tocoferolii naturali utiliza\u021bi sunt special fabrica\u021bi din distilate de ulei de soia foarte rafinate, f\u0103r\u0103 OMG, care sunt supuse unei rafin\u0103ri suplimentare pentru a se asigura c\u0103 nu con\u021bin proteine de soia. Acest lucru \u00eenseamn\u0103 c\u0103 \u00een produs nu sunt prezen\u021bi alergeni. Ingredientele tipice din BalanceOil+ sunt: alfa-, beta-, gamma- \u0219i delta-tocoferoli.<\/p>\n<p><strong>Vitamina D3 pur\u0103<br \/>\n<\/strong>BalanceOil+ con\u021bine vitamina D3 (colecalciferol). Noi folosim vitamina D3 natural\u0103 ob\u021binut\u0103 din lanolin\u0103, o gr\u0103sime natural\u0103 care se g\u0103se\u0219te \u00een l\u00e2na de oaie. Vitamina D3 este ob\u021binut\u0103 prin dizolvarea precursorului vitaminei D3 din lanolin\u0103. Acesta este apoi modificat chimic \u0219i activat prin expunerea la lumina ultraviolet\u0103 (UV). Procesul chimic este comparabil cu procesul care are loc \u00een pielea uman\u0103 atunci c\u00e2nd vitamina D3 este produs\u0103 ca urmare a expunerii pielii la lumina soarelui.<\/p>\n<p><strong>Utilizare sugerat\u0103:\u00a0<\/strong>0,15 ml pe kilogram de greutate corporal\u0103. Ajusta\u021bi doza \u00een func\u021bie de greutatea corporal\u0103. Adul\u021bi cu o greutate corporal\u0103 de 50 kg: 7,5 ml pe zi. Adul\u021bi cu o greutate corporal\u0103 de 80 kg: 12 ml pe zi. Nu dep\u0103\u0219i\u021bi doza zilnic\u0103 recomandat\u0103. Suplimentul alimentar nu trebuie s\u0103 \u00eenlocuiasc\u0103 o diet\u0103 variat\u0103 \u0219i echilibrat\u0103 \u0219i un stil de via\u021b\u0103 s\u0103n\u0103tos.<\/p>\n<p><strong>Avertisment:\u00a0<\/strong>Dac\u0103 lua\u021bi medicamente pentru sub\u021bierea s\u00e2ngelui, consulta\u021bi medicul \u00eenainte de a utiliza BalanceOil+.<\/p>\n<p><strong>Depozitare:\u00a0<\/strong>Depozita\u021bi sticlele nedeschise \u00eentr-un loc \u00eentunecos, uscat, la temperatura camerei sau \u00een frigider. Depozita\u021bi sticlele deschise \u00een frigider \u0219i utiliza\u021bi \u00een termen de 45 de zile. La temperaturi sub 4 \u00b0C, uleiul poate deveni tulbure din cauza solidific\u0103rii. La temperatura camerei uleiul se va limpezi. A nu se l\u0103sa la \u00eendem\u00e2na copiilor.<\/p>\n<p><strong>Volum:<\/strong> 100ml<\/p>\n<\/div>\n<\/div>\n<\/div>\n<\/div>\n<\/div>\n<\/div>","protected":false},"excerpt":{"rendered":"<p>N\u00e1\u0161 najpred\u00e1vanej\u0161\u00ed produkt v r\u00f4znych pr\u00edrodn\u00fdch pr\u00edchutiach. \u00daplne pr\u00edrodn\u00e1 zmes \u010dist\u00e9ho rybieho oleja z mal\u00fdch, vo\u013ene \u017eij\u00facich r\u00fdb a pr\u00e9miov\u00fd, extra panensk\u00fd olivov\u00fd olej z ol\u00edv pred hlavn\u00fdm zberom zachov\u00e1va z\u00e1kladn\u00e9 \u017eiviny Omega-3 \u010derstv\u00e9 a \u00fa\u010dinn\u00e9, aby sa plne vstrebali do v\u00e1\u0161ho tela. Prispieva k norm\u00e1lnej funkcii mozgu1, preto\u017ee denn\u00e1 d\u00e1vka obsahuje 700 mg DHA [&hellip;]<\/p>","protected":false},"featured_media":9645,"comment_status":"open","ping_status":"closed","template":"","meta":{"inline_featured_image":false},"product_brand":[134],"product_cat":[69,145,140,73,75,74],"product_tag":[],"class_list":{"0":"post-9376","1":"product","2":"type-product","3":"status-publish","4":"has-post-thumbnail","6":"product_brand-zinzino","7":"product_cat-vyzivove-doplnky","8":"product_cat-krasa","9":"product_cat-posilnenie-imunity","10":"product_cat-zinzino","11":"product_cat-vyzivove-doplnky-na-imunitu","12":"product_cat-vyzivove-doplnky-omega","14":"first","15":"instock","16":"taxable","17":"shipping-taxable","18":"purchasable","19":"product-type-simple"},"aioseo_notices":[],"_links":{"self":[{"href":"https:\/\/www.biokari.sk\/ro\/wp-json\/wp\/v2\/product\/9376","targetHints":{"allow":["GET"]}}],"collection":[{"href":"https:\/\/www.biokari.sk\/ro\/wp-json\/wp\/v2\/product"}],"about":[{"href":"https:\/\/www.biokari.sk\/ro\/wp-json\/wp\/v2\/types\/product"}],"replies":[{"embeddable":true,"href":"https:\/\/www.biokari.sk\/ro\/wp-json\/wp\/v2\/comments?post=9376"}],"wp:featuredmedia":[{"embeddable":true,"href":"https:\/\/www.biokari.sk\/ro\/wp-json\/wp\/v2\/media\/9645"}],"wp:attachment":[{"href":"https:\/\/www.biokari.sk\/ro\/wp-json\/wp\/v2\/media?parent=9376"}],"wp:term":[{"taxonomy":"product_brand","embeddable":true,"href":"https:\/\/www.biokari.sk\/ro\/wp-json\/wp\/v2\/product_brand?post=9376"},{"taxonomy":"product_cat","embeddable":true,"href":"https:\/\/www.biokari.sk\/ro\/wp-json\/wp\/v2\/product_cat?post=9376"},{"taxonomy":"product_tag","embeddable":true,"href":"https:\/\/www.biokari.sk\/ro\/wp-json\/wp\/v2\/product_tag?post=9376"}],"curies":[{"name":"wp","href":"https:\/\/api.w.org\/{rel}","templated":true}]}}