{"id":9378,"date":"2025-07-04T10:41:58","date_gmt":"2025-07-04T08:41:58","guid":{"rendered":"https:\/\/www.biokari.sk\/produkt\/zinzino-balanceoil-citronova-prichut-300ml\/"},"modified":"2026-04-29T19:03:11","modified_gmt":"2026-04-29T17:03:11","slug":"zinzino-balanceoil-citronova-prichut-300ml","status":"publish","type":"product","link":"https:\/\/www.biokari.sk\/ro\/produs\/zinzino-balanceoil-citronova-prichut-300ml\/","title":{"rendered":"Zinzino Balanceoil arom\u0103 de l\u0103m\u00e2ie 300ml"},"content":{"rendered":"<p data-start=\"209\" data-end=\"365\">Veg\u00e1nska strava je \u010dasto bohat\u0161ia na niektor\u00e9 \u017eiviny (vl\u00e1knina, vitam\u00edn C, fytochemik\u00e1lie), av\u0161ak m\u00f4\u017ee ch\u00fdba\u0165 <strong data-start=\"319\" data-end=\"332\">vitam\u00edn D<\/strong> a <strong data-start=\"335\" data-end=\"362\">omega-3 mastn\u00e9 kyseliny<\/strong>.<\/p>\n<p data-start=\"367\" data-end=\"585\">Preto maj\u00fa veg\u00e1ni a vegetari\u00e1ni \u010dasto probl\u00e9m dosiahnu\u0165 zdrav\u00fa rovnov\u00e1hu <strong data-start=\"440\" data-end=\"453\">omega-6:3<\/strong>, ke\u010f\u017ee do tela neprij\u00edmaj\u00fa dostatok EPA a DHA mastn\u00fdch kysel\u00edn potrebn\u00fdch pre norm\u00e1lnu \u010dinnos\u0165 srdca, mozgu a imunitn\u00e9ho syst\u00e9mu.<\/p>\n<p data-start=\"587\" data-end=\"738\">Viacer\u00e9 \u0161t\u00fadie potvrdili, \u017ee v krvi veg\u00e1nov je koncentr\u00e1cia omega-3 mastn\u00fdch kysel\u00edn ni\u017e\u0161ia ako u \u013eud\u00ed, ktor\u00ed konzumuj\u00fa potraviny \u017eivo\u010d\u00ed\u0161neho p\u00f4vodu.<\/p>\n<p data-start=\"740\" data-end=\"983\"><strong data-start=\"740\" data-end=\"776\">Zinzino BalanceOil+ Vegan citr\u00f3n<\/strong> obsahuje olej z morsk\u00fdch mikrori\u00e1s bohat\u00fd na EPA, DHA a DPA, extra panensk\u00fd olivov\u00fd olej z nezrel\u00fdch bob\u00fa\u013e, olej zo semien echia bohat\u00fd na SDA, ALA a GLA, ako aj pr\u00edrodn\u00fd veg\u00e1nsky vitam\u00edn D3 zo li\u0161ajn\u00edka.<\/p>\n<p data-start=\"985\" data-end=\"1001\"><strong>T\u00e1to synergia:<\/strong><\/p>\n<ul data-start=\"1002\" data-end=\"1181\">\n<li data-start=\"1002\" data-end=\"1042\">\n<p data-start=\"1004\" data-end=\"1042\">pom\u00e1ha chr\u00e1ni\u0165 bunky pred oxid\u00e1ciou,<\/p>\n<\/li>\n<li data-start=\"1043\" data-end=\"1082\">\n<p data-start=\"1045\" data-end=\"1082\">bezpe\u010dne vyrovn\u00e1va pomer omega-6:3,<\/p>\n<\/li>\n<li data-start=\"1083\" data-end=\"1128\">\n<p data-start=\"1085\" data-end=\"1128\">podporuje norm\u00e1lnu funkciu mozgu a srdca,<\/p>\n<\/li>\n<li data-start=\"1129\" data-end=\"1181\">\n<p data-start=\"1131\" data-end=\"1181\">posil\u0148uje spr\u00e1vne fungovanie imunitn\u00e9ho syst\u00e9mu.<\/p>\n<\/li>\n<\/ul>\n<hr data-start=\"1183\" data-end=\"1186\" \/>\n<h4 data-start=\"1188\" data-end=\"1203\"><strong>Compozi\u021bie:\u00a0<\/strong>za studena lisovan\u00fd olivov\u00fd olej, olej z mikroriasy <strong data-start=\"1256\" data-end=\"1278\">Schizochytrium sp.<\/strong>, rafinovan\u00fd olej zo semien echia, pr\u00edrodn\u00e1 ar\u00f3ma (citr\u00f3n), antioxidanty (pr\u00edrodn\u00e9 tokoferoly), vitam\u00edn D3 zo zu lichenov (cholekalciferol). <strong data-start=\"1444\" data-end=\"1456\">Pr\u00edchu\u0165:<\/strong> citr\u00f3n<\/h4>\n<h3 data-start=\"1472\" data-end=\"1500\"><strong>Doza recomandat\u0103:<\/strong><\/h3>\n<p data-start=\"1501\" data-end=\"1553\"><strong data-start=\"1501\" data-end=\"1551\">0,15 ml oleja na 1 kg telesnej hmotnosti denne<\/strong><\/p>\n<ul data-start=\"1555\" data-end=\"1667\">\n<li data-start=\"1555\" data-end=\"1573\">\n<p data-start=\"1557\" data-end=\"1573\">50 kg \u2192 7,5 ml<\/p>\n<\/li>\n<li data-start=\"1574\" data-end=\"1590\">\n<p data-start=\"1576\" data-end=\"1590\">60 kg \u2192 9 ml<\/p>\n<\/li>\n<li data-start=\"1591\" data-end=\"1610\">\n<p data-start=\"1593\" data-end=\"1610\">70 kg \u2192 10,5 ml<\/p>\n<\/li>\n<li data-start=\"1611\" data-end=\"1628\">\n<p data-start=\"1613\" data-end=\"1628\">80 kg \u2192 12 ml<\/p>\n<\/li>\n<li data-start=\"1629\" data-end=\"1648\">\n<p data-start=\"1631\" data-end=\"1648\">90 kg \u2192 13,5 ml<\/p>\n<\/li>\n<li data-start=\"1649\" data-end=\"1667\">\n<p data-start=\"1651\" data-end=\"1667\">100 kg \u2192 15 ml<\/p>\n<\/li>\n<\/ul>\n<p data-start=\"1669\" data-end=\"1776\">Odpor\u00fa\u010dan\u00e1 denn\u00e1 d\u00e1vka sa nesmie prekro\u010di\u0165!<br data-start=\"1712\" data-end=\"1715\" \/>Suplimente nutritive <strong data-start=\"1732\" data-end=\"1773\">nenahr\u00e1dzaj\u00fa pestr\u00fa a vyv\u00e1\u017een\u00fa stravu<\/strong>.<\/p>\n<p data-start=\"1778\" data-end=\"1823\"><strong data-start=\"1778\" data-end=\"1821\">Trvanlivos\u0165 balenia pri dennom u\u017e\u00edvan\u00ed:<\/strong><\/p>\n<ul data-start=\"1824\" data-end=\"1914\">\n<li data-start=\"1824\" data-end=\"1845\">\n<p data-start=\"1826\" data-end=\"1845\">5 ml\/de\u0148 = 60 dn\u00ed<\/p>\n<\/li>\n<li data-start=\"1846\" data-end=\"1868\">\n<p data-start=\"1848\" data-end=\"1868\">10 ml\/de\u0148 = 30 dn\u00ed<\/p>\n<\/li>\n<li data-start=\"1869\" data-end=\"1891\">\n<p data-start=\"1871\" data-end=\"1891\">15 ml\/de\u0148 = 20 dn\u00ed<\/p>\n<\/li>\n<li data-start=\"1892\" data-end=\"1914\">\n<p data-start=\"1894\" data-end=\"1914\">20 ml\/de\u0148 = 15 dn\u00ed<\/p>\n<\/li>\n<\/ul>\n<h3 data-start=\"1921\" data-end=\"1962\"><strong>Obsah \u00fa\u010dinn\u00fdch l\u00e1tok (denn\u00e1 d\u00e1vka):<\/strong><\/h3>\n<div class=\"_tableContainer_1rjym_1\">\n<div class=\"_tableWrapper_1rjym_13 group flex w-fit flex-col-reverse\">\n<table class=\"w-fit min-w-(--thread-content-width)\" data-start=\"1964\" data-end=\"2523\">\n<thead data-start=\"1964\" data-end=\"1992\">\n<tr data-start=\"1964\" data-end=\"1992\">\n<th data-start=\"1964\" data-end=\"1972\" data-col-size=\"sm\">L\u00e1tka<\/th>\n<th data-start=\"1972\" data-end=\"1981\" data-col-size=\"sm\">7,5 ml<\/th>\n<th data-start=\"1981\" data-end=\"1992\" data-col-size=\"sm\">12 ml<\/th>\n<\/tr>\n<\/thead>\n<tbody data-start=\"2023\" data-end=\"2523\">\n<tr data-start=\"2023\" data-end=\"2070\">\n<td data-start=\"2023\" data-end=\"2047\" data-col-size=\"sm\">Acizi gra\u0219i Omega-3<\/td>\n<td data-start=\"2047\" data-end=\"2057\" data-col-size=\"sm\">1764 mg<\/td>\n<td data-start=\"2057\" data-end=\"2070\" data-col-size=\"sm\">3047 mg<\/td>\n<\/tr>\n<tr data-start=\"2071\" data-end=\"2104\">\n<td data-start=\"2071\" data-end=\"2081\" data-col-size=\"sm\">Alga olej<\/td>\n<td data-start=\"2081\" data-end=\"2091\" data-col-size=\"sm\">2092 mg<\/td>\n<td data-start=\"2091\" data-end=\"2104\" data-col-size=\"sm\">3282 mg<\/td>\n<\/tr>\n<tr data-start=\"2105\" data-end=\"2139\">\n<td data-start=\"2105\" data-end=\"2118\" data-col-size=\"sm\">\u2013 z toho EPA<\/td>\n<td data-start=\"2118\" data-end=\"2127\" data-col-size=\"sm\">492 mg<\/td>\n<td data-start=\"2127\" data-end=\"2139\" data-col-size=\"sm\">772 mg<\/td>\n<\/tr>\n<tr data-start=\"2140\" data-end=\"2175\">\n<td data-start=\"2140\" data-end=\"2153\" data-col-size=\"sm\">\u2013 z toho DHA<\/td>\n<td data-start=\"2153\" data-end=\"2162\" data-col-size=\"sm\">416 mg<\/td>\n<td data-start=\"2162\" data-end=\"2175\" data-col-size=\"sm\">1123 mg<\/td>\n<\/tr>\n<tr data-start=\"2176\" data-end=\"2210\">\n<td data-start=\"2176\" data-end=\"2189\" data-col-size=\"sm\">\u2013 z toho DPA<\/td>\n<td data-start=\"2189\" data-end=\"2198\" data-col-size=\"sm\">115 mg<\/td>\n<td data-start=\"2198\" data-end=\"2210\" data-col-size=\"sm\">180 mg<\/td>\n<\/tr>\n<tr data-start=\"2211\" data-end=\"2244\">\n<td data-start=\"2211\" data-end=\"2222\" data-col-size=\"sm\">Echia olej<\/td>\n<td data-start=\"2222\" data-end=\"2231\" data-col-size=\"sm\">968 mg<\/td>\n<td data-start=\"2231\" data-end=\"2244\" data-col-size=\"sm\">1518 mg<\/td>\n<\/tr>\n<tr data-start=\"2245\" data-end=\"2279\">\n<td data-start=\"2245\" data-end=\"2258\" data-col-size=\"sm\">\u2013 z toho SDA<\/td>\n<td data-start=\"2258\" data-end=\"2267\" data-col-size=\"sm\">130 mg<\/td>\n<td data-start=\"2267\" data-end=\"2279\" data-col-size=\"sm\">288 mg<\/td>\n<\/tr>\n<tr data-start=\"2280\" data-end=\"2314\">\n<td data-start=\"2280\" data-end=\"2293\" data-col-size=\"sm\">\u2013 z toho ALA<\/td>\n<td data-start=\"2293\" data-end=\"2302\" data-col-size=\"sm\">310 mg<\/td>\n<td data-start=\"2302\" data-end=\"2314\" data-col-size=\"sm\">683 mg<\/td>\n<\/tr>\n<tr data-start=\"2315\" data-end=\"2348\">\n<td data-start=\"2315\" data-end=\"2328\" data-col-size=\"sm\">\u2013 z toho GLA<\/td>\n<td data-start=\"2328\" data-end=\"2337\" data-col-size=\"sm\">101 mg<\/td>\n<td data-start=\"2337\" data-end=\"2348\" data-col-size=\"sm\">95 mg<\/td>\n<\/tr>\n<tr data-start=\"2349\" data-end=\"2385\">\n<td data-start=\"2349\" data-end=\"2362\" data-col-size=\"sm\">Ulei de m\u0103sline<\/td>\n<td data-start=\"2362\" data-end=\"2372\" data-col-size=\"sm\">3986 mg<\/td>\n<td data-start=\"2372\" data-end=\"2385\" data-col-size=\"sm\">6251 mg<\/td>\n<\/tr>\n<tr data-start=\"2386\" data-end=\"2426\">\n<td data-start=\"2386\" data-end=\"2403\" data-col-size=\"sm\">\u2013 z toho omega-9<\/td>\n<td data-start=\"2403\" data-end=\"2413\" data-col-size=\"sm\">3279 mg<\/td>\n<td data-start=\"2413\" data-end=\"2426\" data-col-size=\"sm\">5142 mg<\/td>\n<\/tr>\n<tr data-start=\"2427\" data-end=\"2468\">\n<td data-start=\"2427\" data-end=\"2447\" data-col-size=\"sm\">\u2013 z toho polyfenoly<\/td>\n<td data-col-size=\"sm\" data-start=\"2447\" data-end=\"2456\">3,4 mg<\/td>\n<td data-col-size=\"sm\" data-start=\"2456\" data-end=\"2468\">5,3 mg<\/td>\n<\/tr>\n<tr data-start=\"2469\" data-end=\"2523\">\n<td data-start=\"2469\" data-end=\"2480\" data-col-size=\"sm\">Vitam\u00edn D3<\/td>\n<td data-start=\"2480\" data-end=\"2500\" data-col-size=\"sm\">12 \u00b5g (250 % NRV)<\/td>\n<td data-start=\"2500\" data-end=\"2523\" data-col-size=\"sm\">20 \u00b5g (400 % NRV)<\/td>\n<\/tr>\n<\/tbody>\n<\/table>\n<\/div>\n<\/div>\n\n\n<p>NRV = referen\u010dn\u00e1 v\u00fd\u017eivov\u00e1 hodnota<\/p>\n\n\n\n<h3 class=\"wp-block-heading\"><strong>Aviz<\/strong>:<\/h3>\n\n\n\n<ul class=\"wp-block-list\">\n<li>Ak u\u017e\u00edvate lieky na riedenie krvi, pred u\u017e\u00edvan\u00edm sa pora\u010fte s lek\u00e1rom.<\/li>\n\n\n\n<li>A nu se l\u0103sa la \u00eendem\u00e2na copiilor!<\/li>\n\n\n\n<li>Neprekra\u010dujte odpor\u00fa\u010dan\u00fa denn\u00fa d\u00e1vku.<\/li>\n\n\n\n<li>V\u00fd\u017eivov\u00fd doplnok nenahr\u00e1dza pestr\u00fa a vyv\u00e1\u017een\u00fa stravu ani zdrav\u00fd \u017eivotn\u00fd \u0161t\u00fdl.<\/li>\n\n\n\n<li>Nevhodn\u00e9 pri precitlivenosti na niektor\u00fa zo zlo\u017eiek.<\/li>\n<\/ul>\n\n\n\n<h4 class=\"wp-block-heading\"><strong>Depozitare:<\/strong> Neotvoren\u00e9 f\u013ea\u0161e: skladova\u0165 na tmavom, suchom mieste pri izbovej teplote alebo v chladni\u010dke.<br>Otvoren\u00e9 f\u013ea\u0161e: skladova\u0165 v chladni\u010dke a spotrebova\u0165 do <strong>45 dn\u00ed<\/strong>.<br>Pri teplote pod 4 \u00b0C m\u00f4\u017ee olivov\u00fd olej zakali\u0165 \u2013 pri izbovej teplote zakalenie zmizne.<\/h4>\n\n\n\n<h4 class=\"wp-block-heading\"><strong>V\u00fdhody BalanceOil+ Vegan:<\/strong><\/h4>\n\n\n\n<ul class=\"wp-block-list\">\n<li>podporuje norm\u00e1lnu funkciu mozgu (DHA), srdca (EPA+DHA) a imunitn\u00e9ho syst\u00e9mu (vitam\u00edn D3),<\/li>\n\n\n\n<li>pom\u00e1ha udr\u017eiava\u0165 spr\u00e1vny pomer omega-6:3,<\/li>\n\n\n\n<li>chr\u00e1ni krvn\u00e9 tuky pred oxida\u010dn\u00fdm stresom,<\/li>\n\n\n\n<li>prispieva k zdraviu o\u010d\u00ed, kost\u00ed, zubov a svalov,<\/li>\n\n\n\n<li>obsahuje iba pr\u00edrodn\u00e9 a \u010disto veg\u00e1nske zlo\u017eky, registrovan\u00e9 aj <strong>The Vegan Society<\/strong>.<\/li>\n<\/ul>\n\n\n\n<p><strong>Volum:<\/strong> 300ml<\/p>\n\n\n\n<p><\/p>","protected":false},"excerpt":{"rendered":"<p>Veg\u00e1nska strava je \u010dasto bohat\u0161ia na niektor\u00e9 \u017eiviny (vl\u00e1knina, vitam\u00edn C, fytochemik\u00e1lie), av\u0161ak m\u00f4\u017ee ch\u00fdba\u0165 vitam\u00edn D a omega-3 mastn\u00e9 kyseliny. Preto maj\u00fa veg\u00e1ni a vegetari\u00e1ni \u010dasto probl\u00e9m dosiahnu\u0165 zdrav\u00fa rovnov\u00e1hu omega-6:3, ke\u010f\u017ee do tela neprij\u00edmaj\u00fa dostatok EPA a DHA mastn\u00fdch kysel\u00edn potrebn\u00fdch pre norm\u00e1lnu \u010dinnos\u0165 srdca, mozgu a imunitn\u00e9ho syst\u00e9mu. Viacer\u00e9 \u0161t\u00fadie potvrdili, \u017ee [&hellip;]<\/p>","protected":false},"featured_media":9742,"comment_status":"open","ping_status":"closed","template":"","meta":{"inline_featured_image":false},"product_brand":[134],"product_cat":[69,146,145,140,142,73,75,74],"product_tag":[],"class_list":{"0":"post-9378","1":"product","2":"type-product","3":"status-publish","4":"has-post-thumbnail","6":"product_brand-zinzino","7":"product_cat-vyzivove-doplnky","8":"product_cat-klby-a-reuma","9":"product_cat-krasa","10":"product_cat-posilnenie-imunity","11":"product_cat-srdcovo-cievny-system","12":"product_cat-zinzino","13":"product_cat-vyzivove-doplnky-na-imunitu","14":"product_cat-vyzivove-doplnky-omega","16":"first","17":"instock","18":"taxable","19":"shipping-taxable","20":"purchasable","21":"product-type-simple"},"aioseo_notices":[],"_links":{"self":[{"href":"https:\/\/www.biokari.sk\/ro\/wp-json\/wp\/v2\/product\/9378","targetHints":{"allow":["GET"]}}],"collection":[{"href":"https:\/\/www.biokari.sk\/ro\/wp-json\/wp\/v2\/product"}],"about":[{"href":"https:\/\/www.biokari.sk\/ro\/wp-json\/wp\/v2\/types\/product"}],"replies":[{"embeddable":true,"href":"https:\/\/www.biokari.sk\/ro\/wp-json\/wp\/v2\/comments?post=9378"}],"wp:featuredmedia":[{"embeddable":true,"href":"https:\/\/www.biokari.sk\/ro\/wp-json\/wp\/v2\/media\/9742"}],"wp:attachment":[{"href":"https:\/\/www.biokari.sk\/ro\/wp-json\/wp\/v2\/media?parent=9378"}],"wp:term":[{"taxonomy":"product_brand","embeddable":true,"href":"https:\/\/www.biokari.sk\/ro\/wp-json\/wp\/v2\/product_brand?post=9378"},{"taxonomy":"product_cat","embeddable":true,"href":"https:\/\/www.biokari.sk\/ro\/wp-json\/wp\/v2\/product_cat?post=9378"},{"taxonomy":"product_tag","embeddable":true,"href":"https:\/\/www.biokari.sk\/ro\/wp-json\/wp\/v2\/product_tag?post=9378"}],"curies":[{"name":"wp","href":"https:\/\/api.w.org\/{rel}","templated":true}]}}