{"id":9385,"date":"2025-07-04T10:44:13","date_gmt":"2025-07-04T08:44:13","guid":{"rendered":"https:\/\/www.biokari.sk\/produkt\/balint-cseppek-venus-kvapky-50ml\/"},"modified":"2026-01-27T08:41:46","modified_gmt":"2026-01-27T07:41:46","slug":"balint-cseppek-venus-kvapky-50ml","status":"publish","type":"product","link":"https:\/\/www.biokari.sk\/ro\/produs\/balint-cseppek-venus-kvapky-50ml\/","title":{"rendered":"B\u00e1lint cseppek Venus pic\u0103turi 50ml"},"content":{"rendered":"<p data-start=\"168\" data-end=\"261\"><strong data-start=\"168\" data-end=\"181\">Compozi\u021bie: <\/strong>nosi\u010d (voda a alkohol), rebr\u00ed\u010dek oby\u010dajn\u00fd, alchemilka a kapsi\u010dka pastierska<\/p>\n<p data-start=\"263\" data-end=\"436\"><strong data-start=\"263\" data-end=\"274\">\u00da\u010dinky: <\/strong>Alchemilka a kapsi\u010dka pastierska pom\u00e1haj\u00fa udr\u017eiava\u0165 dobr\u00fd pocit pred a po\u010das men\u0161trua\u010dn\u00e9ho cyklu.<br data-start=\"374\" data-end=\"377\" \/>Kapsi\u010dka pastierska podporuje \u010dinnos\u0165 pohlavn\u00fdch org\u00e1nov.<\/p>\n<p data-start=\"438\" data-end=\"516\"><strong data-start=\"438\" data-end=\"464\">Doza recomandat\u0103: <\/strong>1\u20132 \u00d7 denne 21 kvapiek rozpusti\u0165 v \u010distej vode.<\/p>\n<p data-start=\"518\" data-end=\"721\">Odpor\u00fa\u010dan\u00e9 denn\u00e9 mno\u017estvo sa nesmie prekro\u010di\u0165!<br data-start=\"564\" data-end=\"567\" \/>V\u00fd\u017eivov\u00fd doplnok nenahr\u00e1dza pestr\u00fa stravu a vyv\u00e1\u017een\u00fd \u017eivotn\u00fd \u0161t\u00fdl.<br data-start=\"633\" data-end=\"636\" \/>V pr\u00edpravku sa m\u00f4\u017ee vyskytn\u00fa\u0165 usadenina, ktor\u00e1 v\u0161ak neovplyv\u0148uje \u00fa\u010dinnos\u0165 produktu.<\/p>\n<p data-start=\"723\" data-end=\"795\"><strong data-start=\"723\" data-end=\"764\">\u017diviny \/ \u00fa\u010dinn\u00e9 l\u00e1tky v dennej d\u00e1vke v 42 kvapk\u00e1ch sa nach\u00e1dza:<\/strong> <br \/>rebr\u00ed\u010dek oby\u010dajn\u00fd 45 mg, alchemilka 45 mg, kapsi\u010dka pastierska 30 mg<\/p>\n<p data-start=\"876\" data-end=\"1020\">Rebr\u00ed\u010dek oby\u010dajn\u00fd (Achillea millefolium) obsahuje azul\u00e9n (silicu).<br data-start=\"942\" data-end=\"945\" \/>Alchemilka obsahuje triesloviny, kapsi\u010dka pastierska obsahuje flavonoidy.<\/p>\n<p data-start=\"1022\" data-end=\"1081\"><strong data-start=\"1022\" data-end=\"1038\">Depozitare: <\/strong>pri izbovej teplote, mimo dosahu det\u00ed!<\/p>\n\n\n<p><strong>Volum:\u00a0<\/strong>50ml<br><strong>Perioada minim\u0103 de valabilitate p\u00e2n\u0103 la:<\/strong> Vede\u021bi ambalajul.<\/p>\n\n\n\n<p><\/p>","protected":false},"excerpt":{"rendered":"<p>Zlo\u017eenie: nosi\u010d (voda a alkohol), rebr\u00ed\u010dek oby\u010dajn\u00fd, alchemilka a kapsi\u010dka pastierska \u00da\u010dinky: Alchemilka a kapsi\u010dka pastierska pom\u00e1haj\u00fa udr\u017eiava\u0165 dobr\u00fd pocit pred a po\u010das men\u0161trua\u010dn\u00e9ho cyklu.Kapsi\u010dka pastierska podporuje \u010dinnos\u0165 pohlavn\u00fdch org\u00e1nov. Odpor\u00fa\u010dan\u00e9 d\u00e1vkovanie: 1\u20132 \u00d7 denne 21 kvapiek rozpusti\u0165 v \u010distej vode. Odpor\u00fa\u010dan\u00e9 denn\u00e9 mno\u017estvo sa nesmie prekro\u010di\u0165!V\u00fd\u017eivov\u00fd doplnok nenahr\u00e1dza pestr\u00fa stravu a vyv\u00e1\u017een\u00fd \u017eivotn\u00fd \u0161t\u00fdl.V [&hellip;]<\/p>","protected":false},"featured_media":9734,"comment_status":"open","ping_status":"closed","template":"","meta":{"inline_featured_image":false},"product_brand":[],"product_cat":[69],"product_tag":[],"class_list":{"0":"post-9385","1":"product","2":"type-product","3":"status-publish","4":"has-post-thumbnail","6":"product_cat-vyzivove-doplnky","8":"first","9":"instock","10":"taxable","11":"shipping-taxable","12":"purchasable","13":"product-type-simple"},"aioseo_notices":[],"_links":{"self":[{"href":"https:\/\/www.biokari.sk\/ro\/wp-json\/wp\/v2\/product\/9385","targetHints":{"allow":["GET"]}}],"collection":[{"href":"https:\/\/www.biokari.sk\/ro\/wp-json\/wp\/v2\/product"}],"about":[{"href":"https:\/\/www.biokari.sk\/ro\/wp-json\/wp\/v2\/types\/product"}],"replies":[{"embeddable":true,"href":"https:\/\/www.biokari.sk\/ro\/wp-json\/wp\/v2\/comments?post=9385"}],"wp:featuredmedia":[{"embeddable":true,"href":"https:\/\/www.biokari.sk\/ro\/wp-json\/wp\/v2\/media\/9734"}],"wp:attachment":[{"href":"https:\/\/www.biokari.sk\/ro\/wp-json\/wp\/v2\/media?parent=9385"}],"wp:term":[{"taxonomy":"product_brand","embeddable":true,"href":"https:\/\/www.biokari.sk\/ro\/wp-json\/wp\/v2\/product_brand?post=9385"},{"taxonomy":"product_cat","embeddable":true,"href":"https:\/\/www.biokari.sk\/ro\/wp-json\/wp\/v2\/product_cat?post=9385"},{"taxonomy":"product_tag","embeddable":true,"href":"https:\/\/www.biokari.sk\/ro\/wp-json\/wp\/v2\/product_tag?post=9385"}],"curies":[{"name":"wp","href":"https:\/\/api.w.org\/{rel}","templated":true}]}}