{"id":9387,"date":"2025-07-04T10:44:13","date_gmt":"2025-07-04T08:44:13","guid":{"rendered":"https:\/\/www.biokari.sk\/produkt\/balint-cseppek-oreganovy-olej-50ml\/"},"modified":"2026-04-18T19:02:53","modified_gmt":"2026-04-18T17:02:53","slug":"balint-cseppek-oreganovy-olej-50ml","status":"publish","type":"product","link":"https:\/\/www.biokari.sk\/ro\/produs\/balint-cseppek-oreganovy-olej-50ml\/","title":{"rendered":"B\u00e1lint cseppek Ulei de oregano 50ml"},"content":{"rendered":"<p data-start=\"32\" data-end=\"84\"><strong data-start=\"32\" data-end=\"45\">Compozi\u021bie: <\/strong>kukuricov\u00fd olej z kl\u00ed\u010dkov, oregano<\/p>\n<p data-start=\"86\" data-end=\"157\">Oregano podporuje tr\u00e1venie a prispieva k dobr\u00e9mu tr\u00e1viacemu komfortu.<\/p>\n<h4 data-start=\"164\" data-end=\"207\"><strong>Nutri\u010dn\u00e9 hodnoty na denn\u00fa d\u00e1vku:<\/strong><br \/>\nEnergia: 74 kJ \/ 18 kcal<br data-start=\"236\" data-end=\"239\" \/>Mononenas\u00fdten\u00e9 mastn\u00e9 kyseliny: 565 mg<br data-start=\"281\" data-end=\"284\" \/>Polynenas\u00fdten\u00e9 mastn\u00e9 kyseliny: 1072 mg<br data-start=\"327\" data-end=\"330\" \/>\u2013 z toho omega-6 mastn\u00e9 kyseliny: 1072 mg<\/h4>\n<h4 data-start=\"384\" data-end=\"412\"><strong>D\u00e1vkovanie<\/strong>: r\u00e1no 2 ml (1 mokka ly\u017ei\u010dka)<br \/>\nOdpor\u00fa\u010dan\u00e9 denn\u00e9 mno\u017estvo sa nesmie prekro\u010di\u0165!<\/h4>\n<h4 data-start=\"494\" data-end=\"577\">V\u00fd\u017eivov\u00fd doplnok nenahr\u00e1dza vyv\u00e1\u017een\u00fa a pestr\u00fa stravu ani zdrav\u00fd \u017eivotn\u00fd \u0161t\u00fdl.<\/h4>\n<h4 class=\"wp-block-heading\"><strong>Volum:<\/strong> 50ml<br \/>\nA se p\u0103stra \u00eentr-un loc uscat.<br \/>\n<strong>Perioada minim\u0103 de valabilitate p\u00e2n\u0103 la:<\/strong> vezi ambalajul.<\/h4>","protected":false},"excerpt":{"rendered":"<p>Zlo\u017eenie: kukuricov\u00fd olej z kl\u00ed\u010dkov, oregano Oregano podporuje tr\u00e1venie a prispieva k dobr\u00e9mu tr\u00e1viacemu komfortu. Nutri\u010dn\u00e9 hodnoty na denn\u00fa d\u00e1vku: Energia: 74 kJ \/ 18 kcalMononenas\u00fdten\u00e9 mastn\u00e9 kyseliny: 565 mgPolynenas\u00fdten\u00e9 mastn\u00e9 kyseliny: 1072 mg\u2013 z toho omega-6 mastn\u00e9 kyseliny: 1072 mg D\u00e1vkovanie: r\u00e1no 2 ml (1 mokka ly\u017ei\u010dka) Odpor\u00fa\u010dan\u00e9 denn\u00e9 mno\u017estvo sa nesmie prekro\u010di\u0165! V\u00fd\u017eivov\u00fd [&hellip;]<\/p>","protected":false},"featured_media":9732,"comment_status":"open","ping_status":"closed","template":"","meta":{"inline_featured_image":false},"product_brand":[],"product_cat":[69,144,140,143],"product_tag":[],"class_list":{"0":"post-9387","1":"product","2":"type-product","3":"status-publish","4":"has-post-thumbnail","6":"product_cat-vyzivove-doplnky","7":"product_cat-dychacie-cesty","8":"product_cat-posilnenie-imunity","9":"product_cat-zaludok-a-crevna-cinnost","11":"first","12":"onbackorder","13":"taxable","14":"shipping-taxable","15":"purchasable","16":"product-type-simple"},"aioseo_notices":[],"_links":{"self":[{"href":"https:\/\/www.biokari.sk\/ro\/wp-json\/wp\/v2\/product\/9387","targetHints":{"allow":["GET"]}}],"collection":[{"href":"https:\/\/www.biokari.sk\/ro\/wp-json\/wp\/v2\/product"}],"about":[{"href":"https:\/\/www.biokari.sk\/ro\/wp-json\/wp\/v2\/types\/product"}],"replies":[{"embeddable":true,"href":"https:\/\/www.biokari.sk\/ro\/wp-json\/wp\/v2\/comments?post=9387"}],"wp:featuredmedia":[{"embeddable":true,"href":"https:\/\/www.biokari.sk\/ro\/wp-json\/wp\/v2\/media\/9732"}],"wp:attachment":[{"href":"https:\/\/www.biokari.sk\/ro\/wp-json\/wp\/v2\/media?parent=9387"}],"wp:term":[{"taxonomy":"product_brand","embeddable":true,"href":"https:\/\/www.biokari.sk\/ro\/wp-json\/wp\/v2\/product_brand?post=9387"},{"taxonomy":"product_cat","embeddable":true,"href":"https:\/\/www.biokari.sk\/ro\/wp-json\/wp\/v2\/product_cat?post=9387"},{"taxonomy":"product_tag","embeddable":true,"href":"https:\/\/www.biokari.sk\/ro\/wp-json\/wp\/v2\/product_tag?post=9387"}],"curies":[{"name":"wp","href":"https:\/\/api.w.org\/{rel}","templated":true}]}}