{"id":9391,"date":"2025-07-04T10:44:14","date_gmt":"2025-07-04T08:44:14","guid":{"rendered":"https:\/\/www.biokari.sk\/produkt\/szafi-free-bezlepkova-mucna-zmes-na-pripravu-palaciniek-1000g\/"},"modified":"2026-04-04T19:01:59","modified_gmt":"2026-04-04T17:01:59","slug":"szafi-free-bezlepkova-mucna-zmes-na-pripravu-palaciniek-1000g","status":"publish","type":"product","link":"https:\/\/www.biokari.sk\/ro\/produs\/szafi-free-amestec-de-faina-fara-gluten-pentru-prepararea-clatitelor-1000g\/","title":{"rendered":"Szafi free Amestec de f\u0103in\u0103 f\u0103r\u0103 gluten pentru prepararea cl\u0103titelor 1000g"},"content":{"rendered":"<p data-start=\"32\" data-end=\"176\"><strong data-start=\"32\" data-end=\"150\">Cl\u0103tite cu crust\u0103 sub\u021bire f\u0103r\u0103 gluten, f\u0103r\u0103 lapte, f\u0103r\u0103 ou\u0103, f\u0103r\u0103 soia, f\u0103r\u0103 nuci, f\u0103r\u0103 porumb, f\u0103r\u0103 lactate, f\u0103r\u0103 orez<\/strong>care sunt u\u0219or de rulat.<\/p>\n<p data-start=\"178\" data-end=\"345\">Nu folosim niciun ingredient de origine animal\u0103 \u00een fabricarea produselor noastre, motiv pentru care linia de produse <strong data-start=\"277\" data-end=\"291\">Shafi Liber<\/strong> garantat <strong data-start=\"304\" data-end=\"316\">Vegan<\/strong> \u0219i f\u0103r\u0103 riscul de contaminare.<\/p>\n<p data-start=\"347\" data-end=\"427\">\u00cencerca\u021bi celelalte produse Szafi Free (p\u00e2ine, biscui\u021bi, gnocchi etc.).<\/p>\n<h4 data-start=\"434\" data-end=\"449\">Ingrediente: f\u0103in\u0103 de hri\u0219c\u0103 (82 %), amidon de tapioca, f\u0103in\u0103 de coaj\u0103 de plantain indian (psyllium), sare, agent de cre\u0219tere (bicarbonat de sodiu).<\/h4>\n<h4 data-start=\"592\" data-end=\"624\">Valori nutri\u021bionale medii<\/h4>\n<div class=\"_tableContainer_1rjym_1\">\n<div class=\"_tableWrapper_1rjym_13 group flex w-fit flex-col-reverse\">\n<table class=\"w-fit min-w-(--thread-content-width)\" data-start=\"626\" data-end=\"1054\">\n<thead data-start=\"626\" data-end=\"692\">\n<tr data-start=\"626\" data-end=\"692\">\n<th data-start=\"626\" data-end=\"630\" data-col-size=\"sm\">\u00a0<\/th>\n<th data-start=\"630\" data-end=\"652\" data-col-size=\"sm\"><strong data-start=\"632\" data-end=\"651\">100 g de amestec de f\u0103in\u0103<\/strong><\/th>\n<th data-start=\"652\" data-end=\"692\" data-col-size=\"sm\"><strong data-start=\"654\" data-end=\"687\">1 buc cl\u0103tite finite (77 g)<\/strong>*<\/th>\n<\/tr>\n<\/thead>\n<tbody data-start=\"760\" data-end=\"1054\">\n<tr data-start=\"760\" data-end=\"814\">\n<td data-start=\"760\" data-end=\"770\" data-col-size=\"sm\">Energie<\/td>\n<td data-start=\"770\" data-end=\"791\" data-col-size=\"sm\">1491 kJ \/ 352 kcal<\/td>\n<td data-start=\"791\" data-end=\"814\" data-col-size=\"sm\">637 kJ \/ 151 kcal<\/td>\n<\/tr>\n<tr data-start=\"815\" data-end=\"839\">\n<td data-start=\"815\" data-end=\"822\" data-col-size=\"sm\">Gr\u0103simi<\/td>\n<td data-start=\"822\" data-end=\"828\" data-col-size=\"sm\">2 g<\/td>\n<td data-start=\"828\" data-end=\"839\" data-col-size=\"sm\">1,8 g<\/td>\n<\/tr>\n<tr data-start=\"840\" data-end=\"895\">\n<td data-start=\"840\" data-end=\"876\" data-col-size=\"sm\">- din care satureaz\u0103<\/td>\n<td data-col-size=\"sm\" data-start=\"876\" data-end=\"884\">0,5 g<\/td>\n<td data-col-size=\"sm\" data-start=\"884\" data-end=\"895\">0,2 g<\/td>\n<\/tr>\n<tr data-start=\"896\" data-end=\"929\">\n<td data-start=\"896\" data-end=\"908\" data-col-size=\"sm\">Carbohidra\u021bi<\/td>\n<td data-start=\"908\" data-end=\"917\" data-col-size=\"sm\">70,3 g<\/td>\n<td data-start=\"917\" data-end=\"929\" data-col-size=\"sm\">28,3 g<\/td>\n<\/tr>\n<tr data-start=\"930\" data-end=\"966\">\n<td data-start=\"930\" data-end=\"947\" data-col-size=\"sm\">- din care zaharuri<\/td>\n<td data-col-size=\"sm\" data-start=\"947\" data-end=\"955\">1,4 g<\/td>\n<td data-col-size=\"sm\" data-start=\"955\" data-end=\"966\">0,6 g<\/td>\n<\/tr>\n<tr data-start=\"967\" data-end=\"997\">\n<td data-start=\"967\" data-end=\"978\" data-col-size=\"sm\">Fibr\u0103<\/td>\n<td data-start=\"978\" data-end=\"986\" data-col-size=\"sm\">6,2 g<\/td>\n<td data-start=\"986\" data-end=\"997\" data-col-size=\"sm\">2,5 g<\/td>\n<\/tr>\n<tr data-start=\"998\" data-end=\"1027\">\n<td data-start=\"998\" data-end=\"1011\" data-col-size=\"sm\">Proteine<\/td>\n<td data-start=\"1011\" data-end=\"1018\" data-col-size=\"sm\">10 g<\/td>\n<td data-start=\"1018\" data-end=\"1027\" data-col-size=\"sm\">4 g<\/td>\n<\/tr>\n<tr data-start=\"1028\" data-end=\"1054\">\n<td data-start=\"1028\" data-end=\"1034\" data-col-size=\"sm\">Sare<\/td>\n<td data-start=\"1034\" data-end=\"1043\" data-col-size=\"sm\">0,79 g<\/td>\n<td data-start=\"1043\" data-end=\"1054\" data-col-size=\"sm\">0,8 g<\/td>\n<\/tr>\n<\/tbody>\n<\/table>\n<\/div>\n<\/div>\n\n\n<p>* Conform re\u021betei indicate \u00een instruc\u021biunile de utilizare, preparat <strong>f\u0103r\u0103 \u00eendulcitor, numai cu sare<\/strong>.<\/p>\n\n\n\n<p><strong>Nu con\u021bine zah\u0103r ad\u0103ugat. Con\u021bine numai zaharuri naturale.<\/strong><\/p>\n\n\n\n<p>Produsul poate con\u021bine <strong>susan, mu\u0219tar, \u021belin\u0103, nuci \u0219i sulfi\u021bi<\/strong>!<\/p>\n\n\n\n<h4 class=\"wp-block-heading\">Re\u021bet\u0103 pentru cl\u0103tite: <br><strong>Ingrediente (pentru 1 cl\u0103tit\u0103):<\/strong> <br>40 g de amestec de f\u0103in\u0103 <br>5 g eritritol (sau \u00eendulcitor de cristal\/zah\u0103r \u00een func\u021bie de diet\u0103<br>75 g de ap\u0103<\/h4>\n\n\n\n<p><strong>Procedur\u0103:<\/strong><\/p>\n\n\n\n<ol class=\"wp-block-list\">\n<li>Se \u00eenc\u0103lze\u0219te o tigaie pentru cl\u0103tite.<\/li>\n\n\n\n<li>Se m\u0103soar\u0103 apa \u0219i se adaug\u0103 \u00eendulcitorul\/zah\u0103rul.<\/li>\n\n\n\n<li>Se adaug\u0103 40 g din amestecul de f\u0103in\u0103.<\/li>\n\n\n\n<li>Se amestec\u0103 cu un bici de m\u00e2n\u0103 cu mi\u0219c\u0103ri rapide p\u00e2n\u0103 la consisten\u021ba aluatului de cl\u0103tite.\n<ul class=\"wp-block-list\">\n<li><strong>Nu trebuie s\u0103 o l\u0103s\u0103m s\u0103 se odihneasc\u0103!<\/strong><\/li>\n<\/ul>\n<\/li>\n\n\n\n<li>Pe o plit\u0103 stropit\u0103 cu ulei, se coc ca cl\u0103titele clasice.<\/li>\n<\/ol>\n\n\n\n<h4 class=\"wp-block-heading\"><strong>Greutate:<\/strong> 1000g<\/h4>\n\n\n\n<p>A se p\u0103stra \u00eentr-un loc uscat.<br><strong>Perioada minim\u0103 de valabilitate p\u00e2n\u0103 la:<\/strong> vezi ambalajul.<\/p>\n\n\n\n<p><\/p>","protected":false},"excerpt":{"rendered":"<p>Bezlepkov\u00e9, bezmlie\u010dne, bezvaje\u010dn\u00e9, bezs\u00f3jov\u00e9, bezorechov\u00e9, bezkukuricov\u00e9, bezzemiakov\u00e9, bezry\u017eov\u00e9 tenk\u00e9 palacinky, ktor\u00e9 sa \u013eahko roluj\u00fa. Pri v\u00fdrobe na\u0161ich produktov nepou\u017e\u00edvame \u017eiadne zlo\u017eky \u017eivo\u010d\u00ed\u0161neho p\u00f4vodu, preto je produktov\u00e1 rada Szafi Free garantovane veg\u00e1nska a bez rizika kontamin\u00e1cie. Vysk\u00fa\u0161ajte aj na\u0161e \u010fal\u0161ie produkty Szafi Free (chlieb, pi\u0161k\u00f3ta, halu\u0161ky at\u010f.). Zlo\u017eenie:\u00a0Poh\u00e1nkov\u00e1 m\u00faka (82 %), tapiokov\u00fd \u0161krob, m\u00faka zo \u0161upiek [&hellip;]<\/p>","protected":false},"featured_media":9728,"comment_status":"open","ping_status":"closed","template":"","meta":{"inline_featured_image":false},"product_brand":[],"product_cat":[71],"product_tag":[],"class_list":{"0":"post-9391","1":"product","2":"type-product","3":"status-publish","4":"has-post-thumbnail","6":"product_cat-potraviny","8":"first","9":"instock","10":"taxable","11":"shipping-taxable","12":"purchasable","13":"product-type-simple"},"aioseo_notices":[],"_links":{"self":[{"href":"https:\/\/www.biokari.sk\/ro\/wp-json\/wp\/v2\/product\/9391","targetHints":{"allow":["GET"]}}],"collection":[{"href":"https:\/\/www.biokari.sk\/ro\/wp-json\/wp\/v2\/product"}],"about":[{"href":"https:\/\/www.biokari.sk\/ro\/wp-json\/wp\/v2\/types\/product"}],"replies":[{"embeddable":true,"href":"https:\/\/www.biokari.sk\/ro\/wp-json\/wp\/v2\/comments?post=9391"}],"wp:featuredmedia":[{"embeddable":true,"href":"https:\/\/www.biokari.sk\/ro\/wp-json\/wp\/v2\/media\/9728"}],"wp:attachment":[{"href":"https:\/\/www.biokari.sk\/ro\/wp-json\/wp\/v2\/media?parent=9391"}],"wp:term":[{"taxonomy":"product_brand","embeddable":true,"href":"https:\/\/www.biokari.sk\/ro\/wp-json\/wp\/v2\/product_brand?post=9391"},{"taxonomy":"product_cat","embeddable":true,"href":"https:\/\/www.biokari.sk\/ro\/wp-json\/wp\/v2\/product_cat?post=9391"},{"taxonomy":"product_tag","embeddable":true,"href":"https:\/\/www.biokari.sk\/ro\/wp-json\/wp\/v2\/product_tag?post=9391"}],"curies":[{"name":"wp","href":"https:\/\/api.w.org\/{rel}","templated":true}]}}