{"id":9395,"date":"2025-07-04T10:44:15","date_gmt":"2025-07-04T08:44:15","guid":{"rendered":"https:\/\/www.biokari.sk\/produkt\/szafi-free-bezlepkova-zmes-expresnej-muky-1000g\/"},"modified":"2026-04-27T19:02:05","modified_gmt":"2026-04-27T17:02:05","slug":"szafi-free-bezlepkova-zmes-expresnej-muky-1000g","status":"publish","type":"product","link":"https:\/\/www.biokari.sk\/ro\/produs\/szafi-free-bezlepkova-zmes-expresnej-muky-1000g\/","title":{"rendered":"Szafi free Amestec de f\u0103in\u0103 expres f\u0103r\u0103 gluten 1000g"},"content":{"rendered":"<p data-start=\"40\" data-end=\"216\"><strong data-start=\"40\" data-end=\"214\">Bezlepkov\u00e9, bezmlie\u010dne, bezvaje\u010dn\u00e9, bezs\u00f3jov\u00e9, bezdro\u017e\u010fov\u00e9 nekysnut\u00e9 sladk\u00e9 a slan\u00e9 \u201ekysnut\u00e9\u201c cest\u00e1 sa daj\u00fa pripravi\u0165 pomocou tejto zmesi m\u00fak v priebehu nieko\u013ek\u00fdch min\u00fat.<\/strong><\/p>\n<p data-start=\"218\" data-end=\"296\">Je bohat\u00e1 na vl\u00e1kninu, a preto m\u00f4\u017ee by\u0165 hodnotnou s\u00fa\u010das\u0165ou vyv\u00e1\u017eenej stravy.<\/p>\n<h4 data-start=\"303\" data-end=\"335\">Priemern\u00e9 v\u00fd\u017eivov\u00e9 hodnoty:<br \/>\n<strong data-start=\"337\" data-end=\"358\">v 100 g zmesi m\u00faky:<br \/>\n<\/strong>Energia: 1398 kJ \/ 331 kcal,<br \/>\nTuky: 1,9g z toho nas\u00fdten\u00e9 mastn\u00e9 kyseliny: 0,5 g,<br \/>\nSacharidy: 65,2g z toho cukry: 2,1 g<br \/>\nVl\u00e1knina: 13,8 g<br data-start=\"560\" data-end=\"563\" \/>Bielkoviny: 6,5 g<br data-start=\"580\" data-end=\"583\" \/>So\u013e: 0,03 g<\/h4>\n<p data-start=\"598\" data-end=\"671\">Nu con\u021bine zah\u0103r ad\u0103ugat. Con\u021bine numai zaharuri naturale.<\/p>\n<h4 data-start=\"678\" data-end=\"693\">Zlo\u017eenie:\u00a0Bezlepkov\u00e9 m\u00faky (proso, sladk\u00e9 zemiaky \u2013 bat\u00e1ta), tapiokov\u00fd \u0161krob, zmes vl\u00e1kniny (psyllium, bambusov\u00e1 vl\u00e1knina), kypriaca l\u00e1tka (hydrog\u00e9nuhli\u010ditan sodn\u00fd), regul\u00e1tor kyslosti (kyselina citr\u00f3nov\u00e1).<\/h4>\n<p data-start=\"893\" data-end=\"965\">Produsul poate con\u021bine <strong data-start=\"916\" data-end=\"962\">susan, mu\u0219tar, \u021belin\u0103, nuci \u0219i sulfi\u021bi<\/strong>!<\/p>\n<h4 data-start=\"972\" data-end=\"996\">Odpor\u00fa\u010dan\u00e9 pou\u017eitie<\/h4>\n<h4 data-start=\"998\" data-end=\"1019\">Kakaov\u00e9 slim\u00e1ky:<\/h4>\n<p data-start=\"1021\" data-end=\"1094\">Nu con\u021bine zah\u0103r ad\u0103ugat. Con\u021bine numai zaharuri naturale.<\/p>\n<p data-start=\"1096\" data-end=\"1140\"><strong data-start=\"1096\" data-end=\"1138\">Zlo\u017eenie (na 10 kusov, cca 440 g): <\/strong>150 g Szafi Free Express zmesi m\u00faky, 70 g Szafi Reform pr\u00e1\u0161kov\u00fd eritrit (alebo pr\u00e1\u0161kov\u00fd cukor), 0,5 g soli, 10 g \u010derstvo nastr\u00fahanej bio citr\u00f3novej k\u00f4ry, 10 g jabl\u010dn\u00e9ho octu (alebo \u010derstvo vytla\u010denej citr\u00f3novej \u0161\u0165avy), 140 g vody, 5 g Szafi Free Express zmesi m\u00fak na miesenie<\/p>\n<p data-start=\"1441\" data-end=\"1453\"><strong data-start=\"1441\" data-end=\"1451\">Plnka: <\/strong>35 g Szafi Reform odtu\u010dnen\u00e9ho kakaov\u00e9ho pr\u00e1\u0161ku, 50 g Szafi Reform pr\u00e1\u0161kov\u00e9ho eritritu, 60 g vody<\/p>\n<p data-start=\"1562\" data-end=\"1580\"><strong data-start=\"1562\" data-end=\"1578\">Na potretie: <\/strong>20 g tekut\u00e9ho marhu\u013eov\u00e9ho d\u017eemu bez pridan\u00e9ho cukru (ak je hust\u00fd, zriedime trochou vody a pod\u013ea chuti m\u00f4\u017eeme prida\u0165 sladidlo)<\/p>\n<p data-start=\"1712\" data-end=\"1740\"><strong data-start=\"1712\" data-end=\"1738\">Na postrek po upe\u010den\u00ed: <\/strong>cca 1 g oleja<\/p>\n<h3 data-start=\"1765\" data-end=\"1787\">Postup pr\u00edpravy:\u00a0 Cesto vymiesime a nech\u00e1me 5 min\u00fat odpo\u010d\u00edva\u0165, medzit\u00fdm priprav\u00edme plnku.<\/h3>\n<p data-start=\"1864\" data-end=\"1982\">Mus\u00edme dosta\u0165 ve\u013emi m\u00e4kk\u00e9, takmer tekut\u00e9 cesto \u2013 <strong data-start=\"1913\" data-end=\"1938\">neprid\u00e1vame viac m\u00faky<\/strong>, preto\u017ee po odpo\u010dinku bude spracovate\u013en\u00e9.<\/p>\n<p data-start=\"1984\" data-end=\"2114\">Na pom\u00fa\u010denej doske cesto premiesime a vyva\u013ek\u00e1me do tvaru obd\u013a\u017enika. Potrieme hust\u00fdm kakaov\u00fdm kr\u00e9mom a od u\u017e\u0161ej strany zrolujeme.<\/p>\n<p data-start=\"2116\" data-end=\"2177\">Nakr\u00e1jame na 10 kusov a potrieme tekut\u00fdm marhu\u013eov\u00fdm d\u017eemom.<\/p>\n<p data-start=\"2179\" data-end=\"2331\">Pe\u010dieme v predhriatej r\u00fare pri 160 \u00b0C, program horn\u00fd\/doln\u00fd ohrev 20\u201323 min\u00fat (pod\u013ea r\u00fary). Potom postriekame olejov\u00fdm sprejom a pe\u010dieme e\u0161te 2 min\u00faty.<\/p>\n<p data-start=\"2333\" data-end=\"2376\">Nech\u00e1me vychladn\u00fa\u0165 na mrie\u017eke a pod\u00e1vame.<\/p>\n<p data-start=\"2333\" data-end=\"2376\"><strong data-start=\"1450\" data-end=\"1479\">Perioada minim\u0103 de valabilitate p\u00e2n\u0103 la:<\/strong> vezi ambalajul.<br \/>\n<strong>Hmotnos\u0165: 1000g<\/strong><br \/>\n<strong data-start=\"1492\" data-end=\"1508\">Depozitare:<\/strong> A se p\u0103stra \u00eentr-un loc uscat. A nu se l\u0103sa la \u00eendem\u00e2na copiilor.<\/p>","protected":false},"excerpt":{"rendered":"<p>Bezlepkov\u00e9, bezmlie\u010dne, bezvaje\u010dn\u00e9, bezs\u00f3jov\u00e9, bezdro\u017e\u010fov\u00e9 nekysnut\u00e9 sladk\u00e9 a slan\u00e9 \u201ekysnut\u00e9\u201c cest\u00e1 sa daj\u00fa pripravi\u0165 pomocou tejto zmesi m\u00fak v priebehu nieko\u013ek\u00fdch min\u00fat. Je bohat\u00e1 na vl\u00e1kninu, a preto m\u00f4\u017ee by\u0165 hodnotnou s\u00fa\u010das\u0165ou vyv\u00e1\u017eenej stravy. Priemern\u00e9 v\u00fd\u017eivov\u00e9 hodnoty: v 100 g zmesi m\u00faky: Energia: 1398 kJ \/ 331 kcal, Tuky: 1,9g z toho nas\u00fdten\u00e9 mastn\u00e9 kyseliny: [&hellip;]<\/p>","protected":false},"featured_media":9724,"comment_status":"open","ping_status":"closed","template":"","meta":{"inline_featured_image":false},"product_brand":[],"product_cat":[71],"product_tag":[],"class_list":{"0":"post-9395","1":"product","2":"type-product","3":"status-publish","4":"has-post-thumbnail","6":"product_cat-potraviny","8":"first","9":"instock","10":"taxable","11":"shipping-taxable","12":"purchasable","13":"product-type-simple"},"aioseo_notices":[],"_links":{"self":[{"href":"https:\/\/www.biokari.sk\/ro\/wp-json\/wp\/v2\/product\/9395","targetHints":{"allow":["GET"]}}],"collection":[{"href":"https:\/\/www.biokari.sk\/ro\/wp-json\/wp\/v2\/product"}],"about":[{"href":"https:\/\/www.biokari.sk\/ro\/wp-json\/wp\/v2\/types\/product"}],"replies":[{"embeddable":true,"href":"https:\/\/www.biokari.sk\/ro\/wp-json\/wp\/v2\/comments?post=9395"}],"wp:featuredmedia":[{"embeddable":true,"href":"https:\/\/www.biokari.sk\/ro\/wp-json\/wp\/v2\/media\/9724"}],"wp:attachment":[{"href":"https:\/\/www.biokari.sk\/ro\/wp-json\/wp\/v2\/media?parent=9395"}],"wp:term":[{"taxonomy":"product_brand","embeddable":true,"href":"https:\/\/www.biokari.sk\/ro\/wp-json\/wp\/v2\/product_brand?post=9395"},{"taxonomy":"product_cat","embeddable":true,"href":"https:\/\/www.biokari.sk\/ro\/wp-json\/wp\/v2\/product_cat?post=9395"},{"taxonomy":"product_tag","embeddable":true,"href":"https:\/\/www.biokari.sk\/ro\/wp-json\/wp\/v2\/product_tag?post=9395"}],"curies":[{"name":"wp","href":"https:\/\/api.w.org\/{rel}","templated":true}]}}