{"id":9399,"date":"2025-07-04T10:44:15","date_gmt":"2025-07-04T08:44:15","guid":{"rendered":"https:\/\/www.biokari.sk\/produkt\/szafi-free-bezlepkova-ovsena-priloha-korenista-500g\/"},"modified":"2026-04-18T19:02:53","modified_gmt":"2026-04-18T17:02:53","slug":"szafi-free-bezlepkova-ovsena-priloha-korenista-500g","status":"publish","type":"product","link":"https:\/\/www.biokari.sk\/ro\/produs\/szafi-free-bezlepkova-ovsena-priloha-korenista-500g\/","title":{"rendered":"Szafi free Farfurie de ov\u0103z f\u0103r\u0103 gluten picant\u0103 500g"},"content":{"rendered":"<p data-start=\"39\" data-end=\"200\"><strong data-start=\"39\" data-end=\"68\">Szafi Free ovsen\u00e1 pr\u00edloha<\/strong> je perfektnou bezlepkovou alternat\u00edvou ako pr\u00edloha, na pr\u00edpravu rizota alebo v kombin\u00e1cii so zeleninou ako veg\u00e1nske hlavn\u00e9 jedlo.<\/p>\n<p data-start=\"202\" data-end=\"553\"><strong data-start=\"202\" data-end=\"215\">Compozi\u021bie:<\/strong> bezlepkov\u00e1 drven\u00e1 ovos, zeleninov\u00e1 zmes (mrkva, petr\u017elenov\u00e1 v\u0148a\u0165, petr\u017elenov\u00fd kore\u0148, pa\u0161trn\u00e1k, zelerov\u00e1 v\u0148a\u0165, zelerov\u00fd kore\u0148, p\u00f3r, cibu\u013ea, paradajka, k\u00e1pia, ligur\u010dekov\u00e1 v\u0148a\u0165, cibu\u013ea, paprika), so\u013e, kurkuma, koreninov\u00e1 zmes curry (kurkuma, koriander, senovka gr\u00e9cka, mrkva, so\u013e, z\u00e1zvor, hor\u010di\u010dn\u00e9 semeno, rasca r\u00edmska, kajensk\u00e9 korenie).<\/p>\n<p><strong data-start=\"564\" data-end=\"594\">Priemern\u00e1 v\u00fd\u017eivov\u00e1 hodnota:<\/strong><\/p>\n<div class=\"_tableContainer_1rjym_1\">\n<div class=\"_tableWrapper_1rjym_13 group flex w-fit flex-col-reverse\">\n<table class=\"w-fit min-w-(--thread-content-width)\" data-start=\"598\" data-end=\"938\">\n<thead data-start=\"598\" data-end=\"673\">\n<tr data-start=\"598\" data-end=\"673\">\n<th data-start=\"598\" data-end=\"633\" data-col-size=\"sm\"><strong data-start=\"598\" data-end=\"632\">v 100 g suchej ovsenej pr\u00edlohy<\/strong><\/th>\n<th data-start=\"633\" data-end=\"673\" data-col-size=\"sm\"><strong data-start=\"635\" data-end=\"671\">v 100 g uvarenej ovsenej pr\u00edlohy<\/strong><\/th>\n<\/tr>\n<\/thead>\n<tbody data-start=\"684\" data-end=\"938\">\n<tr data-start=\"684\" data-end=\"734\">\n<td data-start=\"684\" data-end=\"692\" data-col-size=\"sm\">Energie<\/td>\n<td data-start=\"692\" data-end=\"713\" data-col-size=\"sm\">1541 kJ \/ 366 kcal<\/td>\n<\/tr>\n<tr data-start=\"735\" data-end=\"755\">\n<td data-start=\"735\" data-end=\"740\" data-col-size=\"sm\">Gr\u0103simi<\/td>\n<td data-col-size=\"sm\" data-start=\"740\" data-end=\"746\">6 g<\/td>\n<\/tr>\n<tr data-start=\"756\" data-end=\"805\">\n<td data-start=\"756\" data-end=\"790\" data-col-size=\"sm\">- din care satureaz\u0103<\/td>\n<td data-col-size=\"sm\" data-start=\"790\" data-end=\"796\">1 g<\/td>\n<\/tr>\n<tr data-start=\"806\" data-end=\"831\">\n<td data-start=\"806\" data-end=\"816\" data-col-size=\"sm\">Carbohidra\u021bi<\/td>\n<td data-col-size=\"sm\" data-start=\"816\" data-end=\"823\">60 g<\/td>\n<\/tr>\n<tr data-start=\"832\" data-end=\"864\">\n<td data-start=\"832\" data-end=\"847\" data-col-size=\"sm\">- din care zaharuri<\/td>\n<td data-col-size=\"sm\" data-start=\"847\" data-end=\"855\">2,8 g<\/td>\n<\/tr>\n<tr data-start=\"865\" data-end=\"892\">\n<td data-start=\"865\" data-end=\"874\" data-col-size=\"sm\">Fibr\u0103<\/td>\n<td data-col-size=\"sm\" data-start=\"874\" data-end=\"883\">10,7 g<\/td>\n<\/tr>\n<tr data-start=\"893\" data-end=\"918\">\n<td data-start=\"893\" data-end=\"904\" data-col-size=\"sm\">Proteine<\/td>\n<td data-col-size=\"sm\" data-start=\"904\" data-end=\"911\">12 g<\/td>\n<\/tr>\n<tr data-start=\"919\" data-end=\"938\">\n<td data-start=\"919\" data-end=\"923\" data-col-size=\"sm\">Sare<\/td>\n<td data-col-size=\"sm\" data-start=\"923\" data-end=\"931\">0,7 g<\/td>\n<\/tr>\n<\/tbody>\n<\/table>\n<\/div>\n<\/div>\n\n\n<h3 class=\"wp-block-heading\"><strong>Odpor\u00fa\u010dan\u00e9 pou\u017eitie \u2013 varen\u00e1 korenen\u00e1 ovsen\u00e1 pr\u00edloha (2 porcie: 300 g)<\/strong><\/h3>\n\n\n\n<ul class=\"wp-block-list\">\n<li>125 g ovsenej pr\u00edlohy<\/li>\n\n\n\n<li>400 g vody (4 dl)<\/li>\n\n\n\n<li>4 g Szafi Reform himal\u00e1jskej soli<\/li>\n<\/ul>\n\n\n\n<p>Var\u00edme na platni o nie\u010do ni\u017e\u0161ej ako je maxim\u00e1lna teplota (napr. na elektrickej varnej doske s maximom 9, pribli\u017ene na stupni 6\u20137, ale m\u00f4\u017ee sa l\u00ed\u0161i\u0165 pod\u013ea typu spor\u00e1ka). Pod pokrievkou pribli\u017ene 6\u20138 min\u00fat.<br>V polovici varenia (po 4\u20135 min\u00fatach) premie\u0161ame, aby sa neprichytila.<br>Po skon\u010den\u00ed varenia znovu premie\u0161ame a prikryt\u00e9 nech\u00e1me odst\u00e1\u0165 \u010fal\u0161\u00edch 10 min\u00fat (po\u010das tohto \u010dasu ovsenn\u00e9 kr\u00fapy \u00faplne vsiaknu vodu).<\/p>\n\n\n\n<p>Pod\u00e1vame ako pr\u00edlohu alebo premie\u0161an\u00e9 s varenou\/pe\u010denou zeleninou ako vegetari\u00e1nsky \u010di veg\u00e1nsky obed. Pod\u013ea chuti je mo\u017en\u00e9 e\u0161te dosoli\u0165.<\/p>\n\n\n\n<p><strong>Alergeni:<\/strong> v\u00fdrobok m\u00f4\u017ee obsahova\u0165 <strong>sezamov\u00e9 semen\u00e1, hor\u010di\u010dn\u00e9 semen\u00e1, zeler, orechy a siri\u010ditany!<\/strong><br><strong>Greutate:<\/strong> 500g<br>A se p\u0103stra \u00eentr-un loc uscat. <br><\/p>","protected":false},"excerpt":{"rendered":"<p>Szafi Free ovsen\u00e1 pr\u00edloha je perfektnou bezlepkovou alternat\u00edvou ako pr\u00edloha, na pr\u00edpravu rizota alebo v kombin\u00e1cii so zeleninou ako veg\u00e1nske hlavn\u00e9 jedlo. Zlo\u017eenie: bezlepkov\u00e1 drven\u00e1 ovos, zeleninov\u00e1 zmes (mrkva, petr\u017elenov\u00e1 v\u0148a\u0165, petr\u017elenov\u00fd kore\u0148, pa\u0161trn\u00e1k, zelerov\u00e1 v\u0148a\u0165, zelerov\u00fd kore\u0148, p\u00f3r, cibu\u013ea, paradajka, k\u00e1pia, ligur\u010dekov\u00e1 v\u0148a\u0165, cibu\u013ea, paprika), so\u013e, kurkuma, koreninov\u00e1 zmes curry (kurkuma, koriander, senovka gr\u00e9cka, [&hellip;]<\/p>","protected":false},"featured_media":9717,"comment_status":"open","ping_status":"closed","template":"","meta":{"inline_featured_image":false},"product_brand":[],"product_cat":[71,166],"product_tag":[],"class_list":{"0":"post-9399","1":"product","2":"type-product","3":"status-publish","4":"has-post-thumbnail","6":"product_cat-potraviny","7":"product_cat-muky","9":"first","10":"instock","11":"taxable","12":"shipping-taxable","13":"purchasable","14":"product-type-simple"},"aioseo_notices":[],"_links":{"self":[{"href":"https:\/\/www.biokari.sk\/ro\/wp-json\/wp\/v2\/product\/9399","targetHints":{"allow":["GET"]}}],"collection":[{"href":"https:\/\/www.biokari.sk\/ro\/wp-json\/wp\/v2\/product"}],"about":[{"href":"https:\/\/www.biokari.sk\/ro\/wp-json\/wp\/v2\/types\/product"}],"replies":[{"embeddable":true,"href":"https:\/\/www.biokari.sk\/ro\/wp-json\/wp\/v2\/comments?post=9399"}],"wp:featuredmedia":[{"embeddable":true,"href":"https:\/\/www.biokari.sk\/ro\/wp-json\/wp\/v2\/media\/9717"}],"wp:attachment":[{"href":"https:\/\/www.biokari.sk\/ro\/wp-json\/wp\/v2\/media?parent=9399"}],"wp:term":[{"taxonomy":"product_brand","embeddable":true,"href":"https:\/\/www.biokari.sk\/ro\/wp-json\/wp\/v2\/product_brand?post=9399"},{"taxonomy":"product_cat","embeddable":true,"href":"https:\/\/www.biokari.sk\/ro\/wp-json\/wp\/v2\/product_cat?post=9399"},{"taxonomy":"product_tag","embeddable":true,"href":"https:\/\/www.biokari.sk\/ro\/wp-json\/wp\/v2\/product_tag?post=9399"}],"curies":[{"name":"wp","href":"https:\/\/api.w.org\/{rel}","templated":true}]}}