{"id":9401,"date":"2025-07-04T10:44:16","date_gmt":"2025-07-04T08:44:16","guid":{"rendered":"https:\/\/www.biokari.sk\/produkt\/szafi-free-bezlekova-ovsena-priloha-500g\/"},"modified":"2026-04-27T19:02:05","modified_gmt":"2026-04-27T17:02:05","slug":"szafi-free-bezlekova-ovsena-priloha-500g","status":"publish","type":"product","link":"https:\/\/www.biokari.sk\/ro\/produs\/szafi-free-bezlekova-ovsena-priloha-500g\/","title":{"rendered":"Szafi free Cereale cu ov\u0103z 500g"},"content":{"rendered":"<p data-start=\"62\" data-end=\"170\"><strong data-start=\"62\" data-end=\"168\">M\u00f4\u017eeme pod\u00e1va\u0165 ako pr\u00edlohu alebo zmie\u0161an\u00e9 s varenou\/pe\u010denou zeleninou ako vegetari\u00e1nsky\/veg\u00e1nsky obed.<\/strong><\/p>\n<p data-start=\"172\" data-end=\"357\">Varen\u00fd drven\u00fd ovos je v\u00fdborne pou\u017eite\u013en\u00fd aj na pr\u00edpravu zapekan\u00fdch a plnen\u00fdch jed\u00e1l, kde nahr\u00e1dza ry\u017eu. V tomto pr\u00edpade pou\u017eijeme polouvaren\u00fd drven\u00fd ovos (bez 10-min\u00fatov\u00e9ho odst\u00e1tia).<\/p>\n<h3 data-start=\"364\" data-end=\"379\"><strong>Compozi\u021bie:<\/strong>\u00a0drven\u00fd ovos<\/h3>\n<h4 data-start=\"400\" data-end=\"432\"><strong>Nutri\u010dn\u00e9 hodnoty<\/strong>\u00a0<strong data-start=\"434\" data-end=\"453\">v 100 g v\u00fdrobku:<br \/>\n<\/strong>Energia: 1487 kJ \/ 355 kcal,<br \/>\nTuky: 5,8 g z toho nas\u00fdten\u00e9 mastn\u00e9 kyseliny: 1,2 g,<br \/>\nSacharidy: 58,9 g z toho cukry: 0,9 g,<br \/>\nVl\u00e1knina: 10,8 g,\u00a0Bielkoviny: 15,9 g,\u00a0So\u013e: 0,01 g<\/h4>\n<p data-start=\"660\" data-end=\"707\">*Obsahuje len prirodzene sa vyskytuj\u00face cukry.<\/p>\n<h4 data-start=\"741\" data-end=\"766\"><strong>Varen\u00fd drven\u00fd ovos:<\/strong><\/h4>\n<p data-start=\"767\" data-end=\"812\"><strong data-start=\"767\" data-end=\"810\">Zlo\u017eky (na 300 g hotov\u00e9ho jedla):<\/strong><\/p>\n<ul data-start=\"813\" data-end=\"955\">\n<li data-start=\"813\" data-end=\"865\">\n<p data-start=\"815\" data-end=\"865\">125 g Szafi Free bezlepkov\u00fd pr\u00edrodn\u00fd drven\u00fd ovos<\/p>\n<\/li>\n<li data-start=\"866\" data-end=\"894\">\n<p data-start=\"868\" data-end=\"894\">400 g (4 dl) pitnej vody<\/p>\n<\/li>\n<li data-start=\"895\" data-end=\"930\">\n<p data-start=\"897\" data-end=\"930\">4 g Szafi Reform Himal\u00e1jska so\u013e<\/p>\n<\/li>\n<li data-start=\"931\" data-end=\"955\">\n<p data-start=\"933\" data-end=\"955\">koreniny pod\u013ea chuti<\/p>\n<\/li>\n<\/ul>\n<p data-start=\"957\" data-end=\"1180\"><strong data-start=\"957\" data-end=\"970\">Preg\u0103tire: <\/strong>Na varnej ploche nastavenej o nie\u010do ni\u017e\u0161ie ako maximum (napr. pri elektrickom spor\u00e1ku na stupnici do 9 \u2013 vari\u0165 pribli\u017ene na 7, m\u00f4\u017ee sa l\u00ed\u0161i\u0165 pod\u013ea typu spor\u00e1ka) var\u00edme pod pokrievkou pribli\u017ene <strong data-start=\"1166\" data-end=\"1177\">8 min\u00fat<\/strong>.<\/p>\n<p data-start=\"1182\" data-end=\"1343\">Po 4\u20135 min\u00fatach premie\u0161ame, aby sa neprichytil.<br data-start=\"1229\" data-end=\"1232\" \/>Po dovaren\u00ed op\u00e4\u0165 premie\u0161ame a nech\u00e1me zakryt\u00e9 <strong data-start=\"1278\" data-end=\"1297\">10 min\u00fat odst\u00e1\u0165<\/strong> \u2013 po\u010das tohto \u010dasu ovos \u00faplne vsiakne vodu.<\/p>\n<p data-start=\"1345\" data-end=\"1552\">Pod\u00e1vame ako pr\u00edlohu alebo so zeleninou ako vegetari\u00e1nske\/veg\u00e1nske jedlo.<br data-start=\"1418\" data-end=\"1421\" \/>Vhodn\u00e9 aj na pr\u00edpravu zapekan\u00fdch a plnen\u00fdch jed\u00e1l ako n\u00e1hrada ry\u017ee (vtedy pou\u017eijeme polouvaren\u00fd ovos bez 10-min\u00fatov\u00e9ho odst\u00e1tia).<\/p>\n<p data-start=\"1559\" data-end=\"1579\"><strong data-start=\"1559\" data-end=\"1571\">Greutate:<\/strong> 500 g<\/p>\n<p data-start=\"1581\" data-end=\"1653\"><strong data-start=\"1581\" data-end=\"1651\">V\u00fdrobok m\u00f4\u017ee obsahova\u0165 sezam, hor\u010dicu, zeler, orechy a siri\u010ditany.<\/strong><\/p>","protected":false},"excerpt":{"rendered":"<p>M\u00f4\u017eeme pod\u00e1va\u0165 ako pr\u00edlohu alebo zmie\u0161an\u00e9 s varenou\/pe\u010denou zeleninou ako vegetari\u00e1nsky\/veg\u00e1nsky obed. Varen\u00fd drven\u00fd ovos je v\u00fdborne pou\u017eite\u013en\u00fd aj na pr\u00edpravu zapekan\u00fdch a plnen\u00fdch jed\u00e1l, kde nahr\u00e1dza ry\u017eu. V tomto pr\u00edpade pou\u017eijeme polouvaren\u00fd drven\u00fd ovos (bez 10-min\u00fatov\u00e9ho odst\u00e1tia). Zlo\u017eenie:\u00a0drven\u00fd ovos Nutri\u010dn\u00e9 hodnoty\u00a0v 100 g v\u00fdrobku: Energia: 1487 kJ \/ 355 kcal, Tuky: 5,8 g z [&hellip;]<\/p>","protected":false},"featured_media":9743,"comment_status":"open","ping_status":"closed","template":"","meta":{"inline_featured_image":false},"product_brand":[],"product_cat":[71,167],"product_tag":[],"class_list":{"0":"post-9401","1":"product","2":"type-product","3":"status-publish","4":"has-post-thumbnail","6":"product_cat-potraviny","7":"product_cat-prilohy","9":"first","10":"instock","11":"taxable","12":"shipping-taxable","13":"purchasable","14":"product-type-simple"},"aioseo_notices":[],"_links":{"self":[{"href":"https:\/\/www.biokari.sk\/ro\/wp-json\/wp\/v2\/product\/9401","targetHints":{"allow":["GET"]}}],"collection":[{"href":"https:\/\/www.biokari.sk\/ro\/wp-json\/wp\/v2\/product"}],"about":[{"href":"https:\/\/www.biokari.sk\/ro\/wp-json\/wp\/v2\/types\/product"}],"replies":[{"embeddable":true,"href":"https:\/\/www.biokari.sk\/ro\/wp-json\/wp\/v2\/comments?post=9401"}],"wp:featuredmedia":[{"embeddable":true,"href":"https:\/\/www.biokari.sk\/ro\/wp-json\/wp\/v2\/media\/9743"}],"wp:attachment":[{"href":"https:\/\/www.biokari.sk\/ro\/wp-json\/wp\/v2\/media?parent=9401"}],"wp:term":[{"taxonomy":"product_brand","embeddable":true,"href":"https:\/\/www.biokari.sk\/ro\/wp-json\/wp\/v2\/product_brand?post=9401"},{"taxonomy":"product_cat","embeddable":true,"href":"https:\/\/www.biokari.sk\/ro\/wp-json\/wp\/v2\/product_cat?post=9401"},{"taxonomy":"product_tag","embeddable":true,"href":"https:\/\/www.biokari.sk\/ro\/wp-json\/wp\/v2\/product_tag?post=9401"}],"curies":[{"name":"wp","href":"https:\/\/api.w.org\/{rel}","templated":true}]}}